{"id":16445,"date":"2024-07-24T15:10:00","date_gmt":"2024-07-24T07:10:00","guid":{"rendered":"https:\/\/www.vape4wholesale.com\/?post_type=product&#038;p=16445"},"modified":"2026-04-15T13:44:18","modified_gmt":"2026-04-15T05:44:18","slug":"vapsolo-twins-20000-puffs-enkratno-vape-na-debelo-2","status":"publish","type":"product","link":"https:\/\/www.vape4wholesale.com\/sl\/product\/vapsolo-twins-20000-puffs-disposable-vape-wholesale","title":{"rendered":"Vapsolo Twins 20000 Puffs za enkratno uporabo Vape na debelo"},"content":{"rendered":"<p>Spletna stran <a href=\"\/sl\/product_brand\/vapsolo\/\" rel=\"sponsored\">VapSolo<\/a> Twins 20000 je vrhunski in vrhunski vape za enkratno uporabo, ki je opremljen s 25 ml eliquida in z 0,6\u03a9 mre\u017eno tuljavo za odpornost ter je zgrajen z 650mah akumulatorsko baterijo, ki zagotavlja podporo do 2000 Puffs.<\/p>\n<p>Ima dvojni okus za preklop in pametni zaslon za prikaz baterije in preostanka teko\u010dine.<\/p>\n<p>Veleprodajno naro\u010dite na\u0161 \u0161irok izbor 10 okusov Vapsolo Twins z najbolj\u0161o ceno in hitro dostavo.<\/p>\n<p>Oglejte si <a title=\"vapesolo dvoj\u010dki video\" href=\"https:\/\/youtube.com\/shorts\/jYfwcxRsAnc?si=cJjFvkdWPRfrGENx\" target=\"_blank\" rel=\"noopener\">vapesolo dvoj\u010dki video<\/a> \u010de \u017eelite izvedeti ve\u010d o funkcijah tega izdelka.<\/p>\n<h2>Vapsolo Twins 20000 Puffs za enkratno uporabo Vape Quick Detail<\/h2>\n<ul>\n<li>Puff: Do 20000 vpihov<\/li>\n<li>Teko\u010dina: 19 ml vnaprej napolnjen Dul Tant<\/li>\n<li>Nikotin: 0%\/2%\/3%\/5%<\/li>\n<li>Baterija: 650 mAh za polnjenje<\/li>\n<li>Jedro: Mre\u017easta tuljava 1,0 \u03a9<\/li>\n<li>Polnjenje, vrata za polnjenje tipa C<\/li>\n<li>Pametni zaslon<\/li>\n<li>Dvojna mre\u017ena tuljava<\/li>\n<li>Upravljanje pretoka zraka<\/li>\n<li>2 v 1 izbira razli\u010dnih okusov<\/li>\n<li>Komplet aktiviranih podov za risanje<\/li>\n<li>Enostavna uporaba in naprava za vaping MTL<\/li>\n<\/ul>\n<h2>Razpolo\u017eljivi okusi<\/h2>\n<p>01# Lemon Lime &amp; Watermelon Ice<br \/>\n02# Grape Ice &amp; Strawberry Kiwi<br \/>\n03# Pineapple Coconut&amp; Strawberry Banana<br \/>\n04# Orange Mango Watermelon &amp; Red Bull<br \/>\n05# Blueberry Ice &amp; Fizzy Cherry<br \/>\n06# Watermelon Ice &amp; Mixed Berry<br \/>\n07# Strawberry Banana &amp; Fizzy Cherry<br \/>\n08# Strawberry Raspberry Cherry Ice &amp; Grape Ice<br \/>\n09# Blue Razz Lemonade &amp; Lemon Lime<br \/>\n10# Lubenica in jagoda-mango<br \/>\n11# Trojna melona in malina lubenica<br \/>\n12# Black ice Dragon Fruit Strawberry &amp; Raspberry Watermelon<br \/>\n13# Pineapple Coconut &amp; Watermelon Ice<br \/>\n14# Strawberry Ice &amp; Mango Peach Watermelon<br \/>\n15# Strawberry Kiwi &amp; Strawberry Raspberry Cherry Ice<br \/>\n16# Triple Melon &amp; Pineapple Coconut<br \/>\n17# Cherry Cola&amp; Juicy Peach Ice<br \/>\n18# Strawberry Watermelon&amp; Gummy Bear<br \/>\n19# Blueberry Blackcurrant&amp; Grapefruit Refresher<br \/>\n20# Passion Fruit Mojito&amp; Triple Mint<\/p>\n<h2>Podrobnosti o pakiranju<\/h2>\n<ul>\n<li>Enotna te\u017ea\uff1a108g\/kos<\/li>\n<li>200 kosov\/\u0161tn; 10 kosov\/ \u0161katla<\/li>\n<li>23,3 kg\/ctn<\/li>\n<li>Velikost \u0161katle: 44 * 43 * 26,5 cm<\/li>\n<\/ul>\n<figure id=\"attachment_16450\" aria-describedby=\"caption-attachment-16450\" style=\"width: 800px\" class=\"wp-caption alignnone\"><img loading=\"lazy\" decoding=\"async\" class=\"size-full wp-image-16450\" title=\"Vapsolo Twins 20000 Puffs za enkratno uporabo Vape na debelo BLACK ICE DRAGONFRUIT STRAWBERRY\" src=\"https:\/\/www.vape4wholesale.com\/wp-content\/uploads\/2024\/07\/Vapsolo-Twins-20000-Puffs-Disposable-Vape-Wholesale-BLACK-ICE-DRAGONFRUIT-STRAWBERRY.jpg\" alt=\"Vapsolo Twins 20000 Puffs za enkratno uporabo Vape na debelo BLACK ICE DRAGONFRUIT STRAWBERRY\" width=\"800\" height=\"800\" srcset=\"https:\/\/www.vape4wholesale.com\/wp-content\/uploads\/2024\/07\/Vapsolo-Twins-20000-Puffs-Disposable-Vape-Wholesale-BLACK-ICE-DRAGONFRUIT-STRAWBERRY.jpg 800w, https:\/\/www.vape4wholesale.com\/wp-content\/uploads\/2024\/07\/Vapsolo-Twins-20000-Puffs-Disposable-Vape-Wholesale-BLACK-ICE-DRAGONFRUIT-STRAWBERRY-247x247.jpg 247w, https:\/\/www.vape4wholesale.com\/wp-content\/uploads\/2024\/07\/Vapsolo-Twins-20000-Puffs-Disposable-Vape-Wholesale-BLACK-ICE-DRAGONFRUIT-STRAWBERRY-100x100.jpg 100w, https:\/\/www.vape4wholesale.com\/wp-content\/uploads\/2024\/07\/Vapsolo-Twins-20000-Puffs-Disposable-Vape-Wholesale-BLACK-ICE-DRAGONFRUIT-STRAWBERRY-510x510.jpg 510w, https:\/\/www.vape4wholesale.com\/wp-content\/uploads\/2024\/07\/Vapsolo-Twins-20000-Puffs-Disposable-Vape-Wholesale-BLACK-ICE-DRAGONFRUIT-STRAWBERRY-64x64.jpg 64w, https:\/\/www.vape4wholesale.com\/wp-content\/uploads\/2024\/07\/Vapsolo-Twins-20000-Puffs-Disposable-Vape-Wholesale-BLACK-ICE-DRAGONFRUIT-STRAWBERRY-300x300.jpg 300w, https:\/\/www.vape4wholesale.com\/wp-content\/uploads\/2024\/07\/Vapsolo-Twins-20000-Puffs-Disposable-Vape-Wholesale-BLACK-ICE-DRAGONFRUIT-STRAWBERRY-150x150.jpg 150w, https:\/\/www.vape4wholesale.com\/wp-content\/uploads\/2024\/07\/Vapsolo-Twins-20000-Puffs-Disposable-Vape-Wholesale-BLACK-ICE-DRAGONFRUIT-STRAWBERRY-768x768.jpg 768w, https:\/\/www.vape4wholesale.com\/wp-content\/uploads\/2024\/07\/Vapsolo-Twins-20000-Puffs-Disposable-Vape-Wholesale-BLACK-ICE-DRAGONFRUIT-STRAWBERRY-12x12.jpg 12w\" sizes=\"auto, (max-width: 800px) 100vw, 800px\" \/><figcaption id=\"caption-attachment-16450\" class=\"wp-caption-text\">Vapsolo Twins 20000 Puffs za enkratno uporabo Vape na debelo<\/figcaption><\/figure>\n<h2>ZAKAJ MI?<\/h2>\r\n<ul>\r\n<li>Resni\u010dni, zanesljivi in strokovni vir za vape.<\/li>\r\n<li>100% Originalno jamstvo: Zavra\u010damo ponarejanje: zagotavljamo samo originalne in pristne izdelke.<\/li>\r\n<li>100% Zagotovilo za dostavo: 100%: uporabljamo najbolj\u0161i na\u010din po\u0161iljanja, da zagotovimo, da prejmete naro\u010dilo 100%.<\/li>\r\n<li>Po odpremi vam bomo posredovali \u0161tevilko za sledenje in nalepko za po\u0161iljanje ter spremljali blago, dokler ga ne podpi\u0161ete.<\/li>\r\n<li>Brez carinskih te\u017eav, brez tarif<\/li>\r\n<\/ul>","protected":false},"excerpt":{"rendered":"<p><b><span style=\"color: #00a859;\">Brezpla\u010dna po\u0161tnina<\/span>\u00a0iz evropskega skladi\u0161\u010da, 7-15 delovnih dni dobavni rok.<\/b><\/p>\r\n<div class=\"wsppc_div_block woocommerce_before_add_to_cart_form\">\r\n<p><strong>Prosto carinjenje pred dostavo &amp; 100% Jamstvo dostave<\/strong><\/p>\r\n<\/div>","protected":false},"featured_media":16447,"comment_status":"open","ping_status":"closed","template":"","meta":[],"pwb-brand":[1271],"product_cat":[938],"product_tag":[794,899,22,24,692],"class_list":{"0":"post-16445","1":"product","2":"type-product","3":"status-publish","4":"has-post-thumbnail","6":"pwb-brand-vapsolo","7":"product_cat-europe-warehouse","8":"product_tag-20000-puffs","9":"product_tag-vapsolo","10":"product_tag-disposable","11":"product_tag-wholesale","12":"product_tag-25-0ml","13":"product_shipping_class-eu-warehouse","14":"wcpa_has_options","16":"first","17":"instock","18":"shipping-taxable","19":"purchasable","20":"product-type-variable"},"aioseo_notices":[],"brands":[{"id":1271,"name":"Vapsolo","slug":"vapsolo"}],"_links":{"self":[{"href":"https:\/\/www.vape4wholesale.com\/sl\/wp-json\/wp\/v2\/product\/16445","targetHints":{"allow":["GET"]}}],"collection":[{"href":"https:\/\/www.vape4wholesale.com\/sl\/wp-json\/wp\/v2\/product"}],"about":[{"href":"https:\/\/www.vape4wholesale.com\/sl\/wp-json\/wp\/v2\/types\/product"}],"replies":[{"embeddable":true,"href":"https:\/\/www.vape4wholesale.com\/sl\/wp-json\/wp\/v2\/comments?post=16445"}],"wp:featuredmedia":[{"embeddable":true,"href":"https:\/\/www.vape4wholesale.com\/sl\/wp-json\/wp\/v2\/media\/16447"}],"wp:attachment":[{"href":"https:\/\/www.vape4wholesale.com\/sl\/wp-json\/wp\/v2\/media?parent=16445"}],"wp:term":[{"taxonomy":"pwb-brand","embeddable":true,"href":"https:\/\/www.vape4wholesale.com\/sl\/wp-json\/wp\/v2\/pwb-brand?post=16445"},{"taxonomy":"product_cat","embeddable":true,"href":"https:\/\/www.vape4wholesale.com\/sl\/wp-json\/wp\/v2\/product_cat?post=16445"},{"taxonomy":"product_tag","embeddable":true,"href":"https:\/\/www.vape4wholesale.com\/sl\/wp-json\/wp\/v2\/product_tag?post=16445"}],"curies":[{"name":"wp","href":"https:\/\/api.w.org\/{rel}","templated":true}]}}