{"id":16238,"date":"2024-07-19T21:24:00","date_gmt":"2024-07-19T13:24:00","guid":{"rendered":"https:\/\/www.vape4wholesale.com\/?post_type=product&#038;p=16238"},"modified":"2026-01-27T14:50:06","modified_gmt":"2026-01-27T14:50:06","slug":"bang-mehanska-prestava-20000-puffs-enkratno-vape-na-debelo","status":"publish","type":"product","link":"https:\/\/www.vape4wholesale.com\/sl\/product\/bang-mechanical-gear-20000-puffs-disposable-vape-wholesale","title":{"rendered":"Bang Mehanska oprema 20000 Puffs za enkratno uporabo Vape na debelo"},"content":{"rendered":"<p>Bang Mechanical Gear 20000 je kul desgined Disposable Vape z mehansko prestavo, ki se bo obra\u010dala med vapingom, zgrajena s 25ml eliquid in z 550mAh akumulatorsko baterijo, ki podpira do 20000 Puffs.<\/p>\n<p>Mno\u017ei\u010dno naro\u010dite na\u0161 \u0161irok izbor 16 okusov Bang Mechanical Gear vape v 0%, 2%, 3%, 5% nikotina z najbolj\u0161o ceno in hitro dostavo.<\/p>\n<h2><strong>Bang Mehanska oprema 20000 Vape Lastnosti<\/strong><\/h2>\n<ul>\n<li>Puffs: Do 20000 pufov<\/li>\n<li>e-teko\u010dina: 25 ml vnaprej napolnjenega e-teko\u010dina<\/li>\n<li>Nikotin: 0%\/ 2%\/ 3%\/ 5%Nikotinska sol<\/li>\n<li>Vrste: za enkratno uporabo<\/li>\n<li>Baterija 500 mAh<\/li>\n<li>Zaslon LED<\/li>\n<li>Tip C za polnjenje<\/li>\n<li>Na voljo je 12 okusov<\/li>\n<\/ul>\n<p>&nbsp;<\/p>\n<h2><strong>Seznam okusov<\/strong><\/h2>\n<p>1.Strawberry mango<br \/>\n2.Energy Drink<br \/>\n3.Blueberry \u010de\u0161njeva limonada<br \/>\n4.Black zmaj led<br \/>\n5.Peach ice<br \/>\n6.Strawberry Banana<br \/>\n7.Zme\u0161ajte sadje<br \/>\n8.Blueberry Ice<br \/>\n9.Watermelon Ice<br \/>\n10.Strawberry Kiwi<br \/>\n11.Bleueberry malina<br \/>\n12.Strawberry lubenica<\/p>\n<figure id=\"attachment_16239\" aria-describedby=\"caption-attachment-16239\" style=\"width: 800px\" class=\"wp-caption alignnone\"><img loading=\"lazy\" decoding=\"async\" class=\"size-full wp-image-16239\" title=\"Bang Mehanska oprema 20000 Puffs za enkratno uporabo Vape na debelo (5)\" src=\"https:\/\/www.vape4wholesale.com\/wp-content\/uploads\/2024\/07\/Bang-Mechanical-Gear-20000-Puffs-Disposable-Vape-Wholesale-5.jpg\" alt=\"Bang Mehanska oprema 20000 Puffs za enkratno uporabo Vape na debelo (5)\" width=\"800\" height=\"800\" srcset=\"https:\/\/www.vape4wholesale.com\/wp-content\/uploads\/2024\/07\/Bang-Mechanical-Gear-20000-Puffs-Disposable-Vape-Wholesale-5.jpg 800w, https:\/\/www.vape4wholesale.com\/wp-content\/uploads\/2024\/07\/Bang-Mechanical-Gear-20000-Puffs-Disposable-Vape-Wholesale-5-247x247.jpg 247w, https:\/\/www.vape4wholesale.com\/wp-content\/uploads\/2024\/07\/Bang-Mechanical-Gear-20000-Puffs-Disposable-Vape-Wholesale-5-100x100.jpg 100w, https:\/\/www.vape4wholesale.com\/wp-content\/uploads\/2024\/07\/Bang-Mechanical-Gear-20000-Puffs-Disposable-Vape-Wholesale-5-510x510.jpg 510w, https:\/\/www.vape4wholesale.com\/wp-content\/uploads\/2024\/07\/Bang-Mechanical-Gear-20000-Puffs-Disposable-Vape-Wholesale-5-64x64.jpg 64w, https:\/\/www.vape4wholesale.com\/wp-content\/uploads\/2024\/07\/Bang-Mechanical-Gear-20000-Puffs-Disposable-Vape-Wholesale-5-300x300.jpg 300w, https:\/\/www.vape4wholesale.com\/wp-content\/uploads\/2024\/07\/Bang-Mechanical-Gear-20000-Puffs-Disposable-Vape-Wholesale-5-150x150.jpg 150w, https:\/\/www.vape4wholesale.com\/wp-content\/uploads\/2024\/07\/Bang-Mechanical-Gear-20000-Puffs-Disposable-Vape-Wholesale-5-768x768.jpg 768w\" sizes=\"auto, (max-width: 800px) 100vw, 800px\" \/><figcaption id=\"caption-attachment-16239\" class=\"wp-caption-text\">Bang Mehanska oprema 20000 Puffs za enkratno uporabo Vape na debelo<\/figcaption><\/figure>\n<h2>ZAKAJ MI?<\/h2>\r\n<ul>\r\n<li>Resni\u010dni, zanesljivi in strokovni vir za vape.<\/li>\r\n<li>100% Originalno jamstvo: Zavra\u010damo ponarejanje: zagotavljamo samo originalne in pristne izdelke.<\/li>\r\n<li>100% Zagotovilo za dostavo: 100%: uporabljamo najbolj\u0161i na\u010din po\u0161iljanja, da zagotovimo, da prejmete naro\u010dilo 100%.<\/li>\r\n<li>Po odpremi vam bomo posredovali \u0161tevilko za sledenje in nalepko za po\u0161iljanje ter spremljali blago, dokler ga ne podpi\u0161ete.<\/li>\r\n<li>Brez carinskih te\u017eav, brez tarif<\/li>\r\n<\/ul>","protected":false},"excerpt":{"rendered":"<div class=\"wsppc_div_block woocommerce_before_add_to_cart_form\">\r\n<p><strong><span style=\"color: #00a859;\">Opraviti carinsko po\u0161to<\/span> pred dostavo &amp; 100% Garancija dostave, Dostava v pribli\u017eno 19\u201325 dneh.\u00a0<\/strong><\/p>\r\n<\/div>","protected":false},"featured_media":16244,"comment_status":"open","ping_status":"closed","template":"","meta":[],"pwb-brand":[1275],"product_cat":[873],"product_tag":[794,22,24,249,692],"class_list":{"0":"post-16238","1":"product","2":"type-product","3":"status-publish","4":"has-post-thumbnail","6":"pwb-brand-bang","7":"product_cat-above-20k-puffs","8":"product_tag-20000-puffs","9":"product_tag-disposable","10":"product_tag-wholesale","11":"product_tag-bang","12":"product_tag-25-0ml","13":"wcpa_has_options","15":"first","16":"outofstock","17":"shipping-taxable","18":"purchasable","19":"product-type-variable"},"aioseo_notices":[],"brands":[{"id":1275,"name":"Bang","slug":"bang"}],"_links":{"self":[{"href":"https:\/\/www.vape4wholesale.com\/sl\/wp-json\/wp\/v2\/product\/16238","targetHints":{"allow":["GET"]}}],"collection":[{"href":"https:\/\/www.vape4wholesale.com\/sl\/wp-json\/wp\/v2\/product"}],"about":[{"href":"https:\/\/www.vape4wholesale.com\/sl\/wp-json\/wp\/v2\/types\/product"}],"replies":[{"embeddable":true,"href":"https:\/\/www.vape4wholesale.com\/sl\/wp-json\/wp\/v2\/comments?post=16238"}],"wp:featuredmedia":[{"embeddable":true,"href":"https:\/\/www.vape4wholesale.com\/sl\/wp-json\/wp\/v2\/media\/16244"}],"wp:attachment":[{"href":"https:\/\/www.vape4wholesale.com\/sl\/wp-json\/wp\/v2\/media?parent=16238"}],"wp:term":[{"taxonomy":"pwb-brand","embeddable":true,"href":"https:\/\/www.vape4wholesale.com\/sl\/wp-json\/wp\/v2\/pwb-brand?post=16238"},{"taxonomy":"product_cat","embeddable":true,"href":"https:\/\/www.vape4wholesale.com\/sl\/wp-json\/wp\/v2\/product_cat?post=16238"},{"taxonomy":"product_tag","embeddable":true,"href":"https:\/\/www.vape4wholesale.com\/sl\/wp-json\/wp\/v2\/product_tag?post=16238"}],"curies":[{"name":"wp","href":"https:\/\/api.w.org\/{rel}","templated":true}]}}