{"id":16152,"date":"2024-07-03T09:36:00","date_gmt":"2024-07-03T01:36:00","guid":{"rendered":"https:\/\/www.vape4wholesale.com\/?post_type=product&#038;p=16152"},"modified":"2026-01-26T13:40:43","modified_gmt":"2026-01-26T13:40:43","slug":"fihp-shisha-hookah-15000-pro-enkratno-vape-na-debelo","status":"publish","type":"product","link":"https:\/\/www.vape4wholesale.com\/sl\/product\/fihp-shisha-hookah-15000-pro-disposable-vape-wholesale","title":{"rendered":"FIHP Shisha Hookah 15000 Pro Vape za enkratno uporabo na debelo"},"content":{"rendered":"<p>FIHP Shisha Hookah 15000 je lepo zasnovan Shisha Hookah za enkratno uporabo vape, prihaja z vodenim zaslonom desgin. zgraditi s 650mah akumulatorsko baterijo in 20ml eliquid, ki podpira max 15000 puffs.<\/p>\n<p>Naro\u010dite v razsutem stanju na\u0161ih 10 okusov FIHP Shisha Hookah 15000 Pro z najbolj\u0161o ceno in hitro dostavo.<\/p>\n<h2><strong>FIHP Shisha Hookah 15000 Pro Lastnosti<\/strong><\/h2>\n<p>Puffi: 15000 puffi, kar zagotavlja dolgotrajno uporabo.<br \/>\nJedro: Za optimalno dostavo okusa je opremljena z mre\u017easto tuljavo 0,6ohm.<br \/>\nE-teko\u010dina: Vsebuje 22 ml vrhunskega e-teko\u010dina, izdelanega za bogat in stalen okus.<br \/>\nNikotin: Nizka vsebnost nikotina 6 mg je primerna za gladko izku\u0161njo vapinga.<br \/>\nBaterija: Baterija: zmogljiva baterija 650 mAh za dalj\u0161o uporabo.<br \/>\nPolnilna baterija: Tip C za hitro in priro\u010dno polnjenje.<br \/>\nZaslon: Prikazovalnik LED za enostavno spremljanje \u017eivljenjske dobe baterije in uporabe.<\/p>\n<h2><strong>Seznam okusov<\/strong><\/h2>\n<p>Led iz lubenice<br \/>\nBlack Dragon Ice<br \/>\nBorovnica malina<br \/>\njagoda kivi<br \/>\nMe\u0161ano jagodi\u010devje<br \/>\nJagodna lubenica<br \/>\nPina Colada<br \/>\nPeachy Mango Ananas<br \/>\nKivi Pasijonka Guava<br \/>\nJagoda malina \u010de\u0161nja<\/p>\n<figure id=\"attachment_16168\" aria-describedby=\"caption-attachment-16168\" style=\"width: 800px\" class=\"wp-caption alignnone\"><img loading=\"lazy\" decoding=\"async\" class=\"wp-image-16168 size-full\" title=\"FIHP Shisha Hookah 15000 Pro Vape za enkratno uporabo na debelo (6)\" src=\"https:\/\/www.vape4wholesale.com\/wp-content\/uploads\/2024\/07\/FIHP-Shisha-Hookah-15000-Pro-Disposable-Vape-Wholesale-6.webp\" alt=\"FIHP Shisha Hookah 15000 Pro Vape za enkratno uporabo na debelo (6)\" width=\"800\" height=\"800\" srcset=\"https:\/\/www.vape4wholesale.com\/wp-content\/uploads\/2024\/07\/FIHP-Shisha-Hookah-15000-Pro-Disposable-Vape-Wholesale-6.webp 800w, https:\/\/www.vape4wholesale.com\/wp-content\/uploads\/2024\/07\/FIHP-Shisha-Hookah-15000-Pro-Disposable-Vape-Wholesale-6-247x247.webp 247w, https:\/\/www.vape4wholesale.com\/wp-content\/uploads\/2024\/07\/FIHP-Shisha-Hookah-15000-Pro-Disposable-Vape-Wholesale-6-100x100.webp 100w, https:\/\/www.vape4wholesale.com\/wp-content\/uploads\/2024\/07\/FIHP-Shisha-Hookah-15000-Pro-Disposable-Vape-Wholesale-6-510x510.webp 510w, https:\/\/www.vape4wholesale.com\/wp-content\/uploads\/2024\/07\/FIHP-Shisha-Hookah-15000-Pro-Disposable-Vape-Wholesale-6-64x64.webp 64w, https:\/\/www.vape4wholesale.com\/wp-content\/uploads\/2024\/07\/FIHP-Shisha-Hookah-15000-Pro-Disposable-Vape-Wholesale-6-300x300.webp 300w, https:\/\/www.vape4wholesale.com\/wp-content\/uploads\/2024\/07\/FIHP-Shisha-Hookah-15000-Pro-Disposable-Vape-Wholesale-6-150x150.webp 150w, https:\/\/www.vape4wholesale.com\/wp-content\/uploads\/2024\/07\/FIHP-Shisha-Hookah-15000-Pro-Disposable-Vape-Wholesale-6-768x768.webp 768w\" sizes=\"auto, (max-width: 800px) 100vw, 800px\" \/><figcaption id=\"caption-attachment-16168\" class=\"wp-caption-text\">FIHP Shisha Hookah 15000 Pro Vape za enkratno uporabo na debelo<\/figcaption><\/figure>\n<p><img loading=\"lazy\" decoding=\"async\" class=\"alignnone size-full wp-image-16175\" title=\"FIHP Shisha Hookah 15000 Pro Vape za enkratno uporabo na debelo (13)\" src=\"https:\/\/www.vape4wholesale.com\/wp-content\/uploads\/2024\/07\/FIHP-Shisha-Hookah-15000-Pro-Disposable-Vape-Wholesale-13.webp\" alt=\"FIHP Shisha Hookah 15000 Pro Vape za enkratno uporabo na debelo (13)\" width=\"800\" height=\"800\" srcset=\"https:\/\/www.vape4wholesale.com\/wp-content\/uploads\/2024\/07\/FIHP-Shisha-Hookah-15000-Pro-Disposable-Vape-Wholesale-13.webp 800w, https:\/\/www.vape4wholesale.com\/wp-content\/uploads\/2024\/07\/FIHP-Shisha-Hookah-15000-Pro-Disposable-Vape-Wholesale-13-247x247.webp 247w, https:\/\/www.vape4wholesale.com\/wp-content\/uploads\/2024\/07\/FIHP-Shisha-Hookah-15000-Pro-Disposable-Vape-Wholesale-13-100x100.webp 100w, https:\/\/www.vape4wholesale.com\/wp-content\/uploads\/2024\/07\/FIHP-Shisha-Hookah-15000-Pro-Disposable-Vape-Wholesale-13-510x510.webp 510w, https:\/\/www.vape4wholesale.com\/wp-content\/uploads\/2024\/07\/FIHP-Shisha-Hookah-15000-Pro-Disposable-Vape-Wholesale-13-64x64.webp 64w, https:\/\/www.vape4wholesale.com\/wp-content\/uploads\/2024\/07\/FIHP-Shisha-Hookah-15000-Pro-Disposable-Vape-Wholesale-13-300x300.webp 300w, https:\/\/www.vape4wholesale.com\/wp-content\/uploads\/2024\/07\/FIHP-Shisha-Hookah-15000-Pro-Disposable-Vape-Wholesale-13-150x150.webp 150w, https:\/\/www.vape4wholesale.com\/wp-content\/uploads\/2024\/07\/FIHP-Shisha-Hookah-15000-Pro-Disposable-Vape-Wholesale-13-768x768.webp 768w\" sizes=\"auto, (max-width: 800px) 100vw, 800px\" \/> <img loading=\"lazy\" decoding=\"async\" class=\"alignnone size-full wp-image-16163\" title=\"FIHP Shisha Hookah 15000 Pro Vape za enkratno uporabo na debelo (1)\" src=\"https:\/\/www.vape4wholesale.com\/wp-content\/uploads\/2024\/07\/FIHP-Shisha-Hookah-15000-Pro-Disposable-Vape-Wholesale-1.webp\" alt=\"FIHP Shisha Hookah 15000 Pro Vape za enkratno uporabo na debelo (1)\" width=\"800\" height=\"800\" srcset=\"https:\/\/www.vape4wholesale.com\/wp-content\/uploads\/2024\/07\/FIHP-Shisha-Hookah-15000-Pro-Disposable-Vape-Wholesale-1.webp 800w, https:\/\/www.vape4wholesale.com\/wp-content\/uploads\/2024\/07\/FIHP-Shisha-Hookah-15000-Pro-Disposable-Vape-Wholesale-1-247x247.webp 247w, https:\/\/www.vape4wholesale.com\/wp-content\/uploads\/2024\/07\/FIHP-Shisha-Hookah-15000-Pro-Disposable-Vape-Wholesale-1-100x100.webp 100w, https:\/\/www.vape4wholesale.com\/wp-content\/uploads\/2024\/07\/FIHP-Shisha-Hookah-15000-Pro-Disposable-Vape-Wholesale-1-510x510.webp 510w, https:\/\/www.vape4wholesale.com\/wp-content\/uploads\/2024\/07\/FIHP-Shisha-Hookah-15000-Pro-Disposable-Vape-Wholesale-1-64x64.webp 64w, https:\/\/www.vape4wholesale.com\/wp-content\/uploads\/2024\/07\/FIHP-Shisha-Hookah-15000-Pro-Disposable-Vape-Wholesale-1-300x300.webp 300w, https:\/\/www.vape4wholesale.com\/wp-content\/uploads\/2024\/07\/FIHP-Shisha-Hookah-15000-Pro-Disposable-Vape-Wholesale-1-150x150.webp 150w, https:\/\/www.vape4wholesale.com\/wp-content\/uploads\/2024\/07\/FIHP-Shisha-Hookah-15000-Pro-Disposable-Vape-Wholesale-1-768x768.webp 768w\" sizes=\"auto, (max-width: 800px) 100vw, 800px\" \/><\/p>\n<h2>ZAKAJ MI?<\/h2>\r\n<ul>\r\n<li>Resni\u010dni, zanesljivi in strokovni vir za vape.<\/li>\r\n<li>100% Originalno jamstvo: Zavra\u010damo ponarejanje: zagotavljamo samo originalne in pristne izdelke.<\/li>\r\n<li>100% Zagotovilo za dostavo: 100%: uporabljamo najbolj\u0161i na\u010din po\u0161iljanja, da zagotovimo, da prejmete naro\u010dilo 100%.<\/li>\r\n<li>Po odpremi vam bomo posredovali \u0161tevilko za sledenje in nalepko za po\u0161iljanje ter spremljali blago, dokler ga ne podpi\u0161ete.<\/li>\r\n<li>Brez carinskih te\u017eav, brez tarif<\/li>\r\n<\/ul>","protected":false},"excerpt":{"rendered":"<div class=\"wsppc_div_block woocommerce_before_add_to_cart_form\">\r\n<p><strong><span style=\"color: #00a859;\">Opraviti carinsko po\u0161to<\/span> pred dostavo &amp; 100% Garancija dostave, Dostava v pribli\u017eno 19\u201325 dneh.\u00a0<\/strong><\/p>\r\n<\/div>","protected":false},"featured_media":16166,"comment_status":"open","ping_status":"closed","template":"","meta":[],"pwb-brand":[1279],"product_cat":[871],"product_tag":[22,24,684,877,878],"class_list":{"0":"post-16152","1":"product","2":"type-product","3":"status-publish","4":"has-post-thumbnail","6":"pwb-brand-fihp","7":"product_cat-10-15k-puffs","8":"product_tag-disposable","9":"product_tag-wholesale","10":"product_tag-15000-puffs","11":"product_tag-22-0ml","12":"product_tag-fihp","14":"first","15":"instock","16":"shipping-taxable","17":"purchasable","18":"product-type-variable"},"aioseo_notices":[],"brands":[{"id":1279,"name":"FIHP","slug":"fihp"}],"_links":{"self":[{"href":"https:\/\/www.vape4wholesale.com\/sl\/wp-json\/wp\/v2\/product\/16152","targetHints":{"allow":["GET"]}}],"collection":[{"href":"https:\/\/www.vape4wholesale.com\/sl\/wp-json\/wp\/v2\/product"}],"about":[{"href":"https:\/\/www.vape4wholesale.com\/sl\/wp-json\/wp\/v2\/types\/product"}],"replies":[{"embeddable":true,"href":"https:\/\/www.vape4wholesale.com\/sl\/wp-json\/wp\/v2\/comments?post=16152"}],"wp:featuredmedia":[{"embeddable":true,"href":"https:\/\/www.vape4wholesale.com\/sl\/wp-json\/wp\/v2\/media\/16166"}],"wp:attachment":[{"href":"https:\/\/www.vape4wholesale.com\/sl\/wp-json\/wp\/v2\/media?parent=16152"}],"wp:term":[{"taxonomy":"pwb-brand","embeddable":true,"href":"https:\/\/www.vape4wholesale.com\/sl\/wp-json\/wp\/v2\/pwb-brand?post=16152"},{"taxonomy":"product_cat","embeddable":true,"href":"https:\/\/www.vape4wholesale.com\/sl\/wp-json\/wp\/v2\/product_cat?post=16152"},{"taxonomy":"product_tag","embeddable":true,"href":"https:\/\/www.vape4wholesale.com\/sl\/wp-json\/wp\/v2\/product_tag?post=16152"}],"curies":[{"name":"wp","href":"https:\/\/api.w.org\/{rel}","templated":true}]}}