{"id":16094,"date":"2024-07-01T18:17:00","date_gmt":"2024-07-01T10:17:00","guid":{"rendered":"https:\/\/www.vape4wholesale.com\/?post_type=product&#038;p=16094"},"modified":"2026-01-27T14:58:52","modified_gmt":"2026-01-27T14:58:52","slug":"breze-stiik-king-max-pro-18000-puffs-dtl-vape-za-enkratno-uporabo-na-debelo","status":"publish","type":"product","link":"https:\/\/www.vape4wholesale.com\/sl\/product\/breze-stiik-king-max-pro-18000-puffs-dtl-disposable-vape-wholesale","title":{"rendered":"Breze Stiik King Max Pro 18000 Puffs DTL Vape za enkratno uporabo na debelo"},"content":{"rendered":"<p>Breze Stiik King Max Pro je DTL\/RDL preklopni vape za enkratno uporabo, opremljen je z zaslonom LED za prikaz baterije in ravni e-teko\u010dine. vgrajen s 24 ml eliquida in 600mah akumulatorsko baterijo, ki podpira do 18000 puffs.<\/p>\n<h2><strong>Breze Stiik King Max Pro 18000 Puffs DTL za enkratno uporabo Klju\u010dne lastnosti<\/strong><\/h2>\n<ul>\n<li>18.000 puffov: U\u017eivajte v dolgotrajnem vapanju z impresivnim \u0161tevilom vdihov.<\/li>\n<li>Baterija 600 mAh: zanesljivo napajanje, ki zagotavlja zadovoljstvo ves dan.<\/li>\n<li>24ml E-teko\u010dina Kapaciteta: Velikodu\u0161na koli\u010dina e-teko\u010dine za neprekinjen u\u017eitek.<\/li>\n<li>34x120 mm Dimenzije: Kompaktne in prenosne, kot nala\u0161\u010d za uporabo na poti.<\/li>\n<li>Zaslon LED: LED: Bodite obve\u0161\u010deni s kazalniki stanja baterije in teko\u010dine v realnem \u010dasu.<\/li>\n<li>Razko\u0161no usnjeno dr\u017ealo: Voljno usnje zagotavlja udoben in eleganten oprijem.<\/li>\n<li>Sub-Ohm mre\u017easta tuljava: Izkusite naj\u010distej\u0161e okuse z na\u0161o mre\u017easto tuljavo sub-ohm, ki je idealna za vaping DTL (Direct-to-Lung).<\/li>\n<li>Nastavljiv pretok zraka: Prilagodite svoj poteg s \u0161iroko nastavljivim sistemom pretoka zraka.<\/li>\n<li>Nikotin: 0%, 1%, 2%<\/li>\n<\/ul>\n<h2><strong>Seznam okusov<\/strong><\/h2>\n<ol>\n<li>Modra limonada Raz<\/li>\n<li>sladkorna bomba<\/li>\n<li>Jabol\u010dna breskev<\/li>\n<li>Led iz lubenice<\/li>\n<li>Mint Ice<\/li>\n<li>Jagodni sladoled<\/li>\n<li>Borovnica malina<\/li>\n<li>breskev mango<\/li>\n<li>Grozdna soda<\/li>\n<li>jagoda kivi<\/li>\n<\/ol>\n<p>&nbsp;<\/p>\n<h2><strong>Podrobnosti o pakiranju<\/strong><\/h2>\n<p>1 kos\/paket<br data-filtered=\"filtered\" \/>10 pakiranj v \u0161katli<br data-filtered=\"filtered\" \/>150 kosov\/karton 18 kg<\/p>\n<figure id=\"attachment_16113\" aria-describedby=\"caption-attachment-16113\" style=\"width: 800px\" class=\"wp-caption alignnone\"><img loading=\"lazy\" decoding=\"async\" class=\"wp-image-16113 size-full\" title=\"Breze Stiik King Max Pro 18000 Puffs DTL za enkratno uporabo Vape na debelo PEACH MANGO\" src=\"https:\/\/www.vape4wholesale.com\/wp-content\/uploads\/2024\/07\/Breze-Stiik-King-Max-Pro-18000-Puffs-DTL-Disposable-Vape-Wholesale-PEACH-MANGO.jpg\" alt=\"Breze Stiik King Max Pro 18000 Puffs DTL za enkratno uporabo Vape na debelo PEACH MANGO\" width=\"800\" height=\"800\" srcset=\"https:\/\/www.vape4wholesale.com\/wp-content\/uploads\/2024\/07\/Breze-Stiik-King-Max-Pro-18000-Puffs-DTL-Disposable-Vape-Wholesale-PEACH-MANGO.jpg 800w, https:\/\/www.vape4wholesale.com\/wp-content\/uploads\/2024\/07\/Breze-Stiik-King-Max-Pro-18000-Puffs-DTL-Disposable-Vape-Wholesale-PEACH-MANGO-247x247.jpg 247w, https:\/\/www.vape4wholesale.com\/wp-content\/uploads\/2024\/07\/Breze-Stiik-King-Max-Pro-18000-Puffs-DTL-Disposable-Vape-Wholesale-PEACH-MANGO-100x100.jpg 100w, https:\/\/www.vape4wholesale.com\/wp-content\/uploads\/2024\/07\/Breze-Stiik-King-Max-Pro-18000-Puffs-DTL-Disposable-Vape-Wholesale-PEACH-MANGO-510x510.jpg 510w, https:\/\/www.vape4wholesale.com\/wp-content\/uploads\/2024\/07\/Breze-Stiik-King-Max-Pro-18000-Puffs-DTL-Disposable-Vape-Wholesale-PEACH-MANGO-64x64.jpg 64w, https:\/\/www.vape4wholesale.com\/wp-content\/uploads\/2024\/07\/Breze-Stiik-King-Max-Pro-18000-Puffs-DTL-Disposable-Vape-Wholesale-PEACH-MANGO-300x300.jpg 300w, https:\/\/www.vape4wholesale.com\/wp-content\/uploads\/2024\/07\/Breze-Stiik-King-Max-Pro-18000-Puffs-DTL-Disposable-Vape-Wholesale-PEACH-MANGO-150x150.jpg 150w, https:\/\/www.vape4wholesale.com\/wp-content\/uploads\/2024\/07\/Breze-Stiik-King-Max-Pro-18000-Puffs-DTL-Disposable-Vape-Wholesale-PEACH-MANGO-768x768.jpg 768w\" sizes=\"auto, (max-width: 800px) 100vw, 800px\" \/><figcaption id=\"caption-attachment-16113\" class=\"wp-caption-text\">Breze Stiik King Max Pro 18000 Puffs DTL Vape za enkratno uporabo na debelo<\/figcaption><\/figure>\n<p><img loading=\"lazy\" decoding=\"async\" class=\"alignnone size-full wp-image-16106\" title=\"Breze Stiik King Max Pro 18000 Puffs DTL Vape za enkratno uporabo na debelo\" src=\"https:\/\/www.vape4wholesale.com\/wp-content\/uploads\/2024\/07\/Breze-Stiik-King-Max-Pro-18000-Puffs-DTL-Disposable-Vape-Wholesale.jpg\" alt=\"Breze Stiik King Max Pro 18000 Puffs DTL Vape za enkratno uporabo na debelo\" width=\"800\" height=\"800\" srcset=\"https:\/\/www.vape4wholesale.com\/wp-content\/uploads\/2024\/07\/Breze-Stiik-King-Max-Pro-18000-Puffs-DTL-Disposable-Vape-Wholesale.jpg 800w, https:\/\/www.vape4wholesale.com\/wp-content\/uploads\/2024\/07\/Breze-Stiik-King-Max-Pro-18000-Puffs-DTL-Disposable-Vape-Wholesale-247x247.jpg 247w, https:\/\/www.vape4wholesale.com\/wp-content\/uploads\/2024\/07\/Breze-Stiik-King-Max-Pro-18000-Puffs-DTL-Disposable-Vape-Wholesale-100x100.jpg 100w, https:\/\/www.vape4wholesale.com\/wp-content\/uploads\/2024\/07\/Breze-Stiik-King-Max-Pro-18000-Puffs-DTL-Disposable-Vape-Wholesale-510x510.jpg 510w, https:\/\/www.vape4wholesale.com\/wp-content\/uploads\/2024\/07\/Breze-Stiik-King-Max-Pro-18000-Puffs-DTL-Disposable-Vape-Wholesale-64x64.jpg 64w, https:\/\/www.vape4wholesale.com\/wp-content\/uploads\/2024\/07\/Breze-Stiik-King-Max-Pro-18000-Puffs-DTL-Disposable-Vape-Wholesale-300x300.jpg 300w, https:\/\/www.vape4wholesale.com\/wp-content\/uploads\/2024\/07\/Breze-Stiik-King-Max-Pro-18000-Puffs-DTL-Disposable-Vape-Wholesale-150x150.jpg 150w, https:\/\/www.vape4wholesale.com\/wp-content\/uploads\/2024\/07\/Breze-Stiik-King-Max-Pro-18000-Puffs-DTL-Disposable-Vape-Wholesale-768x768.jpg 768w\" sizes=\"auto, (max-width: 800px) 100vw, 800px\" \/> <img loading=\"lazy\" decoding=\"async\" class=\"alignnone size-full wp-image-16105\" title=\"Breze Stiik King Max Pro 18000 Puffs DTL za enkratno uporabo Vape pakiranje na debelo\" src=\"https:\/\/www.vape4wholesale.com\/wp-content\/uploads\/2024\/07\/Breze-Stiik-King-Max-Pro-18000-Puffs-DTL-Disposable-Vape-Wholesale-Packing.jpg\" alt=\"Breze Stiik King Max Pro 18000 Puffs DTL za enkratno uporabo Vape pakiranje na debelo\" width=\"800\" height=\"800\" srcset=\"https:\/\/www.vape4wholesale.com\/wp-content\/uploads\/2024\/07\/Breze-Stiik-King-Max-Pro-18000-Puffs-DTL-Disposable-Vape-Wholesale-Packing.jpg 800w, https:\/\/www.vape4wholesale.com\/wp-content\/uploads\/2024\/07\/Breze-Stiik-King-Max-Pro-18000-Puffs-DTL-Disposable-Vape-Wholesale-Packing-247x247.jpg 247w, https:\/\/www.vape4wholesale.com\/wp-content\/uploads\/2024\/07\/Breze-Stiik-King-Max-Pro-18000-Puffs-DTL-Disposable-Vape-Wholesale-Packing-100x100.jpg 100w, https:\/\/www.vape4wholesale.com\/wp-content\/uploads\/2024\/07\/Breze-Stiik-King-Max-Pro-18000-Puffs-DTL-Disposable-Vape-Wholesale-Packing-510x510.jpg 510w, https:\/\/www.vape4wholesale.com\/wp-content\/uploads\/2024\/07\/Breze-Stiik-King-Max-Pro-18000-Puffs-DTL-Disposable-Vape-Wholesale-Packing-64x64.jpg 64w, https:\/\/www.vape4wholesale.com\/wp-content\/uploads\/2024\/07\/Breze-Stiik-King-Max-Pro-18000-Puffs-DTL-Disposable-Vape-Wholesale-Packing-300x300.jpg 300w, https:\/\/www.vape4wholesale.com\/wp-content\/uploads\/2024\/07\/Breze-Stiik-King-Max-Pro-18000-Puffs-DTL-Disposable-Vape-Wholesale-Packing-150x150.jpg 150w, https:\/\/www.vape4wholesale.com\/wp-content\/uploads\/2024\/07\/Breze-Stiik-King-Max-Pro-18000-Puffs-DTL-Disposable-Vape-Wholesale-Packing-768x768.jpg 768w\" sizes=\"auto, (max-width: 800px) 100vw, 800px\" \/><\/p>\n<h2>ZAKAJ MI?<\/h2>\r\n<ul>\r\n<li>Resni\u010dni, zanesljivi in strokovni vir za vape.<\/li>\r\n<li>100% Originalno jamstvo: Zavra\u010damo ponarejanje: zagotavljamo samo originalne in pristne izdelke.<\/li>\r\n<li>100% Zagotovilo za dostavo: 100%: uporabljamo najbolj\u0161i na\u010din po\u0161iljanja, da zagotovimo, da prejmete naro\u010dilo 100%.<\/li>\r\n<li>Po odpremi vam bomo posredovali \u0161tevilko za sledenje in nalepko za po\u0161iljanje ter spremljali blago, dokler ga ne podpi\u0161ete.<\/li>\r\n<li>Brez carinskih te\u017eav, brez tarif<\/li>\r\n<\/ul>","protected":false},"excerpt":{"rendered":"<div class=\"wsppc_div_block woocommerce_before_add_to_cart_form\">\r\n<p><strong><span style=\"color: #00a859;\">Opraviti carinsko po\u0161to<\/span> pred dostavo &amp; 100% Garancija dostave, Dostava v pribli\u017eno 19\u201325 dneh.\u00a0<\/strong><\/p>\r\n<\/div>","protected":false},"featured_media":16113,"comment_status":"open","ping_status":"closed","template":"","meta":[],"pwb-brand":[1289],"product_cat":[872],"product_tag":[719,867,868,22,24],"class_list":{"0":"post-16094","1":"product","2":"type-product","3":"status-publish","4":"has-post-thumbnail","6":"pwb-brand-others","7":"product_cat-15k-20k-puffs","8":"product_tag-18000-puffs","9":"product_tag-24-0ml","10":"product_tag-breze-stiik","11":"product_tag-disposable","12":"product_tag-wholesale","13":"wcpa_has_options","15":"first","16":"instock","17":"shipping-taxable","18":"purchasable","19":"product-type-variable"},"aioseo_notices":[],"brands":[{"id":1289,"name":"Drugo","slug":"drugi"}],"_links":{"self":[{"href":"https:\/\/www.vape4wholesale.com\/sl\/wp-json\/wp\/v2\/product\/16094","targetHints":{"allow":["GET"]}}],"collection":[{"href":"https:\/\/www.vape4wholesale.com\/sl\/wp-json\/wp\/v2\/product"}],"about":[{"href":"https:\/\/www.vape4wholesale.com\/sl\/wp-json\/wp\/v2\/types\/product"}],"replies":[{"embeddable":true,"href":"https:\/\/www.vape4wholesale.com\/sl\/wp-json\/wp\/v2\/comments?post=16094"}],"wp:featuredmedia":[{"embeddable":true,"href":"https:\/\/www.vape4wholesale.com\/sl\/wp-json\/wp\/v2\/media\/16113"}],"wp:attachment":[{"href":"https:\/\/www.vape4wholesale.com\/sl\/wp-json\/wp\/v2\/media?parent=16094"}],"wp:term":[{"taxonomy":"pwb-brand","embeddable":true,"href":"https:\/\/www.vape4wholesale.com\/sl\/wp-json\/wp\/v2\/pwb-brand?post=16094"},{"taxonomy":"product_cat","embeddable":true,"href":"https:\/\/www.vape4wholesale.com\/sl\/wp-json\/wp\/v2\/product_cat?post=16094"},{"taxonomy":"product_tag","embeddable":true,"href":"https:\/\/www.vape4wholesale.com\/sl\/wp-json\/wp\/v2\/product_tag?post=16094"}],"curies":[{"name":"wp","href":"https:\/\/api.w.org\/{rel}","templated":true}]}}