{"id":15979,"date":"2024-06-15T00:53:00","date_gmt":"2024-06-14T16:53:00","guid":{"rendered":"https:\/\/www.vape4wholesale.com\/?post_type=product&#038;p=15979"},"modified":"2026-01-26T13:40:53","modified_gmt":"2026-01-26T13:40:53","slug":"bang-30000-puffs-enkratno-vape-na-debelo","status":"publish","type":"product","link":"https:\/\/www.vape4wholesale.com\/sl\/product\/bang-30000-puffs-disposable-vape-wholesale","title":{"rendered":"Bang 30000 Puffs Vape za enkratno uporabo na debelo"},"content":{"rendered":"<p>Bang 30000 Puffs je opremljen z dvojnim okusom, ki omogo\u010da izjemno izku\u0161njo vapinga, ima 1,0ohm mre\u017easto tuljavo in vsebuje 36 ml e-teko\u010dine.<\/p>\n<p>Na voljo so jakosti nikotina 0%, 2%, 3% in 5%, ki ustrezajo razli\u010dnim \u017eeljam in potrebam. Baterija s kapaciteto 550 mAh s podporo za polnjenje tipa C zagotavlja hitro in u\u010dinkovito polnjenje, tako da je va\u0161 vape vedno pripravljen za uporabo.<\/p>\n<p>TheBang 30000 Puffs je zasnovan za za\u010detnike in izku\u0161ene vaperje, saj zdru\u017euje visoko zmogljivost, preprosto uporabo in napredno tehnologijo. Zaradi izjemne dostave okusa in uporabniku prijazne zasnove je vrhunska izbira na trgu vapinga. pridobite najbolj\u0161o veleprodajno ceno in hitro dostavo od Vape4Wholesale<\/p>\n<h2><strong>Bang 30000 Puffs Lastnosti<\/strong><\/h2>\n<ul>\n<li>Puffi: 30000puffov<\/li>\n<li>Jedro: Mesh tuljava 1.0ohm<\/li>\n<li>E-teko\u010dina: 36ml<\/li>\n<li>Nikotin: 0%\/ 2%\/ 3%\/ 5%<\/li>\n<li>Baterija: 550 mAh<\/li>\n<li>Polnilna baterija: Tip C<\/li>\n<li>Digitalni zaslon LCD<\/li>\n<li>Dvojni okus<\/li>\n<li>Bang 30000 Puffs<\/li>\n<\/ul>\n<h2><strong>Seznam okusov<\/strong><\/h2>\n<ul>\n<li>Lubeni\u010dni led in borovni\u010deva meta<\/li>\n<li>Led z lubenico in jagodami ter mangom<\/li>\n<li>Jagoda lubenica in kivi Pasijonka Guava<\/li>\n<li>Jagodni in lubeni\u010dni ter grozdni led<\/li>\n<li>Blueberry Ice &amp; Black Dragon Ice<\/li>\n<li>Blueberry Ice &amp; Strawberry in Banana<\/li>\n<li>Red Bull in borovni\u010deva lubenica<\/li>\n<li>Red Bull in lubenica Bubble Candy<\/li>\n<li>Borovnica malina in breskev Mango lubenica<\/li>\n<li>Borovnice, maline in me\u0161ano plesnivo sadje<\/li>\n<li>Jagodni kivi in breskov led<\/li>\n<li>jagoda kivi in kislo jabolko malina<\/li>\n<\/ul>\n<figure id=\"attachment_15980\" aria-describedby=\"caption-attachment-15980\" style=\"width: 800px\" class=\"wp-caption alignnone\"><img loading=\"lazy\" decoding=\"async\" class=\"size-full wp-image-15980\" title=\"Bnag 30000 Puffs Vape za enkratno uporabo na debelo (1)\" src=\"https:\/\/www.vape4wholesale.com\/wp-content\/uploads\/2024\/06\/Bnag-30000-Puffs-Disposable-Vape-Wholesale-1.png\" alt=\"Bnag 30000 Puffs Vape za enkratno uporabo na debelo (1)\" width=\"800\" height=\"800\" srcset=\"https:\/\/www.vape4wholesale.com\/wp-content\/uploads\/2024\/06\/Bnag-30000-Puffs-Disposable-Vape-Wholesale-1.png 800w, https:\/\/www.vape4wholesale.com\/wp-content\/uploads\/2024\/06\/Bnag-30000-Puffs-Disposable-Vape-Wholesale-1-247x247.png 247w, https:\/\/www.vape4wholesale.com\/wp-content\/uploads\/2024\/06\/Bnag-30000-Puffs-Disposable-Vape-Wholesale-1-100x100.png 100w, https:\/\/www.vape4wholesale.com\/wp-content\/uploads\/2024\/06\/Bnag-30000-Puffs-Disposable-Vape-Wholesale-1-510x510.png 510w\" sizes=\"auto, (max-width: 800px) 100vw, 800px\" \/><figcaption id=\"caption-attachment-15980\" class=\"wp-caption-text\">Bnag 30000 Puffs za enkratno uporabo Vape na debelo<\/figcaption><\/figure>\n<figure id=\"attachment_15981\" aria-describedby=\"caption-attachment-15981\" style=\"width: 800px\" class=\"wp-caption alignnone\"><img loading=\"lazy\" decoding=\"async\" class=\"size-full wp-image-15981\" title=\"Bnag 30000 Puffs Vape za enkratno uporabo na debelo (1)\" src=\"https:\/\/www.vape4wholesale.com\/wp-content\/uploads\/2024\/06\/Bnag-30000-Puffs-Disposable-Vape-Wholesale-1.jpg\" alt=\"Bnag 30000 Puffs Vape za enkratno uporabo na debelo (1)\" width=\"800\" height=\"1000\" srcset=\"https:\/\/www.vape4wholesale.com\/wp-content\/uploads\/2024\/06\/Bnag-30000-Puffs-Disposable-Vape-Wholesale-1.jpg 800w, https:\/\/www.vape4wholesale.com\/wp-content\/uploads\/2024\/06\/Bnag-30000-Puffs-Disposable-Vape-Wholesale-1-510x638.jpg 510w, https:\/\/www.vape4wholesale.com\/wp-content\/uploads\/2024\/06\/Bnag-30000-Puffs-Disposable-Vape-Wholesale-1-64x80.jpg 64w, https:\/\/www.vape4wholesale.com\/wp-content\/uploads\/2024\/06\/Bnag-30000-Puffs-Disposable-Vape-Wholesale-1-240x300.jpg 240w, https:\/\/www.vape4wholesale.com\/wp-content\/uploads\/2024\/06\/Bnag-30000-Puffs-Disposable-Vape-Wholesale-1-768x960.jpg 768w\" sizes=\"auto, (max-width: 800px) 100vw, 800px\" \/><figcaption id=\"caption-attachment-15981\" class=\"wp-caption-text\">Bnag 30000 Puffs za enkratno uporabo Vape na debelo - vsi okusi<\/figcaption><\/figure>\n<h2>ZAKAJ MI?<\/h2>\r\n<ul>\r\n<li>Resni\u010dni, zanesljivi in strokovni vir za vape.<\/li>\r\n<li>100% Originalno jamstvo: Zavra\u010damo ponarejanje: zagotavljamo samo originalne in pristne izdelke.<\/li>\r\n<li>100% Zagotovilo za dostavo: 100%: uporabljamo najbolj\u0161i na\u010din po\u0161iljanja, da zagotovimo, da prejmete naro\u010dilo 100%.<\/li>\r\n<li>Po odpremi vam bomo posredovali \u0161tevilko za sledenje in nalepko za po\u0161iljanje ter spremljali blago, dokler ga ne podpi\u0161ete.<\/li>\r\n<li>Brez carinskih te\u017eav, brez tarif<\/li>\r\n<\/ul>","protected":false},"excerpt":{"rendered":"<div class=\"wsppc_div_block woocommerce_before_add_to_cart_form\">\r\n<p><strong><span style=\"color: #00a859;\">Clear customs<\/span> before delivery &amp; 100% Delivery Guarantee, Delivery in 19~25 days around.\u00a0<\/strong><\/p>\r\n<\/div>\n<p><a href=\"https:\/\/www.vape4wholesale.com\/sl\/izdelek\/bang-king-coloor-30000-puffs-enkratno-vape-na-debelo-2\/\"><span style=\"color: #ff6600\"><strong>To je starej\u0161a razli\u010dica izdelka, ki je bila ukinjena. Kliknite za naro\u010dilo najnovej\u0161e razli\u010dice.<\/strong><\/span><\/a><\/p>","protected":false},"featured_media":15980,"comment_status":"open","ping_status":"closed","template":"","meta":[],"pwb-brand":[1275],"product_cat":[873],"product_tag":[22,24,249,849,850],"class_list":{"0":"post-15979","1":"product","2":"type-product","3":"status-publish","4":"has-post-thumbnail","6":"pwb-brand-bang","7":"product_cat-above-20k-puffs","8":"product_tag-disposable","9":"product_tag-wholesale","10":"product_tag-bang","11":"product_tag-36-0ml","12":"product_tag-30000-puffs","13":"wcpa_has_options","15":"first","16":"outofstock","17":"shipping-taxable","18":"purchasable","19":"product-type-variable"},"aioseo_notices":[],"brands":[{"id":1275,"name":"Bang","slug":"bang"}],"_links":{"self":[{"href":"https:\/\/www.vape4wholesale.com\/sl\/wp-json\/wp\/v2\/product\/15979","targetHints":{"allow":["GET"]}}],"collection":[{"href":"https:\/\/www.vape4wholesale.com\/sl\/wp-json\/wp\/v2\/product"}],"about":[{"href":"https:\/\/www.vape4wholesale.com\/sl\/wp-json\/wp\/v2\/types\/product"}],"replies":[{"embeddable":true,"href":"https:\/\/www.vape4wholesale.com\/sl\/wp-json\/wp\/v2\/comments?post=15979"}],"wp:featuredmedia":[{"embeddable":true,"href":"https:\/\/www.vape4wholesale.com\/sl\/wp-json\/wp\/v2\/media\/15980"}],"wp:attachment":[{"href":"https:\/\/www.vape4wholesale.com\/sl\/wp-json\/wp\/v2\/media?parent=15979"}],"wp:term":[{"taxonomy":"pwb-brand","embeddable":true,"href":"https:\/\/www.vape4wholesale.com\/sl\/wp-json\/wp\/v2\/pwb-brand?post=15979"},{"taxonomy":"product_cat","embeddable":true,"href":"https:\/\/www.vape4wholesale.com\/sl\/wp-json\/wp\/v2\/product_cat?post=15979"},{"taxonomy":"product_tag","embeddable":true,"href":"https:\/\/www.vape4wholesale.com\/sl\/wp-json\/wp\/v2\/product_tag?post=15979"}],"curies":[{"name":"wp","href":"https:\/\/api.w.org\/{rel}","templated":true}]}}