{"id":15929,"date":"2025-07-14T23:55:00","date_gmt":"2025-07-14T23:55:00","guid":{"rendered":"https:\/\/www.vape4wholesale.com\/?post_type=product&#038;p=15929"},"modified":"2026-03-15T22:36:40","modified_gmt":"2026-03-15T14:36:40","slug":"randm-tornado-15000-vape-za-enkratno-uporabo-na-debelo","status":"publish","type":"product","link":"https:\/\/www.vape4wholesale.com\/sl\/product\/randm-tornado-15000-disposable-vape-wholesale","title":{"rendered":"Randm Tornado 15000 Vape za enkratno uporabo na debelo"},"content":{"rendered":"<p>RandM Tornado 15000 je naprava za enkratno uporabo za polnjenje z baterijo in prikazovalnikom ravni ejuice. Vsebuje 25 ml nikotinske soli 0\/2\/3\/5% in omogo\u010da do 15000 vdihov. Izbirate lahko med 41 okusi. Vrata za polnjenje na dnu naprave zagotavljajo, da boste v rezervoarju ves \u010das do konca izpilili \u0161e zadnjo kapljico e-soka.<\/p>\n<h2 class=\"p\">RandM Tornado 15000 Naprava za enkratno uporabo Lastnosti:<\/h2>\n<p class=\"p\">0\/2\/3\/5% Nikotinska sol.<br data-filtered=\"filtered\" \/>25ML E-teko\u010dine.<br data-filtered=\"filtered\" \/>Mre\u017easta tuljava<br data-filtered=\"filtered\" \/>Baterija za polnjenje<br data-filtered=\"filtered\" \/>Vgrajena baterija 850 mAh.<br data-filtered=\"filtered\" \/>Na voljo je 41 okusov.<br data-filtered=\"filtered\" \/>10 kosov v \u0161katli z zaslonom.<br data-filtered=\"filtered\" \/>160 kosov v \u0161katli.<\/p>\n<h2 class=\"p\">Na voljo so okusi:<\/h2>\n<p class=\"p\">01# Modra limonada Razz<br \/>\n02# Ledena breskev<br \/>\n03# Kislo jabolko<br \/>\n04# Ledena lubenica<br \/>\n05# Borovnica na ledu<br \/>\n06# Borovnica malina<br \/>\n07# Ananasov led<br \/>\n08# \u010ce\u0161nja<br \/>\n09# Jagodni led<br \/>\n10# Vimto<br \/>\n11# Grozdni led<br \/>\n12# Cola Ice<br \/>\n13# Jagoda lubenica<br \/>\n14# Roza limonada<br \/>\n15# Me\u0161ano jagodi\u010devje<br \/>\n16# breskev mango<br \/>\n17# Zmajsko sadje<br \/>\n18# Jagoda grozdje<br \/>\n19# Gospod Modri<br \/>\n20# Bujni led<br \/>\n21# Ice Pop<br \/>\n22# Jagoda kivi<br \/>\n23# Kivi Pasijonka Guava<br \/>\n24# Trojno jagodi\u010devje<br \/>\n25# Banana Ice<br \/>\n26# Bonboni z breskvijo in borovnicami<br \/>\n27# jabolko breskev hru\u0161ka<br \/>\n28# Jagodna limonada<br \/>\n29# Blue Razz Cherry<br \/>\n30# Borovnica Bubblegum<br \/>\n31# Borovnica, \u010de\u0161nja, brusnica<br \/>\n32# Borovnica Granatno jabolko<br \/>\n33# Bluesour Raspberry<br \/>\n34# Cherry Cola<br \/>\n35# Gumijasti medvedek<br \/>\n36# Limona in limeta<br \/>\n37# Mango na ledu<br \/>\n38# Red Energy Ice<br \/>\n39# jagoda banana<br \/>\n40# Jagodni Red Bull<br \/>\n41# Limonada iz jagode in lubenice<br \/>\n42# Ledeni \u010daj Lemon Ice<br \/>\n43# Ledeni \u010daj Peach Ice<br \/>\n44# Fizzy Cherry<br \/>\n45# Kovanci<br \/>\n46# Hladna meta<br \/>\n47# Pina Colada<br \/>\n48# Huckleberry<br \/>\n49# Borovni\u010dev breskov led<br \/>\n50# Grape Lemon<br \/>\n51# Fanta<br \/>\n52# Sve\u017ei mentol Mojito<br \/>\n53# Aloe Lemon Berries<br \/>\n54# Zeleno jabolko Citrus Mentol<br \/>\n55# Zeleno grozdje melona<br \/>\n56# Kaktus kivi<br \/>\n57# Cola Lemon<br \/>\n58# Kaktusov led<br \/>\n59# Modri gumijasti medvedek Razz<\/p>\n<figure id=\"attachment_15975\" aria-describedby=\"caption-attachment-15975\" style=\"width: 640px\" class=\"wp-caption alignnone\"><img loading=\"lazy\" decoding=\"async\" class=\"size-full wp-image-15975\" title=\"Randm Tornado 15000 Vape za enkratno uporabo na debelo (6)\" src=\"https:\/\/www.vape4wholesale.com\/wp-content\/uploads\/2024\/06\/Randm-Tornado-15000-Disposable-Vape-Wholesale-6.webp\" alt=\"Randm Tornado 15000 Vape za enkratno uporabo na debelo (6)\" width=\"640\" height=\"640\" srcset=\"https:\/\/www.vape4wholesale.com\/wp-content\/uploads\/2024\/06\/Randm-Tornado-15000-Disposable-Vape-Wholesale-6.webp 640w, https:\/\/www.vape4wholesale.com\/wp-content\/uploads\/2024\/06\/Randm-Tornado-15000-Disposable-Vape-Wholesale-6-247x247.webp 247w, https:\/\/www.vape4wholesale.com\/wp-content\/uploads\/2024\/06\/Randm-Tornado-15000-Disposable-Vape-Wholesale-6-100x100.webp 100w, https:\/\/www.vape4wholesale.com\/wp-content\/uploads\/2024\/06\/Randm-Tornado-15000-Disposable-Vape-Wholesale-6-510x510.webp 510w\" sizes=\"auto, (max-width: 640px) 100vw, 640px\" \/><figcaption id=\"caption-attachment-15975\" class=\"wp-caption-text\">Randm Tornado 15000 Vape za enkratno uporabo na debelo<\/figcaption><\/figure>\n<h2>ZAKAJ MI?<\/h2>\r\n<ul>\r\n<li>Resni\u010dni, zanesljivi in strokovni vir za vape.<\/li>\r\n<li>100% Originalno jamstvo: Zavra\u010damo ponarejanje: zagotavljamo samo originalne in pristne izdelke.<\/li>\r\n<li>100% Zagotovilo za dostavo: 100%: uporabljamo najbolj\u0161i na\u010din po\u0161iljanja, da zagotovimo, da prejmete naro\u010dilo 100%.<\/li>\r\n<li>Po odpremi vam bomo posredovali \u0161tevilko za sledenje in nalepko za po\u0161iljanje ter spremljali blago, dokler ga ne podpi\u0161ete.<\/li>\r\n<li>Brez carinskih te\u017eav, brez tarif<\/li>\r\n<\/ul>\n<p>&nbsp;<\/p>","protected":false},"excerpt":{"rendered":"<div class=\"wsppc_div_block woocommerce_before_add_to_cart_form\">\r\n<p><strong><span style=\"color: #00a859;\">Clear customs<\/span> before delivery &amp; 100% Delivery Guarantee, Delivery in 19~25 days around.\u00a0<\/strong><\/p>\r\n<\/div>","protected":false},"featured_media":15975,"comment_status":"open","ping_status":"closed","template":"","meta":[],"pwb-brand":[1269],"product_cat":[872],"product_tag":[24,180,684,692,22],"class_list":{"0":"post-15929","1":"product","2":"type-product","3":"status-publish","4":"has-post-thumbnail","6":"pwb-brand-fumot","7":"product_cat-15k-20k-puffs","8":"product_tag-wholesale","9":"product_tag-randm-tornado","10":"product_tag-15000-puffs","11":"product_tag-25-0ml","12":"product_tag-disposable","13":"wcpa_has_options","15":"first","16":"instock","17":"featured","18":"shipping-taxable","19":"purchasable","20":"product-type-variable"},"aioseo_notices":[],"brands":[{"id":1269,"name":"Fumot","slug":"fumot"}],"_links":{"self":[{"href":"https:\/\/www.vape4wholesale.com\/sl\/wp-json\/wp\/v2\/product\/15929","targetHints":{"allow":["GET"]}}],"collection":[{"href":"https:\/\/www.vape4wholesale.com\/sl\/wp-json\/wp\/v2\/product"}],"about":[{"href":"https:\/\/www.vape4wholesale.com\/sl\/wp-json\/wp\/v2\/types\/product"}],"replies":[{"embeddable":true,"href":"https:\/\/www.vape4wholesale.com\/sl\/wp-json\/wp\/v2\/comments?post=15929"}],"wp:featuredmedia":[{"embeddable":true,"href":"https:\/\/www.vape4wholesale.com\/sl\/wp-json\/wp\/v2\/media\/15975"}],"wp:attachment":[{"href":"https:\/\/www.vape4wholesale.com\/sl\/wp-json\/wp\/v2\/media?parent=15929"}],"wp:term":[{"taxonomy":"pwb-brand","embeddable":true,"href":"https:\/\/www.vape4wholesale.com\/sl\/wp-json\/wp\/v2\/pwb-brand?post=15929"},{"taxonomy":"product_cat","embeddable":true,"href":"https:\/\/www.vape4wholesale.com\/sl\/wp-json\/wp\/v2\/product_cat?post=15929"},{"taxonomy":"product_tag","embeddable":true,"href":"https:\/\/www.vape4wholesale.com\/sl\/wp-json\/wp\/v2\/product_tag?post=15929"}],"curies":[{"name":"wp","href":"https:\/\/api.w.org\/{rel}","templated":true}]}}