{"id":15878,"date":"2025-10-29T16:52:00","date_gmt":"2025-10-29T08:52:00","guid":{"rendered":"https:\/\/www.vape4wholesale.com\/?post_type=product&#038;p=15878"},"modified":"2026-03-30T11:12:14","modified_gmt":"2026-03-30T03:12:14","slug":"elf-bar-raya-d3-25000-puffs-enkratno-vape-debelo","status":"publish","type":"product","link":"https:\/\/www.vape4wholesale.com\/sl\/product\/elf-bar-raya-d3-25000-puffs-disposable-vape-wholesale","title":{"rendered":"Elf Bar Raya D3 25000 Puffs Vape za enkratno uporabo na debelo"},"content":{"rendered":"<p>Elf Bar Raya D3 za enkratno uporabo prina\u0161a neprimerljivo izku\u0161njo vapinga s svojo revolucionarno zmogljivostjo 25.000 izpuhov ter integriranim sistemom za prilagajanje zraka in tlaka. Ta naprava za polnjenje se pona\u0161a z velikim stranskim zaslonom z digitalno cevjo in o\u010darljivo enobarvno modro zunanjo obro\u010dasto lu\u010djo, s \u010dimer postavlja nove standarde za vape za enkratno uporabo.<\/p>\n<p>Na voljo so 3 na\u010dini: Tako lahko dobite ve\u010d vdihov ali mo\u010dnej\u0161e oblake, kot \u017eelite, brez te\u017eav preklapljate med 3 na\u010dini.<\/p>\n<h2><strong>Elf Bar Raya D3 Informacije o izdelku:<\/strong><\/h2>\n<ul>\n<li>Masivna kapaciteta soka za vape: ima veliko kapaciteto 23 ml e-teko\u010dine.<\/li>\n<li>Sistem trojne mre\u017easte tuljave: Zagotavlja odli\u010den okus in proizvodnjo pare.<\/li>\n<li>Spremenljive nastavitve Puff: Tri nastavitve prestav za prilagajanje \u0161tevila puhov: 25K, 20K in 15K.<\/li>\n<li>Baterija visoke zmogljivosti: Opremljena je z baterijo s kapaciteto 850 mAh in polnjenjem tipa C.<\/li>\n<li>Prefinjen stranski zaslon: Velik digitalni cevni zaslon za enostavno spremljanje.<\/li>\n<li>Prilagajanje zra\u010dnega toka in tlaka: Integriran sistem omogo\u010da prilagojeno izku\u0161njo vapinga.<\/li>\n<li>Elegantno oblikovanje: ima zunanji obro\u010d z enobarvno modro svetlobo.<\/li>\n<li>Obse\u017een izbor okusov: Izbirate lahko med 15 izvrstnimi okusi.<\/li>\n<\/ul>\n<h2><strong>Okusi:<\/strong><\/h2>\n<p>VMT<br \/>\nDvojni mango<br \/>\nLedena breskev<br \/>\nMango breskev<br \/>\nMango breskev lubenica<br \/>\nKivi Pasijonka Guava<br \/>\nGrozdni led<br \/>\nPeach Berry<br \/>\nlubenica Bubble Gum<br \/>\nBorovni\u010dev led<br \/>\nDvojno jabolko<br \/>\nTobak<br \/>\nMango<br \/>\nBorovnica malina<br \/>\nLed iz lubenice<br \/>\nAlpska meta<br \/>\nKava Arabica<br \/>\nlubenica Lemon<br \/>\njagoda grozdje<br \/>\nKivi ananasov led<br \/>\nGrozdje in \u010de\u0161nja<\/p>\n<h2><strong>Podrobnosti o pakiranju<\/strong><\/h2>\n<p>1 kos\/paket<br data-filtered=\"filtered\" \/>10 pakiranj v \u0161katli<br data-filtered=\"filtered\" \/>200 kosov\/karton<\/p>\n<p><strong>Dimenzije:<\/strong><br \/>\n65*35*27 cm<br \/>\n21 kg\/karton<\/p>\n<p><img loading=\"lazy\" decoding=\"async\" class=\"alignnone size-full wp-image-26772\" title=\"Elf bar RAYA D3\" src=\"https:\/\/www.vape4wholesale.com\/wp-content\/uploads\/2025\/10\/Elf-bar-RAYA-D3.webp\" alt=\"Elf bar RAYA D3\" width=\"800\" height=\"800\" srcset=\"https:\/\/www.vape4wholesale.com\/wp-content\/uploads\/2025\/10\/Elf-bar-RAYA-D3.webp 800w, https:\/\/www.vape4wholesale.com\/wp-content\/uploads\/2025\/10\/Elf-bar-RAYA-D3-247x247.webp 247w, https:\/\/www.vape4wholesale.com\/wp-content\/uploads\/2025\/10\/Elf-bar-RAYA-D3-100x100.webp 100w, https:\/\/www.vape4wholesale.com\/wp-content\/uploads\/2025\/10\/Elf-bar-RAYA-D3-510x510.webp 510w, https:\/\/www.vape4wholesale.com\/wp-content\/uploads\/2025\/10\/Elf-bar-RAYA-D3-300x300.webp 300w, https:\/\/www.vape4wholesale.com\/wp-content\/uploads\/2025\/10\/Elf-bar-RAYA-D3-150x150.webp 150w, https:\/\/www.vape4wholesale.com\/wp-content\/uploads\/2025\/10\/Elf-bar-RAYA-D3-768x768.webp 768w, https:\/\/www.vape4wholesale.com\/wp-content\/uploads\/2025\/10\/Elf-bar-RAYA-D3-12x12.webp 12w\" sizes=\"auto, (max-width: 800px) 100vw, 800px\" \/><\/p>\n<h2>ZAKAJ MI?<\/h2>\r\n<ul>\r\n<li>Resni\u010dni, zanesljivi in strokovni vir za vape.<\/li>\r\n<li>100% Originalno jamstvo: Zavra\u010damo ponarejanje: zagotavljamo samo originalne in pristne izdelke.<\/li>\r\n<li>100% Zagotovilo za dostavo: 100%: uporabljamo najbolj\u0161i na\u010din po\u0161iljanja, da zagotovimo, da prejmete naro\u010dilo 100%.<\/li>\r\n<li>Po odpremi vam bomo posredovali \u0161tevilko za sledenje in nalepko za po\u0161iljanje ter spremljali blago, dokler ga ne podpi\u0161ete.<\/li>\r\n<li>Brez carinskih te\u017eav, brez tarif<\/li>\r\n<\/ul>","protected":false},"excerpt":{"rendered":"<p><b><span style=\"color: #00a859;\">Brezpla\u010dna po\u0161tnina<\/span>\u00a0iz evropskega skladi\u0161\u010da, 7-15 delovnih dni dobavni rok.<\/b><\/p>\r\n<div class=\"wsppc_div_block woocommerce_before_add_to_cart_form\">\r\n<p><strong>Prosto carinjenje pred dostavo &amp; 100% Jamstvo dostave<\/strong><\/p>\r\n<\/div>","protected":false},"featured_media":26772,"comment_status":"open","ping_status":"closed","template":"","meta":[],"pwb-brand":[1278],"product_cat":[938],"product_tag":[22,24,60,557,780,828],"class_list":{"0":"post-15878","1":"product","2":"type-product","3":"status-publish","4":"has-post-thumbnail","6":"pwb-brand-elf-bar","7":"product_cat-europe-warehouse","8":"product_tag-disposable","9":"product_tag-wholesale","10":"product_tag-elf-bar","11":"product_tag-23-0ml","12":"product_tag-23000-puffs","13":"product_tag-raya-d3","14":"product_shipping_class-eu-warehouse","16":"first","17":"instock","18":"featured","19":"shipping-taxable","20":"purchasable","21":"product-type-variable"},"aioseo_notices":[],"brands":[{"id":1278,"name":"Bar Elf","slug":"elfov-bar"}],"_links":{"self":[{"href":"https:\/\/www.vape4wholesale.com\/sl\/wp-json\/wp\/v2\/product\/15878","targetHints":{"allow":["GET"]}}],"collection":[{"href":"https:\/\/www.vape4wholesale.com\/sl\/wp-json\/wp\/v2\/product"}],"about":[{"href":"https:\/\/www.vape4wholesale.com\/sl\/wp-json\/wp\/v2\/types\/product"}],"replies":[{"embeddable":true,"href":"https:\/\/www.vape4wholesale.com\/sl\/wp-json\/wp\/v2\/comments?post=15878"}],"wp:featuredmedia":[{"embeddable":true,"href":"https:\/\/www.vape4wholesale.com\/sl\/wp-json\/wp\/v2\/media\/26772"}],"wp:attachment":[{"href":"https:\/\/www.vape4wholesale.com\/sl\/wp-json\/wp\/v2\/media?parent=15878"}],"wp:term":[{"taxonomy":"pwb-brand","embeddable":true,"href":"https:\/\/www.vape4wholesale.com\/sl\/wp-json\/wp\/v2\/pwb-brand?post=15878"},{"taxonomy":"product_cat","embeddable":true,"href":"https:\/\/www.vape4wholesale.com\/sl\/wp-json\/wp\/v2\/product_cat?post=15878"},{"taxonomy":"product_tag","embeddable":true,"href":"https:\/\/www.vape4wholesale.com\/sl\/wp-json\/wp\/v2\/product_tag?post=15878"}],"curies":[{"name":"wp","href":"https:\/\/api.w.org\/{rel}","templated":true}]}}