{"id":15844,"date":"2024-05-28T11:37:00","date_gmt":"2024-05-28T03:37:00","guid":{"rendered":"https:\/\/www.vape4wholesale.com\/?post_type=product&#038;p=15844"},"modified":"2026-01-26T13:40:56","modified_gmt":"2026-01-26T13:40:56","slug":"vapme-monster-16000-puffs-enkratno-vape-na-debelo","status":"publish","type":"product","link":"https:\/\/www.vape4wholesale.com\/sl\/product\/vapme-monster-16000-puffs-disposable-vape-wholesale","title":{"rendered":"Vapme Monster 16000 Puffs za enkratno uporabo Vape na debelo"},"content":{"rendered":"<p>. <strong>Vapme Monster 16000<\/strong> je vape za enkratno uporabo z zaslonom LED in vsebuje 26 ml ejuice, 850mah akumulatorsko baterijo in dvojno mre\u017easto tuljavo z uporom 1,0 ohm. podpira do 16000 puffov, kar zagotavlja dolgotrajno zadovoljstvo pri vsaki uporabi.<\/p>\n<p>Veleprodajno naro\u010dite na\u0161ih 12 oddelkov okusov Vapme Monster 16000 z najbolj\u0161o ceno in hitro dostavo.<\/p>\n<h2><strong>VAPME Monster 16000 Puffs Poudarki:<\/strong><\/h2>\n<ul>\n<li><strong>Raz\u0161irjena zmogljivost puffa<\/strong>: U\u017eivajte v do 16 000 puhih, kar je idealno za dolgotrajno uporabo.<\/li>\n<li><strong>Velikodu\u0161na zmogljivost e-teko\u010dine<\/strong>: Predhodno napolnjen s 26ml kartu\u0161o z e-teko\u010dino.<\/li>\n<li><strong>\u0160tevilne jakosti nikotina<\/strong>: Na voljo so mo\u017enosti nikotina 0\/2%\/3% in 5%, ki ustrezajo va\u0161im \u017eeljam.<\/li>\n<li><strong>Zmogljiva baterija<\/strong>: Ima 850 mAh baterijo z razponom mo\u010di 7 W za dosledno delovanje.<\/li>\n<li><strong>Nastavljiv pretok zraka<\/strong>: Prilagodite svojo izku\u0161njo vapinga s tuljavo 1.0 Mesh Coil in nastavljivim zra\u010dnim tokom.<\/li>\n<li><strong>Priro\u010dno polnjenje<\/strong>: Tip C za polnjenje za enostavno in u\u010dinkovito polnjenje.<\/li>\n<li><strong>Raznolikost okusov<\/strong>: Na voljo je 12 odli\u010dnih okusov, ki zadovoljijo vsak okus.<\/li>\n<\/ul>\n<h2><strong>Seznam okusov:<\/strong><\/h2>\n<ol>\n<li>Modra limonada Razz<\/li>\n<li>Ledena breskev<\/li>\n<li>Led iz lubenice<\/li>\n<li>Borovnica malina<\/li>\n<li>Cherry Ice<\/li>\n<li>Jagodni led<\/li>\n<li>Jagodna lubenica<\/li>\n<li>Me\u0161ano jagodi\u010devje<\/li>\n<li>jagoda kivi<\/li>\n<li>Kivi Pasijonka Guava<\/li>\n<li>Jagodni Red Bull<\/li>\n<li>Breskev Mango Ananas<\/li>\n<\/ol>\n<h2><strong>Podrobnosti o pakiranju<\/strong><\/h2>\n<ul>\n<li>1\/majhna \u0161katla<\/li>\n<li>10\/ Prikazna \u0161katla<\/li>\n<li>200\/ Master karton, 20 kg<\/li>\n<\/ul>\n<figure id=\"attachment_15849\" aria-describedby=\"caption-attachment-15849\" style=\"width: 800px\" class=\"wp-caption alignnone\"><img loading=\"lazy\" decoding=\"async\" class=\"wp-image-15849 size-full\" title=\"Vapme Monster 16000 Puffs za enkratno uporabo Vape na debelo (3)\" src=\"https:\/\/www.vape4wholesale.com\/wp-content\/uploads\/2024\/05\/Vapme-Monster-16000-Puffs-Disposable-Vape-Wholesale-3.webp\" alt=\"Vapme Monster 16000 Puffs za enkratno uporabo Vape na debelo (3)\" width=\"800\" height=\"800\" srcset=\"https:\/\/www.vape4wholesale.com\/wp-content\/uploads\/2024\/05\/Vapme-Monster-16000-Puffs-Disposable-Vape-Wholesale-3.webp 800w, https:\/\/www.vape4wholesale.com\/wp-content\/uploads\/2024\/05\/Vapme-Monster-16000-Puffs-Disposable-Vape-Wholesale-3-247x247.webp 247w, https:\/\/www.vape4wholesale.com\/wp-content\/uploads\/2024\/05\/Vapme-Monster-16000-Puffs-Disposable-Vape-Wholesale-3-100x100.webp 100w, https:\/\/www.vape4wholesale.com\/wp-content\/uploads\/2024\/05\/Vapme-Monster-16000-Puffs-Disposable-Vape-Wholesale-3-510x510.webp 510w, https:\/\/www.vape4wholesale.com\/wp-content\/uploads\/2024\/05\/Vapme-Monster-16000-Puffs-Disposable-Vape-Wholesale-3-64x64.webp 64w, https:\/\/www.vape4wholesale.com\/wp-content\/uploads\/2024\/05\/Vapme-Monster-16000-Puffs-Disposable-Vape-Wholesale-3-300x300.webp 300w, https:\/\/www.vape4wholesale.com\/wp-content\/uploads\/2024\/05\/Vapme-Monster-16000-Puffs-Disposable-Vape-Wholesale-3-150x150.webp 150w, https:\/\/www.vape4wholesale.com\/wp-content\/uploads\/2024\/05\/Vapme-Monster-16000-Puffs-Disposable-Vape-Wholesale-3-768x768.webp 768w\" sizes=\"auto, (max-width: 800px) 100vw, 800px\" \/><figcaption id=\"caption-attachment-15849\" class=\"wp-caption-text\">Vapme Monster 16000 Puffs za enkratno uporabo Vape na debelo<\/figcaption><\/figure>\n<figure id=\"attachment_15850\" aria-describedby=\"caption-attachment-15850\" style=\"width: 800px\" class=\"wp-caption alignnone\"><img loading=\"lazy\" decoding=\"async\" class=\"wp-image-15850 size-full\" title=\"Vapme Monster 16000 Puffs za enkratno uporabo Vape na debelo (4)\" src=\"https:\/\/www.vape4wholesale.com\/wp-content\/uploads\/2024\/05\/Vapme-Monster-16000-Puffs-Disposable-Vape-Wholesale-4.webp\" alt=\"Vapme Monster 16000 Puffs za enkratno uporabo Vape na debelo (4)\" width=\"800\" height=\"800\" srcset=\"https:\/\/www.vape4wholesale.com\/wp-content\/uploads\/2024\/05\/Vapme-Monster-16000-Puffs-Disposable-Vape-Wholesale-4.webp 800w, https:\/\/www.vape4wholesale.com\/wp-content\/uploads\/2024\/05\/Vapme-Monster-16000-Puffs-Disposable-Vape-Wholesale-4-247x247.webp 247w, https:\/\/www.vape4wholesale.com\/wp-content\/uploads\/2024\/05\/Vapme-Monster-16000-Puffs-Disposable-Vape-Wholesale-4-100x100.webp 100w, https:\/\/www.vape4wholesale.com\/wp-content\/uploads\/2024\/05\/Vapme-Monster-16000-Puffs-Disposable-Vape-Wholesale-4-510x510.webp 510w, https:\/\/www.vape4wholesale.com\/wp-content\/uploads\/2024\/05\/Vapme-Monster-16000-Puffs-Disposable-Vape-Wholesale-4-64x64.webp 64w, https:\/\/www.vape4wholesale.com\/wp-content\/uploads\/2024\/05\/Vapme-Monster-16000-Puffs-Disposable-Vape-Wholesale-4-300x300.webp 300w, https:\/\/www.vape4wholesale.com\/wp-content\/uploads\/2024\/05\/Vapme-Monster-16000-Puffs-Disposable-Vape-Wholesale-4-150x150.webp 150w, https:\/\/www.vape4wholesale.com\/wp-content\/uploads\/2024\/05\/Vapme-Monster-16000-Puffs-Disposable-Vape-Wholesale-4-768x768.webp 768w\" sizes=\"auto, (max-width: 800px) 100vw, 800px\" \/><figcaption id=\"caption-attachment-15850\" class=\"wp-caption-text\">Pakiranje Vapme Monster 16000 Puffs Vape za enkratno uporabo na debelo<\/figcaption><\/figure>\n<h2>ZAKAJ MI?<\/h2>\r\n<ul>\r\n<li>Resni\u010dni, zanesljivi in strokovni vir za vape.<\/li>\r\n<li>100% Originalno jamstvo: Zavra\u010damo ponarejanje: zagotavljamo samo originalne in pristne izdelke.<\/li>\r\n<li>100% Zagotovilo za dostavo: 100%: uporabljamo najbolj\u0161i na\u010din po\u0161iljanja, da zagotovimo, da prejmete naro\u010dilo 100%.<\/li>\r\n<li>Po odpremi vam bomo posredovali \u0161tevilko za sledenje in nalepko za po\u0161iljanje ter spremljali blago, dokler ga ne podpi\u0161ete.<\/li>\r\n<li>Brez carinskih te\u017eav, brez tarif<\/li>\r\n<\/ul>","protected":false},"excerpt":{"rendered":"<div class=\"wsppc_div_block woocommerce_before_add_to_cart_form\">\r\n<p><strong><span style=\"color: #00a859;\">Opraviti carinsko po\u0161to<\/span> pred dostavo &amp; 100% Garancija dostave, Dostava v pribli\u017eno 19\u201325 dneh.\u00a0<\/strong><\/p>\r\n<\/div>","protected":false},"featured_media":15849,"comment_status":"open","ping_status":"closed","template":"","meta":[],"pwb-brand":[1290],"product_cat":[872],"product_tag":[22,24,696,822,823],"class_list":{"0":"post-15844","1":"product","2":"type-product","3":"status-publish","4":"has-post-thumbnail","6":"pwb-brand-vapme","7":"product_cat-15k-20k-puffs","8":"product_tag-disposable","9":"product_tag-wholesale","10":"product_tag-vapme","11":"product_tag-16000-puffs","12":"product_tag-26-0ml","13":"wcpa_has_options","15":"first","16":"outofstock","17":"shipping-taxable","18":"purchasable","19":"product-type-variable"},"aioseo_notices":[],"brands":[{"id":1290,"name":"Vapme","slug":"vapme"}],"_links":{"self":[{"href":"https:\/\/www.vape4wholesale.com\/sl\/wp-json\/wp\/v2\/product\/15844","targetHints":{"allow":["GET"]}}],"collection":[{"href":"https:\/\/www.vape4wholesale.com\/sl\/wp-json\/wp\/v2\/product"}],"about":[{"href":"https:\/\/www.vape4wholesale.com\/sl\/wp-json\/wp\/v2\/types\/product"}],"replies":[{"embeddable":true,"href":"https:\/\/www.vape4wholesale.com\/sl\/wp-json\/wp\/v2\/comments?post=15844"}],"wp:featuredmedia":[{"embeddable":true,"href":"https:\/\/www.vape4wholesale.com\/sl\/wp-json\/wp\/v2\/media\/15849"}],"wp:attachment":[{"href":"https:\/\/www.vape4wholesale.com\/sl\/wp-json\/wp\/v2\/media?parent=15844"}],"wp:term":[{"taxonomy":"pwb-brand","embeddable":true,"href":"https:\/\/www.vape4wholesale.com\/sl\/wp-json\/wp\/v2\/pwb-brand?post=15844"},{"taxonomy":"product_cat","embeddable":true,"href":"https:\/\/www.vape4wholesale.com\/sl\/wp-json\/wp\/v2\/product_cat?post=15844"},{"taxonomy":"product_tag","embeddable":true,"href":"https:\/\/www.vape4wholesale.com\/sl\/wp-json\/wp\/v2\/product_tag?post=15844"}],"curies":[{"name":"wp","href":"https:\/\/api.w.org\/{rel}","templated":true}]}}