{"id":15767,"date":"2024-05-20T09:26:22","date_gmt":"2024-05-20T01:26:22","guid":{"rendered":"https:\/\/www.vape4wholesale.com\/?post_type=product&#038;p=15767"},"modified":"2026-01-26T13:41:01","modified_gmt":"2026-01-26T13:41:01","slug":"rabbeats-rc10000-za-enkratno-uporabo-vape-na-debelo","status":"publish","type":"product","link":"https:\/\/www.vape4wholesale.com\/sl\/product\/rabbeats-rc10000-disposable-vape-wholesale","title":{"rendered":"RabBeats RC10000 Vape za enkratno uporabo na debelo"},"content":{"rendered":"<p>.\u00a0<b>RabBeats RC10000 Vape za enkratno uporabo <\/b>opremljen z robustno baterijo 620 mAh, kapaciteto 18 ml in bistvenimi funkcijami, kot sta indikator trajanja baterije in indikator e-teko\u010dine. Ta vape za enkratno uporabo se pona\u0161a z izjemno \u017eivljenjsko dobo, saj ponuja do 10.000 vdihov za dalj\u0161o izku\u0161njo vapljanja.<\/p>\n<p>RabBeats RC10000 Vape za enkratno uporabo je mojstrovina na podro\u010dju vapinga, ustvarjena za tiste, ki si \u017eelijo neprimerljivega okusa in trajne zmogljivosti. Z obljubo do 10.000 vdihov ta naprava ni le orodje za vaping, temve\u010d potovanje skozi bogato tapiserijo okusov, ki je zasnovana tako, da zadovolji tudi najzahtevnej\u0161e okuse.<\/p>\n<p>&nbsp;<\/p>\n<h3><strong>RabBeats RC10000 Vape za enkratno uporabo Zna\u010dilnosti<\/strong><\/h3>\n<ol>\n<li>Velika zmogljivost: Z 18 ml rezervoarja za e-teko\u010dino lahko u\u017eivate v do 10.000 vdihih.<\/li>\n<li>Zmogljiva baterija: 620 mAh baterija za polnjenje USB-C zagotavlja trajno delovanje.<\/li>\n<li>Elegantno oblikovanje: Za udobje je prevle\u010dena z gumo in ima elegantno sijo\u010do sprednjo plo\u0161\u010do.<\/li>\n<li>Napredni zaslon: LCD-zaslon za spremljanje ravni baterije in e-teko\u010dine v realnem \u010dasu.<\/li>\n<li>Inovativna tehnologija tuljave: Za gladke in aromati\u010dne vdihe: mre\u017easta tuljava s tehnologijo proti izgorevanju.<\/li>\n<\/ol>\n<h2>Hitri izvidi<\/h2>\n<ul>\n<li>18ml vnaprej napolnjenega E-teko\u010dina<\/li>\n<li>5% (50 mg) Mo\u010d nikotina<\/li>\n<li>Baterija za polnjenje 620 mAh<\/li>\n<li>USB Type-C (kabel ni vklju\u010den)<\/li>\n<li>Pribli\u017eno 10.000 puffov<\/li>\n<li>Mre\u017easta tuljava<\/li>\n<li>Aktivacija z risanjem<\/li>\n<li>MTL Vaping<\/li>\n<li>Prikaz baterije in e-teko\u010dine<\/li>\n<li>Napredna tehnologija mre\u017easte tuljave<\/li>\n<li>Za\u0161\u010dita proti suhemu o\u017eigu<\/li>\n<\/ul>\n<p class=\"second-title\">Okusi<\/p>\n<ul>\n<li><b>Straberry Ice<\/b>: Me\u0161ani okus kisle jagode in pridiha mete<\/li>\n<li><b>breskev mango<\/b>: Tropski raj strastnega manga in so\u010dne breskve<\/li>\n<li><b>Grozdni led<\/b>: Duet trpkega grozdja in hladne mete<\/li>\n<li><b>Grozdje in \u010de\u0161nja<\/b>: Po trku sladke \u010de\u0161nje in kislega grozdja<\/li>\n<li><b>Fuji Ice<\/b>: Hladen kot sneg na gori Fuji in nikakor ni slab\u0161i od va\u0161e mete.<\/li>\n<li><b>Noro jagodi\u010devje Cherry<\/b>: U\u017eivajte v eksploziji sladkih jagod in pikantnih \u010de\u0161enj na va\u0161ih brbon\u010dicah.<\/li>\n<li><b>Borovni\u010deva meta<\/b>: Klasi\u010den okus sadne mete, ki je kisel, sladek in leden.<\/li>\n<li><b>Blueberry Cloudz<\/b>: Za lovce na oblake, ki u\u017eivajo tudi v sladkih, cvetli\u010dnih borovnicah.<\/li>\n<li><b>Blue Razz Ice<\/b>: Pripravite se na eksplozijo modre maline<\/li>\n<li><b>Jagodni kivi led<\/b>: Popolna kombinacija slastnih jagod in kivija s tretjo meto.<\/li>\n<li><b>Menjalnica Miami<\/b>: Sve\u017ea me\u0161anica citrusov z osve\u017eilno meto<\/li>\n<li><b>Ananas jagoda banana<\/b>: \u010cudovita me\u0161anica trpkega ananasa, so\u010dne jagode in zrele banane.<\/li>\n<li><b>Lemon Lime<\/b>: U\u017eivajte v pikantnem in po\u017eivljajo\u010dem prazniku limone in limete.<\/li>\n<li><b>Blackberry Brusnica<\/b>: Prijetna izku\u0161nja vapinga z okusno robidnico in slastno brusnico<\/li>\n<\/ul>\n<figure id=\"attachment_15795\" aria-describedby=\"caption-attachment-15795\" style=\"width: 800px\" class=\"wp-caption aligncenter\"><img loading=\"lazy\" decoding=\"async\" class=\"size-full wp-image-15795\" title=\"RabBeats RC10000 Vape za enkratno uporabo na debelo Blueberry Mint\" src=\"https:\/\/www.vape4wholesale.com\/wp-content\/uploads\/2024\/05\/RabBeats-RC10000-Disposable-Vape-Wholesale_Blueberry-Mint.jpg\" alt=\"RabBeats RC10000 Vape za enkratno uporabo na debelo Blueberry Mint\" width=\"800\" height=\"800\" srcset=\"https:\/\/www.vape4wholesale.com\/wp-content\/uploads\/2024\/05\/RabBeats-RC10000-Disposable-Vape-Wholesale_Blueberry-Mint.jpg 800w, https:\/\/www.vape4wholesale.com\/wp-content\/uploads\/2024\/05\/RabBeats-RC10000-Disposable-Vape-Wholesale_Blueberry-Mint-247x247.jpg 247w, https:\/\/www.vape4wholesale.com\/wp-content\/uploads\/2024\/05\/RabBeats-RC10000-Disposable-Vape-Wholesale_Blueberry-Mint-100x100.jpg 100w, https:\/\/www.vape4wholesale.com\/wp-content\/uploads\/2024\/05\/RabBeats-RC10000-Disposable-Vape-Wholesale_Blueberry-Mint-510x510.jpg 510w, https:\/\/www.vape4wholesale.com\/wp-content\/uploads\/2024\/05\/RabBeats-RC10000-Disposable-Vape-Wholesale_Blueberry-Mint-64x64.jpg 64w, https:\/\/www.vape4wholesale.com\/wp-content\/uploads\/2024\/05\/RabBeats-RC10000-Disposable-Vape-Wholesale_Blueberry-Mint-300x300.jpg 300w, https:\/\/www.vape4wholesale.com\/wp-content\/uploads\/2024\/05\/RabBeats-RC10000-Disposable-Vape-Wholesale_Blueberry-Mint-150x150.jpg 150w, https:\/\/www.vape4wholesale.com\/wp-content\/uploads\/2024\/05\/RabBeats-RC10000-Disposable-Vape-Wholesale_Blueberry-Mint-768x768.jpg 768w\" sizes=\"auto, (max-width: 800px) 100vw, 800px\" \/><figcaption id=\"caption-attachment-15795\" class=\"wp-caption-text\">RabBeats RC10000 Vape za enkratno uporabo na debelo<\/figcaption><\/figure>\n<figure id=\"attachment_15805\" aria-describedby=\"caption-attachment-15805\" style=\"width: 1200px\" class=\"wp-caption aligncenter\"><img loading=\"lazy\" decoding=\"async\" class=\"wp-image-15805 size-full\" title=\"RabBeats RC10000 za enkratno uporabo Vape na debelo Pregled\" src=\"https:\/\/www.vape4wholesale.com\/wp-content\/uploads\/2024\/05\/RabBeats-RC10000-Disposable-Vape-Wholesale-Overview.jpg\" alt=\"RabBeats RC10000 za enkratno uporabo Vape na debelo Pregled\" width=\"1200\" height=\"1767\" srcset=\"https:\/\/www.vape4wholesale.com\/wp-content\/uploads\/2024\/05\/RabBeats-RC10000-Disposable-Vape-Wholesale-Overview.jpg 1200w, https:\/\/www.vape4wholesale.com\/wp-content\/uploads\/2024\/05\/RabBeats-RC10000-Disposable-Vape-Wholesale-Overview-510x751.jpg 510w, https:\/\/www.vape4wholesale.com\/wp-content\/uploads\/2024\/05\/RabBeats-RC10000-Disposable-Vape-Wholesale-Overview-64x94.jpg 64w, https:\/\/www.vape4wholesale.com\/wp-content\/uploads\/2024\/05\/RabBeats-RC10000-Disposable-Vape-Wholesale-Overview-204x300.jpg 204w, https:\/\/www.vape4wholesale.com\/wp-content\/uploads\/2024\/05\/RabBeats-RC10000-Disposable-Vape-Wholesale-Overview-695x1024.jpg 695w, https:\/\/www.vape4wholesale.com\/wp-content\/uploads\/2024\/05\/RabBeats-RC10000-Disposable-Vape-Wholesale-Overview-768x1131.jpg 768w, https:\/\/www.vape4wholesale.com\/wp-content\/uploads\/2024\/05\/RabBeats-RC10000-Disposable-Vape-Wholesale-Overview-1043x1536.jpg 1043w\" sizes=\"auto, (max-width: 1200px) 100vw, 1200px\" \/><figcaption id=\"caption-attachment-15805\" class=\"wp-caption-text\">RabBeats RC10000 Vape za enkratno uporabo na debelo<\/figcaption><\/figure>\n<h2>ZAKAJ MI?<\/h2>\r\n<ul>\r\n<li>Resni\u010dni, zanesljivi in strokovni vir za vape.<\/li>\r\n<li>100% Originalno jamstvo: Zavra\u010damo ponarejanje: zagotavljamo samo originalne in pristne izdelke.<\/li>\r\n<li>100% Zagotovilo za dostavo: 100%: uporabljamo najbolj\u0161i na\u010din po\u0161iljanja, da zagotovimo, da prejmete naro\u010dilo 100%.<\/li>\r\n<li>Po odpremi vam bomo posredovali \u0161tevilko za sledenje in nalepko za po\u0161iljanje ter spremljali blago, dokler ga ne podpi\u0161ete.<\/li>\r\n<li>Brez carinskih te\u017eav, brez tarif<\/li>\r\n<\/ul>","protected":false},"excerpt":{"rendered":"<div class=\"wsppc_div_block woocommerce_before_add_to_cart_form\">\r\n<p><strong><span style=\"color: #00a859;\">Opraviti carinsko po\u0161to<\/span> pred dostavo &amp; 100% Garancija dostave, Dostava v pribli\u017eno 19\u201325 dneh.\u00a0<\/strong><\/p>\r\n<\/div>\n<p><strong>Zaradi pogostih sprememb zaloge izdelkov, minimalne koli\u010dine naro\u010dila in cene se pred oddajo naro\u010dila obrnite na nas.<\/strong><\/p>","protected":false},"featured_media":15788,"comment_status":"open","ping_status":"closed","template":"","meta":[],"pwb-brand":[1289],"product_cat":[871],"product_tag":[22,24,60,244,324,808],"class_list":{"0":"post-15767","1":"product","2":"type-product","3":"status-publish","4":"has-post-thumbnail","6":"pwb-brand-others","7":"product_cat-10-15k-puffs","8":"product_tag-disposable","9":"product_tag-wholesale","10":"product_tag-elf-bar","11":"product_tag-18-0ml","12":"product_tag-10000-puffs","13":"product_tag-rabbeats","15":"first","16":"instock","17":"shipping-taxable","18":"purchasable","19":"product-type-variable"},"aioseo_notices":[],"brands":[{"id":1289,"name":"Drugo","slug":"drugi"}],"_links":{"self":[{"href":"https:\/\/www.vape4wholesale.com\/sl\/wp-json\/wp\/v2\/product\/15767","targetHints":{"allow":["GET"]}}],"collection":[{"href":"https:\/\/www.vape4wholesale.com\/sl\/wp-json\/wp\/v2\/product"}],"about":[{"href":"https:\/\/www.vape4wholesale.com\/sl\/wp-json\/wp\/v2\/types\/product"}],"replies":[{"embeddable":true,"href":"https:\/\/www.vape4wholesale.com\/sl\/wp-json\/wp\/v2\/comments?post=15767"}],"wp:featuredmedia":[{"embeddable":true,"href":"https:\/\/www.vape4wholesale.com\/sl\/wp-json\/wp\/v2\/media\/15788"}],"wp:attachment":[{"href":"https:\/\/www.vape4wholesale.com\/sl\/wp-json\/wp\/v2\/media?parent=15767"}],"wp:term":[{"taxonomy":"pwb-brand","embeddable":true,"href":"https:\/\/www.vape4wholesale.com\/sl\/wp-json\/wp\/v2\/pwb-brand?post=15767"},{"taxonomy":"product_cat","embeddable":true,"href":"https:\/\/www.vape4wholesale.com\/sl\/wp-json\/wp\/v2\/product_cat?post=15767"},{"taxonomy":"product_tag","embeddable":true,"href":"https:\/\/www.vape4wholesale.com\/sl\/wp-json\/wp\/v2\/product_tag?post=15767"}],"curies":[{"name":"wp","href":"https:\/\/api.w.org\/{rel}","templated":true}]}}