{"id":15742,"date":"2024-05-19T21:10:00","date_gmt":"2024-05-19T13:10:00","guid":{"rendered":"https:\/\/www.vape4wholesale.com\/?post_type=product&#038;p=15742"},"modified":"2026-01-26T13:41:03","modified_gmt":"2026-01-26T13:41:03","slug":"elf-bar-fs18000-za-enkratno-uporabo-vape-na-debelo","status":"publish","type":"product","link":"https:\/\/www.vape4wholesale.com\/sl\/product\/elf-bar-fs18000-disposable-vape-wholesale","title":{"rendered":"Elf Bar FS18000 Vape za enkratno uporabo na debelo"},"content":{"rendered":"<p>Spletna stran <b>Elf Bar FS18000 za enkratno uporabo <\/b>z inovativnimi nastavljivimi na\u010dini, sistemom dvojne mre\u017easte tuljave in \u017eivahnim uporabni\u0161kim vmesnikom z ravnim zaslonom uvaja novo dobo vapinga. Izkusite vaping kot \u0161e nikoli prej z do 18.000 vdihi in izbiro med 30 mamljivimi okusi.<\/p>\n<p>Ponuja najnovej\u0161e funkcije, kot so nastavljivi na\u010dini uparjanja in zaslon z najsodobnej\u0161o tehnologijo. V rezervoar za e-suk FS18000 lahko shranite veliko koli\u010dino e-teko\u010dine za dolgotrajno vapiranje. Dvojne mre\u017easte tuljave so klju\u010d do neprekinjene mo\u010di za dva razli\u010dna na\u010dina uparjanja. Na\u010din Boost izbolj\u0161a proizvodnjo okusa in zmogljivost FS18000. Na drugi strani pa je na\u010din Smooth namenjen ve\u010djemu \u0161tevilu puhov ter gladkim in zadovoljivim puhom.<\/p>\n<p>Elf Bar FS18000 ni le naprava za vapiranje, temve\u010d je mojstrovina in\u017eeniringa, ki je ustvarjena tako, da presega pri\u010dakovanja. Ta naprava se pona\u0161a z impresivnim \u0161tevilom izpuhov 18000 in zagotavlja dolgotrajno u\u017eivanje brez te\u017eav s pogostim polnjenjem ali polnjenjem. Ne glede na to, ali ste izku\u0161eni vaper ali novinec v svetu vapinga, je naprava ELFBAR FS18000 zasnovana tako, da ustreza va\u0161im potrebam in \u017eeljam.<\/p>\n<h2 class=\"second-title\"><strong>Elf Bar FS18000 Vape za enkratno uporabo Zna\u010dilnosti:<\/strong><\/h2>\n<ul>\n<li>Vgrajena baterija za polnjenje<\/li>\n<li>\u0160tevilo puffov: Pribli\u017eno 18000 (gladek na\u010din)\/10000 Puffs (na\u010din Boost)<\/li>\n<li>vnaprej napolnjen E-suk<\/li>\n<li>Razli\u010dni na\u010dini uparjanja: Na\u010din gladkega\/spodbudnega vapljanja: gladek\/spodbuden na\u010din.<\/li>\n<li>Ploski zaslon z barvitim uporabni\u0161kim vmesnikom<\/li>\n<li>Dvojna mre\u017ena tuljava<\/li>\n<li>5% (50 mg) Mo\u010d nikotina<\/li>\n<li>Polnjenje prek USB tipa C (ni vklju\u010deno)<\/li>\n<li>Aktivacija z risanjem<\/li>\n<li>MTL Vaping<\/li>\n<\/ul>\n<h2><strong>Zakaj je odli\u010den?<\/strong><\/h2>\n<ol>\n<li><strong>Dvojni na\u010dini uparjanja:<\/strong>\u00a0Izbirate lahko med na\u010dinom Boost za intenziven okus ali na\u010dinom Smooth za ve\u010dje \u0161tevilo izpuhov.<\/li>\n<li><strong>Najsodobnej\u0161a dvojna mre\u017ena tuljava:<\/strong>\u00a0Z vsakim vdihom do\u017eivite enakomerno in bogato paro.<\/li>\n<li><strong>Uporabniku prijazen ploski zaslon:<\/strong>\u00a0Z intuitivnim in barvitim uporabni\u0161kim vmesnikom lahko krmarite po nastavitvah in nastavitvah.<\/li>\n<li><strong>Kazalniki v realnem \u010dasu:<\/strong>\u00a0Ostanite obve\u0161\u010deni z jasnimi prikazovalniki stanja baterije in e-teko\u010dine.<\/li>\n<li><strong>Raz\u0161irjena raznolikost okusov:<\/strong>\u00a0U\u017eivajte v spektru 30 razli\u010dnih okusov, ki so prilagojeni vsakemu okusu.<\/li>\n<\/ol>\n<h2><strong>Okusi:<\/strong><\/h2>\n<ol>\n<li>Brusnice<\/li>\n<li>lubenica Lemon<\/li>\n<li>Led iz lubenice<\/li>\n<li>lubenica Bubble Gum<\/li>\n<li>jagoda grozdje<\/li>\n<li>Granatno jabolko Kokos<\/li>\n<li>Ledena breskev<\/li>\n<li>Peach Berry<\/li>\n<li>Oran\u017ena lubenica<\/li>\n<li>Citronska meta<\/li>\n<li>Kivi ananasov led<\/li>\n<li>Grozdje malina<\/li>\n<li>Grozdni led<\/li>\n<li>Grozdje in \u010de\u0161nja<\/li>\n<li>Dvojno jabolko<\/li>\n<li>Limonada iz \u010de\u0161enj in breskev<\/li>\n<li>Blueberry Razz Lemon<\/li>\n<li>Borovnica malina<\/li>\n<li>Borovni\u010dev led<\/li>\n<li>Blackberry Brusnica<\/li>\n<\/ol>\n<figure id=\"attachment_15766\" aria-describedby=\"caption-attachment-15766\" style=\"width: 606px\" class=\"wp-caption alignnone\"><img loading=\"lazy\" decoding=\"async\" class=\"size-full wp-image-15766\" title=\"Elf Bar FS18000 Vape za enkratno uporabo na debelo (2)\" src=\"https:\/\/www.vape4wholesale.com\/wp-content\/uploads\/2024\/05\/Elf-Bar-FS18000-Disposable-Vape-Wholesale-2.jpg\" alt=\"Elf Bar FS18000 Vape za enkratno uporabo na debelo (2)\" width=\"606\" height=\"810\" srcset=\"https:\/\/www.vape4wholesale.com\/wp-content\/uploads\/2024\/05\/Elf-Bar-FS18000-Disposable-Vape-Wholesale-2.jpg 606w, https:\/\/www.vape4wholesale.com\/wp-content\/uploads\/2024\/05\/Elf-Bar-FS18000-Disposable-Vape-Wholesale-2-510x682.jpg 510w, https:\/\/www.vape4wholesale.com\/wp-content\/uploads\/2024\/05\/Elf-Bar-FS18000-Disposable-Vape-Wholesale-2-64x86.jpg 64w, https:\/\/www.vape4wholesale.com\/wp-content\/uploads\/2024\/05\/Elf-Bar-FS18000-Disposable-Vape-Wholesale-2-224x300.jpg 224w\" sizes=\"auto, (max-width: 606px) 100vw, 606px\" \/><figcaption id=\"caption-attachment-15766\" class=\"wp-caption-text\">Elf Bar FS18000 Vape za enkratno uporabo na debelo<\/figcaption><\/figure>\n<h2>ZAKAJ MI?<\/h2>\r\n<ul>\r\n<li>Resni\u010dni, zanesljivi in strokovni vir za vape.<\/li>\r\n<li>100% Originalno jamstvo: Zavra\u010damo ponarejanje: zagotavljamo samo originalne in pristne izdelke.<\/li>\r\n<li>100% Zagotovilo za dostavo: 100%: uporabljamo najbolj\u0161i na\u010din po\u0161iljanja, da zagotovimo, da prejmete naro\u010dilo 100%.<\/li>\r\n<li>Po odpremi vam bomo posredovali \u0161tevilko za sledenje in nalepko za po\u0161iljanje ter spremljali blago, dokler ga ne podpi\u0161ete.<\/li>\r\n<li>Brez carinskih te\u017eav, brez tarif<\/li>\r\n<\/ul>","protected":false},"excerpt":{"rendered":"<div class=\"wsppc_div_block woocommerce_before_add_to_cart_form\">\r\n<p><strong><span style=\"color: #00a859;\">Opraviti carinsko po\u0161to<\/span> pred dostavo &amp; 100% Garancija dostave, Dostava v pribli\u017eno 19\u201325 dneh.\u00a0<\/strong><\/p>\r\n<\/div>\n<p><strong>Zaradi pogostih sprememb zaloge izdelkov, minimalne koli\u010dine naro\u010dila in cene se pred oddajo naro\u010dila obrnite na nas.<\/strong><\/p>","protected":false},"featured_media":15766,"comment_status":"open","ping_status":"closed","template":"","meta":[],"pwb-brand":[1278],"product_cat":[872],"product_tag":[22,24,60,557,719],"class_list":{"0":"post-15742","1":"product","2":"type-product","3":"status-publish","4":"has-post-thumbnail","6":"pwb-brand-elf-bar","7":"product_cat-15k-20k-puffs","8":"product_tag-disposable","9":"product_tag-wholesale","10":"product_tag-elf-bar","11":"product_tag-23-0ml","12":"product_tag-18000-puffs","14":"first","15":"instock","16":"shipping-taxable","17":"purchasable","18":"product-type-variable"},"aioseo_notices":[],"brands":[{"id":1278,"name":"Bar Elf","slug":"elfov-bar"}],"_links":{"self":[{"href":"https:\/\/www.vape4wholesale.com\/sl\/wp-json\/wp\/v2\/product\/15742","targetHints":{"allow":["GET"]}}],"collection":[{"href":"https:\/\/www.vape4wholesale.com\/sl\/wp-json\/wp\/v2\/product"}],"about":[{"href":"https:\/\/www.vape4wholesale.com\/sl\/wp-json\/wp\/v2\/types\/product"}],"replies":[{"embeddable":true,"href":"https:\/\/www.vape4wholesale.com\/sl\/wp-json\/wp\/v2\/comments?post=15742"}],"wp:featuredmedia":[{"embeddable":true,"href":"https:\/\/www.vape4wholesale.com\/sl\/wp-json\/wp\/v2\/media\/15766"}],"wp:attachment":[{"href":"https:\/\/www.vape4wholesale.com\/sl\/wp-json\/wp\/v2\/media?parent=15742"}],"wp:term":[{"taxonomy":"pwb-brand","embeddable":true,"href":"https:\/\/www.vape4wholesale.com\/sl\/wp-json\/wp\/v2\/pwb-brand?post=15742"},{"taxonomy":"product_cat","embeddable":true,"href":"https:\/\/www.vape4wholesale.com\/sl\/wp-json\/wp\/v2\/product_cat?post=15742"},{"taxonomy":"product_tag","embeddable":true,"href":"https:\/\/www.vape4wholesale.com\/sl\/wp-json\/wp\/v2\/product_tag?post=15742"}],"curies":[{"name":"wp","href":"https:\/\/api.w.org\/{rel}","templated":true}]}}