{"id":15703,"date":"2024-05-14T16:21:00","date_gmt":"2024-05-14T08:21:00","guid":{"rendered":"https:\/\/www.vape4wholesale.com\/?post_type=product&#038;p=15703"},"modified":"2026-01-27T15:01:31","modified_gmt":"2026-01-27T15:01:31","slug":"lavie-kocka-20000-puffs-enkratno-vape-debelo","status":"publish","type":"product","link":"https:\/\/www.vape4wholesale.com\/sl\/product\/lavie-cube-20000-puffs-disposable-vape-wholesale","title":{"rendered":"Lavie Cube 20000 Puffs za enkratno uporabo Vape na debelo"},"content":{"rendered":"<p>Lavie Cube 20000 je naprava za vape za enkratno uporabo z akumulatorsko baterijo in prikazovalnikom ravni ejuice. Ta vape odlikujejo zmogljivo delovanje in bogate funkcije, ki vam ponujajo povsem novo izku\u0161njo vapinga.<\/p>\n<p>LAVIE Cube 20000 Puffs Vape za enkratno uporabo je opremljen z visoko zmogljivo 600 mAh baterijo, ki zagotavlja dolgotrajno delovanje baterije in vam omogo\u010da, da se prepustite u\u017eitkom vapinga brez pogostega polnjenja. Medtem pa 28 ml prostornina rezervoarja za olje zagotavlja dalj\u0161e seanse vapinga in vam omogo\u010da, da u\u017eivate v polnosti.<\/p>\n<p>LAVIE Cube 20000 ponuja razli\u010dne mo\u017enosti vsebnosti nikotina 0%\/2%\/5%, kar ustreza potrebam vseh vrst kadilcev. Enako impresivna je tudi raznolika izbira okusov, ki vklju\u010duje 16 klasi\u010dnih in osve\u017eilnih okusov, od tradicionalnega tobaka do sadnih me\u0161anic, kar zagotavlja, da bo vsakdo na\u0161el nekaj zase.<\/p>\n<h2><strong>Lavie Cube 20000 Vape za enkratno uporabo Specifikacije:<\/strong><\/h2>\n<p>Blagovna znamka: LAVIE<\/p>\n<p>Puffs: 20000 Puffs so na voljo na napravo<\/p>\n<p>Nikotin: 2%\/5%<\/p>\n<p>Kapaciteta e-su\u0161ice: 28ML<\/p>\n<p>Odpornost: 1.0\u03a9<\/p>\n<p>Baterija: 600 mAh<\/p>\n<p>Polnilni priklju\u010dek: tip C<\/p>\n<p>&nbsp;<\/p>\n<h2><strong>Okusi<\/strong><\/h2>\n<ol>\n<li>Jagodni kivi led<\/li>\n<li>Aloe Vera Grape Ice<\/li>\n<li>Jagodna lubenica<\/li>\n<li>Blackberry Pome Cherry Ice<\/li>\n<li>Grozdni led<\/li>\n<li>Mint Ice<\/li>\n<li>Bacco<\/li>\n<li>Mango po\u0161ast<\/li>\n<li>Borovnica malina grozdni led<\/li>\n<li>Pasijonka Kivi Guava<\/li>\n<li>Dvojno jabolko<\/li>\n<li>Lemon Cola<\/li>\n<li>Jagodni li\u010di led<\/li>\n<li>Led iz lubenice<\/li>\n<li>Borovnica malina Bubblegum<\/li>\n<li>Taro sladoled<\/li>\n<\/ol>\n<p>&nbsp;<\/p>\n<h2><strong>Pakiranje in te\u017ea<\/strong><\/h2>\n<p>0.09KG\/PCS, enojni z majhnim paketom, 10 kosov v srednji \u0161katli.<\/p>\n<p>200 kosov v glavni \u0161katli, 18 kg.<\/p>\n<figure id=\"attachment_15704\" aria-describedby=\"caption-attachment-15704\" style=\"width: 1000px\" class=\"wp-caption alignnone\"><img loading=\"lazy\" decoding=\"async\" class=\"wp-image-15704 size-full\" title=\"LAVIE Cube 20000 Puffs za enkratno uporabo Vape na debelo Aloe Vera Grape Ice Flavors\" src=\"https:\/\/www.vape4wholesale.com\/wp-content\/uploads\/2024\/05\/LAVIE-Cube-20000-Puffs-Disposable-Vape-Wholesale-Aloe-Vera-Grape-Ice-Flavors.jpg\" alt=\"LAVIE Cube 20000 Puffs za enkratno uporabo Vape na debelo Aloe Vera Grape Ice Flavors\" width=\"1000\" height=\"666\" srcset=\"https:\/\/www.vape4wholesale.com\/wp-content\/uploads\/2024\/05\/LAVIE-Cube-20000-Puffs-Disposable-Vape-Wholesale-Aloe-Vera-Grape-Ice-Flavors.jpg 1000w, https:\/\/www.vape4wholesale.com\/wp-content\/uploads\/2024\/05\/LAVIE-Cube-20000-Puffs-Disposable-Vape-Wholesale-Aloe-Vera-Grape-Ice-Flavors-510x340.jpg 510w, https:\/\/www.vape4wholesale.com\/wp-content\/uploads\/2024\/05\/LAVIE-Cube-20000-Puffs-Disposable-Vape-Wholesale-Aloe-Vera-Grape-Ice-Flavors-64x43.jpg 64w, https:\/\/www.vape4wholesale.com\/wp-content\/uploads\/2024\/05\/LAVIE-Cube-20000-Puffs-Disposable-Vape-Wholesale-Aloe-Vera-Grape-Ice-Flavors-300x200.jpg 300w, https:\/\/www.vape4wholesale.com\/wp-content\/uploads\/2024\/05\/LAVIE-Cube-20000-Puffs-Disposable-Vape-Wholesale-Aloe-Vera-Grape-Ice-Flavors-768x511.jpg 768w\" sizes=\"auto, (max-width: 1000px) 100vw, 1000px\" \/><figcaption id=\"caption-attachment-15704\" class=\"wp-caption-text\">LAVIE Cube 20000 Puffs Vape za enkratno uporabo na debelo<\/figcaption><\/figure>\n<p><img loading=\"lazy\" decoding=\"async\" class=\"alignnone size-full wp-image-15705\" title=\"LAVIE Cube 20000 Puffs za enkratno uporabo Vape na debelo Vsi okusi\" src=\"https:\/\/www.vape4wholesale.com\/wp-content\/uploads\/2024\/05\/LAVIE-Cube-20000-Puffs-Disposable-Vape-Wholesale-All-Flavors.jpg\" alt=\"LAVIE Cube 20000 Puffs za enkratno uporabo Vape na debelo Vsi okusi\" width=\"1000\" height=\"707\" srcset=\"https:\/\/www.vape4wholesale.com\/wp-content\/uploads\/2024\/05\/LAVIE-Cube-20000-Puffs-Disposable-Vape-Wholesale-All-Flavors.jpg 1000w, https:\/\/www.vape4wholesale.com\/wp-content\/uploads\/2024\/05\/LAVIE-Cube-20000-Puffs-Disposable-Vape-Wholesale-All-Flavors-510x361.jpg 510w, https:\/\/www.vape4wholesale.com\/wp-content\/uploads\/2024\/05\/LAVIE-Cube-20000-Puffs-Disposable-Vape-Wholesale-All-Flavors-64x45.jpg 64w, https:\/\/www.vape4wholesale.com\/wp-content\/uploads\/2024\/05\/LAVIE-Cube-20000-Puffs-Disposable-Vape-Wholesale-All-Flavors-300x212.jpg 300w, https:\/\/www.vape4wholesale.com\/wp-content\/uploads\/2024\/05\/LAVIE-Cube-20000-Puffs-Disposable-Vape-Wholesale-All-Flavors-768x543.jpg 768w\" sizes=\"auto, (max-width: 1000px) 100vw, 1000px\" \/> <img loading=\"lazy\" decoding=\"async\" class=\"alignnone size-full wp-image-15706\" title=\"LAVIE Cube 20000 Puffs Vape za enkratno uporabo na debelo Aloe Vera Grape Ice Package\" src=\"https:\/\/www.vape4wholesale.com\/wp-content\/uploads\/2024\/05\/LAVIE-Cube-20000-Puffs-Disposable-Vape-Wholesale-Aloe-Vera-Grape-Ice-Package.jpg\" alt=\"LAVIE Cube 20000 Puffs Vape za enkratno uporabo na debelo Aloe Vera Grape Ice Package\" width=\"1000\" height=\"706\" srcset=\"https:\/\/www.vape4wholesale.com\/wp-content\/uploads\/2024\/05\/LAVIE-Cube-20000-Puffs-Disposable-Vape-Wholesale-Aloe-Vera-Grape-Ice-Package.jpg 1000w, https:\/\/www.vape4wholesale.com\/wp-content\/uploads\/2024\/05\/LAVIE-Cube-20000-Puffs-Disposable-Vape-Wholesale-Aloe-Vera-Grape-Ice-Package-510x360.jpg 510w, https:\/\/www.vape4wholesale.com\/wp-content\/uploads\/2024\/05\/LAVIE-Cube-20000-Puffs-Disposable-Vape-Wholesale-Aloe-Vera-Grape-Ice-Package-64x45.jpg 64w, https:\/\/www.vape4wholesale.com\/wp-content\/uploads\/2024\/05\/LAVIE-Cube-20000-Puffs-Disposable-Vape-Wholesale-Aloe-Vera-Grape-Ice-Package-300x212.jpg 300w, https:\/\/www.vape4wholesale.com\/wp-content\/uploads\/2024\/05\/LAVIE-Cube-20000-Puffs-Disposable-Vape-Wholesale-Aloe-Vera-Grape-Ice-Package-768x542.jpg 768w\" sizes=\"auto, (max-width: 1000px) 100vw, 1000px\" \/><\/p>\n<h2>ZAKAJ MI?<\/h2>\r\n<ul>\r\n<li>Resni\u010dni, zanesljivi in strokovni vir za vape.<\/li>\r\n<li>100% Originalno jamstvo: Zavra\u010damo ponarejanje: zagotavljamo samo originalne in pristne izdelke.<\/li>\r\n<li>100% Zagotovilo za dostavo: 100%: uporabljamo najbolj\u0161i na\u010din po\u0161iljanja, da zagotovimo, da prejmete naro\u010dilo 100%.<\/li>\r\n<li>Po odpremi vam bomo posredovali \u0161tevilko za sledenje in nalepko za po\u0161iljanje ter spremljali blago, dokler ga ne podpi\u0161ete.<\/li>\r\n<li>Brez carinskih te\u017eav, brez tarif<\/li>\r\n<\/ul>","protected":false},"excerpt":{"rendered":"<div class=\"wsppc_div_block woocommerce_before_add_to_cart_form\">\r\n<p><strong><span style=\"color: #00a859;\">Clear customs<\/span> before delivery &amp; 100% Delivery Guarantee, Delivery in 19~25 days around.\u00a0<\/strong><\/p>\r\n<\/div>","protected":false},"featured_media":15738,"comment_status":"open","ping_status":"closed","template":"","meta":[],"pwb-brand":[1277],"product_cat":[873],"product_tag":[22,24,37,793,794],"class_list":{"0":"post-15703","1":"product","2":"type-product","3":"status-publish","4":"has-post-thumbnail","6":"pwb-brand-lavie","7":"product_cat-above-20k-puffs","8":"product_tag-disposable","9":"product_tag-wholesale","10":"product_tag-lavie","11":"product_tag-28-0ml","12":"product_tag-20000-puffs","13":"wcpa_has_options","15":"first","16":"instock","17":"featured","18":"shipping-taxable","19":"purchasable","20":"product-type-variable"},"aioseo_notices":[],"brands":[{"id":1277,"name":"Lavie","slug":"lavie"}],"_links":{"self":[{"href":"https:\/\/www.vape4wholesale.com\/sl\/wp-json\/wp\/v2\/product\/15703","targetHints":{"allow":["GET"]}}],"collection":[{"href":"https:\/\/www.vape4wholesale.com\/sl\/wp-json\/wp\/v2\/product"}],"about":[{"href":"https:\/\/www.vape4wholesale.com\/sl\/wp-json\/wp\/v2\/types\/product"}],"replies":[{"embeddable":true,"href":"https:\/\/www.vape4wholesale.com\/sl\/wp-json\/wp\/v2\/comments?post=15703"}],"wp:featuredmedia":[{"embeddable":true,"href":"https:\/\/www.vape4wholesale.com\/sl\/wp-json\/wp\/v2\/media\/15738"}],"wp:attachment":[{"href":"https:\/\/www.vape4wholesale.com\/sl\/wp-json\/wp\/v2\/media?parent=15703"}],"wp:term":[{"taxonomy":"pwb-brand","embeddable":true,"href":"https:\/\/www.vape4wholesale.com\/sl\/wp-json\/wp\/v2\/pwb-brand?post=15703"},{"taxonomy":"product_cat","embeddable":true,"href":"https:\/\/www.vape4wholesale.com\/sl\/wp-json\/wp\/v2\/product_cat?post=15703"},{"taxonomy":"product_tag","embeddable":true,"href":"https:\/\/www.vape4wholesale.com\/sl\/wp-json\/wp\/v2\/product_tag?post=15703"}],"curies":[{"name":"wp","href":"https:\/\/api.w.org\/{rel}","templated":true}]}}