{"id":15675,"date":"2025-10-29T18:51:50","date_gmt":"2025-10-29T10:51:50","guid":{"rendered":"https:\/\/www.vape4wholesale.com\/?post_type=product&#038;p=15675"},"modified":"2026-03-19T19:01:42","modified_gmt":"2026-03-19T11:01:42","slug":"elf-bar-gh23000-za-enkratno-uporabo-vape-na-debelo","status":"publish","type":"product","link":"https:\/\/www.vape4wholesale.com\/sl\/izdelek\/elf-bar-gh23000-za-enkratno-uporabo-vape-na-debelo","title":{"rendered":"Elf Bar GH23000 Vape za enkratno uporabo na debelo"},"content":{"rendered":"<p>Elf Bar GH23000 za enkratno uporabo predstavlja neprimerljivo izku\u0161njo vapinga s svojo revolucionarno zmogljivostjo 23 tiso\u010d izpuhov ter integriranim sistemom za prilagajanje zraka in tlaka. Ta naprava za polnjenje se pona\u0161a z velikim stranskim zaslonom z digitalno cevjo in o\u010darljivo enobarvno modro zunanjo obro\u010dasto lu\u010djo, s \u010dimer postavlja nove standarde za vape za enkratno uporabo.<\/p>\n<h2><strong>Elf Bar GH23000 Informacije o izdelku:<\/strong><\/h2>\n<ul>\n<li>Masivna kapaciteta soka za vape: ima veliko kapaciteto 23 ml e-teko\u010dine.<\/li>\n<li>Sistem trojne mre\u017easte tuljave: Zagotavlja odli\u010den okus in proizvodnjo pare.<\/li>\n<li>Spremenljive nastavitve Puff: Tri nastavitve prestav za prilagajanje \u0161tevila puhov: 23K, 17K in 12K.<\/li>\n<li>Baterija visoke zmogljivosti: Opremljena je z baterijo s kapaciteto 850 mAh in polnjenjem tipa C.<\/li>\n<li>Prefinjen stranski zaslon: Velik digitalni cevni zaslon za enostavno spremljanje.<\/li>\n<li>Prilagajanje zra\u010dnega toka in tlaka: Integriran sistem omogo\u010da prilagojeno izku\u0161njo vapinga.<\/li>\n<li>Elegantno oblikovanje: ima zunanji obro\u010d z enobarvno modro svetlobo.<\/li>\n<li>Obse\u017een izbor okusov: Izbirate lahko med 15 izvrstnimi okusi.<\/li>\n<\/ul>\n<h2><strong>Okusi:<\/strong><\/h2>\n<ol>\n<li>Grozdni led<\/li>\n<li>Led zelenega jabolka<\/li>\n<li>Led iz lubenice<\/li>\n<li>Borovnice malina led<\/li>\n<li>Jagoda Banana<\/li>\n<li>lubenica \u010ce\u0161nja<\/li>\n<li>malina lubenica limona<\/li>\n<li>Zelena sliva Kislo apno<\/li>\n<li>Jabol\u010dna hru\u0161ka<\/li>\n<li>Jasmine Raspberry<\/li>\n<li>Polarna meta<\/li>\n<li>Vijoli\u010dna meta<\/li>\n<li>Jagodni lubeni\u010dni \u017eve\u010dilni gumi<\/li>\n<li>Kisla lubenica Candy<\/li>\n<li>Cherry Cola<\/li>\n<\/ol>\n<h2><strong>Podrobnosti o pakiranju<\/strong><\/h2>\n<p>1 kos\/paket<br data-filtered=\"filtered\" \/>10 pakiranj v \u0161katli<br data-filtered=\"filtered\" \/>200 kosov\/karton<\/p>\n<p><strong>Dimenzije:<\/strong><br \/>\n58 * 29 * 14 cm<br \/>\n24 kg\/karton<\/p>\n<figure id=\"attachment_15692\" aria-describedby=\"caption-attachment-15692\" style=\"width: 800px\" class=\"wp-caption alignnone\"><img loading=\"lazy\" decoding=\"async\" class=\"size-full wp-image-15692\" title=\"ELF BAR GH23000 Vape za enkratno uporabo na debelo (4)\" src=\"https:\/\/www.vape4wholesale.com\/wp-content\/uploads\/2024\/05\/ELF-BAR-GH23000-Disposable-Vape-Wholesale-4.webp\" alt=\"ELF BAR GH23000 Vape za enkratno uporabo na debelo (4)\" width=\"800\" height=\"644\" srcset=\"https:\/\/www.vape4wholesale.com\/wp-content\/uploads\/2024\/05\/ELF-BAR-GH23000-Disposable-Vape-Wholesale-4.webp 800w, https:\/\/www.vape4wholesale.com\/wp-content\/uploads\/2024\/05\/ELF-BAR-GH23000-Disposable-Vape-Wholesale-4-510x411.webp 510w\" sizes=\"auto, (max-width: 800px) 100vw, 800px\" \/><figcaption id=\"caption-attachment-15692\" class=\"wp-caption-text\">ELF BAR GH23000 Vape za enkratno uporabo na debelo<\/figcaption><\/figure>\n<h2>ZAKAJ MI?<\/h2>\r\n<ul>\r\n<li>Resni\u010dni, zanesljivi in strokovni vir za vape.<\/li>\r\n<li>100% Originalno jamstvo: Zavra\u010damo ponarejanje: zagotavljamo samo originalne in pristne izdelke.<\/li>\r\n<li>100% Zagotovilo za dostavo: 100%: uporabljamo najbolj\u0161i na\u010din po\u0161iljanja, da zagotovimo, da prejmete naro\u010dilo 100%.<\/li>\r\n<li>Po odpremi vam bomo posredovali \u0161tevilko za sledenje in nalepko za po\u0161iljanje ter spremljali blago, dokler ga ne podpi\u0161ete.<\/li>\r\n<li>Brez carinskih te\u017eav, brez tarif<\/li>\r\n<\/ul>","protected":false},"excerpt":{"rendered":"<p><b><span style=\"color: #00a859;\">Free shipping<\/span>\u00a0from Europe warehouse, 7-15 working days delivery time.<\/b><\/p>\r\n<div class=\"wsppc_div_block woocommerce_before_add_to_cart_form\">\r\n<p><strong>Clear customs before delivery &amp; 100% Delivery Guarantee<\/strong><\/p>\r\n<\/div>","protected":false},"featured_media":26773,"comment_status":"open","ping_status":"closed","template":"","meta":[],"pwb-brand":[1278],"product_cat":[938],"product_tag":[22,24,60,557,780],"class_list":{"0":"post-15675","1":"product","2":"type-product","3":"status-publish","4":"has-post-thumbnail","6":"pwb-brand-elf-bar","7":"product_cat-europe-warehouse","8":"product_tag-disposable","9":"product_tag-wholesale","10":"product_tag-elf-bar","11":"product_tag-23-0ml","12":"product_tag-23000-puffs","13":"product_shipping_class-eu-warehouse","15":"first","16":"instock","17":"shipping-taxable","18":"purchasable","19":"product-type-variable"},"aioseo_notices":[],"brands":[{"id":1278,"name":"Bar Elf","slug":"elfov-bar"}],"_links":{"self":[{"href":"https:\/\/www.vape4wholesale.com\/sl\/wp-json\/wp\/v2\/product\/15675","targetHints":{"allow":["GET"]}}],"collection":[{"href":"https:\/\/www.vape4wholesale.com\/sl\/wp-json\/wp\/v2\/product"}],"about":[{"href":"https:\/\/www.vape4wholesale.com\/sl\/wp-json\/wp\/v2\/types\/product"}],"replies":[{"embeddable":true,"href":"https:\/\/www.vape4wholesale.com\/sl\/wp-json\/wp\/v2\/comments?post=15675"}],"wp:featuredmedia":[{"embeddable":true,"href":"https:\/\/www.vape4wholesale.com\/sl\/wp-json\/wp\/v2\/media\/26773"}],"wp:attachment":[{"href":"https:\/\/www.vape4wholesale.com\/sl\/wp-json\/wp\/v2\/media?parent=15675"}],"wp:term":[{"taxonomy":"pwb-brand","embeddable":true,"href":"https:\/\/www.vape4wholesale.com\/sl\/wp-json\/wp\/v2\/pwb-brand?post=15675"},{"taxonomy":"product_cat","embeddable":true,"href":"https:\/\/www.vape4wholesale.com\/sl\/wp-json\/wp\/v2\/product_cat?post=15675"},{"taxonomy":"product_tag","embeddable":true,"href":"https:\/\/www.vape4wholesale.com\/sl\/wp-json\/wp\/v2\/product_tag?post=15675"}],"curies":[{"name":"wp","href":"https:\/\/api.w.org\/{rel}","templated":true}]}}