{"id":15573,"date":"2024-04-17T22:26:53","date_gmt":"2024-04-17T14:26:53","guid":{"rendered":"https:\/\/www.vape4wholesale.com\/?post_type=product&#038;p=15573"},"modified":"2026-01-26T13:41:07","modified_gmt":"2026-01-26T13:41:07","slug":"lavie-plus-15000-vape-za-enkratno-uporabo-na-debelo","status":"publish","type":"product","link":"https:\/\/www.vape4wholesale.com\/sl\/product\/lavie-plus-15000-disposable-vape-wholesale","title":{"rendered":"Lavie Plus 15000 Vape za enkratno uporabo na debelo"},"content":{"rendered":"<p>Lavie Plus 15000 je revolucionarna naprava za enkratno uporabo, ki jo je Lavie razvil in izdelal z najnovej\u0161o vrhunsko tehnologijo, zmore do 15 000 vpihov in je opremljena z akumulatorsko baterijo 650 mAh. Lavie Plus 15000 z velikodu\u0161no kapaciteto 25 ml e-teko\u010dine in mamljivo paleto 12 okusov, med katerimi lahko izbirate, vsaki\u010d zagotavlja okusno izku\u0161njo.<\/p>\n<p>Lavie Plus 15000 je na voljo v dveh razli\u010dnih na\u010dinih: Na\u010din \"Normal\", ki ga poganja ena sama mre\u017ena spirala, pri vsakem potegu zagotavlja niansirane okuse in ne\u017ene oblake. Model \"Pulse+\" ga okrepi z mo\u010djo dvojne mre\u017easte tuljave.<\/p>\n<p>Veleprodajno naro\u010dilo \u0161irokega izbora 12 okusov Lavie Plus 15000 Puffs za na\u0161o najbolj\u0161o veleprodajno ceno in hitro dostavo!<\/p>\n<h2><strong>Lavie Plus 15000 Vape za enkratno uporabo Podrobnosti:<\/strong><\/h2>\n<ul>\n<li>25ml vnaprej napolnjenega E-teko\u010dina<\/li>\n<li>5% Mo\u010d nikotina<\/li>\n<li>Baterija za polnjenje 650 mAh<\/li>\n<li>Do 15.000 vdihov<\/li>\n<li>Polnjenje tipa C<\/li>\n<\/ul>\n<h2><strong>Razpolo\u017eljive naklonjenosti:<\/strong><\/h2>\n<ol>\n<li>Roza limonada<\/li>\n<li>Led iz lubenice<\/li>\n<li>Mehika Mango<\/li>\n<li>Tropska mavrica Blast<\/li>\n<li>Jagoda Mango<\/li>\n<li>Blue Razz Ice<\/li>\n<li>Menjalnica Miami<\/li>\n<li>So\u010dni breskov led<\/li>\n<li>Kisli jabol\u010dni led<\/li>\n<li>Kalifornijska \u010de\u0161nja<\/li>\n<li>Mango ananas bonboni<\/li>\n<li>Meta Moon<\/li>\n<\/ol>\n<h2><strong>Podrobnosti o pakiranju:<\/strong><\/h2>\n<ul>\n<li>1 kos\/paket<\/li>\n<li>10 pakiranj v \u0161katli<\/li>\n<li>200 kosov\/karton<\/li>\n<li>20 kg\/karton<\/li>\n<\/ul>\n<figure id=\"attachment_15586\" aria-describedby=\"caption-attachment-15586\" style=\"width: 800px\" class=\"wp-caption alignnone\"><img loading=\"lazy\" decoding=\"async\" class=\"wp-image-15586 size-full\" title=\"LAVIE PLUS 15000 Puffs za enkratno uporabo Vape na debelo Okusi\" src=\"https:\/\/www.vape4wholesale.com\/wp-content\/uploads\/2024\/04\/LAVIE-PLUS-15000-Puffs-Disposable-Vape-Wholesale-Flavors.webp\" alt=\"LAVIE PLUS 15000 Puffs za enkratno uporabo Vape na debelo Okusi\" width=\"800\" height=\"1298\" srcset=\"https:\/\/www.vape4wholesale.com\/wp-content\/uploads\/2024\/04\/LAVIE-PLUS-15000-Puffs-Disposable-Vape-Wholesale-Flavors.webp 800w, https:\/\/www.vape4wholesale.com\/wp-content\/uploads\/2024\/04\/LAVIE-PLUS-15000-Puffs-Disposable-Vape-Wholesale-Flavors-510x827.webp 510w, https:\/\/www.vape4wholesale.com\/wp-content\/uploads\/2024\/04\/LAVIE-PLUS-15000-Puffs-Disposable-Vape-Wholesale-Flavors-64x104.webp 64w, https:\/\/www.vape4wholesale.com\/wp-content\/uploads\/2024\/04\/LAVIE-PLUS-15000-Puffs-Disposable-Vape-Wholesale-Flavors-185x300.webp 185w, https:\/\/www.vape4wholesale.com\/wp-content\/uploads\/2024\/04\/LAVIE-PLUS-15000-Puffs-Disposable-Vape-Wholesale-Flavors-631x1024.webp 631w, https:\/\/www.vape4wholesale.com\/wp-content\/uploads\/2024\/04\/LAVIE-PLUS-15000-Puffs-Disposable-Vape-Wholesale-Flavors-768x1246.webp 768w\" sizes=\"auto, (max-width: 800px) 100vw, 800px\" \/><figcaption id=\"caption-attachment-15586\" class=\"wp-caption-text\">LAVIE PLUS 15000 Puffs za enkratno uporabo Vape na debelo Vsi okusi<\/figcaption><\/figure>\n<h2>ZAKAJ MI?<\/h2>\r\n<ul>\r\n<li>Resni\u010dni, zanesljivi in strokovni vir za vape.<\/li>\r\n<li>100% Originalno jamstvo: Zavra\u010damo ponarejanje: zagotavljamo samo originalne in pristne izdelke.<\/li>\r\n<li>100% Zagotovilo za dostavo: 100%: uporabljamo najbolj\u0161i na\u010din po\u0161iljanja, da zagotovimo, da prejmete naro\u010dilo 100%.<\/li>\r\n<li>Po odpremi vam bomo posredovali \u0161tevilko za sledenje in nalepko za po\u0161iljanje ter spremljali blago, dokler ga ne podpi\u0161ete.<\/li>\r\n<li>Brez carinskih te\u017eav, brez tarif<\/li>\r\n<\/ul>","protected":false},"excerpt":{"rendered":"<div class=\"wsppc_div_block woocommerce_before_add_to_cart_form\">\r\n<p><strong><span style=\"color: #00a859;\">Opraviti carinsko po\u0161to<\/span> pred dostavo &amp; 100% Garancija dostave, Dostava v pribli\u017eno 19\u201325 dneh.\u00a0<\/strong><\/p>\r\n<\/div>","protected":false},"featured_media":15574,"comment_status":"open","ping_status":"closed","template":"","meta":[],"pwb-brand":[1277],"product_cat":[872],"product_tag":[22,24,37,684,692],"class_list":{"0":"post-15573","1":"product","2":"type-product","3":"status-publish","4":"has-post-thumbnail","6":"pwb-brand-lavie","7":"product_cat-15k-20k-puffs","8":"product_tag-disposable","9":"product_tag-wholesale","10":"product_tag-lavie","11":"product_tag-15000-puffs","12":"product_tag-25-0ml","13":"wcpa_has_options","15":"first","16":"instock","17":"shipping-taxable","18":"purchasable","19":"product-type-variable"},"aioseo_notices":[],"brands":[{"id":1277,"name":"Lavie","slug":"lavie"}],"_links":{"self":[{"href":"https:\/\/www.vape4wholesale.com\/sl\/wp-json\/wp\/v2\/product\/15573","targetHints":{"allow":["GET"]}}],"collection":[{"href":"https:\/\/www.vape4wholesale.com\/sl\/wp-json\/wp\/v2\/product"}],"about":[{"href":"https:\/\/www.vape4wholesale.com\/sl\/wp-json\/wp\/v2\/types\/product"}],"replies":[{"embeddable":true,"href":"https:\/\/www.vape4wholesale.com\/sl\/wp-json\/wp\/v2\/comments?post=15573"}],"wp:featuredmedia":[{"embeddable":true,"href":"https:\/\/www.vape4wholesale.com\/sl\/wp-json\/wp\/v2\/media\/15574"}],"wp:attachment":[{"href":"https:\/\/www.vape4wholesale.com\/sl\/wp-json\/wp\/v2\/media?parent=15573"}],"wp:term":[{"taxonomy":"pwb-brand","embeddable":true,"href":"https:\/\/www.vape4wholesale.com\/sl\/wp-json\/wp\/v2\/pwb-brand?post=15573"},{"taxonomy":"product_cat","embeddable":true,"href":"https:\/\/www.vape4wholesale.com\/sl\/wp-json\/wp\/v2\/product_cat?post=15573"},{"taxonomy":"product_tag","embeddable":true,"href":"https:\/\/www.vape4wholesale.com\/sl\/wp-json\/wp\/v2\/product_tag?post=15573"}],"curies":[{"name":"wp","href":"https:\/\/api.w.org\/{rel}","templated":true}]}}