{"id":15506,"date":"2024-04-11T12:42:29","date_gmt":"2024-04-11T04:42:29","guid":{"rendered":"https:\/\/www.vape4wholesale.com\/?post_type=product&#038;p=15506"},"modified":"2026-01-26T13:41:12","modified_gmt":"2026-01-26T13:41:12","slug":"elf-bar-ep8000-za-enkratno-uporabo-vape-na-debelo","status":"publish","type":"product","link":"https:\/\/www.vape4wholesale.com\/sl\/product\/elf-bar-ep8000-disposable-vape-wholesale","title":{"rendered":"Elf Bar EP8000 Vape za enkratno uporabo na debelo"},"content":{"rendered":"<p>Elf Bar EP8000 ima elegantno obliko z 18 ml e-soksa in 1500 mAh akumulatorsko baterijo za neprekosljiv ob\u010dutek okusa. podpira do 8000 puhov. Bodite pri\u010da ble\u0161\u010de\u010demu sijaju z \u017eivahnim prikazom \u0161estih barvnih odtenkov. Zadnji odtenek prikazuje trenutno raven e-teko\u010dine in napolnjenost baterije.<\/p>\n<p>Ta razburljiva me\u0161anica zdru\u017euje krepko bistvo robid in pikantno aromo malin ter tako ustvarja harmoni\u010dno simfonijo sadnih dobrot. Z osve\u017eilnim pridihom ledenega mentola vsak izpuh poskrbi za hladen naval, ki razburka \u010dute.<\/p>\n<p>Veleprodajno naro\u010dite na\u0161ih 20 ekskluzivnih okusov Elf Bar BC15000 po brezkon\u010dnih veleprodajnih cenah s hitro dostavo.<\/p>\n<h2><strong>Elf Bar EP8000 Vape za enkratno uporabo Zna\u010dilnosti:<\/strong><\/h2>\n<ul>\n<li>Blagovna znamka: Elf Bar<\/li>\n<li>Vrsta: Vklju\u010dite se v sistem: EP8000<\/li>\n<li>Puffs: 8000 Puffs<\/li>\n<li>Nikotin: 5%<\/li>\n<li>Kapaciteta e-sijaja: 18 ML<\/li>\n<li>Kapaciteta baterije: 1500 mAh (za ponovno polnjenje)<\/li>\n<li>Velikost: 88 \u00d7 44 \u00d7 22 mm<\/li>\n<\/ul>\n<h2><strong>Na voljo so okusi\uff1a<\/strong><\/h2>\n<p>1.Grape Cherry<br \/>\n2.Cherry Peach Lemonade<br \/>\n3.Grape<br \/>\n4.Kiwi Passion Fruit Guava<br \/>\n5.Tobak<br \/>\n6.Watermelon Ice<br \/>\n7.Cola Ice<br \/>\n8.Peach Berry<br \/>\n9.Blue Razz Ice<br \/>\n10.Blackberry Brusnica<br \/>\n11.Watermelon Bubble Gum<br \/>\n12.Double Mango<br \/>\n13.Peach Ice<br \/>\n14.Black Razz Ice<br \/>\n15.Mango breskev lubenica<br \/>\n16.Dvojno jabolko<br \/>\n17.White Grape<br \/>\n18.Peach Mango<br \/>\n19.Strawberry Ice Cream<br \/>\n20.Strawberry Ice<\/p>\n<h2><strong>Podrobnosti o pakiranju<\/strong><\/h2>\n<p>1 kos\/paket<br data-filtered=\"filtered\" \/>10 pakiranj v \u0161katli<br data-filtered=\"filtered\" \/>200 kosov\/karton<\/p>\n<p><strong>Dimenzije:<\/strong><br \/>\n58 * 29 * 14 cm<br \/>\n12 kg\/karton<\/p>\n<figure id=\"attachment_15529\" aria-describedby=\"caption-attachment-15529\" style=\"width: 747px\" class=\"wp-caption alignnone\"><img loading=\"lazy\" decoding=\"async\" class=\"wp-image-15529 size-full\" title=\"Elf Bar EP8000 Vape za enkratno uporabo na debelo Watermelon Ice 8000 Puffs\" src=\"https:\/\/www.vape4wholesale.com\/wp-content\/uploads\/2024\/04\/Elf-Bar-EP8000-Disposable-Vape-Wholesale-Watermelon-Ice-8000-Puffs.webp\" alt=\"Elf Bar EP8000 Vape za enkratno uporabo na debelo Watermelon Ice 8000 Puffs\" width=\"747\" height=\"800\" srcset=\"https:\/\/www.vape4wholesale.com\/wp-content\/uploads\/2024\/04\/Elf-Bar-EP8000-Disposable-Vape-Wholesale-Watermelon-Ice-8000-Puffs.webp 747w, https:\/\/www.vape4wholesale.com\/wp-content\/uploads\/2024\/04\/Elf-Bar-EP8000-Disposable-Vape-Wholesale-Watermelon-Ice-8000-Puffs-510x546.webp 510w, https:\/\/www.vape4wholesale.com\/wp-content\/uploads\/2024\/04\/Elf-Bar-EP8000-Disposable-Vape-Wholesale-Watermelon-Ice-8000-Puffs-64x69.webp 64w, https:\/\/www.vape4wholesale.com\/wp-content\/uploads\/2024\/04\/Elf-Bar-EP8000-Disposable-Vape-Wholesale-Watermelon-Ice-8000-Puffs-280x300.webp 280w\" sizes=\"auto, (max-width: 747px) 100vw, 747px\" \/><figcaption id=\"caption-attachment-15529\" class=\"wp-caption-text\">Elf Bar EP8000 Vape za enkratno uporabo na debelo<\/figcaption><\/figure>\n<h2>ZAKAJ MI?<\/h2>\r\n<ul>\r\n<li>Resni\u010dni, zanesljivi in strokovni vir za vape.<\/li>\r\n<li>100% Originalno jamstvo: Zavra\u010damo ponarejanje: zagotavljamo samo originalne in pristne izdelke.<\/li>\r\n<li>100% Zagotovilo za dostavo: 100%: uporabljamo najbolj\u0161i na\u010din po\u0161iljanja, da zagotovimo, da prejmete naro\u010dilo 100%.<\/li>\r\n<li>Po odpremi vam bomo posredovali \u0161tevilko za sledenje in nalepko za po\u0161iljanje ter spremljali blago, dokler ga ne podpi\u0161ete.<\/li>\r\n<li>Brez carinskih te\u017eav, brez tarif<\/li>\r\n<\/ul>","protected":false},"excerpt":{"rendered":"<div class=\"wsppc_div_block woocommerce_before_add_to_cart_form\">\r\n<p><strong><span style=\"color: #00a859;\">Opraviti carinsko po\u0161to<\/span> pred dostavo &amp; 100% Garancija dostave, Dostava v pribli\u017eno 19\u201325 dneh.\u00a0<\/strong><\/p>\r\n<\/div>\n<p><strong>Zaradi pogostih sprememb zaloge izdelkov, minimalne koli\u010dine naro\u010dila in cene se pred oddajo naro\u010dila obrnite na nas.<\/strong><\/p>","protected":false},"featured_media":15532,"comment_status":"open","ping_status":"closed","template":"","meta":[],"pwb-brand":[1278],"product_cat":[870],"product_tag":[22,24,60,244,343],"class_list":{"0":"post-15506","1":"product","2":"type-product","3":"status-publish","4":"has-post-thumbnail","6":"pwb-brand-elf-bar","7":"product_cat-8000-10000-puffs","8":"product_tag-disposable","9":"product_tag-wholesale","10":"product_tag-elf-bar","11":"product_tag-18-0ml","12":"product_tag-8000-puffs","14":"first","15":"instock","16":"shipping-taxable","17":"purchasable","18":"product-type-variable"},"aioseo_notices":[],"brands":[{"id":1278,"name":"Bar Elf","slug":"elfov-bar"}],"_links":{"self":[{"href":"https:\/\/www.vape4wholesale.com\/sl\/wp-json\/wp\/v2\/product\/15506","targetHints":{"allow":["GET"]}}],"collection":[{"href":"https:\/\/www.vape4wholesale.com\/sl\/wp-json\/wp\/v2\/product"}],"about":[{"href":"https:\/\/www.vape4wholesale.com\/sl\/wp-json\/wp\/v2\/types\/product"}],"replies":[{"embeddable":true,"href":"https:\/\/www.vape4wholesale.com\/sl\/wp-json\/wp\/v2\/comments?post=15506"}],"wp:featuredmedia":[{"embeddable":true,"href":"https:\/\/www.vape4wholesale.com\/sl\/wp-json\/wp\/v2\/media\/15532"}],"wp:attachment":[{"href":"https:\/\/www.vape4wholesale.com\/sl\/wp-json\/wp\/v2\/media?parent=15506"}],"wp:term":[{"taxonomy":"pwb-brand","embeddable":true,"href":"https:\/\/www.vape4wholesale.com\/sl\/wp-json\/wp\/v2\/pwb-brand?post=15506"},{"taxonomy":"product_cat","embeddable":true,"href":"https:\/\/www.vape4wholesale.com\/sl\/wp-json\/wp\/v2\/product_cat?post=15506"},{"taxonomy":"product_tag","embeddable":true,"href":"https:\/\/www.vape4wholesale.com\/sl\/wp-json\/wp\/v2\/product_tag?post=15506"}],"curies":[{"name":"wp","href":"https:\/\/api.w.org\/{rel}","templated":true}]}}