{"id":15476,"date":"2024-04-11T12:20:52","date_gmt":"2024-04-11T04:20:52","guid":{"rendered":"https:\/\/www.vape4wholesale.com\/?post_type=product&#038;p=15476"},"modified":"2026-01-26T13:41:14","modified_gmt":"2026-01-26T13:41:14","slug":"elf-bar-bc15000-za-enkratno-uporabo-vape-na-debelo","status":"publish","type":"product","link":"https:\/\/www.vape4wholesale.com\/sl\/product\/elf-bar-bc15000-disposable-vape-wholesale","title":{"rendered":"Elf Bar BC15000 Vape za enkratno uporabo na debelo"},"content":{"rendered":"<p>Elf bar BC15000 je vrhunski vape za enkratno uporabo z baterijo s kapaciteto 650 mAh in vnaprej napolnjenim rezervoarjem za 23 ml e-teko\u010dine, ki omogo\u010da do 15.000 vdihov. Inovativna vrstica za prikaz napredka pri porabi energije uporabnikom ponuja povratne informacije o porabi energije v realnem \u010dasu.<\/p>\n<p>Elfbar BC15000 ponuja dva razli\u010dna na\u010dina - \"Smooth\" za zadovoljivo \u017eganje in \"Turbo\" za gosto proizvodnjo pare. Njegova kompaktna, a zmogljiva zasnova zagotavlja udobno in vrhunsko izku\u0161njo vapinga.<br \/>\nVeleprodajno naro\u010dite na\u0161ih 15 ekskluzivnih okusov Elf Bar BC15000 po brezkon\u010dnih veleprodajnih cenah s hitro dostavo.<\/p>\n<h2><strong>Elf Bar BC15000 Vape za enkratno uporabo Zna\u010dilnosti:<\/strong><\/h2>\n<ul>\n<li>Blagovna znamka: Elf Bar<\/li>\n<li>Tip: Za\u010detek in zaklju\u010dek: BC15000<\/li>\n<li>Puffs: 15000 Puffs<\/li>\n<li>Nikotin: 5%<\/li>\n<li>Kapaciteta e-sijaja: 23 ML<\/li>\n<li>Kapaciteta baterije: 650 mAh (mo\u017enost polnjenja)<\/li>\n<li>Polnilni priklju\u010dek: Tip C<\/li>\n<\/ul>\n<h2><strong>Razpolo\u017eljivi okusi\uff1a<\/strong><\/h2>\n<ol>\n<li>Blackberry Cherry<\/li>\n<li>Blue Razz Ice<\/li>\n<li>Cherry Lime<\/li>\n<li>Grozdje Brusnica<\/li>\n<li>Grozdni led<\/li>\n<li>Kivi Pasijonka Guava<\/li>\n<li>Breskev mango lubenica<\/li>\n<li>Ananas Dragonfruit Grenivka<\/li>\n<li>Kislo jabolko<\/li>\n<li>Jagoda Banana<\/li>\n<li>jagoda kivi<\/li>\n<li>Pepper Mint<\/li>\n<li>Led iz lubenice<\/li>\n<li>kivi ananas breskev<\/li>\n<li>Grenivka Passion Fruit<\/li>\n<\/ol>\n<h2><strong>Podrobnosti o pakiranju<\/strong><\/h2>\n<p>1 kos\/paket<br data-filtered=\"filtered\" \/>10 pakiranj v \u0161katli<br data-filtered=\"filtered\" \/>200 kosov\/karton<\/p>\n<p><strong>Dimenzije:<\/strong><br data-filtered=\"filtered\" \/>55,5 * 29,5 * 27,5 cm<br data-filtered=\"filtered\" \/>26 kg\/karton<\/p>\n<figure id=\"attachment_15493\" aria-describedby=\"caption-attachment-15493\" style=\"width: 800px\" class=\"wp-caption alignnone\"><img loading=\"lazy\" decoding=\"async\" class=\"wp-image-15493 size-full\" title=\"Elf Bar BC15000 Vape za enkratno uporabo na debelo Sour Apple 15000 Puffs\" src=\"https:\/\/www.vape4wholesale.com\/wp-content\/uploads\/2024\/04\/Elf-Bar-BC15000-Disposable-Vape-Wholesale-Sour-Apple-15000-Puffs.webp\" alt=\"Elf Bar BC15000 Vape za enkratno uporabo na debelo Sour Apple 15000 Puffs\" width=\"800\" height=\"800\" srcset=\"https:\/\/www.vape4wholesale.com\/wp-content\/uploads\/2024\/04\/Elf-Bar-BC15000-Disposable-Vape-Wholesale-Sour-Apple-15000-Puffs.webp 800w, https:\/\/www.vape4wholesale.com\/wp-content\/uploads\/2024\/04\/Elf-Bar-BC15000-Disposable-Vape-Wholesale-Sour-Apple-15000-Puffs-247x247.webp 247w, https:\/\/www.vape4wholesale.com\/wp-content\/uploads\/2024\/04\/Elf-Bar-BC15000-Disposable-Vape-Wholesale-Sour-Apple-15000-Puffs-100x100.webp 100w, https:\/\/www.vape4wholesale.com\/wp-content\/uploads\/2024\/04\/Elf-Bar-BC15000-Disposable-Vape-Wholesale-Sour-Apple-15000-Puffs-510x510.webp 510w, https:\/\/www.vape4wholesale.com\/wp-content\/uploads\/2024\/04\/Elf-Bar-BC15000-Disposable-Vape-Wholesale-Sour-Apple-15000-Puffs-64x64.webp 64w, https:\/\/www.vape4wholesale.com\/wp-content\/uploads\/2024\/04\/Elf-Bar-BC15000-Disposable-Vape-Wholesale-Sour-Apple-15000-Puffs-300x300.webp 300w, https:\/\/www.vape4wholesale.com\/wp-content\/uploads\/2024\/04\/Elf-Bar-BC15000-Disposable-Vape-Wholesale-Sour-Apple-15000-Puffs-150x150.webp 150w, https:\/\/www.vape4wholesale.com\/wp-content\/uploads\/2024\/04\/Elf-Bar-BC15000-Disposable-Vape-Wholesale-Sour-Apple-15000-Puffs-768x768.webp 768w\" sizes=\"auto, (max-width: 800px) 100vw, 800px\" \/><figcaption id=\"caption-attachment-15493\" class=\"wp-caption-text\">Elf Bar BC15000 Vape za enkratno uporabo na debelo<\/figcaption><\/figure>\n<h2>ZAKAJ MI?<\/h2>\r\n<ul>\r\n<li>Resni\u010dni, zanesljivi in strokovni vir za vape.<\/li>\r\n<li>100% Originalno jamstvo: Zavra\u010damo ponarejanje: zagotavljamo samo originalne in pristne izdelke.<\/li>\r\n<li>100% Zagotovilo za dostavo: 100%: uporabljamo najbolj\u0161i na\u010din po\u0161iljanja, da zagotovimo, da prejmete naro\u010dilo 100%.<\/li>\r\n<li>Po odpremi vam bomo posredovali \u0161tevilko za sledenje in nalepko za po\u0161iljanje ter spremljali blago, dokler ga ne podpi\u0161ete.<\/li>\r\n<li>Brez carinskih te\u017eav, brez tarif<\/li>\r\n<\/ul>","protected":false},"excerpt":{"rendered":"<div class=\"wsppc_div_block woocommerce_before_add_to_cart_form\">\r\n<p><strong><span style=\"color: #00a859;\">Opraviti carinsko po\u0161to<\/span> pred dostavo &amp; 100% Garancija dostave, Dostava v pribli\u017eno 19\u201325 dneh.\u00a0<\/strong><\/p>\r\n<\/div>\n<p><strong>Zaradi pogostih sprememb zaloge izdelkov, minimalne koli\u010dine naro\u010dila in cene se pred oddajo naro\u010dila obrnite na nas.<\/strong><\/p>","protected":false},"featured_media":15493,"comment_status":"open","ping_status":"closed","template":"","meta":[],"pwb-brand":[1278],"product_cat":[872],"product_tag":[22,24,60,557,684],"class_list":{"0":"post-15476","1":"product","2":"type-product","3":"status-publish","4":"has-post-thumbnail","6":"pwb-brand-elf-bar","7":"product_cat-15k-20k-puffs","8":"product_tag-disposable","9":"product_tag-wholesale","10":"product_tag-elf-bar","11":"product_tag-23-0ml","12":"product_tag-15000-puffs","14":"first","15":"instock","16":"shipping-taxable","17":"purchasable","18":"product-type-variable"},"aioseo_notices":[],"brands":[{"id":1278,"name":"Bar Elf","slug":"elfov-bar"}],"_links":{"self":[{"href":"https:\/\/www.vape4wholesale.com\/sl\/wp-json\/wp\/v2\/product\/15476","targetHints":{"allow":["GET"]}}],"collection":[{"href":"https:\/\/www.vape4wholesale.com\/sl\/wp-json\/wp\/v2\/product"}],"about":[{"href":"https:\/\/www.vape4wholesale.com\/sl\/wp-json\/wp\/v2\/types\/product"}],"replies":[{"embeddable":true,"href":"https:\/\/www.vape4wholesale.com\/sl\/wp-json\/wp\/v2\/comments?post=15476"}],"wp:featuredmedia":[{"embeddable":true,"href":"https:\/\/www.vape4wholesale.com\/sl\/wp-json\/wp\/v2\/media\/15493"}],"wp:attachment":[{"href":"https:\/\/www.vape4wholesale.com\/sl\/wp-json\/wp\/v2\/media?parent=15476"}],"wp:term":[{"taxonomy":"pwb-brand","embeddable":true,"href":"https:\/\/www.vape4wholesale.com\/sl\/wp-json\/wp\/v2\/pwb-brand?post=15476"},{"taxonomy":"product_cat","embeddable":true,"href":"https:\/\/www.vape4wholesale.com\/sl\/wp-json\/wp\/v2\/product_cat?post=15476"},{"taxonomy":"product_tag","embeddable":true,"href":"https:\/\/www.vape4wholesale.com\/sl\/wp-json\/wp\/v2\/product_tag?post=15476"}],"curies":[{"name":"wp","href":"https:\/\/api.w.org\/{rel}","templated":true}]}}