{"id":15424,"date":"2024-04-01T11:07:28","date_gmt":"2024-04-01T03:07:28","guid":{"rendered":"https:\/\/www.vape4wholesale.com\/?post_type=product&#038;p=15424"},"modified":"2026-01-26T13:41:17","modified_gmt":"2026-01-26T13:41:17","slug":"lavie-insider-12000-puffs-enkratno-vape-na-debelo","status":"publish","type":"product","link":"https:\/\/www.vape4wholesale.com\/sl\/product\/lavie-insider-12000-puffs-disposable-vape-wholesale","title":{"rendered":"Lavie Insider 12000 Puffs za enkratno uporabo Vape na debelo"},"content":{"rendered":"<p>Lavie Insider 12000 je vape za enkratno uporabo z 18 ml olja in vgrajeno 650mah akumulatorsko baterijo, ki omogo\u010da do 12.000 vdihov.<br \/>\nGre za elegantno obliko z dvobarvno me\u0161anico, ki omogo\u010da dober oprijem in presenetljiv videz.<br \/>\nIzberite na\u0161 lavie sinder do 12 okusov po najbolj\u0161i veleprodajni ceni in hitri dostavi!<\/p>\n<h2><strong>Lavie Insider 12000 Vape za enkratno uporabo Specifikacije:<\/strong><\/h2>\n<ul>\n<li>Blagovna znamka: Lavie<\/li>\n<li>Puffs: 12000 Puffs<\/li>\n<li>Nikotin: 2%\/5%<\/li>\n<li>Kapaciteta e-su\u0161ice: 18ML<\/li>\n<li>Baterija: 650 mAh<\/li>\n<li>Polnilni priklju\u010dek: Tip C<\/li>\n<\/ul>\n<h2><strong>Okusi<\/strong><\/h2>\n<ol>\n<li>Jagodna lubenica<\/li>\n<li>Led iz lubenice<\/li>\n<li>Mango Ice<\/li>\n<li>\u010crni \u010daj Rose<\/li>\n<li>Borovni\u010dev led<\/li>\n<li>Mojito<\/li>\n<li>Zeleni grozdni led<\/li>\n<li>Kava<\/li>\n<li>Lemon Cola Ice<\/li>\n<li>Oran\u017eni led<\/li>\n<li>Mint Ice<\/li>\n<li>Led zelenega jabolka<\/li>\n<\/ol>\n<h2><strong>Pakiranje in te\u017ea<\/strong><\/h2>\n<ul>\n<li>0.095KG\/PCS, 10 PCS\/ Srednji primer<\/li>\n<li>200 kosov \/ glavna \u0161katla, 19 kg.<\/li>\n<\/ul>\n<figure id=\"attachment_15438\" aria-describedby=\"caption-attachment-15438\" style=\"width: 800px\" class=\"wp-caption alignnone\"><img loading=\"lazy\" decoding=\"async\" class=\"size-full wp-image-15438\" title=\"LAVIE INSIDER 12000 Puffs za enkratno uporabo Vape na debelo 2 okusa\" src=\"https:\/\/www.vape4wholesale.com\/wp-content\/uploads\/2024\/04\/LAVIE-INSIDER-12000-Puffs-Disposable-Vape-Wholesale-2-Flavors.jpg\" alt=\"LAVIE INSIDER 12000 Puffs za enkratno uporabo Vape na debelo 2 okusa\" width=\"800\" height=\"1000\" srcset=\"https:\/\/www.vape4wholesale.com\/wp-content\/uploads\/2024\/04\/LAVIE-INSIDER-12000-Puffs-Disposable-Vape-Wholesale-2-Flavors.jpg 800w, https:\/\/www.vape4wholesale.com\/wp-content\/uploads\/2024\/04\/LAVIE-INSIDER-12000-Puffs-Disposable-Vape-Wholesale-2-Flavors-510x638.jpg 510w, https:\/\/www.vape4wholesale.com\/wp-content\/uploads\/2024\/04\/LAVIE-INSIDER-12000-Puffs-Disposable-Vape-Wholesale-2-Flavors-64x80.jpg 64w, https:\/\/www.vape4wholesale.com\/wp-content\/uploads\/2024\/04\/LAVIE-INSIDER-12000-Puffs-Disposable-Vape-Wholesale-2-Flavors-240x300.jpg 240w, https:\/\/www.vape4wholesale.com\/wp-content\/uploads\/2024\/04\/LAVIE-INSIDER-12000-Puffs-Disposable-Vape-Wholesale-2-Flavors-768x960.jpg 768w\" sizes=\"auto, (max-width: 800px) 100vw, 800px\" \/><figcaption id=\"caption-attachment-15438\" class=\"wp-caption-text\">LAVIE INSIDER 12000 Puffs Vape za enkratno uporabo na debelo<\/figcaption><\/figure>\n<h2>ZAKAJ MI?<\/h2>\r\n<ul>\r\n<li>Resni\u010dni, zanesljivi in strokovni vir za vape.<\/li>\r\n<li>100% Originalno jamstvo: Zavra\u010damo ponarejanje: zagotavljamo samo originalne in pristne izdelke.<\/li>\r\n<li>100% Zagotovilo za dostavo: 100%: uporabljamo najbolj\u0161i na\u010din po\u0161iljanja, da zagotovimo, da prejmete naro\u010dilo 100%.<\/li>\r\n<li>Po odpremi vam bomo posredovali \u0161tevilko za sledenje in nalepko za po\u0161iljanje ter spremljali blago, dokler ga ne podpi\u0161ete.<\/li>\r\n<li>Brez carinskih te\u017eav, brez tarif<\/li>\r\n<\/ul>","protected":false},"excerpt":{"rendered":"<div class=\"wsppc_div_block woocommerce_before_add_to_cart_form\">\r\n<p><strong><span style=\"color: #00a859;\">Opraviti carinsko po\u0161to<\/span> pred dostavo &amp; 100% Garancija dostave, Dostava v pribli\u017eno 19\u201325 dneh.\u00a0<\/strong><\/p>\r\n<\/div>","protected":false},"featured_media":15446,"comment_status":"open","ping_status":"closed","template":"","meta":[],"pwb-brand":[1277],"product_cat":[871],"product_tag":[22,24,37,244,556],"class_list":{"0":"post-15424","1":"product","2":"type-product","3":"status-publish","4":"has-post-thumbnail","6":"pwb-brand-lavie","7":"product_cat-10-15k-puffs","8":"product_tag-disposable","9":"product_tag-wholesale","10":"product_tag-lavie","11":"product_tag-18-0ml","12":"product_tag-12000-puffs","13":"wcpa_has_options","15":"first","16":"instock","17":"shipping-taxable","18":"purchasable","19":"product-type-variable"},"aioseo_notices":[],"brands":[{"id":1277,"name":"Lavie","slug":"lavie"}],"_links":{"self":[{"href":"https:\/\/www.vape4wholesale.com\/sl\/wp-json\/wp\/v2\/product\/15424","targetHints":{"allow":["GET"]}}],"collection":[{"href":"https:\/\/www.vape4wholesale.com\/sl\/wp-json\/wp\/v2\/product"}],"about":[{"href":"https:\/\/www.vape4wholesale.com\/sl\/wp-json\/wp\/v2\/types\/product"}],"replies":[{"embeddable":true,"href":"https:\/\/www.vape4wholesale.com\/sl\/wp-json\/wp\/v2\/comments?post=15424"}],"wp:featuredmedia":[{"embeddable":true,"href":"https:\/\/www.vape4wholesale.com\/sl\/wp-json\/wp\/v2\/media\/15446"}],"wp:attachment":[{"href":"https:\/\/www.vape4wholesale.com\/sl\/wp-json\/wp\/v2\/media?parent=15424"}],"wp:term":[{"taxonomy":"pwb-brand","embeddable":true,"href":"https:\/\/www.vape4wholesale.com\/sl\/wp-json\/wp\/v2\/pwb-brand?post=15424"},{"taxonomy":"product_cat","embeddable":true,"href":"https:\/\/www.vape4wholesale.com\/sl\/wp-json\/wp\/v2\/product_cat?post=15424"},{"taxonomy":"product_tag","embeddable":true,"href":"https:\/\/www.vape4wholesale.com\/sl\/wp-json\/wp\/v2\/product_tag?post=15424"}],"curies":[{"name":"wp","href":"https:\/\/api.w.org\/{rel}","templated":true}]}}