{"id":15236,"date":"2024-02-29T22:53:23","date_gmt":"2024-02-29T14:53:23","guid":{"rendered":"https:\/\/www.vape4wholesale.com\/?post_type=product&#038;p=15236"},"modified":"2026-01-26T13:41:21","modified_gmt":"2026-01-26T13:41:21","slug":"elf-bar-raya-d1-13000-puffs-enkratno-vape-debelo","status":"publish","type":"product","link":"https:\/\/www.vape4wholesale.com\/sl\/product\/elf-bar-raya-d1-13000-puffs-disposable-vape-wholesale","title":{"rendered":"Elf Bar Raya D1 13000 Puffs Vape za enkratno uporabo na debelo"},"content":{"rendered":"<p>Elfbar Raya D1 ima na voljo 13.000 izpihov, kar je vrhunska naprava s podi za enkratno uporabo, zasnovana za dalj\u0161o in zadovoljujo\u010do izku\u0161njo vapinga. Ta naprava se pona\u0161a z impresivno zmogljivostjo puhov in zagotavlja dolgotrajno in aromati\u010dno potovanje. S svojo inovativno tehnologijo Elfbar zagotavlja brezskrbno in priro\u010dno re\u0161itev za vaping. Razli\u010dica Raya D1 ponuja \u010dudovito me\u0161anico okusov lubenice in medene rose, kar zagotavlja osve\u017eujo\u010d in prijeten okus. Elfbar Raya D1 je idealen za uporabnike, ki i\u0161\u010dejo mo\u017enost za enkratno uporabo z veliko koli\u010dino izpuha, in obljublja, da bo vsak poteg vapinga poglobljen.<\/p>\n<p>Na voljo je s 50 mg nikotina za izbiro, Naro\u010dite na debelo na\u0161 \u0161irok 23 izbor okusov Elf Bar Raya D1 13000 za na\u0161o najbolj\u0161o veleprodajno ceno in hitro dostavo!<\/p>\n<h2><strong>Elf Bar Raya D1 13000 Quick Detail<\/strong><\/h2>\n<ul>\n<li>Kapaciteta e-teko\u010dine: 18ml<\/li>\n<li>Zmogljivost baterije: 650 mAh<\/li>\n<li>Puffs: Do 13000<\/li>\n<li>Mo\u010d nikotina: 50mg\/ml<\/li>\n<li>Zaslon Led Display: Napajanje in teko\u010dina<\/li>\n<li>Tip C za polnjenje<\/li>\n<\/ul>\n<h2><strong>Elf Bar Raya D1 Okusi na voljo<\/strong><\/h2>\n<p>1.Americano Ice<br \/>\n2.Apple Ice<br \/>\n3.Blueberry Gami<br \/>\n4.Blueberry Ice<br \/>\n5.Grape Ice<br \/>\n6.Miami Mint<br \/>\n7.Peach Ice<br \/>\n8.Ananasov led<br \/>\n9.Strawberry Ice<br \/>\n10.Tobak<br \/>\n11.Watermelon Ice<br \/>\n12.Blackberry Brusnica<br \/>\n13.Blue Razz Ice<br \/>\n14.Blueberry Mint<br \/>\n15.Cherry lubenica<br \/>\n16.Double Mango<br \/>\n17.Grape Cherry<br \/>\n18.Lemon Lime<br \/>\n19.Peach Mango<br \/>\n20.Ananas Jagoda Banana<br \/>\n21.Red Berry Cherry<br \/>\n22.Strawberry Banana<br \/>\n23.Strawberry Kiwi Ice<\/p>\n<h2><strong>Podrobnosti o pakiranju<\/strong><\/h2>\n<p>1 kos\/paket<br \/>\n10 pakiranj v \u0161katli<br \/>\n200 kosov\/karton<\/p>\n<p>Dimenzije: 56 * 28 * 24 cm<br \/>\n26 kg\/karton<\/p>\n<figure id=\"attachment_15240\" aria-describedby=\"caption-attachment-15240\" style=\"width: 600px\" class=\"wp-caption alignnone\"><img loading=\"lazy\" decoding=\"async\" class=\"wp-image-15240 size-full\" title=\"Elf Bar Raya D1 13000 Puffs Vape za enkratno uporabo na debelo\" src=\"https:\/\/www.vape4wholesale.com\/wp-content\/uploads\/2024\/02\/Elf-Bar-Raya-D1-13000-Disposable-Vape-Wholesale-2.png\" alt=\"Elf Bar Raya D1 13000 Puffs Vape za enkratno uporabo na debelo\" width=\"600\" height=\"600\" srcset=\"https:\/\/www.vape4wholesale.com\/wp-content\/uploads\/2024\/02\/Elf-Bar-Raya-D1-13000-Disposable-Vape-Wholesale-2.png 600w, https:\/\/www.vape4wholesale.com\/wp-content\/uploads\/2024\/02\/Elf-Bar-Raya-D1-13000-Disposable-Vape-Wholesale-2-247x247.png 247w, https:\/\/www.vape4wholesale.com\/wp-content\/uploads\/2024\/02\/Elf-Bar-Raya-D1-13000-Disposable-Vape-Wholesale-2-100x100.png 100w, https:\/\/www.vape4wholesale.com\/wp-content\/uploads\/2024\/02\/Elf-Bar-Raya-D1-13000-Disposable-Vape-Wholesale-2-510x510.png 510w, https:\/\/www.vape4wholesale.com\/wp-content\/uploads\/2024\/02\/Elf-Bar-Raya-D1-13000-Disposable-Vape-Wholesale-2-64x64.png 64w, https:\/\/www.vape4wholesale.com\/wp-content\/uploads\/2024\/02\/Elf-Bar-Raya-D1-13000-Disposable-Vape-Wholesale-2-300x300.png 300w, https:\/\/www.vape4wholesale.com\/wp-content\/uploads\/2024\/02\/Elf-Bar-Raya-D1-13000-Disposable-Vape-Wholesale-2-150x150.png 150w\" sizes=\"auto, (max-width: 600px) 100vw, 600px\" \/><figcaption id=\"caption-attachment-15240\" class=\"wp-caption-text\">Elf Bar Raya D1 13000 Puffs Vape za enkratno uporabo na debelo<\/figcaption><\/figure>\n<h2>ZAKAJ MI?<\/h2>\r\n<ul>\r\n<li>Resni\u010dni, zanesljivi in strokovni vir za vape.<\/li>\r\n<li>100% Originalno jamstvo: Zavra\u010damo ponarejanje: zagotavljamo samo originalne in pristne izdelke.<\/li>\r\n<li>100% Zagotovilo za dostavo: 100%: uporabljamo najbolj\u0161i na\u010din po\u0161iljanja, da zagotovimo, da prejmete naro\u010dilo 100%.<\/li>\r\n<li>Po odpremi vam bomo posredovali \u0161tevilko za sledenje in nalepko za po\u0161iljanje ter spremljali blago, dokler ga ne podpi\u0161ete.<\/li>\r\n<li>Brez carinskih te\u017eav, brez tarif<\/li>\r\n<\/ul>","protected":false},"excerpt":{"rendered":"<div class=\"wsppc_div_block woocommerce_before_add_to_cart_form\">\r\n<p><strong><span style=\"color: #00a859;\">Opraviti carinsko po\u0161to<\/span> pred dostavo &amp; 100% Garancija dostave, Dostava v pribli\u017eno 19\u201325 dneh.\u00a0<\/strong><\/p>\r\n<\/div>\n<p><strong>Zaradi pogostih sprememb zaloge izdelkov, minimalne koli\u010dine naro\u010dila in cene se pred oddajo naro\u010dila obrnite na nas.<\/strong><\/p>","protected":false},"featured_media":15241,"comment_status":"open","ping_status":"closed","template":"","meta":[],"pwb-brand":[1278],"product_cat":[871],"product_tag":[244,737,22,24,60],"class_list":{"0":"post-15236","1":"product","2":"type-product","3":"status-publish","4":"has-post-thumbnail","6":"pwb-brand-elf-bar","7":"product_cat-10-15k-puffs","8":"product_tag-18-0ml","9":"product_tag-13000-puffs","10":"product_tag-disposable","11":"product_tag-wholesale","12":"product_tag-elf-bar","14":"first","15":"instock","16":"shipping-taxable","17":"purchasable","18":"product-type-variable"},"aioseo_notices":[],"brands":[{"id":1278,"name":"Bar Elf","slug":"elfov-bar"}],"_links":{"self":[{"href":"https:\/\/www.vape4wholesale.com\/sl\/wp-json\/wp\/v2\/product\/15236","targetHints":{"allow":["GET"]}}],"collection":[{"href":"https:\/\/www.vape4wholesale.com\/sl\/wp-json\/wp\/v2\/product"}],"about":[{"href":"https:\/\/www.vape4wholesale.com\/sl\/wp-json\/wp\/v2\/types\/product"}],"replies":[{"embeddable":true,"href":"https:\/\/www.vape4wholesale.com\/sl\/wp-json\/wp\/v2\/comments?post=15236"}],"wp:featuredmedia":[{"embeddable":true,"href":"https:\/\/www.vape4wholesale.com\/sl\/wp-json\/wp\/v2\/media\/15241"}],"wp:attachment":[{"href":"https:\/\/www.vape4wholesale.com\/sl\/wp-json\/wp\/v2\/media?parent=15236"}],"wp:term":[{"taxonomy":"pwb-brand","embeddable":true,"href":"https:\/\/www.vape4wholesale.com\/sl\/wp-json\/wp\/v2\/pwb-brand?post=15236"},{"taxonomy":"product_cat","embeddable":true,"href":"https:\/\/www.vape4wholesale.com\/sl\/wp-json\/wp\/v2\/product_cat?post=15236"},{"taxonomy":"product_tag","embeddable":true,"href":"https:\/\/www.vape4wholesale.com\/sl\/wp-json\/wp\/v2\/product_tag?post=15236"}],"curies":[{"name":"wp","href":"https:\/\/api.w.org\/{rel}","templated":true}]}}