{"id":15125,"date":"2024-02-27T22:49:31","date_gmt":"2024-02-27T14:49:31","guid":{"rendered":"https:\/\/www.vape4wholesale.com\/?post_type=product&#038;p=15125"},"modified":"2026-01-26T13:41:29","modified_gmt":"2026-01-26T13:41:29","slug":"bang-18000-puffov-za-enkratno-uporabo-vape-na-debelo","status":"publish","type":"product","link":"https:\/\/www.vape4wholesale.com\/sl\/product\/bang-18000-puffs-disposable-vape-wholesale","title":{"rendered":"Bang 18000 Puffs za enkratno uporabo Vape na debelo"},"content":{"rendered":"<p>Bang 18000 Puffs Vape za enkratno uporabo ima dve razpolo\u017eenji (Regular &amp; Pulse), vsebuje 16 ml eliquida s 650mah akumulatorsko baterijo in je opremljen z 1,2 ohm mre\u017easto tuljavo.<\/p>\n<p>0\/20\/50 mg nikotina za izbiro, Naro\u010dite na debelo na\u0161 \u0161irok izbor 12 okusov Bang 18000 Puffs za na\u0161o najbolj\u0161o veleprodajno ceno in hitro dostavo!<\/p>\n<h2><strong>Bang 18000 Puffs Vape za enkratno uporabo Hitre podrobnosti<\/strong><\/h2>\n<ul>\n<li>Puffi: 18000<\/li>\n<li>Zmogljivost baterije: 650 mAh<\/li>\n<li>Volumen e-teko\u010dine: 16ml<\/li>\n<li>Vsebnost nikotina: 0\/20\/50 mg nikotinske soli<\/li>\n<li>Pakiranje: 10 kosov v 1 \u0161katli<\/li>\n<li>Zaslon Led Screen Display<\/li>\n<\/ul>\n<p>&nbsp;<\/p>\n<h2><strong>Razpolo\u017eljivi okusi<\/strong><\/h2>\n<ol>\n<li>Modri razz Lce<\/li>\n<li>Cherry Bomb<\/li>\n<li>Grozdni led<\/li>\n<li>So\u010dni breskov led<\/li>\n<li>breskev mango<\/li>\n<li>Kisli jabol\u010dni led<\/li>\n<li>Jagoda Banana<\/li>\n<li>Jagoda Mango<\/li>\n<li>Jagodna lubenica<\/li>\n<li>Trojni jagodni led<\/li>\n<li>Tropsko sadje<\/li>\n<li>Led iz lubenice<\/li>\n<\/ol>\n<h2><strong>Vsebina pakiranja:<\/strong><\/h2>\n<ul>\n<li>10 kosov \/ srednja \u0161katla.<\/li>\n<li>200 kosov\/karton<\/li>\n<li>26,0 kg \/ \u0161katla<\/li>\n<\/ul>\n<figure id=\"attachment_15139\" aria-describedby=\"caption-attachment-15139\" style=\"width: 800px\" class=\"wp-caption alignnone\"><img loading=\"lazy\" decoding=\"async\" class=\"size-full wp-image-15139\" title=\"Bang 18000 Puffs za enkratno uporabo Vape na debelo\" src=\"https:\/\/www.vape4wholesale.com\/wp-content\/uploads\/2024\/02\/Bang-18000-Puffs-Disposable-Vape-Wholesale-2.jpg\" alt=\"Bang 18000 Puffs za enkratno uporabo Vape na debelo\" width=\"800\" height=\"800\" srcset=\"https:\/\/www.vape4wholesale.com\/wp-content\/uploads\/2024\/02\/Bang-18000-Puffs-Disposable-Vape-Wholesale-2.jpg 800w, https:\/\/www.vape4wholesale.com\/wp-content\/uploads\/2024\/02\/Bang-18000-Puffs-Disposable-Vape-Wholesale-2-247x247.jpg 247w, https:\/\/www.vape4wholesale.com\/wp-content\/uploads\/2024\/02\/Bang-18000-Puffs-Disposable-Vape-Wholesale-2-100x100.jpg 100w, https:\/\/www.vape4wholesale.com\/wp-content\/uploads\/2024\/02\/Bang-18000-Puffs-Disposable-Vape-Wholesale-2-510x510.jpg 510w, https:\/\/www.vape4wholesale.com\/wp-content\/uploads\/2024\/02\/Bang-18000-Puffs-Disposable-Vape-Wholesale-2-64x64.jpg 64w, https:\/\/www.vape4wholesale.com\/wp-content\/uploads\/2024\/02\/Bang-18000-Puffs-Disposable-Vape-Wholesale-2-300x300.jpg 300w, https:\/\/www.vape4wholesale.com\/wp-content\/uploads\/2024\/02\/Bang-18000-Puffs-Disposable-Vape-Wholesale-2-150x150.jpg 150w, https:\/\/www.vape4wholesale.com\/wp-content\/uploads\/2024\/02\/Bang-18000-Puffs-Disposable-Vape-Wholesale-2-768x768.jpg 768w\" sizes=\"auto, (max-width: 800px) 100vw, 800px\" \/><figcaption id=\"caption-attachment-15139\" class=\"wp-caption-text\">Bang 18000 Puffs za enkratno uporabo Vape na debelo<\/figcaption><\/figure>\n<h2>ZAKAJ MI?<\/h2>\r\n<ul>\r\n<li>Resni\u010dni, zanesljivi in strokovni vir za vape.<\/li>\r\n<li>100% Originalno jamstvo: Zavra\u010damo ponarejanje: zagotavljamo samo originalne in pristne izdelke.<\/li>\r\n<li>100% Zagotovilo za dostavo: 100%: uporabljamo najbolj\u0161i na\u010din po\u0161iljanja, da zagotovimo, da prejmete naro\u010dilo 100%.<\/li>\r\n<li>Po odpremi vam bomo posredovali \u0161tevilko za sledenje in nalepko za po\u0161iljanje ter spremljali blago, dokler ga ne podpi\u0161ete.<\/li>\r\n<li>Brez carinskih te\u017eav, brez tarif<\/li>\r\n<\/ul>","protected":false},"excerpt":{"rendered":"<div class=\"wsppc_div_block woocommerce_before_add_to_cart_form\">\r\n<p><strong><span style=\"color: #00a859;\">Opraviti carinsko po\u0161to<\/span> pred dostavo &amp; 100% Garancija dostave, Dostava v pribli\u017eno 19\u201325 dneh.\u00a0<\/strong><\/p>\r\n<\/div>","protected":false},"featured_media":15142,"comment_status":"open","ping_status":"closed","template":"","meta":[],"pwb-brand":[1275],"product_cat":[872],"product_tag":[22,24,249,342,719],"class_list":{"0":"post-15125","1":"product","2":"type-product","3":"status-publish","4":"has-post-thumbnail","6":"pwb-brand-bang","7":"product_cat-15k-20k-puffs","8":"product_tag-disposable","9":"product_tag-wholesale","10":"product_tag-bang","11":"product_tag-16-0ml","12":"product_tag-18000-puffs","13":"wcpa_has_options","15":"first","16":"instock","17":"shipping-taxable","18":"purchasable","19":"product-type-variable"},"aioseo_notices":[],"brands":[{"id":1275,"name":"Bang","slug":"bang"}],"_links":{"self":[{"href":"https:\/\/www.vape4wholesale.com\/sl\/wp-json\/wp\/v2\/product\/15125","targetHints":{"allow":["GET"]}}],"collection":[{"href":"https:\/\/www.vape4wholesale.com\/sl\/wp-json\/wp\/v2\/product"}],"about":[{"href":"https:\/\/www.vape4wholesale.com\/sl\/wp-json\/wp\/v2\/types\/product"}],"replies":[{"embeddable":true,"href":"https:\/\/www.vape4wholesale.com\/sl\/wp-json\/wp\/v2\/comments?post=15125"}],"wp:featuredmedia":[{"embeddable":true,"href":"https:\/\/www.vape4wholesale.com\/sl\/wp-json\/wp\/v2\/media\/15142"}],"wp:attachment":[{"href":"https:\/\/www.vape4wholesale.com\/sl\/wp-json\/wp\/v2\/media?parent=15125"}],"wp:term":[{"taxonomy":"pwb-brand","embeddable":true,"href":"https:\/\/www.vape4wholesale.com\/sl\/wp-json\/wp\/v2\/pwb-brand?post=15125"},{"taxonomy":"product_cat","embeddable":true,"href":"https:\/\/www.vape4wholesale.com\/sl\/wp-json\/wp\/v2\/product_cat?post=15125"},{"taxonomy":"product_tag","embeddable":true,"href":"https:\/\/www.vape4wholesale.com\/sl\/wp-json\/wp\/v2\/product_tag?post=15125"}],"curies":[{"name":"wp","href":"https:\/\/api.w.org\/{rel}","templated":true}]}}