{"id":15101,"date":"2024-02-27T22:21:07","date_gmt":"2024-02-27T14:21:07","guid":{"rendered":"https:\/\/www.vape4wholesale.com\/?post_type=product&#038;p=15101"},"modified":"2026-01-26T13:41:31","modified_gmt":"2026-01-26T13:41:31","slug":"bang-15000-puffs-enkratno-vape-na-debelo","status":"publish","type":"product","link":"https:\/\/www.vape4wholesale.com\/sl\/product\/bang-15000-puffs-disposable-vape-wholesale","title":{"rendered":"Bang 15000 Puffs za enkratno uporabo Vape na debelo"},"content":{"rendered":"<p>Bang 15000 Puffs Vape za enkratno uporabo je opremljen z lepo oblikovanim zaslonom, ki prikazuje preostalo mo\u010d. in vsebuje 15ml eliquid, (nikotin 0\/20\/50mg) 500mAh akumulatorsko baterijo in tudi z 1.0ohm mre\u017eno tuljavo, Bulk order our wide 12 selection of Bang 15000 Puffs flavors for our best wholesale price and fast shipping!<\/p>\n<h2><strong>Bang 15000 Puffs Vape za enkratno uporabo Hitre podrobnosti<\/strong><\/h2>\n<ul>\n<li>Puffi: 15000<\/li>\n<li>Zmogljivost baterije: 500 mAh<\/li>\n<li>Volumen e-teko\u010dine: 15ml<\/li>\n<li>Vsebnost nikotina: 0\/20\/50mg<\/li>\n<li>Pakiranje: 10 kosov v 1 \u0161katli<\/li>\n<li>Zaslon Led Screen Display<\/li>\n<\/ul>\n<h2><strong>Razpolo\u017eljivi okusi<\/strong><\/h2>\n<ol>\n<li>Berry Blast<\/li>\n<li>Borovnica \u010ce\u0161nja Limona<\/li>\n<li>Zamrznitev borovnic<\/li>\n<li>Hladna meta<\/li>\n<li>Zamrznitev grozdja<\/li>\n<li>Peach Berry<\/li>\n<li>Zamrznitev breskev<\/li>\n<li>Kislo jabolko borovnica<\/li>\n<li>jagoda li\u010di<\/li>\n<li>Jagodna lubenica<\/li>\n<li>Tropsko sadje<\/li>\n<li>Led iz lubenice<\/li>\n<\/ol>\n<h2><strong>Vsebina pakiranja<\/strong><\/h2>\n<ul>\n<li>10 kosov \/ srednja \u0161katla.<\/li>\n<li>200 kosov\/karton<\/li>\n<li>23 kg\/karton<\/li>\n<\/ul>\n<figure id=\"attachment_15103\" aria-describedby=\"caption-attachment-15103\" style=\"width: 800px\" class=\"wp-caption alignnone\"><img loading=\"lazy\" decoding=\"async\" class=\"wp-image-15103 size-full\" title=\"Bang 15000 Puffs za enkratno uporabo Vape na debelo\" src=\"https:\/\/www.vape4wholesale.com\/wp-content\/uploads\/2024\/02\/Bang-15000-Disposable-Vape-Wholesale-1.jpg\" alt=\"Bang 15000 Puffs za enkratno uporabo Vape na debelo\" width=\"800\" height=\"800\" srcset=\"https:\/\/www.vape4wholesale.com\/wp-content\/uploads\/2024\/02\/Bang-15000-Disposable-Vape-Wholesale-1.jpg 800w, https:\/\/www.vape4wholesale.com\/wp-content\/uploads\/2024\/02\/Bang-15000-Disposable-Vape-Wholesale-1-247x247.jpg 247w, https:\/\/www.vape4wholesale.com\/wp-content\/uploads\/2024\/02\/Bang-15000-Disposable-Vape-Wholesale-1-100x100.jpg 100w, https:\/\/www.vape4wholesale.com\/wp-content\/uploads\/2024\/02\/Bang-15000-Disposable-Vape-Wholesale-1-510x510.jpg 510w\" sizes=\"auto, (max-width: 800px) 100vw, 800px\" \/><figcaption id=\"caption-attachment-15103\" class=\"wp-caption-text\">Bang 15000 Puffs za enkratno uporabo Vape na debelo<\/figcaption><\/figure>\n<h2>ZAKAJ MI?<\/h2>\r\n<ul>\r\n<li>Resni\u010dni, zanesljivi in strokovni vir za vape.<\/li>\r\n<li>100% Originalno jamstvo: Zavra\u010damo ponarejanje: zagotavljamo samo originalne in pristne izdelke.<\/li>\r\n<li>100% Zagotovilo za dostavo: 100%: uporabljamo najbolj\u0161i na\u010din po\u0161iljanja, da zagotovimo, da prejmete naro\u010dilo 100%.<\/li>\r\n<li>Po odpremi vam bomo posredovali \u0161tevilko za sledenje in nalepko za po\u0161iljanje ter spremljali blago, dokler ga ne podpi\u0161ete.<\/li>\r\n<li>Brez carinskih te\u017eav, brez tarif<\/li>\r\n<\/ul>","protected":false},"excerpt":{"rendered":"<div class=\"wsppc_div_block woocommerce_before_add_to_cart_form\">\r\n<p><strong><span style=\"color: #00a859;\">Clear customs<\/span> before delivery &amp; 100% Delivery Guarantee, Delivery in 19~25 days around.\u00a0<\/strong><\/p>\r\n<\/div>","protected":false},"featured_media":15110,"comment_status":"open","ping_status":"closed","template":"","meta":[],"pwb-brand":[1275],"product_cat":[872],"product_tag":[684,22,24,233,249],"class_list":{"0":"post-15101","1":"product","2":"type-product","3":"status-publish","4":"has-post-thumbnail","6":"pwb-brand-bang","7":"product_cat-15k-20k-puffs","8":"product_tag-15000-puffs","9":"product_tag-disposable","10":"product_tag-wholesale","11":"product_tag-15-0ml","12":"product_tag-bang","13":"wcpa_has_options","15":"first","16":"instock","17":"shipping-taxable","18":"purchasable","19":"product-type-variable"},"aioseo_notices":[],"brands":[{"id":1275,"name":"Bang","slug":"bang"}],"_links":{"self":[{"href":"https:\/\/www.vape4wholesale.com\/sl\/wp-json\/wp\/v2\/product\/15101","targetHints":{"allow":["GET"]}}],"collection":[{"href":"https:\/\/www.vape4wholesale.com\/sl\/wp-json\/wp\/v2\/product"}],"about":[{"href":"https:\/\/www.vape4wholesale.com\/sl\/wp-json\/wp\/v2\/types\/product"}],"replies":[{"embeddable":true,"href":"https:\/\/www.vape4wholesale.com\/sl\/wp-json\/wp\/v2\/comments?post=15101"}],"wp:featuredmedia":[{"embeddable":true,"href":"https:\/\/www.vape4wholesale.com\/sl\/wp-json\/wp\/v2\/media\/15110"}],"wp:attachment":[{"href":"https:\/\/www.vape4wholesale.com\/sl\/wp-json\/wp\/v2\/media?parent=15101"}],"wp:term":[{"taxonomy":"pwb-brand","embeddable":true,"href":"https:\/\/www.vape4wholesale.com\/sl\/wp-json\/wp\/v2\/pwb-brand?post=15101"},{"taxonomy":"product_cat","embeddable":true,"href":"https:\/\/www.vape4wholesale.com\/sl\/wp-json\/wp\/v2\/product_cat?post=15101"},{"taxonomy":"product_tag","embeddable":true,"href":"https:\/\/www.vape4wholesale.com\/sl\/wp-json\/wp\/v2\/product_tag?post=15101"}],"curies":[{"name":"wp","href":"https:\/\/api.w.org\/{rel}","templated":true}]}}