{"id":15012,"date":"2024-01-17T14:31:05","date_gmt":"2024-01-17T06:31:05","guid":{"rendered":"https:\/\/www.vape4wholesale.com\/?post_type=product&#038;p=15012"},"modified":"2026-03-27T10:12:39","modified_gmt":"2026-03-27T02:12:39","slug":"vapme-kristal-7000-puffs-enkratno-vape-debelo","status":"publish","type":"product","link":"https:\/\/www.vape4wholesale.com\/sl\/product\/vapme-crystal-7000-puffs-disposable-vape-wholesale","title":{"rendered":"Vapme Crystal 7000 Puffs za enkratno uporabo Vape na debelo"},"content":{"rendered":"<p>Vapme Crystal 7000 je lepo oblikovan vape za enkratno uporabo, ima kul grafiko in prozoren zunanji pokrov, 650mah akumulatorsko baterijo in 14ml eliquid, podpira do 7000 Puffs.<\/p>\n<p>0%\/2%\/3%\/5% nikotin za izbiro, Naro\u010dite na debelo na\u0161 \u0161irok izbor 18 okusov Vapme Crystal 7000 za na\u0161o najbolj\u0161o veleprodajno ceno in hitro dostavo!<\/p>\n<h2><strong>Vapme Crystal 7000 Puffs Vape za enkratno uporabo Hitre podrobnosti:<\/strong><\/h2>\n<ul>\n<li>Puffi: 7000<\/li>\n<li>Zmogljivost baterije: 650 mAh<\/li>\n<li>Volumen e-teko\u010dine: 14ml<\/li>\n<li>Vsebnost nikotina: 2%\/\/5% Nikotinska sol<\/li>\n<li>Pakiranje: 10 kosov v 1 \u0161katli<\/li>\n<\/ul>\n<h2><strong>Razpolo\u017eljivi okusi<\/strong><\/h2>\n<table style=\"border-collapse: collapse;width: 214.53pt\" border=\"0\" width=\"286\" cellspacing=\"0\" cellpadding=\"0\">\n<tbody>\n<tr style=\"height: 15.75pt\">\n<td class=\"et2\" style=\"height: 15.75pt;width: 214.50pt\" width=\"286\" height=\"21\">Modra limonada Razz<\/td>\n<\/tr>\n<tr style=\"height: 15.75pt\">\n<td class=\"et2\" style=\"height: 15.75pt\" height=\"21\">Borovnica malina<\/td>\n<\/tr>\n<tr style=\"height: 15.75pt\">\n<td class=\"et2\" style=\"height: 15.75pt\" height=\"21\">Cherry Cola<\/td>\n<\/tr>\n<tr style=\"height: 15.75pt\">\n<td class=\"et2\" style=\"height: 15.75pt\" height=\"21\">Cherry Ice<\/td>\n<\/tr>\n<tr style=\"height: 15.75pt\">\n<td class=\"et2\" style=\"height: 15.75pt\" height=\"21\">Energijski napitek<\/td>\n<\/tr>\n<tr style=\"height: 15.75pt\">\n<td class=\"et2\" style=\"height: 15.75pt\" height=\"21\">Grozdno jagodi\u010devje<\/td>\n<\/tr>\n<tr style=\"height: 15.75pt\">\n<td class=\"et2\" style=\"height: 15.75pt\" height=\"21\">Kivi Pasijonka Guava<\/td>\n<\/tr>\n<tr style=\"height: 15.75pt\">\n<td class=\"et2\" style=\"height: 15.75pt\" height=\"21\">Pasijonka Melon Ice<\/td>\n<\/tr>\n<tr style=\"height: 15.75pt\">\n<td class=\"et2\" style=\"height: 15.75pt\" height=\"21\">Ledena breskev<\/td>\n<\/tr>\n<tr style=\"height: 15.75pt\">\n<td class=\"et2\" style=\"height: 15.75pt\" height=\"21\">Breskev Mango Ananas<\/td>\n<\/tr>\n<tr style=\"height: 15.75pt\">\n<td class=\"et2\" style=\"height: 15.75pt\" height=\"21\">Jagoda Banana<\/td>\n<\/tr>\n<tr style=\"height: 15.75pt\">\n<td class=\"et2\" style=\"height: 15.75pt\" height=\"21\">Jagodni led<\/td>\n<\/tr>\n<tr style=\"height: 15.75pt\">\n<td class=\"et2\" style=\"height: 15.75pt\" height=\"21\">jagoda kivi<\/td>\n<\/tr>\n<tr style=\"height: 15.75pt\">\n<td class=\"et2\" style=\"height: 15.75pt\" height=\"21\">Jagoda Mango<\/td>\n<\/tr>\n<tr style=\"height: 15.75pt\">\n<td class=\"et2\" style=\"height: 15.75pt\" height=\"21\">Jagodno-malinova sladkarija<\/td>\n<\/tr>\n<tr style=\"height: 15.75pt\">\n<td class=\"et2\" style=\"height: 15.75pt\" height=\"21\">Jagoda lubenica Bubblegum<\/td>\n<\/tr>\n<tr style=\"height: 15.75pt\">\n<td class=\"et2\" style=\"height: 15.75pt\" height=\"21\">Trojni mango<\/td>\n<\/tr>\n<tr style=\"height: 15.75pt\">\n<td class=\"et2\" style=\"height: 15.75pt\" height=\"21\">Led iz lubenice<\/td>\n<\/tr>\n<\/tbody>\n<\/table>\n<h2><strong>Vsebina pakiranja:<\/strong><\/h2>\n<ul>\n<li>10 kosov \/ srednja \u0161katla.<\/li>\n<li>200 kosov\/karton<\/li>\n<li>17,5 kg \/ \u0161katla<\/li>\n<li>Velikost \u0161katle: 36,5 * 36,7 * 31,5 cm<\/li>\n<\/ul>\n<figure id=\"attachment_15026\" aria-describedby=\"caption-attachment-15026\" style=\"width: 800px\" class=\"wp-caption alignnone\"><img loading=\"lazy\" decoding=\"async\" class=\"wp-image-15026 size-full\" title=\"Vapme Crystal 7000 Puffs za enkratno uporabo Vape na debelo (13)\" src=\"https:\/\/www.vape4wholesale.com\/wp-content\/uploads\/2024\/01\/Vapme-Crystal-7000-Puffs-Disposable-Vape-Wholesale-13.jpg\" alt=\"Vapme Crystal 7000 Puffs za enkratno uporabo Vape na debelo (13)\" width=\"800\" height=\"800\" srcset=\"https:\/\/www.vape4wholesale.com\/wp-content\/uploads\/2024\/01\/Vapme-Crystal-7000-Puffs-Disposable-Vape-Wholesale-13.jpg 800w, https:\/\/www.vape4wholesale.com\/wp-content\/uploads\/2024\/01\/Vapme-Crystal-7000-Puffs-Disposable-Vape-Wholesale-13-247x247.jpg 247w, https:\/\/www.vape4wholesale.com\/wp-content\/uploads\/2024\/01\/Vapme-Crystal-7000-Puffs-Disposable-Vape-Wholesale-13-100x100.jpg 100w, https:\/\/www.vape4wholesale.com\/wp-content\/uploads\/2024\/01\/Vapme-Crystal-7000-Puffs-Disposable-Vape-Wholesale-13-510x510.jpg 510w, https:\/\/www.vape4wholesale.com\/wp-content\/uploads\/2024\/01\/Vapme-Crystal-7000-Puffs-Disposable-Vape-Wholesale-13-64x64.jpg 64w, https:\/\/www.vape4wholesale.com\/wp-content\/uploads\/2024\/01\/Vapme-Crystal-7000-Puffs-Disposable-Vape-Wholesale-13-300x300.jpg 300w, https:\/\/www.vape4wholesale.com\/wp-content\/uploads\/2024\/01\/Vapme-Crystal-7000-Puffs-Disposable-Vape-Wholesale-13-150x150.jpg 150w, https:\/\/www.vape4wholesale.com\/wp-content\/uploads\/2024\/01\/Vapme-Crystal-7000-Puffs-Disposable-Vape-Wholesale-13-768x768.jpg 768w\" sizes=\"auto, (max-width: 800px) 100vw, 800px\" \/><figcaption id=\"caption-attachment-15026\" class=\"wp-caption-text\">Vapme Crystal 7000 Puffs za enkratno uporabo Vape na debelo<\/figcaption><\/figure>\n<h2>ZAKAJ MI?<\/h2>\r\n<ul>\r\n<li>Resni\u010dni, zanesljivi in strokovni vir za vape.<\/li>\r\n<li>100% Originalno jamstvo: Zavra\u010damo ponarejanje: zagotavljamo samo originalne in pristne izdelke.<\/li>\r\n<li>100% Zagotovilo za dostavo: 100%: uporabljamo najbolj\u0161i na\u010din po\u0161iljanja, da zagotovimo, da prejmete naro\u010dilo 100%.<\/li>\r\n<li>Po odpremi vam bomo posredovali \u0161tevilko za sledenje in nalepko za po\u0161iljanje ter spremljali blago, dokler ga ne podpi\u0161ete.<\/li>\r\n<li>Brez carinskih te\u017eav, brez tarif<\/li>\r\n<\/ul>","protected":false},"excerpt":{"rendered":"<div class=\"wsppc_div_block woocommerce_before_add_to_cart_form\">\r\n<p><strong><span style=\"color: #00a859;\">Opraviti carinsko po\u0161to<\/span> pred dostavo &amp; 100% Garancija dostave, Dostava v pribli\u017eno 19\u201325 dneh.\u00a0<\/strong><\/p>\r\n<\/div>\n<p><span style=\"color: #ed1c24\"><strong>Ta izdelek se ne prodaja\/po\u0161ilja na Nizozemsko<\/strong><\/span><\/p>","protected":false},"featured_media":15013,"comment_status":"open","ping_status":"closed","template":"","meta":[],"pwb-brand":[1290],"product_cat":[869],"product_tag":[22,24,177,178,696],"class_list":{"0":"post-15012","1":"product","2":"type-product","3":"status-publish","4":"has-post-thumbnail","6":"pwb-brand-vapme","7":"product_cat-5000-8000-puffs","8":"product_tag-disposable","9":"product_tag-wholesale","10":"product_tag-14-0ml","11":"product_tag-7000-puffs","12":"product_tag-vapme","13":"wcpa_has_options","15":"first","16":"outofstock","17":"shipping-taxable","18":"purchasable","19":"product-type-variable"},"aioseo_notices":[],"brands":[{"id":1290,"name":"Vapme","slug":"vapme"}],"_links":{"self":[{"href":"https:\/\/www.vape4wholesale.com\/sl\/wp-json\/wp\/v2\/product\/15012","targetHints":{"allow":["GET"]}}],"collection":[{"href":"https:\/\/www.vape4wholesale.com\/sl\/wp-json\/wp\/v2\/product"}],"about":[{"href":"https:\/\/www.vape4wholesale.com\/sl\/wp-json\/wp\/v2\/types\/product"}],"replies":[{"embeddable":true,"href":"https:\/\/www.vape4wholesale.com\/sl\/wp-json\/wp\/v2\/comments?post=15012"}],"wp:featuredmedia":[{"embeddable":true,"href":"https:\/\/www.vape4wholesale.com\/sl\/wp-json\/wp\/v2\/media\/15013"}],"wp:attachment":[{"href":"https:\/\/www.vape4wholesale.com\/sl\/wp-json\/wp\/v2\/media?parent=15012"}],"wp:term":[{"taxonomy":"pwb-brand","embeddable":true,"href":"https:\/\/www.vape4wholesale.com\/sl\/wp-json\/wp\/v2\/pwb-brand?post=15012"},{"taxonomy":"product_cat","embeddable":true,"href":"https:\/\/www.vape4wholesale.com\/sl\/wp-json\/wp\/v2\/product_cat?post=15012"},{"taxonomy":"product_tag","embeddable":true,"href":"https:\/\/www.vape4wholesale.com\/sl\/wp-json\/wp\/v2\/product_tag?post=15012"}],"curies":[{"name":"wp","href":"https:\/\/api.w.org\/{rel}","templated":true}]}}