{"id":14866,"date":"2024-01-05T21:39:54","date_gmt":"2024-01-05T13:39:54","guid":{"rendered":"https:\/\/www.vape4wholesale.com\/?post_type=product&#038;p=14866"},"modified":"2026-01-26T13:41:45","modified_gmt":"2026-01-26T13:41:45","slug":"vapme-shisha-hookah-15000-puffs-enkratno-vape-debelo","status":"publish","type":"product","link":"https:\/\/www.vape4wholesale.com\/sl\/product\/vapme-shisha-hookah-15000-puffs-disposable-vape-wholesale","title":{"rendered":"Vapme Shisha Hookah 15000 Puffs za enkratno uporabo Vape na debelo"},"content":{"rendered":"<p>. <strong>Vapme Shisha Hookah<\/strong> 15000 je ena od DTL vape naprav, ki ima velik par z odli\u010dnim okusom, zgrajena je z 0,6\u03a9 atomizerjem, 25ml eliquid z 2% nikotinsko mo\u010djo. podpira do 15000 puffov, ko je popolnoma napolnjen, imate lahko odli\u010dno izku\u0161njo vapinga.<\/p>\n<p>Veleprodajno naro\u010dite na\u0161o \u0161iroko 12 izbiro Vapme SHISHA Hookah 15000 okusov za na\u0161o najbolj\u0161o veleprodajno ceno in hitro dostavo!<\/p>\n<h2><strong>Vapeme Shisha Hookah 15000 Hitre podrobnosti:<\/strong><\/h2>\n<ul>\n<li>Puffs: 15000 Puffs<\/li>\n<li>Nikotin: 0%, 2%<\/li>\n<li>Kapaciteta e-sijaja: 25 ML<\/li>\n<li>Baterija: 650 mAh ( za polnjenje )<\/li>\n<li>Polnilni priklju\u010dek: Tip C<\/li>\n<li>Odpornost: 0.6\u03a9<\/li>\n<\/ul>\n<h2><strong>Na voljo so okusi\uff1a<\/strong><\/h2>\n<ol>\n<li>Borovnice na ledu<\/li>\n<li>Kivi Pasijonka Guava<\/li>\n<li>Modra limonada Razz<\/li>\n<li>jagoda kivi<\/li>\n<li>Me\u0161ano jagodi\u010devje<\/li>\n<li>Jagodna lubenica<\/li>\n<li>Grozdni led<\/li>\n<li>Led iz lubenice<\/li>\n<li>Breskev Mango Ananas<\/li>\n<li>Jagodni led<\/li>\n<li>Ledena breskev<\/li>\n<li>Mango banana<\/li>\n<li>Cherry Berry<\/li>\n<li>Borovnica malina<\/li>\n<li>Ljubezen 66<\/li>\n<li>Arbuza Bull<\/li>\n<li>jagoda grozdje<\/li>\n<li>Jagodno-malinova sladkarija<\/li>\n<li>Mamba<\/li>\n<li>lubenica \u010ce\u0161nja<\/li>\n<li>Zamrznjeno jabolko<\/li>\n<li>Citronska meta<\/li>\n<li>Led iz \u010drnega ribeza<\/li>\n<li>Ananasov koktajl<\/li>\n<\/ol>\n<h2><strong>Vsebina pakiranja:<\/strong><\/h2>\n<ul>\n<li>10 kosov \/ srednja \u0161katla.<\/li>\n<li>200 kosov\/karton<\/li>\n<li>21 kg\/karton<\/li>\n<li>Velikost \u0161katle: 39,5 * 39 * 30,5 cm<\/li>\n<\/ul>\n<figure id=\"attachment_14888\" aria-describedby=\"caption-attachment-14888\" style=\"width: 800px\" class=\"wp-caption alignnone\"><img loading=\"lazy\" decoding=\"async\" class=\"size-full wp-image-14888\" title=\"Vapme Shisha Hookah 15000 Puffs za enkratno uporabo Vape na debelo (10)\" src=\"https:\/\/www.vape4wholesale.com\/wp-content\/uploads\/2024\/01\/Vapme-Shisha-Hookah-15000-Puffs-Disposable-Vape-Wholesale-10.jpg\" alt=\"Vapme Shisha Hookah 15000 Puffs za enkratno uporabo Vape na debelo (10)\" width=\"800\" height=\"800\" srcset=\"https:\/\/www.vape4wholesale.com\/wp-content\/uploads\/2024\/01\/Vapme-Shisha-Hookah-15000-Puffs-Disposable-Vape-Wholesale-10.jpg 800w, https:\/\/www.vape4wholesale.com\/wp-content\/uploads\/2024\/01\/Vapme-Shisha-Hookah-15000-Puffs-Disposable-Vape-Wholesale-10-247x247.jpg 247w, https:\/\/www.vape4wholesale.com\/wp-content\/uploads\/2024\/01\/Vapme-Shisha-Hookah-15000-Puffs-Disposable-Vape-Wholesale-10-100x100.jpg 100w, https:\/\/www.vape4wholesale.com\/wp-content\/uploads\/2024\/01\/Vapme-Shisha-Hookah-15000-Puffs-Disposable-Vape-Wholesale-10-510x510.jpg 510w, https:\/\/www.vape4wholesale.com\/wp-content\/uploads\/2024\/01\/Vapme-Shisha-Hookah-15000-Puffs-Disposable-Vape-Wholesale-10-64x64.jpg 64w, https:\/\/www.vape4wholesale.com\/wp-content\/uploads\/2024\/01\/Vapme-Shisha-Hookah-15000-Puffs-Disposable-Vape-Wholesale-10-300x300.jpg 300w, https:\/\/www.vape4wholesale.com\/wp-content\/uploads\/2024\/01\/Vapme-Shisha-Hookah-15000-Puffs-Disposable-Vape-Wholesale-10-150x150.jpg 150w, https:\/\/www.vape4wholesale.com\/wp-content\/uploads\/2024\/01\/Vapme-Shisha-Hookah-15000-Puffs-Disposable-Vape-Wholesale-10-768x768.jpg 768w\" sizes=\"auto, (max-width: 800px) 100vw, 800px\" \/><figcaption id=\"caption-attachment-14888\" class=\"wp-caption-text\">Vapme Shisha Hookah 15000 Puffs za enkratno uporabo Vape na debelo<\/figcaption><\/figure>\n<h2>ZAKAJ MI?<\/h2>\r\n<ul>\r\n<li>Resni\u010dni, zanesljivi in strokovni vir za vape.<\/li>\r\n<li>100% Originalno jamstvo: Zavra\u010damo ponarejanje: zagotavljamo samo originalne in pristne izdelke.<\/li>\r\n<li>100% Zagotovilo za dostavo: 100%: uporabljamo najbolj\u0161i na\u010din po\u0161iljanja, da zagotovimo, da prejmete naro\u010dilo 100%.<\/li>\r\n<li>Po odpremi vam bomo posredovali \u0161tevilko za sledenje in nalepko za po\u0161iljanje ter spremljali blago, dokler ga ne podpi\u0161ete.<\/li>\r\n<li>Brez carinskih te\u017eav, brez tarif<\/li>\r\n<\/ul>","protected":false},"excerpt":{"rendered":"<div class=\"wsppc_div_block woocommerce_before_add_to_cart_form\">\r\n<p><strong><span style=\"color: #00a859;\">Opraviti carinsko po\u0161to<\/span> pred dostavo &amp; 100% Garancija dostave, Dostava v pribli\u017eno 19\u201325 dneh.\u00a0<\/strong><\/p>\r\n<\/div>","protected":false},"featured_media":14893,"comment_status":"open","ping_status":"closed","template":"","meta":[],"pwb-brand":[1290],"product_cat":[872],"product_tag":[24,684,692,696,22],"class_list":{"0":"post-14866","1":"product","2":"type-product","3":"status-publish","4":"has-post-thumbnail","6":"pwb-brand-vapme","7":"product_cat-15k-20k-puffs","8":"product_tag-wholesale","9":"product_tag-15000-puffs","10":"product_tag-25-0ml","11":"product_tag-vapme","12":"product_tag-disposable","13":"wcpa_has_options","15":"first","16":"outofstock","17":"shipping-taxable","18":"purchasable","19":"product-type-variable"},"aioseo_notices":[],"brands":[{"id":1290,"name":"Vapme","slug":"vapme"}],"_links":{"self":[{"href":"https:\/\/www.vape4wholesale.com\/sl\/wp-json\/wp\/v2\/product\/14866","targetHints":{"allow":["GET"]}}],"collection":[{"href":"https:\/\/www.vape4wholesale.com\/sl\/wp-json\/wp\/v2\/product"}],"about":[{"href":"https:\/\/www.vape4wholesale.com\/sl\/wp-json\/wp\/v2\/types\/product"}],"replies":[{"embeddable":true,"href":"https:\/\/www.vape4wholesale.com\/sl\/wp-json\/wp\/v2\/comments?post=14866"}],"wp:featuredmedia":[{"embeddable":true,"href":"https:\/\/www.vape4wholesale.com\/sl\/wp-json\/wp\/v2\/media\/14893"}],"wp:attachment":[{"href":"https:\/\/www.vape4wholesale.com\/sl\/wp-json\/wp\/v2\/media?parent=14866"}],"wp:term":[{"taxonomy":"pwb-brand","embeddable":true,"href":"https:\/\/www.vape4wholesale.com\/sl\/wp-json\/wp\/v2\/pwb-brand?post=14866"},{"taxonomy":"product_cat","embeddable":true,"href":"https:\/\/www.vape4wholesale.com\/sl\/wp-json\/wp\/v2\/product_cat?post=14866"},{"taxonomy":"product_tag","embeddable":true,"href":"https:\/\/www.vape4wholesale.com\/sl\/wp-json\/wp\/v2\/product_tag?post=14866"}],"curies":[{"name":"wp","href":"https:\/\/api.w.org\/{rel}","templated":true}]}}