{"id":14819,"date":"2023-12-29T10:12:43","date_gmt":"2023-12-29T02:12:43","guid":{"rendered":"https:\/\/www.vape4wholesale.com\/?post_type=product&#038;p=14819"},"modified":"2026-01-26T13:41:47","modified_gmt":"2026-01-26T13:41:47","slug":"bang-tn12000-za-enkratno-uporabo-vape-na-debelo","status":"publish","type":"product","link":"https:\/\/www.vape4wholesale.com\/sl\/product\/bang-tn12000-disposable-vape-wholesale","title":{"rendered":"Bang TN12000 Vape za enkratno uporabo na debelo"},"content":{"rendered":"<p>Bang TN12000 je edinstven dizajn za enkratno uporabo, Izgleda kot \u0161portna steklenica za vodo nosi kavelj in prihaja v 10 \u010dudovitih okusih! z baterijo za polnjenje 600 mah in s 25 ml eliquida, podpira do 12000 puffs.<\/p>\n<h2>Bang TE12000 Vape Specifikacije:<\/h2>\n<p>Puffs: Do 12000<br \/>\nZmogljivost: 25 ml<br \/>\nNikotin: 0% \/2% \/3% \/ 5%<br \/>\nBaterija: 600mah akumulatorska baterija<br \/>\nTe\u017ea: 100g\/PCS<br \/>\nKoli\u010dina \/ \u0161katla: 200 kosov \/ \u0161katla<br \/>\nBruto te\u017ea: 20 kg\/\u0161katla<\/p>\n<h2>Okusi:<\/h2>\n<p>Borovnice malina led<br \/>\nJagoda Mango<br \/>\nJagoda Banana<br \/>\nLed iz lubenice<br \/>\nGospod Modri<br \/>\nGrozdni led<br \/>\nHladna meta<br \/>\nMe\u0161ano sadje<br \/>\njagoda li\u010di<br \/>\nJagodni led<br \/>\nLedena breskev<br \/>\nlubenica jagoda<\/p>\n<p><img loading=\"lazy\" decoding=\"async\" class=\"alignnone size-full wp-image-14840\" title=\"Bang TN12000 Vape za enkratno uporabo\" src=\"https:\/\/www.vape4wholesale.com\/wp-content\/uploads\/2023\/12\/Bang-TN12000-Disposable-Vape.jpg\" alt=\"Bang TN12000 Vape za enkratno uporabo\" width=\"800\" height=\"574\" srcset=\"https:\/\/www.vape4wholesale.com\/wp-content\/uploads\/2023\/12\/Bang-TN12000-Disposable-Vape.jpg 800w, https:\/\/www.vape4wholesale.com\/wp-content\/uploads\/2023\/12\/Bang-TN12000-Disposable-Vape-510x366.jpg 510w, https:\/\/www.vape4wholesale.com\/wp-content\/uploads\/2023\/12\/Bang-TN12000-Disposable-Vape-64x46.jpg 64w, https:\/\/www.vape4wholesale.com\/wp-content\/uploads\/2023\/12\/Bang-TN12000-Disposable-Vape-300x215.jpg 300w, https:\/\/www.vape4wholesale.com\/wp-content\/uploads\/2023\/12\/Bang-TN12000-Disposable-Vape-768x551.jpg 768w\" sizes=\"auto, (max-width: 800px) 100vw, 800px\" \/><\/p>\n<h2>ZAKAJ MI?<\/h2>\r\n<ul>\r\n<li>Resni\u010dni, zanesljivi in strokovni vir za vape.<\/li>\r\n<li>100% Originalno jamstvo: Zavra\u010damo ponarejanje: zagotavljamo samo originalne in pristne izdelke.<\/li>\r\n<li>100% Zagotovilo za dostavo: 100%: uporabljamo najbolj\u0161i na\u010din po\u0161iljanja, da zagotovimo, da prejmete naro\u010dilo 100%.<\/li>\r\n<li>Po odpremi vam bomo posredovali \u0161tevilko za sledenje in nalepko za po\u0161iljanje ter spremljali blago, dokler ga ne podpi\u0161ete.<\/li>\r\n<li>Brez carinskih te\u017eav, brez tarif<\/li>\r\n<\/ul>\n<p>&nbsp;<\/p>","protected":false},"excerpt":{"rendered":"<div class=\"wsppc_div_block woocommerce_before_add_to_cart_form\">\r\n<p><strong><span style=\"color: #00a859;\">Opraviti carinsko po\u0161to<\/span> pred dostavo &amp; 100% Garancija dostave, Dostava v pribli\u017eno 19\u201325 dneh.\u00a0<\/strong><\/p>\r\n<\/div>","protected":false},"featured_media":14838,"comment_status":"open","ping_status":"closed","template":"","meta":[],"pwb-brand":[1275],"product_cat":[871],"product_tag":[22,24,249,556,692],"class_list":{"0":"post-14819","1":"product","2":"type-product","3":"status-publish","4":"has-post-thumbnail","6":"pwb-brand-bang","7":"product_cat-10-15k-puffs","8":"product_tag-disposable","9":"product_tag-wholesale","10":"product_tag-bang","11":"product_tag-12000-puffs","12":"product_tag-25-0ml","13":"wcpa_has_options","15":"first","16":"outofstock","17":"shipping-taxable","18":"purchasable","19":"product-type-variable"},"aioseo_notices":[],"brands":[{"id":1275,"name":"Bang","slug":"bang"}],"_links":{"self":[{"href":"https:\/\/www.vape4wholesale.com\/sl\/wp-json\/wp\/v2\/product\/14819","targetHints":{"allow":["GET"]}}],"collection":[{"href":"https:\/\/www.vape4wholesale.com\/sl\/wp-json\/wp\/v2\/product"}],"about":[{"href":"https:\/\/www.vape4wholesale.com\/sl\/wp-json\/wp\/v2\/types\/product"}],"replies":[{"embeddable":true,"href":"https:\/\/www.vape4wholesale.com\/sl\/wp-json\/wp\/v2\/comments?post=14819"}],"wp:featuredmedia":[{"embeddable":true,"href":"https:\/\/www.vape4wholesale.com\/sl\/wp-json\/wp\/v2\/media\/14838"}],"wp:attachment":[{"href":"https:\/\/www.vape4wholesale.com\/sl\/wp-json\/wp\/v2\/media?parent=14819"}],"wp:term":[{"taxonomy":"pwb-brand","embeddable":true,"href":"https:\/\/www.vape4wholesale.com\/sl\/wp-json\/wp\/v2\/pwb-brand?post=14819"},{"taxonomy":"product_cat","embeddable":true,"href":"https:\/\/www.vape4wholesale.com\/sl\/wp-json\/wp\/v2\/product_cat?post=14819"},{"taxonomy":"product_tag","embeddable":true,"href":"https:\/\/www.vape4wholesale.com\/sl\/wp-json\/wp\/v2\/product_tag?post=14819"}],"curies":[{"name":"wp","href":"https:\/\/api.w.org\/{rel}","templated":true}]}}