{"id":14666,"date":"2023-11-16T22:35:59","date_gmt":"2023-11-16T14:35:59","guid":{"rendered":"https:\/\/www.vape4wholesale.com\/?post_type=product&#038;p=14666"},"modified":"2026-01-26T13:41:51","modified_gmt":"2026-01-26T13:41:51","slug":"elf-bar-bc10000-za-enkratno-uporabo-vape-na-debelo","status":"publish","type":"product","link":"https:\/\/www.vape4wholesale.com\/sl\/product\/elf-bar-bc10000-disposable-vape-wholesale","title":{"rendered":"Elf Bar BC10000 Vape za enkratno uporabo na debelo"},"content":{"rendered":"<p>ELF BAR BC10000 je lepo oblikovan zmogljiv vape s funkcijo prikaza teko\u010dine in mo\u010di, vsebuje 18 ml 5% nikotinske soli, 650 mAh akumulatorsko baterijo in je zgrajen z mre\u017easto tuljavo.<\/p>\n<p>Spreminja pravila igre v svetu vapinga za enkratno uporabo, saj ponuja neverjetnih 10.000 izpihov za dalj\u0161o in zadovoljujo\u010do izku\u0161njo vapinga. Z velikim volumnom 18ML e-teko\u010dine se lahko prepustite svojim najljub\u0161im okusom brez te\u017eav z nenehnim polnjenjem. Priklju\u010dek za polnjenje tipa C zagotavlja hitro in priro\u010dno polnjenje, Zaradi mo\u017enosti hitrega polnjenja v 15-20 minutah je \u010das izpada minimalen, tako da se lahko v hipu vrnete k vapljanju. Poganja ga robustna baterija s kapaciteto 620 mAh.<\/p>\n<p>BC10000 je izdelan tako, da zdr\u017ei, zato je najbolj\u0161a izbira za vaperje, ki i\u0161\u010dejo zanesljiv in opremljen vape za enkratno uporabo, saj vam zagotavlja, da ste vedno pripravljeni u\u017eivati v \u017eeleni jakosti nikotina 50MG. Vklju\u010ditev visoko zmogljive mre\u017easte tuljave dvigne proizvodnjo okusa na povsem novo raven, saj zagotavlja bogat in poglobljen okus ob vsakem vdihu. Njegova nova vrhunska zasnova je zdaj \u0161e privla\u010dnej\u0161a kot prej.<\/p>\n<p>BC10000 odlikuje pametni zaslon LED, ki ne ka\u017ee le mo\u010di baterije, temve\u010d zaznava tudi raven e-teko\u010dine, s \u010dimer zagotavlja, da ste seznanjeni z obema klju\u010dnima vidikoma za neprekinjen u\u017eitek pri vapingu. Ne glede na to, ali ste izku\u0161eni vaper ali \u0161ele za\u010denjate, ELF BAR BC10000 vam obljublja izjemno in brezskrbno izku\u0161njo vapljanja. S to izjemno napravo, ki zdru\u017euje inovativnost, slog in zmogljivost v enem kompaktnem paketu, boste izbolj\u0161ali svojo pot vapljanja. Z napravo ELFBAR BC10000 izkusite prihodnost vapinga za enkratno uporabo.<\/p>\n<h2><strong>Elf Bar BC10000 Lastnosti:<\/strong><\/h2>\n<ul>\n<li>Puffs: 10000 Puffs<\/li>\n<li>Volumen e-teko\u010dine: 18ML<\/li>\n<li>Baterija: 650 mAh za polnjenje s tipom C<\/li>\n<li>Mo\u010d nikotina: 50MG<\/li>\n<li>Navijalka: Mre\u017easta tuljava<\/li>\n<li>Hitro polnjenje: 15-20 minut<\/li>\n<li>Led zaslon za prikaz odstotka baterije in e-teko\u010dine<\/li>\n<li>Blagovna znamka: ELF BAR<\/li>\n<\/ul>\n<h2><strong>Na voljo so okusi:<\/strong><\/h2>\n<ol>\n<li>Aloe grozdje<\/li>\n<li>Bananin sladoled<\/li>\n<li>Modra sladkorna bomba\u017e<\/li>\n<li>Modra malina Ice<\/li>\n<li>Borovni\u010deva meta<\/li>\n<li>Grozdni led<\/li>\n<li>Zeleno jabolko<\/li>\n<li>Ledena meta<\/li>\n<li>Mentol<\/li>\n<li>Me\u0161ano sadje<\/li>\n<li>lubenica breskev mango<\/li>\n<li>Breskev malina<\/li>\n<li>Banana jagoda<\/li>\n<li>\u00a0Kivi jagoda<\/li>\n<li>mango jagoda<\/li>\n<li>Jagodna lubenica<\/li>\n<li>Lubeni\u010dni \u017eve\u010dilni gumi<\/li>\n<li>Led iz lubenice<\/li>\n<li>Jagodni led<\/li>\n<li>breskev mango<\/li>\n<li>Dvojni mango<\/li>\n<\/ol>\n<h2>Pakiranje in te\u017ea<\/h2>\n<p>200 kosov \/ \u0161katla \/ 23 kg<\/p>\n<p><img loading=\"lazy\" decoding=\"async\" class=\"alignnone size-full wp-image-14690\" title=\"Elf Bar BC10000 Vape za enkratno uporabo na debelo\" src=\"https:\/\/www.vape4wholesale.com\/wp-content\/uploads\/2023\/11\/Elf-Bar-BC10000-Disposable-Vape-Wholesale.jpg\" alt=\"Elf Bar BC10000 Vape za enkratno uporabo na debelo\" width=\"800\" height=\"800\" srcset=\"https:\/\/www.vape4wholesale.com\/wp-content\/uploads\/2023\/11\/Elf-Bar-BC10000-Disposable-Vape-Wholesale.jpg 800w, https:\/\/www.vape4wholesale.com\/wp-content\/uploads\/2023\/11\/Elf-Bar-BC10000-Disposable-Vape-Wholesale-247x247.jpg 247w, https:\/\/www.vape4wholesale.com\/wp-content\/uploads\/2023\/11\/Elf-Bar-BC10000-Disposable-Vape-Wholesale-100x100.jpg 100w, https:\/\/www.vape4wholesale.com\/wp-content\/uploads\/2023\/11\/Elf-Bar-BC10000-Disposable-Vape-Wholesale-510x510.jpg 510w, https:\/\/www.vape4wholesale.com\/wp-content\/uploads\/2023\/11\/Elf-Bar-BC10000-Disposable-Vape-Wholesale-64x64.jpg 64w, https:\/\/www.vape4wholesale.com\/wp-content\/uploads\/2023\/11\/Elf-Bar-BC10000-Disposable-Vape-Wholesale-300x300.jpg 300w, https:\/\/www.vape4wholesale.com\/wp-content\/uploads\/2023\/11\/Elf-Bar-BC10000-Disposable-Vape-Wholesale-150x150.jpg 150w, https:\/\/www.vape4wholesale.com\/wp-content\/uploads\/2023\/11\/Elf-Bar-BC10000-Disposable-Vape-Wholesale-768x768.jpg 768w\" sizes=\"auto, (max-width: 800px) 100vw, 800px\" \/><\/p>","protected":false},"excerpt":{"rendered":"[scf-template id=&#8217;11434&#8242;]\n<p><strong>Due to frequent changes in Product inventory, Minimum Order Quantity and Price, please contact us before placing the order.<\/strong><\/p>\n","protected":false},"featured_media":14690,"comment_status":"open","ping_status":"closed","template":"","meta":[],"pwb-brand":[1278],"product_cat":[871],"product_tag":[60,244,324,22,24],"class_list":{"0":"post-14666","1":"product","2":"type-product","3":"status-publish","4":"has-post-thumbnail","6":"pwb-brand-elf-bar","7":"product_cat-10-15k-puffs","8":"product_tag-elf-bar","9":"product_tag-18-0ml","10":"product_tag-10000-puffs","11":"product_tag-disposable","12":"product_tag-wholesale","14":"first","15":"outofstock","16":"shipping-taxable","17":"purchasable","18":"product-type-variable"},"aioseo_notices":[],"brands":[{"id":1278,"name":"Bar Elf","slug":"elfov-bar"}],"_links":{"self":[{"href":"https:\/\/www.vape4wholesale.com\/sl\/wp-json\/wp\/v2\/product\/14666","targetHints":{"allow":["GET"]}}],"collection":[{"href":"https:\/\/www.vape4wholesale.com\/sl\/wp-json\/wp\/v2\/product"}],"about":[{"href":"https:\/\/www.vape4wholesale.com\/sl\/wp-json\/wp\/v2\/types\/product"}],"replies":[{"embeddable":true,"href":"https:\/\/www.vape4wholesale.com\/sl\/wp-json\/wp\/v2\/comments?post=14666"}],"wp:featuredmedia":[{"embeddable":true,"href":"https:\/\/www.vape4wholesale.com\/sl\/wp-json\/wp\/v2\/media\/14690"}],"wp:attachment":[{"href":"https:\/\/www.vape4wholesale.com\/sl\/wp-json\/wp\/v2\/media?parent=14666"}],"wp:term":[{"taxonomy":"pwb-brand","embeddable":true,"href":"https:\/\/www.vape4wholesale.com\/sl\/wp-json\/wp\/v2\/pwb-brand?post=14666"},{"taxonomy":"product_cat","embeddable":true,"href":"https:\/\/www.vape4wholesale.com\/sl\/wp-json\/wp\/v2\/product_cat?post=14666"},{"taxonomy":"product_tag","embeddable":true,"href":"https:\/\/www.vape4wholesale.com\/sl\/wp-json\/wp\/v2\/product_tag?post=14666"}],"curies":[{"name":"wp","href":"https:\/\/api.w.org\/{rel}","templated":true}]}}