{"id":14625,"date":"2023-11-12T10:34:51","date_gmt":"2023-11-12T02:34:51","guid":{"rendered":"https:\/\/www.vape4wholesale.com\/?post_type=product&#038;p=14625"},"modified":"2026-01-26T13:41:53","modified_gmt":"2026-01-26T13:41:53","slug":"funky-zemljisca-ci5000-za-enkratno-uporabo-vape-na-debelo","status":"publish","type":"product","link":"https:\/\/www.vape4wholesale.com\/sl\/product\/funky-lands-ci5000-disposable-vape-wholesale","title":{"rendered":"Funky Lands Ci5000 Vape za enkratno uporabo na debelo"},"content":{"rendered":"<p>Funky Lands Ci5000 Vape za enkratno uporabo je dinami\u010den pripomo\u010dek, ki predstavlja vrhunec izku\u0161enj pri vapingu. Ta vape za enkratno uporabo je narejen tako, da pote\u0161i va\u0161e \u017eelje in zagotavlja neprekinjeno izku\u0161njo vapljanja. Poganja ga tehnologija tuljav QUAQ in ima veliko edinstvenih funkcij.<br data-filtered=\"filtered\" \/><br data-filtered=\"filtered\" \/>Funky Lands Ci5000 zagotavlja stalno izpostavljenost va\u0161im najljub\u0161im okusom zaradi ogromne kapacitete 10 ml e-teko\u010dine. Ta pripomo\u010dek je pripravljen navdu\u0161iti s katerim koli okusom, pa naj gre za tipi\u010dne toba\u010dne odtenke, sladke esence ali kislo sadje. Potenca 40 mg nikotina u\u010dinkovito vzpostavlja ravnovesje med zadovoljivim udarcem v grlo in \u017eametno gladkostjo ter tako zadovoljuje va\u0161e nikotinske okuse. Pripravite se na dolgotrajno vapiranje, saj Funky Republic Ci5000 omogo\u010da neverjetnih 5000 vpihov na napravo.<\/p>\n<h2><strong>Funkcije za enkratno uporabo Funky Lands Ci5000:<\/strong><\/h2>\n<p>- Najve\u010dje \u0161tevilo puffov: 5000<br data-filtered=\"filtered\" \/>- Mo\u010d nikotina: 40 mg (4%)<br data-filtered=\"filtered\" \/>- Predhodno napolnjena zmogljivost: 10 ml<br data-filtered=\"filtered\" \/>- Zmogljivost baterije: 650 mAh<\/p>\n<h2><strong>Na voljo so okusi:<\/strong><\/h2>\n<ul>\n<li>Led iz lubenice<\/li>\n<li>Melona BG<\/li>\n<li>Jagodni led<\/li>\n<li>Starfruit Zeleni kivi<\/li>\n<li>Rinbo<\/li>\n<li>Ananas Strawnana<\/li>\n<li>Gorski led<\/li>\n<li>Mint Rose<\/li>\n<li>Menjalnica Miami<\/li>\n<li>Mango Gami<\/li>\n<li>Blue Razz Ice<\/li>\n<li>jagodi\u010devje Breskov cvet<\/li>\n<li>Berry Passion Grape<\/li>\n<li>Me\u0161anica jagodi\u010devja<\/li>\n<li>Trojni jagodni led<\/li>\n<\/ul>\n<p><img loading=\"lazy\" decoding=\"async\" class=\"alignnone size-full wp-image-14626\" title=\"Funky Ci5000 Vape za enkratno uporabo na debelo\" src=\"https:\/\/www.vape4wholesale.com\/wp-content\/uploads\/2023\/11\/Funky-Ci5000-Disposable-Vape-Wholesale.jpg\" alt=\"Funky Ci5000 Vape za enkratno uporabo na debelo\" width=\"480\" height=\"480\" srcset=\"https:\/\/www.vape4wholesale.com\/wp-content\/uploads\/2023\/11\/Funky-Ci5000-Disposable-Vape-Wholesale.jpg 480w, https:\/\/www.vape4wholesale.com\/wp-content\/uploads\/2023\/11\/Funky-Ci5000-Disposable-Vape-Wholesale-247x247.jpg 247w, https:\/\/www.vape4wholesale.com\/wp-content\/uploads\/2023\/11\/Funky-Ci5000-Disposable-Vape-Wholesale-100x100.jpg 100w, https:\/\/www.vape4wholesale.com\/wp-content\/uploads\/2023\/11\/Funky-Ci5000-Disposable-Vape-Wholesale-64x64.jpg 64w, https:\/\/www.vape4wholesale.com\/wp-content\/uploads\/2023\/11\/Funky-Ci5000-Disposable-Vape-Wholesale-300x300.jpg 300w, https:\/\/www.vape4wholesale.com\/wp-content\/uploads\/2023\/11\/Funky-Ci5000-Disposable-Vape-Wholesale-150x150.jpg 150w\" sizes=\"auto, (max-width: 480px) 100vw, 480px\" \/><\/p>","protected":false},"excerpt":{"rendered":"[scf-template id=&#8217;11434&#8242;]\n","protected":false},"featured_media":14626,"comment_status":"open","ping_status":"closed","template":"","meta":[],"pwb-brand":[1289],"product_cat":[869],"product_tag":[22,24,189,210,651],"class_list":{"0":"post-14625","1":"product","2":"type-product","3":"status-publish","4":"has-post-thumbnail","6":"pwb-brand-others","7":"product_cat-5000-8000-puffs","8":"product_tag-disposable","9":"product_tag-wholesale","10":"product_tag-5000-puffs","11":"product_tag-10-0ml","12":"product_tag-funky-lands","14":"first","15":"outofstock","16":"shipping-taxable","17":"purchasable","18":"product-type-variable"},"aioseo_notices":[],"brands":[{"id":1289,"name":"Drugo","slug":"drugi"}],"_links":{"self":[{"href":"https:\/\/www.vape4wholesale.com\/sl\/wp-json\/wp\/v2\/product\/14625","targetHints":{"allow":["GET"]}}],"collection":[{"href":"https:\/\/www.vape4wholesale.com\/sl\/wp-json\/wp\/v2\/product"}],"about":[{"href":"https:\/\/www.vape4wholesale.com\/sl\/wp-json\/wp\/v2\/types\/product"}],"replies":[{"embeddable":true,"href":"https:\/\/www.vape4wholesale.com\/sl\/wp-json\/wp\/v2\/comments?post=14625"}],"wp:featuredmedia":[{"embeddable":true,"href":"https:\/\/www.vape4wholesale.com\/sl\/wp-json\/wp\/v2\/media\/14626"}],"wp:attachment":[{"href":"https:\/\/www.vape4wholesale.com\/sl\/wp-json\/wp\/v2\/media?parent=14625"}],"wp:term":[{"taxonomy":"pwb-brand","embeddable":true,"href":"https:\/\/www.vape4wholesale.com\/sl\/wp-json\/wp\/v2\/pwb-brand?post=14625"},{"taxonomy":"product_cat","embeddable":true,"href":"https:\/\/www.vape4wholesale.com\/sl\/wp-json\/wp\/v2\/product_cat?post=14625"},{"taxonomy":"product_tag","embeddable":true,"href":"https:\/\/www.vape4wholesale.com\/sl\/wp-json\/wp\/v2\/product_tag?post=14625"}],"curies":[{"name":"wp","href":"https:\/\/api.w.org\/{rel}","templated":true}]}}