{"id":14427,"date":"2023-10-15T12:59:45","date_gmt":"2023-10-15T04:59:45","guid":{"rendered":"https:\/\/www.vape4wholesale.com\/?post_type=product&#038;p=14427"},"modified":"2026-01-26T13:42:05","modified_gmt":"2026-01-26T13:42:05","slug":"geek-bar-meloso-max-9000-za-enkratno-uporabo-vape-na-debelo","status":"publish","type":"product","link":"https:\/\/www.vape4wholesale.com\/sl\/product\/geek-bar-meloso-max-9000-disposable-vape-wholesale","title":{"rendered":"Geek Bar Meloso Max 9000 Vape za enkratno uporabo na debelo"},"content":{"rendered":"<p><span style=\"font-weight: 400\">Geek Bar Meloso Max je dvojna mre\u017ena spirala za 9000 vpihov za enkratno uporabo, ki uporabnikom ponuja mehko, blagodejno in svilnato gladko izku\u0161njo vapinga, ki jo je mogo\u010de ponovno napolniti in traja do 9000 vpihov. Na spodnjem delu je name\u0161\u010den nastavljiv vzvod za pretok zraka in dve lu\u010di LED, ki ozna\u010dujeta trajanje baterije in raven e-teko\u010dine.<br \/>\n<\/span><\/p>\n<h2>Geek Bar Meloso Max 9000 Lastnosti<\/h2>\n<ul>\n<li>5% nikotin po masi (50 mg\/ml)<\/li>\n<li>9000 puffov<\/li>\n<li>Narejen iz e-su\u0161ika s soljo in nikotinom<\/li>\n<li>Predhodno napolnjeno in predhodno napolnjeno<\/li>\n<li>Izdelano na Kitajskem<\/li>\n<li>Dvojna mre\u017ena tuljava<\/li>\n<li>Spodnji nastavljiv zra\u010dni tok<\/li>\n<li>Indikator e-teko\u010dine: Rde\u010da &lt;15%, rumena 15-50%, zelena 50-100%<\/li>\n<li>Indikator baterije: Rde\u010da &lt;20%, modra 20-50%, zelena 50-100%<\/li>\n<\/ul>\n<h2>Flaovrs<\/h2>\n<ol>\n<li>Jabol\u010dni son\u010dni vzhod<\/li>\n<li>Berry Trio lce<\/li>\n<li>Jasno<\/li>\n<li>Kokosov shake<\/li>\n<li>Kolumbijska kava Ice<\/li>\n<li>Hladna meta<\/li>\n<li>Fuji Melon Ice<\/li>\n<li>Ginger Ale<\/li>\n<li>Zelena po\u0161ast<\/li>\n<li>Meta Moon<\/li>\n<li>Mehika Mango<\/li>\n<li>Nektarine<\/li>\n<li>Ledena breskev<\/li>\n<li>Vijoli\u010dna meglica<\/li>\n<li>Kisli jabol\u010dni led<\/li>\n<li>Kamnita zmrzal<\/li>\n<li>Jagodni led<\/li>\n<li>Jagoda Mango<\/li>\n<li>Jagodna lubenica<\/li>\n<li>Tropska mavrica Blast<\/li>\n<li>Led iz lubenice<\/li>\n<\/ol>\n<p><img loading=\"lazy\" decoding=\"async\" class=\"alignnone size-full wp-image-14437\" title=\"Geek Bar Meloso Max pregled Vape za enkratno uporabo\" src=\"https:\/\/www.vape4wholesale.com\/wp-content\/uploads\/2023\/10\/Geek-Bar-Meloso-Max-Disposable-Vape-overview.jpg\" alt=\"Geek Bar Meloso Max pregled Vape za enkratno uporabo\" width=\"800\" height=\"800\" srcset=\"https:\/\/www.vape4wholesale.com\/wp-content\/uploads\/2023\/10\/Geek-Bar-Meloso-Max-Disposable-Vape-overview.jpg 800w, https:\/\/www.vape4wholesale.com\/wp-content\/uploads\/2023\/10\/Geek-Bar-Meloso-Max-Disposable-Vape-overview-247x247.jpg 247w, https:\/\/www.vape4wholesale.com\/wp-content\/uploads\/2023\/10\/Geek-Bar-Meloso-Max-Disposable-Vape-overview-100x100.jpg 100w, https:\/\/www.vape4wholesale.com\/wp-content\/uploads\/2023\/10\/Geek-Bar-Meloso-Max-Disposable-Vape-overview-510x510.jpg 510w, https:\/\/www.vape4wholesale.com\/wp-content\/uploads\/2023\/10\/Geek-Bar-Meloso-Max-Disposable-Vape-overview-64x64.jpg 64w, https:\/\/www.vape4wholesale.com\/wp-content\/uploads\/2023\/10\/Geek-Bar-Meloso-Max-Disposable-Vape-overview-300x300.jpg 300w, https:\/\/www.vape4wholesale.com\/wp-content\/uploads\/2023\/10\/Geek-Bar-Meloso-Max-Disposable-Vape-overview-150x150.jpg 150w, https:\/\/www.vape4wholesale.com\/wp-content\/uploads\/2023\/10\/Geek-Bar-Meloso-Max-Disposable-Vape-overview-768x768.jpg 768w\" sizes=\"auto, (max-width: 800px) 100vw, 800px\" \/><\/p>","protected":false},"excerpt":{"rendered":"[scf-template id=&#8217;11434&#8242;]\n","protected":false},"featured_media":14437,"comment_status":"open","ping_status":"closed","template":"","meta":[],"pwb-brand":[1282],"product_cat":[870],"product_tag":[22,24,68,177,336],"class_list":{"0":"post-14427","1":"product","2":"type-product","3":"status-publish","4":"has-post-thumbnail","6":"pwb-brand-geekbar","7":"product_cat-8000-10000-puffs","8":"product_tag-disposable","9":"product_tag-wholesale","10":"product_tag-geek-bar","11":"product_tag-14-0ml","12":"product_tag-9000-puffs","14":"first","15":"outofstock","16":"shipping-taxable","17":"purchasable","18":"product-type-variable"},"aioseo_notices":[],"brands":[{"id":1282,"name":"Geekbar","slug":"geekbar"}],"_links":{"self":[{"href":"https:\/\/www.vape4wholesale.com\/sl\/wp-json\/wp\/v2\/product\/14427","targetHints":{"allow":["GET"]}}],"collection":[{"href":"https:\/\/www.vape4wholesale.com\/sl\/wp-json\/wp\/v2\/product"}],"about":[{"href":"https:\/\/www.vape4wholesale.com\/sl\/wp-json\/wp\/v2\/types\/product"}],"replies":[{"embeddable":true,"href":"https:\/\/www.vape4wholesale.com\/sl\/wp-json\/wp\/v2\/comments?post=14427"}],"wp:featuredmedia":[{"embeddable":true,"href":"https:\/\/www.vape4wholesale.com\/sl\/wp-json\/wp\/v2\/media\/14437"}],"wp:attachment":[{"href":"https:\/\/www.vape4wholesale.com\/sl\/wp-json\/wp\/v2\/media?parent=14427"}],"wp:term":[{"taxonomy":"pwb-brand","embeddable":true,"href":"https:\/\/www.vape4wholesale.com\/sl\/wp-json\/wp\/v2\/pwb-brand?post=14427"},{"taxonomy":"product_cat","embeddable":true,"href":"https:\/\/www.vape4wholesale.com\/sl\/wp-json\/wp\/v2\/product_cat?post=14427"},{"taxonomy":"product_tag","embeddable":true,"href":"https:\/\/www.vape4wholesale.com\/sl\/wp-json\/wp\/v2\/product_tag?post=14427"}],"curies":[{"name":"wp","href":"https:\/\/api.w.org\/{rel}","templated":true}]}}