{"id":14377,"date":"2023-10-15T10:47:18","date_gmt":"2023-10-15T02:47:18","guid":{"rendered":"https:\/\/www.vape4wholesale.com\/?post_type=product&#038;p=14377"},"modified":"2026-01-26T13:42:14","modified_gmt":"2026-01-26T13:42:14","slug":"geek-bar-b5000-za-enkratno-uporabo-vape-na-debelo","status":"publish","type":"product","link":"https:\/\/www.vape4wholesale.com\/sl\/product\/geek-bar-b5000-disposable-vape-wholesale","title":{"rendered":"Geek Bar B5000 Vape za enkratno uporabo na debelo"},"content":{"rendered":"<p>Geek Bar B5000 je lepo zasnovan vape za enkratno uporabo, zgrajen z mre\u017easto tuljavo in s 14 ml 5% nocotinskega eliquida, tudi z akumulatorsko baterijo 650 mah. the Geek Bar B5000 Puffs Disposable 10-Pack! Ta popolnoma nov inovativni vape za enkratno uporabo je s svojo kompaktno zasnovo idealen za u\u017eivanje na poti, hkrati pa uporabnikom zagotavlja do 5000 puffov 5% nikotina. Vape za enkratno uporabo B5000 Puffs uporabnikom ne omogo\u010da le u\u017eivanja na poti. Njegova baterija z zmogljivostjo 650 mAh in 14 ml vnaprej napolnjenega e-teko\u010dina uporabnikom omogo\u010data, da u\u017eivajo v mo\u010dni in dolgotrajnej\u0161i izku\u0161nji vapinga. Preizkusite razli\u010dne okuse, ki so na voljo za Geek Bar B5000 Puffs Disposable 10-Pack po najbolj\u0161i ceni!<\/p>\n<h2><strong>Geek Bar B5000 Okusi<\/strong><\/h2>\n<p>Jabolko Dragon Fruit<br \/>\nJabol\u010dna breskev<br \/>\nJagodni Trio Ice<br \/>\nBlue Razz Ice<br \/>\nModra limonada Razz<br \/>\nLed iz gozdnih sade\u017eev<br \/>\nFuji Melon Ice<br \/>\nGeekbull Drink Ice<br \/>\nGolden Kiwi Lemon<br \/>\nGrozdni led<br \/>\nGuava Ice<br \/>\nSo\u010dni breskov led<br \/>\nKivi pasijonka<br \/>\nLedeni \u010daj z limono<br \/>\nMamba Ice<br \/>\nMeta<br \/>\nBreskev Mango Guava<br \/>\nMalina lubenica<br \/>\nKisli jabol\u010dni led<br \/>\nJagodni bananin led<br \/>\nJagodni kivi led<br \/>\nJagodni mangov led<br \/>\nJagoda lubenica Bubblegum<br \/>\nTobak<br \/>\nTropska mavrica Blast<br \/>\nlubenica Bubble Gum<br \/>\nlubenica \u010ce\u0161nja<br \/>\nLed iz lubenice<br \/>\nlubenica jagoda kokos<br \/>\nBeli gumijasti led<\/p>\n<h2><strong>Lastnosti:<\/strong><\/h2>\n<ul>\n<li>14mL vnaprej napolnjene E-teko\u010dine Kapaciteta<\/li>\n<li>5% Nikotin<\/li>\n<li>Baterija za polnjenje 650 mAh<\/li>\n<li>Polnilna vrata tipa C<\/li>\n<li>Mre\u017easta tuljava<\/li>\n<li>Mehanizem aktivacije risanja\n<div data-content-type=\"row\" data-appearance=\"contained\" data-element=\"main\">\n<div data-enable-parallax=\"0\" data-parallax-speed=\"0.5\" data-background-images=\"{}\" data-background-type=\"image\" data-video-loop=\"true\" data-video-play-only-visible=\"true\" data-video-lazy-load=\"true\" data-video-fallback-src=\"\" data-element=\"inner\" data-pb-style=\"UQBNVED\"><\/div>\n<\/div>\n<\/li>\n<\/ul>\n<p><img loading=\"lazy\" decoding=\"async\" class=\"alignnone size-full wp-image-14380\" title=\"Geek Bar B5000 Vape za enkratno uporabo na debelo\" src=\"https:\/\/www.vape4wholesale.com\/wp-content\/uploads\/2023\/10\/Geek-Bar-B5000-Disposable-Vape-Wholesale-Box.jpg\" alt=\"Geek Bar B5000 Vape za enkratno uporabo na debelo\" width=\"600\" height=\"600\" srcset=\"https:\/\/www.vape4wholesale.com\/wp-content\/uploads\/2023\/10\/Geek-Bar-B5000-Disposable-Vape-Wholesale-Box.jpg 600w, https:\/\/www.vape4wholesale.com\/wp-content\/uploads\/2023\/10\/Geek-Bar-B5000-Disposable-Vape-Wholesale-Box-247x247.jpg 247w, https:\/\/www.vape4wholesale.com\/wp-content\/uploads\/2023\/10\/Geek-Bar-B5000-Disposable-Vape-Wholesale-Box-100x100.jpg 100w, https:\/\/www.vape4wholesale.com\/wp-content\/uploads\/2023\/10\/Geek-Bar-B5000-Disposable-Vape-Wholesale-Box-510x510.jpg 510w, https:\/\/www.vape4wholesale.com\/wp-content\/uploads\/2023\/10\/Geek-Bar-B5000-Disposable-Vape-Wholesale-Box-64x64.jpg 64w, https:\/\/www.vape4wholesale.com\/wp-content\/uploads\/2023\/10\/Geek-Bar-B5000-Disposable-Vape-Wholesale-Box-300x300.jpg 300w, https:\/\/www.vape4wholesale.com\/wp-content\/uploads\/2023\/10\/Geek-Bar-B5000-Disposable-Vape-Wholesale-Box-150x150.jpg 150w\" sizes=\"auto, (max-width: 600px) 100vw, 600px\" \/> <img loading=\"lazy\" decoding=\"async\" class=\"alignnone size-full wp-image-14381\" title=\"Geek Bar B5000 Vape za enkratno uporabo na debelo Vsebina\" src=\"https:\/\/www.vape4wholesale.com\/wp-content\/uploads\/2023\/10\/Geek-Bar-B5000-Disposable-Vape-Wholesale-Contents.jpg\" alt=\"Geek Bar B5000 Vape za enkratno uporabo na debelo Vsebina\" width=\"600\" height=\"600\" srcset=\"https:\/\/www.vape4wholesale.com\/wp-content\/uploads\/2023\/10\/Geek-Bar-B5000-Disposable-Vape-Wholesale-Contents.jpg 600w, https:\/\/www.vape4wholesale.com\/wp-content\/uploads\/2023\/10\/Geek-Bar-B5000-Disposable-Vape-Wholesale-Contents-247x247.jpg 247w, https:\/\/www.vape4wholesale.com\/wp-content\/uploads\/2023\/10\/Geek-Bar-B5000-Disposable-Vape-Wholesale-Contents-100x100.jpg 100w, https:\/\/www.vape4wholesale.com\/wp-content\/uploads\/2023\/10\/Geek-Bar-B5000-Disposable-Vape-Wholesale-Contents-510x510.jpg 510w, https:\/\/www.vape4wholesale.com\/wp-content\/uploads\/2023\/10\/Geek-Bar-B5000-Disposable-Vape-Wholesale-Contents-64x64.jpg 64w, https:\/\/www.vape4wholesale.com\/wp-content\/uploads\/2023\/10\/Geek-Bar-B5000-Disposable-Vape-Wholesale-Contents-300x300.jpg 300w, https:\/\/www.vape4wholesale.com\/wp-content\/uploads\/2023\/10\/Geek-Bar-B5000-Disposable-Vape-Wholesale-Contents-150x150.jpg 150w\" sizes=\"auto, (max-width: 600px) 100vw, 600px\" \/> <img loading=\"lazy\" decoding=\"async\" class=\"alignnone size-full wp-image-14379\" title=\"Geek Bar B5000 Vape za enkratno uporabo na debelo Blue Razz Lemonade\" src=\"https:\/\/www.vape4wholesale.com\/wp-content\/uploads\/2023\/10\/Geek-Bar-B5000-Disposable-Vape-Wholesale-Blue-Razz-Lemonade.jpg\" alt=\"Geek Bar B5000 Vape za enkratno uporabo na debelo Blue Razz Lemonade\" width=\"600\" height=\"600\" srcset=\"https:\/\/www.vape4wholesale.com\/wp-content\/uploads\/2023\/10\/Geek-Bar-B5000-Disposable-Vape-Wholesale-Blue-Razz-Lemonade.jpg 600w, https:\/\/www.vape4wholesale.com\/wp-content\/uploads\/2023\/10\/Geek-Bar-B5000-Disposable-Vape-Wholesale-Blue-Razz-Lemonade-247x247.jpg 247w, https:\/\/www.vape4wholesale.com\/wp-content\/uploads\/2023\/10\/Geek-Bar-B5000-Disposable-Vape-Wholesale-Blue-Razz-Lemonade-100x100.jpg 100w, https:\/\/www.vape4wholesale.com\/wp-content\/uploads\/2023\/10\/Geek-Bar-B5000-Disposable-Vape-Wholesale-Blue-Razz-Lemonade-510x510.jpg 510w, https:\/\/www.vape4wholesale.com\/wp-content\/uploads\/2023\/10\/Geek-Bar-B5000-Disposable-Vape-Wholesale-Blue-Razz-Lemonade-64x64.jpg 64w, https:\/\/www.vape4wholesale.com\/wp-content\/uploads\/2023\/10\/Geek-Bar-B5000-Disposable-Vape-Wholesale-Blue-Razz-Lemonade-300x300.jpg 300w, https:\/\/www.vape4wholesale.com\/wp-content\/uploads\/2023\/10\/Geek-Bar-B5000-Disposable-Vape-Wholesale-Blue-Razz-Lemonade-150x150.jpg 150w\" sizes=\"auto, (max-width: 600px) 100vw, 600px\" \/><\/p>","protected":false},"excerpt":{"rendered":"[scf-template id=&#8217;11434&#8242;]\n","protected":false},"featured_media":14428,"comment_status":"open","ping_status":"closed","template":"","meta":[],"pwb-brand":[1282],"product_cat":[869],"product_tag":[22,24,68,177,189],"class_list":{"0":"post-14377","1":"product","2":"type-product","3":"status-publish","4":"has-post-thumbnail","6":"pwb-brand-geekbar","7":"product_cat-5000-8000-puffs","8":"product_tag-disposable","9":"product_tag-wholesale","10":"product_tag-geek-bar","11":"product_tag-14-0ml","12":"product_tag-5000-puffs","14":"first","15":"outofstock","16":"shipping-taxable","17":"purchasable","18":"product-type-variable"},"aioseo_notices":[],"brands":[{"id":1282,"name":"Geekbar","slug":"geekbar"}],"_links":{"self":[{"href":"https:\/\/www.vape4wholesale.com\/sl\/wp-json\/wp\/v2\/product\/14377","targetHints":{"allow":["GET"]}}],"collection":[{"href":"https:\/\/www.vape4wholesale.com\/sl\/wp-json\/wp\/v2\/product"}],"about":[{"href":"https:\/\/www.vape4wholesale.com\/sl\/wp-json\/wp\/v2\/types\/product"}],"replies":[{"embeddable":true,"href":"https:\/\/www.vape4wholesale.com\/sl\/wp-json\/wp\/v2\/comments?post=14377"}],"wp:featuredmedia":[{"embeddable":true,"href":"https:\/\/www.vape4wholesale.com\/sl\/wp-json\/wp\/v2\/media\/14428"}],"wp:attachment":[{"href":"https:\/\/www.vape4wholesale.com\/sl\/wp-json\/wp\/v2\/media?parent=14377"}],"wp:term":[{"taxonomy":"pwb-brand","embeddable":true,"href":"https:\/\/www.vape4wholesale.com\/sl\/wp-json\/wp\/v2\/pwb-brand?post=14377"},{"taxonomy":"product_cat","embeddable":true,"href":"https:\/\/www.vape4wholesale.com\/sl\/wp-json\/wp\/v2\/product_cat?post=14377"},{"taxonomy":"product_tag","embeddable":true,"href":"https:\/\/www.vape4wholesale.com\/sl\/wp-json\/wp\/v2\/product_tag?post=14377"}],"curies":[{"name":"wp","href":"https:\/\/api.w.org\/{rel}","templated":true}]}}