{"id":14354,"date":"2023-10-15T09:44:41","date_gmt":"2023-10-15T01:44:41","guid":{"rendered":"https:\/\/www.vape4wholesale.com\/?post_type=product&#038;p=14354"},"modified":"2026-01-26T13:42:17","modified_gmt":"2026-01-26T13:42:17","slug":"geek-bar-c600-za-enkratno-uporabo-vape-na-debelo","status":"publish","type":"product","link":"https:\/\/www.vape4wholesale.com\/sl\/product\/geek-bar-c600-disposable-vape-wholesale","title":{"rendered":"Geek Bar C600 Vape za enkratno uporabo na debelo"},"content":{"rendered":"<p>Geek Bar C600 je mini vape za enkratno uporabo z mre\u017easto tuljavo, 2 ml nikotina 2% in baterijo 500 mah, ki je ni mogo\u010de ponovno napolniti. Vape4wholesale zagotavlja najvi\u0161jo kakovost Geek Bar Vape za enkratno uporabo. pridru\u017eite se nam in kupite Geek Bar C600 Vape za enkratno uporabo po najbolj\u0161ih veleprodajnih cenah. visokokakovostna KAl mre\u017ena tuljava v notranjosti, zaradi katere je para gladka in prefinjena, bolj\u0161a od mnogih drugih. Mehak ustnik se zlije z gladkim uparjanjem, zato lahko izkusite tako mehak ob\u010dutek kot mo\u010dan udarec v grlu. Zdaj je napolnjen z novimi slastnimi okusi geek bara, poskusite ga.<\/p>\n<h2><br data-filtered=\"filtered\" \/>Okusi Geek Bar C600<\/h2>\n<ol>\n<li>Me\u0161ano sadje Rose Jam Shisha<\/li>\n<li>Ananasovo kokosovo mleko<\/li>\n<li>Ananas breskev mango<\/li>\n<li>Sirna borovni\u010deva marmelada<\/li>\n<li>Tropski keglji Blast<\/li>\n<li>Mango breskev krema<\/li>\n<li>Oran\u017eni cheesecake<\/li>\n<li>Led iz lubenice<\/li>\n<li>Apnen\u010dasti kaktus<\/li>\n<li>Kislo jabolko<\/li>\n<li>Oran\u017ena vanilija<\/li>\n<li>Polarna ledena meta<\/li>\n<li>Ingverjeva soda<\/li>\n<li>Rde\u010di mojito<\/li>\n<li>Cola Ice<\/li>\n<\/ol>\n<h2>Parametri<\/h2>\n<p>Baterija: 500 mAh vgrajena baterija<br data-filtered=\"filtered\" \/>E-sok: 2ml vnaprej napolnjen<br data-filtered=\"filtered\" \/>Pufi: Nikotin: 20 mg<br data-filtered=\"filtered\" \/>Okusi: 15<\/p>\n<p><img loading=\"lazy\" decoding=\"async\" class=\"alignnone size-full wp-image-14355\" title=\"Geek Bar C600 Vape za enkratno uporabo na debelo.webp\" src=\"https:\/\/www.vape4wholesale.com\/wp-content\/uploads\/2023\/10\/Geek-Bar-C600-Disposable-Vape-Wholesale.webp.jpg\" alt=\"Geek Bar C600 Vape za enkratno uporabo na debelo.webp\" width=\"600\" height=\"600\" srcset=\"https:\/\/www.vape4wholesale.com\/wp-content\/uploads\/2023\/10\/Geek-Bar-C600-Disposable-Vape-Wholesale.webp.jpg 600w, https:\/\/www.vape4wholesale.com\/wp-content\/uploads\/2023\/10\/Geek-Bar-C600-Disposable-Vape-Wholesale.webp-247x247.jpg 247w, https:\/\/www.vape4wholesale.com\/wp-content\/uploads\/2023\/10\/Geek-Bar-C600-Disposable-Vape-Wholesale.webp-100x100.jpg 100w, https:\/\/www.vape4wholesale.com\/wp-content\/uploads\/2023\/10\/Geek-Bar-C600-Disposable-Vape-Wholesale.webp-510x510.jpg 510w, https:\/\/www.vape4wholesale.com\/wp-content\/uploads\/2023\/10\/Geek-Bar-C600-Disposable-Vape-Wholesale.webp-64x64.jpg 64w, https:\/\/www.vape4wholesale.com\/wp-content\/uploads\/2023\/10\/Geek-Bar-C600-Disposable-Vape-Wholesale.webp-300x300.jpg 300w, https:\/\/www.vape4wholesale.com\/wp-content\/uploads\/2023\/10\/Geek-Bar-C600-Disposable-Vape-Wholesale.webp-150x150.jpg 150w\" sizes=\"auto, (max-width: 600px) 100vw, 600px\" \/><\/p>","protected":false},"excerpt":{"rendered":"[scf-template id=&#8217;11434&#8242;]\n","protected":false},"featured_media":14355,"comment_status":"open","ping_status":"closed","template":"","meta":[],"pwb-brand":[1282],"product_cat":[48],"product_tag":[24,68,118,120,22],"class_list":{"0":"post-14354","1":"product","2":"type-product","3":"status-publish","4":"has-post-thumbnail","6":"pwb-brand-geekbar","7":"product_cat-below-2000-puffs","8":"product_tag-wholesale","9":"product_tag-geek-bar","10":"product_tag-2-0ml","11":"product_tag-600-puffs","12":"product_tag-disposable","14":"first","15":"outofstock","16":"shipping-taxable","17":"purchasable","18":"product-type-variable"},"aioseo_notices":[],"brands":[{"id":1282,"name":"Geekbar","slug":"geekbar"}],"_links":{"self":[{"href":"https:\/\/www.vape4wholesale.com\/sl\/wp-json\/wp\/v2\/product\/14354","targetHints":{"allow":["GET"]}}],"collection":[{"href":"https:\/\/www.vape4wholesale.com\/sl\/wp-json\/wp\/v2\/product"}],"about":[{"href":"https:\/\/www.vape4wholesale.com\/sl\/wp-json\/wp\/v2\/types\/product"}],"replies":[{"embeddable":true,"href":"https:\/\/www.vape4wholesale.com\/sl\/wp-json\/wp\/v2\/comments?post=14354"}],"wp:featuredmedia":[{"embeddable":true,"href":"https:\/\/www.vape4wholesale.com\/sl\/wp-json\/wp\/v2\/media\/14355"}],"wp:attachment":[{"href":"https:\/\/www.vape4wholesale.com\/sl\/wp-json\/wp\/v2\/media?parent=14354"}],"wp:term":[{"taxonomy":"pwb-brand","embeddable":true,"href":"https:\/\/www.vape4wholesale.com\/sl\/wp-json\/wp\/v2\/pwb-brand?post=14354"},{"taxonomy":"product_cat","embeddable":true,"href":"https:\/\/www.vape4wholesale.com\/sl\/wp-json\/wp\/v2\/product_cat?post=14354"},{"taxonomy":"product_tag","embeddable":true,"href":"https:\/\/www.vape4wholesale.com\/sl\/wp-json\/wp\/v2\/product_tag?post=14354"}],"curies":[{"name":"wp","href":"https:\/\/api.w.org\/{rel}","templated":true}]}}