{"id":14303,"date":"2025-07-05T09:39:15","date_gmt":"2025-07-05T09:39:15","guid":{"rendered":"https:\/\/www.vape4wholesale.com\/?post_type=product&#038;p=14303"},"modified":"2026-03-30T11:13:04","modified_gmt":"2026-03-30T03:13:04","slug":"fumot-digitalna-skatla-12000-za-enkratno-uporabo-vape-na-debelo","status":"publish","type":"product","link":"https:\/\/www.vape4wholesale.com\/sl\/product\/fumot-digital-box-12000-disposable-vape-wholesale","title":{"rendered":"Fumot Digital Box 12000 Vape za enkratno uporabo na debelo"},"content":{"rendered":"<p>Fumot Digital Box 12000 je naprava za vape s prikazom ravni baterije in ejuice ter mo\u017enostjo ponovnega polnjenja. Vsebuje 20 ml nikotinske soli 0\/2\/3\/5% in omogo\u010da do 12000 vdihov. Izbirate lahko med 12 okusi. Prikazovalnik baterije in koli\u010dine e-soka vam omogo\u010da, da spremljate stanje naprave v realnem \u010dasu, poleg tega ima na dnu naprave priklju\u010dek za polnjenje tipa C, ki vam zagotavlja, da boste v rezervoarju ves \u010das do konca izpilili \u0161e zadnjo kapljico e-soka.<\/p>\n<p>Vsak Digital Box 12000 Vape Pod za enkratno uporabo je vnaprej napolnjen z 20 ml, kar zadostuje za do 12 000 vdihov. Ta naprava za vape ima vgrajeno 850 mAh akumulatorsko baterijo in vhod za polnjenje Type-C na dnu. Med vapingom prikazuje 6 lu\u010di RGB, zaradi katerih boste v temi tako kul. Stikalo za nadzor pretoka zraka lahko poljubno vklopite in izklopite, zato lahko po \u017eelji nadzorujete velikost dima.<\/p>\n<h2><b data-stringify-type=\"bold\">Fumot Digitalna \u0161katla 12000 za enkratno uporabo Vape Zna\u010dilnosti:<\/b><\/h2>\n<ul>\n<li>Blagovna znamka: Fumot<\/li>\n<li>Tip: Za\u010detek in zaklju\u010dek: Digitalna \u0161katla<\/li>\n<li>Puffs: 12000 Puffs<\/li>\n<li>Nikotin: 0, 2%, 3%, 5%<\/li>\n<li>Zaslon: E-teko\u010dina in baterija<\/li>\n<li>Kapaciteta e-su\u0161ice: 20ML<\/li>\n<li>Baterija: 850 mAh (za polnjenje)<\/li>\n<li>Polnilni priklju\u010dek: Tip C<\/li>\n<\/ul>\n<h2><b data-stringify-type=\"bold\">Na voljo so okusi:<\/b><\/h2>\n<p>1 hladna meta<br \/>\n2 lubeni\u010dni led<br \/>\n3 grozdni led<br \/>\n4 borovnice malina<br \/>\n5 Jagodna lubenica<br \/>\n6 jagoda banana<br \/>\n7 Bujni led<br \/>\n8 \u010ce\u0161nje<br \/>\n9 Jagodni led<br \/>\n10 Ice Pop<br \/>\n11 Roza limonada<br \/>\n12 Mango na ledu<br \/>\n13 me\u0161anih jagodi\u010devja<br \/>\n14 jagodni krof<br \/>\n15 jagoda grozdje<br \/>\n16 Cherry Cola<br \/>\n17 Dr. modra<br \/>\n18 Borovnice na ledu<br \/>\n19 kivi pasijonka guava<br \/>\n20 Jagodni kivi<br \/>\n21 breskev mango<br \/>\n22 Breskov led<br \/>\n23 Red Apple ice<br \/>\n24 Borovni\u010dev mehur\u010dek<br \/>\n25 jagodna limonada<br \/>\n26 Limonada Blue razz<br \/>\n27 Bluesour malina<br \/>\n28 Jagodni rde\u010di bik<br \/>\n29 Jabol\u010dni jagodi\u010devje blast<br \/>\n30 lubeni\u010dni \u017eve\u010dilni gumi<br \/>\n31 Malinova lubenica<br \/>\n32 \u010crni led<br \/>\n33 Borovnica \u010de\u0161nja brusnica<br \/>\n34 Jagodni pompom (granatno jabolko)<br \/>\n35 Vimto<br \/>\n36 \u010ce\u0161njevo jagodi\u010devje<br \/>\n37 Limona in limona<br \/>\n38 Bingo Crush<br \/>\n39 Borovnica kivi<br \/>\n40 Jabol\u010dni cimet<br \/>\n41 Banana Ice<br \/>\n42 Dragonfruit led<br \/>\n43 Sadna fuzija<br \/>\n44 Grozdna meta<br \/>\n45 Ljubezen 66<br \/>\n46 Ananasov led<br \/>\n47 Red Energy Ice<br \/>\n48 Dva jabolka<br \/>\n49 Tobak<br \/>\n50 Cola lce<br \/>\n51 lceTea Lemon lce<br \/>\n52 lceTea Peach lce<br \/>\n53 Blue Razz Gummy Bear<\/p>\n<h2><strong>Pakiranje in te\u017ea:<\/strong><\/h2>\n<ul>\n<li>0,095 kg\/PCS, enojni z majhnim paketom<\/li>\n<li>10 kosov v srednje veliki \u0161katli<\/li>\n<li>200 kosov v glavni \u0161katli<\/li>\n<\/ul>\n<figure id=\"attachment_26804\" aria-describedby=\"caption-attachment-26804\" style=\"width: 800px\" class=\"wp-caption alignnone\"><img loading=\"lazy\" decoding=\"async\" class=\"size-full wp-image-26804\" title=\"Fumot Digitalni 12000 za enkratno uporabo Vape na debelo Ice Pop\" src=\"https:\/\/www.vape4wholesale.com\/wp-content\/uploads\/2023\/10\/Fumot-Digital-12000-Disposable-Vape-Wholesale-Ice-Pop-1.jpg\" alt=\"Fumot Digitalni 12000 za enkratno uporabo Vape na debelo Ice Pop\" width=\"800\" height=\"800\" srcset=\"https:\/\/www.vape4wholesale.com\/wp-content\/uploads\/2023\/10\/Fumot-Digital-12000-Disposable-Vape-Wholesale-Ice-Pop-1.jpg 800w, https:\/\/www.vape4wholesale.com\/wp-content\/uploads\/2023\/10\/Fumot-Digital-12000-Disposable-Vape-Wholesale-Ice-Pop-1-300x300.jpg 300w, https:\/\/www.vape4wholesale.com\/wp-content\/uploads\/2023\/10\/Fumot-Digital-12000-Disposable-Vape-Wholesale-Ice-Pop-1-150x150.jpg 150w, https:\/\/www.vape4wholesale.com\/wp-content\/uploads\/2023\/10\/Fumot-Digital-12000-Disposable-Vape-Wholesale-Ice-Pop-1-768x768.jpg 768w, https:\/\/www.vape4wholesale.com\/wp-content\/uploads\/2023\/10\/Fumot-Digital-12000-Disposable-Vape-Wholesale-Ice-Pop-1-12x12.jpg 12w, https:\/\/www.vape4wholesale.com\/wp-content\/uploads\/2023\/10\/Fumot-Digital-12000-Disposable-Vape-Wholesale-Ice-Pop-1-247x247.jpg 247w, https:\/\/www.vape4wholesale.com\/wp-content\/uploads\/2023\/10\/Fumot-Digital-12000-Disposable-Vape-Wholesale-Ice-Pop-1-510x510.jpg 510w, https:\/\/www.vape4wholesale.com\/wp-content\/uploads\/2023\/10\/Fumot-Digital-12000-Disposable-Vape-Wholesale-Ice-Pop-1-100x100.jpg 100w\" sizes=\"auto, (max-width: 800px) 100vw, 800px\" \/><figcaption id=\"caption-attachment-26804\" class=\"wp-caption-text\">Fumot Digital 12000 Disposable Vape Wholesale<\/figcaption><\/figure>\n<h2>ZAKAJ MI?<\/h2>\r\n<ul>\r\n<li>Resni\u010dni, zanesljivi in strokovni vir za vape.<\/li>\r\n<li>100% Originalno jamstvo: Zavra\u010damo ponarejanje: zagotavljamo samo originalne in pristne izdelke.<\/li>\r\n<li>100% Zagotovilo za dostavo: 100%: uporabljamo najbolj\u0161i na\u010din po\u0161iljanja, da zagotovimo, da prejmete naro\u010dilo 100%.<\/li>\r\n<li>Po odpremi vam bomo posredovali \u0161tevilko za sledenje in nalepko za po\u0161iljanje ter spremljali blago, dokler ga ne podpi\u0161ete.<\/li>\r\n<li>Brez carinskih te\u017eav, brez tarif<\/li>\r\n<\/ul>","protected":false},"excerpt":{"rendered":"<div class=\"wsppc_div_block woocommerce_before_add_to_cart_form\">\r\n<p><strong><span style=\"color: #00a859;\">Clear customs<\/span> before delivery &amp; 100% Delivery Guarantee, Delivery in 19~25 days around.\u00a0<\/strong><\/p>\r\n<\/div>","protected":false},"featured_media":26804,"comment_status":"open","ping_status":"closed","template":"","meta":[],"pwb-brand":[1269],"product_cat":[871],"product_tag":[22,24,172,556,592],"class_list":{"0":"post-14303","1":"product","2":"type-product","3":"status-publish","4":"has-post-thumbnail","6":"pwb-brand-fumot","7":"product_cat-10-15k-puffs","8":"product_tag-disposable","9":"product_tag-wholesale","10":"product_tag-20-0ml","11":"product_tag-12000-puffs","12":"product_tag-fumot","13":"wcpa_has_options","15":"first","16":"instock","17":"featured","18":"shipping-taxable","19":"purchasable","20":"product-type-variable"},"aioseo_notices":[],"brands":[{"id":1269,"name":"Fumot","slug":"fumot"}],"_links":{"self":[{"href":"https:\/\/www.vape4wholesale.com\/sl\/wp-json\/wp\/v2\/product\/14303","targetHints":{"allow":["GET"]}}],"collection":[{"href":"https:\/\/www.vape4wholesale.com\/sl\/wp-json\/wp\/v2\/product"}],"about":[{"href":"https:\/\/www.vape4wholesale.com\/sl\/wp-json\/wp\/v2\/types\/product"}],"replies":[{"embeddable":true,"href":"https:\/\/www.vape4wholesale.com\/sl\/wp-json\/wp\/v2\/comments?post=14303"}],"wp:featuredmedia":[{"embeddable":true,"href":"https:\/\/www.vape4wholesale.com\/sl\/wp-json\/wp\/v2\/media\/26804"}],"wp:attachment":[{"href":"https:\/\/www.vape4wholesale.com\/sl\/wp-json\/wp\/v2\/media?parent=14303"}],"wp:term":[{"taxonomy":"pwb-brand","embeddable":true,"href":"https:\/\/www.vape4wholesale.com\/sl\/wp-json\/wp\/v2\/pwb-brand?post=14303"},{"taxonomy":"product_cat","embeddable":true,"href":"https:\/\/www.vape4wholesale.com\/sl\/wp-json\/wp\/v2\/product_cat?post=14303"},{"taxonomy":"product_tag","embeddable":true,"href":"https:\/\/www.vape4wholesale.com\/sl\/wp-json\/wp\/v2\/product_tag?post=14303"}],"curies":[{"name":"wp","href":"https:\/\/api.w.org\/{rel}","templated":true}]}}