{"id":14081,"date":"2023-08-13T11:17:36","date_gmt":"2023-08-13T03:17:36","guid":{"rendered":"https:\/\/www.vape4wholesale.com\/?post_type=product&#038;p=14081"},"modified":"2026-01-26T13:42:29","modified_gmt":"2026-01-26T13:42:29","slug":"elf-bar-cr5000-za-enkratno-uporabo-vape-na-debelo","status":"publish","type":"product","link":"https:\/\/www.vape4wholesale.com\/sl\/product\/elf-bar-cr5000-disposable-vape-wholesale","title":{"rendered":"Elf Bar CR5000 Vape za enkratno uporabo na debelo"},"content":{"rendered":"<p>Elf Bar CR5000 Vape za enkratno uporabo, ki ga poganja vgrajena baterija 650 mah. Gladka povr\u0161ina v elegantni obliki omogo\u010da prileganje v usta in odli\u010den oprijem. Mesh tuljava prina\u0161a izjemno izbolj\u0161anje okusa in pove\u010da do 5000 vpihov s polnjenjem tipa C.<\/p>\n<h2><strong>Elf Bar CR5000 Performance<\/strong><\/h2>\n<p>ELFBAR CR5000 je opremljen z visokozmogljivo baterijo, ki zagotavlja dolgotrajno vapiranje. Ne glede na to, ali ste prilo\u017enostni vaper ali nekdo, ki rad vapira ves dan, vas ta naprava pokriva. Zmogljiva baterija zagotavlja tudi dosledno delovanje, ki z vsakim vdihom zagotavlja gladko in zadovoljivo izku\u0161njo vapljanja.<\/p>\n<h2>Najbolj\u0161a priro\u010dnost<\/h2>\n<p>Ena od odlik naprave ELFBAR CR5000 je njena enkratna uporaba. Ni vam treba skrbeti za ponovno polnjenje e-teko\u010dine ali zamenjavo tuljav. Napravo preprosto uporabljajte, dokler se baterija ne izprazni ali dokler ne zmanjka e-teko\u010dine, nato pa jo odgovorno zavrzite. Zaradi tega je naprava odli\u010dna izbira za vaperje, ki so vedno na poti, ali za tiste, ki imajo raje brezskrbno vapiranje.<\/p>\n<h2>Edinstvene mo\u017enosti okusov<\/h2>\n<p>ELFBAR CR5000 ponuja \u0161iroko paleto okusov, ki zadovoljijo vsak okus. Od sadnih okusov, kot sta mango in jagoda, do klasi\u010dnih toba\u010dnih in mentolnih okusov - vsakdo bo na\u0161el nekaj zase. Vsak okus je skrbno izdelan, da zagotavlja pristno in prijetno izku\u0161njo vapinga.<\/p>\n<h2>Kompaktna in elegantna zasnova<\/h2>\n<p>ELFBAR CR5000 se pona\u0161a s tanko in kompaktno zasnovo, zato ga lahko enostavno nosite v \u017eepu ali torbi. Njegov eleganten in sodoben videz dodaja pridih sloga va\u0161i izku\u0161nji vapinga. Ta naprava je priro\u010dna in modna, ne glede na to, ali ste zunaj s prijatelji ali potujete.<\/p>\n<h2>Zaklju\u010dek<\/h2>\n<p>\u010ce i\u0161\u010dete zmogljiv, priro\u010den in eleganten vape za enkratno uporabo, je ELFBAR CR5000 popolna izbira. S svojo baterijo z dolgo \u017eivljenjsko dobo, \u0161irokim naborom okusov in elegantno obliko ponuja vse, kar potrebujete za prijetno izku\u0161njo vapljanja. Preizkusite ELFBAR CR5000 \u0161e danes in odkrijte novo raven zadovoljstva pri vapljanju.<\/p>\n<p>&nbsp;<\/p>\n<h2><strong>Elf Bar CR5000 Lastnosti:<\/strong><\/h2>\n<ul>\n<li><strong>Kapaciteta e-teko\u010dine:<\/strong>\u00a013,5 ml vnaprej napolnjen<\/li>\n<li><strong>Koncentracija nikotina<\/strong>: 5%<\/li>\n<li><strong>\u0160tevilo puffov:<\/strong>\u00a0Pribli\u017eno 5.000 puffov<\/li>\n<li>Akumulatorska<\/li>\n<li><strong>Zmogljivost baterije:<\/strong>\u00a0650 mah<\/li>\n<li><strong>Vrsta USB:<\/strong>\u00a0Tip c<\/li>\n<li><strong>Grelni element:<\/strong>\u00a0Mre\u017easta tuljava<\/li>\n<li>Kristalno \u010dista zasnova<\/li>\n<\/ul>\n<h2><strong>Elf Bar CR5000 Okusi:<\/strong><\/h2>\n<ul>\n<li>Melona<\/li>\n<li>Jagoda Mango<\/li>\n<li>Jagodni sladoled<\/li>\n<li>Malina lubenica<\/li>\n<li>Breskev jagoda lubenica<\/li>\n<li>Ledena breskev<\/li>\n<li>Mango Ice<\/li>\n<li>Kivi Pasijonka Guava<\/li>\n<li>Brusnica Grozdje<\/li>\n<li>Cherry Lemon<\/li>\n<li>Borovnica Malina Granatno jabolko<\/li>\n<li>Modra limonada Razz<\/li>\n<\/ul>","protected":false},"excerpt":{"rendered":"[scf-template id=&#8217;11434&#8242;]\n","protected":false},"featured_media":14095,"comment_status":"open","ping_status":"closed","template":"","meta":[],"pwb-brand":[1278],"product_cat":[869],"product_tag":[22,24,60,189,515],"class_list":{"0":"post-14081","1":"product","2":"type-product","3":"status-publish","4":"has-post-thumbnail","6":"pwb-brand-elf-bar","7":"product_cat-5000-8000-puffs","8":"product_tag-disposable","9":"product_tag-wholesale","10":"product_tag-elf-bar","11":"product_tag-5000-puffs","12":"product_tag-13-5ml","14":"first","15":"outofstock","16":"shipping-taxable","17":"purchasable","18":"product-type-variable"},"aioseo_notices":[],"brands":[{"id":1278,"name":"Bar Elf","slug":"elfov-bar"}],"_links":{"self":[{"href":"https:\/\/www.vape4wholesale.com\/sl\/wp-json\/wp\/v2\/product\/14081","targetHints":{"allow":["GET"]}}],"collection":[{"href":"https:\/\/www.vape4wholesale.com\/sl\/wp-json\/wp\/v2\/product"}],"about":[{"href":"https:\/\/www.vape4wholesale.com\/sl\/wp-json\/wp\/v2\/types\/product"}],"replies":[{"embeddable":true,"href":"https:\/\/www.vape4wholesale.com\/sl\/wp-json\/wp\/v2\/comments?post=14081"}],"wp:featuredmedia":[{"embeddable":true,"href":"https:\/\/www.vape4wholesale.com\/sl\/wp-json\/wp\/v2\/media\/14095"}],"wp:attachment":[{"href":"https:\/\/www.vape4wholesale.com\/sl\/wp-json\/wp\/v2\/media?parent=14081"}],"wp:term":[{"taxonomy":"pwb-brand","embeddable":true,"href":"https:\/\/www.vape4wholesale.com\/sl\/wp-json\/wp\/v2\/pwb-brand?post=14081"},{"taxonomy":"product_cat","embeddable":true,"href":"https:\/\/www.vape4wholesale.com\/sl\/wp-json\/wp\/v2\/product_cat?post=14081"},{"taxonomy":"product_tag","embeddable":true,"href":"https:\/\/www.vape4wholesale.com\/sl\/wp-json\/wp\/v2\/product_tag?post=14081"}],"curies":[{"name":"wp","href":"https:\/\/api.w.org\/{rel}","templated":true}]}}