{"id":10561,"date":"2023-06-19T15:14:57","date_gmt":"2023-06-19T07:14:57","guid":{"rendered":"https:\/\/www.vape4wholesale.com\/?post_type=product&#038;p=10561"},"modified":"2026-01-26T13:42:38","modified_gmt":"2026-01-26T13:42:38","slug":"elf-bar-te5000-za-enkratno-uporabo-vape-na-debelo","status":"publish","type":"product","link":"https:\/\/www.vape4wholesale.com\/sl\/product\/elf-bar-te5000-disposable-vape-wholesale","title":{"rendered":"Elf Bar TE5000 Vape za enkratno uporabo na debelo"},"content":{"rendered":"<p>Spletna stran <strong><a title=\"Bar Elf\" href=\"https:\/\/www.vape4wholesale.com\/sl\/product_brand\/elfov-bar\/\">Bar Elf<\/a> TE5000<\/strong> Vape za enkratno uporabo je privla\u010dna naprava za enkratno uporabo s kovinskim dnom in prozorno zunanjo lupino. Uporablja mre\u017easto tuljavo, ki zagotavlja bolj aromati\u010dno izku\u0161njo vapinga, polni pa se lahko tudi prek spodnjega priklju\u010dka USB Type-C. Ena od edinstvenih lastnosti te e-cigarete za enkratno uporabo je, da je med vapljanjem prakti\u010dno nesli\u0161na. Naprava je vnaprej napolnjena s 50 mg nikotinske soli in je na voljo v \u0161tevilnih okusnih razli\u010dicah.<\/p>\n<h2>Elf Bar TE5000 Vape za enkratno uporabo Specifikacije<\/h2>\n<ul>\n<li>13,5 ml na e-cigareto<\/li>\n<li>5% nikotin po masi (50 mg\/ml)<\/li>\n<li>Pribli\u017eno 5000 vdihov na napravo<\/li>\n<li>550 notranja baterija za polnjenje<\/li>\n<li>Dimenzije 48 mm x 42 mm x 22 mm<\/li>\n<li>Narejen iz e-su\u0161ika s soljo in nikotinom<\/li>\n<li>Predhodno napolnjeno in predhodno napolnjeno<\/li>\n<li>Izdelano na Kitajskem<\/li>\n<li>Mre\u017easta tuljava<\/li>\n<li>Tiho uparjanje<\/li>\n<li>Vrata za polnjenje USB tipa C<\/li>\n<li>Spodnja LED lu\u010d<\/li>\n<\/ul>\n<h2>Okusi<\/h2>\n<p>Jabol\u010dna breskev<br \/>\nBorovni\u010dev led<br \/>\nBlue Razz Ice<br \/>\nModra limonada Razz<br \/>\nsladkorna bomba<br \/>\nEnergija<br \/>\nGrozdje<br \/>\nSo\u010dna breskev<br \/>\nKivi Pasijonka Guava<br \/>\nAnanas Mango Pomaran\u010da<br \/>\nJagoda Banana<br \/>\nJagodni led<br \/>\nJagodni sladoled<br \/>\nVanilijev sladoled<br \/>\nLed iz lubenice<\/p>\n<p><img loading=\"lazy\" decoding=\"async\" class=\"alignnone size-full wp-image-11544\" title=\"Elf Bar TE5000 Vape za enkratno uporabo na debelo Apple Peach\" src=\"https:\/\/www.vape4wholesale.com\/wp-content\/uploads\/2023\/06\/Elf-Bar-TE5000-Disposable-Vape-Wholesale-Apple-Peach.jpg\" alt=\"Elf Bar TE5000 Vape za enkratno uporabo na debelo Apple Peach\" width=\"720\" height=\"906\" srcset=\"https:\/\/www.vape4wholesale.com\/wp-content\/uploads\/2023\/06\/Elf-Bar-TE5000-Disposable-Vape-Wholesale-Apple-Peach.jpg 720w, https:\/\/www.vape4wholesale.com\/wp-content\/uploads\/2023\/06\/Elf-Bar-TE5000-Disposable-Vape-Wholesale-Apple-Peach-510x642.jpg 510w, https:\/\/www.vape4wholesale.com\/wp-content\/uploads\/2023\/06\/Elf-Bar-TE5000-Disposable-Vape-Wholesale-Apple-Peach-64x81.jpg 64w, https:\/\/www.vape4wholesale.com\/wp-content\/uploads\/2023\/06\/Elf-Bar-TE5000-Disposable-Vape-Wholesale-Apple-Peach-238x300.jpg 238w\" sizes=\"auto, (max-width: 720px) 100vw, 720px\" \/> <img loading=\"lazy\" decoding=\"async\" class=\"alignnone size-full wp-image-11545\" title=\"Elf Bar TE5000 Vape za enkratno uporabo na debelo Blue Razz Lemonda\" src=\"https:\/\/www.vape4wholesale.com\/wp-content\/uploads\/2023\/06\/Elf-Bar-TE5000-Disposable-Vape-Wholesale-Blue-Razz-Lemonda.jpg\" alt=\"Elf Bar TE5000 Vape za enkratno uporabo na debelo Blue Razz Lemonda\" width=\"720\" height=\"906\" srcset=\"https:\/\/www.vape4wholesale.com\/wp-content\/uploads\/2023\/06\/Elf-Bar-TE5000-Disposable-Vape-Wholesale-Blue-Razz-Lemonda.jpg 720w, https:\/\/www.vape4wholesale.com\/wp-content\/uploads\/2023\/06\/Elf-Bar-TE5000-Disposable-Vape-Wholesale-Blue-Razz-Lemonda-510x642.jpg 510w, https:\/\/www.vape4wholesale.com\/wp-content\/uploads\/2023\/06\/Elf-Bar-TE5000-Disposable-Vape-Wholesale-Blue-Razz-Lemonda-64x81.jpg 64w, https:\/\/www.vape4wholesale.com\/wp-content\/uploads\/2023\/06\/Elf-Bar-TE5000-Disposable-Vape-Wholesale-Blue-Razz-Lemonda-238x300.jpg 238w\" sizes=\"auto, (max-width: 720px) 100vw, 720px\" \/> <img loading=\"lazy\" decoding=\"async\" class=\"alignnone size-full wp-image-11546\" title=\"Elf Bar TE5000 Vape za enkratno uporabo na debelo Blueberry Ice\" src=\"https:\/\/www.vape4wholesale.com\/wp-content\/uploads\/2023\/06\/Elf-Bar-TE5000-Disposable-Vape-Wholesale-Blueberry-Ice.jpg\" alt=\"Elf Bar TE5000 Vape za enkratno uporabo na debelo Blueberry Ice\" width=\"720\" height=\"907\" srcset=\"https:\/\/www.vape4wholesale.com\/wp-content\/uploads\/2023\/06\/Elf-Bar-TE5000-Disposable-Vape-Wholesale-Blueberry-Ice.jpg 720w, https:\/\/www.vape4wholesale.com\/wp-content\/uploads\/2023\/06\/Elf-Bar-TE5000-Disposable-Vape-Wholesale-Blueberry-Ice-510x642.jpg 510w, https:\/\/www.vape4wholesale.com\/wp-content\/uploads\/2023\/06\/Elf-Bar-TE5000-Disposable-Vape-Wholesale-Blueberry-Ice-64x81.jpg 64w, https:\/\/www.vape4wholesale.com\/wp-content\/uploads\/2023\/06\/Elf-Bar-TE5000-Disposable-Vape-Wholesale-Blueberry-Ice-238x300.jpg 238w\" sizes=\"auto, (max-width: 720px) 100vw, 720px\" \/> <img loading=\"lazy\" decoding=\"async\" class=\"alignnone size-full wp-image-11547\" title=\"Elf Bar TE5000 Vape za enkratno uporabo na debelo Cotton Candy\" src=\"https:\/\/www.vape4wholesale.com\/wp-content\/uploads\/2023\/06\/Elf-Bar-TE5000-Disposable-Vape-Wholesale-Cotton-Candy.jpg\" alt=\"Elf Bar TE5000 Vape za enkratno uporabo na debelo Cotton Candy\" width=\"720\" height=\"906\" srcset=\"https:\/\/www.vape4wholesale.com\/wp-content\/uploads\/2023\/06\/Elf-Bar-TE5000-Disposable-Vape-Wholesale-Cotton-Candy.jpg 720w, https:\/\/www.vape4wholesale.com\/wp-content\/uploads\/2023\/06\/Elf-Bar-TE5000-Disposable-Vape-Wholesale-Cotton-Candy-510x642.jpg 510w, https:\/\/www.vape4wholesale.com\/wp-content\/uploads\/2023\/06\/Elf-Bar-TE5000-Disposable-Vape-Wholesale-Cotton-Candy-64x81.jpg 64w, https:\/\/www.vape4wholesale.com\/wp-content\/uploads\/2023\/06\/Elf-Bar-TE5000-Disposable-Vape-Wholesale-Cotton-Candy-238x300.jpg 238w\" sizes=\"auto, (max-width: 720px) 100vw, 720px\" \/> <img loading=\"lazy\" decoding=\"async\" class=\"alignnone size-full wp-image-11548\" title=\"Elf Bar TE5000 Vape za enkratno uporabo na debelo Energija\" src=\"https:\/\/www.vape4wholesale.com\/wp-content\/uploads\/2023\/06\/Elf-Bar-TE5000-Disposable-Vape-Wholesale-Energy.jpg\" alt=\"Elf Bar TE5000 Vape za enkratno uporabo na debelo Energija\" width=\"720\" height=\"907\" srcset=\"https:\/\/www.vape4wholesale.com\/wp-content\/uploads\/2023\/06\/Elf-Bar-TE5000-Disposable-Vape-Wholesale-Energy.jpg 720w, https:\/\/www.vape4wholesale.com\/wp-content\/uploads\/2023\/06\/Elf-Bar-TE5000-Disposable-Vape-Wholesale-Energy-510x642.jpg 510w, https:\/\/www.vape4wholesale.com\/wp-content\/uploads\/2023\/06\/Elf-Bar-TE5000-Disposable-Vape-Wholesale-Energy-64x81.jpg 64w, https:\/\/www.vape4wholesale.com\/wp-content\/uploads\/2023\/06\/Elf-Bar-TE5000-Disposable-Vape-Wholesale-Energy-238x300.jpg 238w\" sizes=\"auto, (max-width: 720px) 100vw, 720px\" \/> <img loading=\"lazy\" decoding=\"async\" class=\"alignnone size-full wp-image-11549\" title=\"Elf Bar TE5000 Vape za enkratno uporabo na debelo Grape\" src=\"https:\/\/www.vape4wholesale.com\/wp-content\/uploads\/2023\/06\/Elf-Bar-TE5000-Disposable-Vape-Wholesale-Grape.jpg\" alt=\"Elf Bar TE5000 Vape za enkratno uporabo na debelo Grape\" width=\"720\" height=\"907\" srcset=\"https:\/\/www.vape4wholesale.com\/wp-content\/uploads\/2023\/06\/Elf-Bar-TE5000-Disposable-Vape-Wholesale-Grape.jpg 720w, https:\/\/www.vape4wholesale.com\/wp-content\/uploads\/2023\/06\/Elf-Bar-TE5000-Disposable-Vape-Wholesale-Grape-510x642.jpg 510w, https:\/\/www.vape4wholesale.com\/wp-content\/uploads\/2023\/06\/Elf-Bar-TE5000-Disposable-Vape-Wholesale-Grape-64x81.jpg 64w, https:\/\/www.vape4wholesale.com\/wp-content\/uploads\/2023\/06\/Elf-Bar-TE5000-Disposable-Vape-Wholesale-Grape-238x300.jpg 238w\" sizes=\"auto, (max-width: 720px) 100vw, 720px\" \/> <img loading=\"lazy\" decoding=\"async\" class=\"alignnone size-full wp-image-11550\" title=\"Elf Bar TE5000 Vape za enkratno uporabo na debelo Juicy Peach\" src=\"https:\/\/www.vape4wholesale.com\/wp-content\/uploads\/2023\/06\/Elf-Bar-TE5000-Disposable-Vape-Wholesale-Juicy-Peach.jpg\" alt=\"Elf Bar TE5000 Vape za enkratno uporabo na debelo Juicy Peach\" width=\"720\" height=\"906\" srcset=\"https:\/\/www.vape4wholesale.com\/wp-content\/uploads\/2023\/06\/Elf-Bar-TE5000-Disposable-Vape-Wholesale-Juicy-Peach.jpg 720w, https:\/\/www.vape4wholesale.com\/wp-content\/uploads\/2023\/06\/Elf-Bar-TE5000-Disposable-Vape-Wholesale-Juicy-Peach-510x642.jpg 510w, https:\/\/www.vape4wholesale.com\/wp-content\/uploads\/2023\/06\/Elf-Bar-TE5000-Disposable-Vape-Wholesale-Juicy-Peach-64x81.jpg 64w, https:\/\/www.vape4wholesale.com\/wp-content\/uploads\/2023\/06\/Elf-Bar-TE5000-Disposable-Vape-Wholesale-Juicy-Peach-238x300.jpg 238w\" sizes=\"auto, (max-width: 720px) 100vw, 720px\" \/> <img loading=\"lazy\" decoding=\"async\" class=\"alignnone size-full wp-image-11551\" title=\"Elf Bar TE5000 Vape za enkratno uporabo na debelo Kiwi Passion Fruit Guava\" src=\"https:\/\/www.vape4wholesale.com\/wp-content\/uploads\/2023\/06\/Elf-Bar-TE5000-Disposable-Vape-Wholesale-Kiwi-Passion-Fruit-Guava.jpg\" alt=\"Elf Bar TE5000 Vape za enkratno uporabo na debelo Kiwi Passion Fruit Guava\" width=\"720\" height=\"907\" srcset=\"https:\/\/www.vape4wholesale.com\/wp-content\/uploads\/2023\/06\/Elf-Bar-TE5000-Disposable-Vape-Wholesale-Kiwi-Passion-Fruit-Guava.jpg 720w, https:\/\/www.vape4wholesale.com\/wp-content\/uploads\/2023\/06\/Elf-Bar-TE5000-Disposable-Vape-Wholesale-Kiwi-Passion-Fruit-Guava-510x642.jpg 510w, https:\/\/www.vape4wholesale.com\/wp-content\/uploads\/2023\/06\/Elf-Bar-TE5000-Disposable-Vape-Wholesale-Kiwi-Passion-Fruit-Guava-64x81.jpg 64w, https:\/\/www.vape4wholesale.com\/wp-content\/uploads\/2023\/06\/Elf-Bar-TE5000-Disposable-Vape-Wholesale-Kiwi-Passion-Fruit-Guava-238x300.jpg 238w\" sizes=\"auto, (max-width: 720px) 100vw, 720px\" \/> <img loading=\"lazy\" decoding=\"async\" class=\"alignnone size-full wp-image-11552\" title=\"Elf Bar TE5000 za enkratno uporabo Vape na debelo Pregled\" src=\"https:\/\/www.vape4wholesale.com\/wp-content\/uploads\/2023\/06\/Elf-Bar-TE5000-Disposable-Vape-Wholesale-Overview.jpg\" alt=\"Elf Bar TE5000 za enkratno uporabo Vape na debelo Pregled\" width=\"720\" height=\"720\" srcset=\"https:\/\/www.vape4wholesale.com\/wp-content\/uploads\/2023\/06\/Elf-Bar-TE5000-Disposable-Vape-Wholesale-Overview.jpg 720w, https:\/\/www.vape4wholesale.com\/wp-content\/uploads\/2023\/06\/Elf-Bar-TE5000-Disposable-Vape-Wholesale-Overview-247x247.jpg 247w, https:\/\/www.vape4wholesale.com\/wp-content\/uploads\/2023\/06\/Elf-Bar-TE5000-Disposable-Vape-Wholesale-Overview-100x100.jpg 100w, https:\/\/www.vape4wholesale.com\/wp-content\/uploads\/2023\/06\/Elf-Bar-TE5000-Disposable-Vape-Wholesale-Overview-510x510.jpg 510w, https:\/\/www.vape4wholesale.com\/wp-content\/uploads\/2023\/06\/Elf-Bar-TE5000-Disposable-Vape-Wholesale-Overview-64x64.jpg 64w, https:\/\/www.vape4wholesale.com\/wp-content\/uploads\/2023\/06\/Elf-Bar-TE5000-Disposable-Vape-Wholesale-Overview-300x300.jpg 300w, https:\/\/www.vape4wholesale.com\/wp-content\/uploads\/2023\/06\/Elf-Bar-TE5000-Disposable-Vape-Wholesale-Overview-150x150.jpg 150w\" sizes=\"auto, (max-width: 720px) 100vw, 720px\" \/> <img loading=\"lazy\" decoding=\"async\" class=\"alignnone size-full wp-image-11553\" title=\"Elf Bar TE5000 Vape za enkratno uporabo na debelo Pipeapple Mango Orange\" src=\"https:\/\/www.vape4wholesale.com\/wp-content\/uploads\/2023\/06\/Elf-Bar-TE5000-Disposable-Vape-Wholesale-Pipeapple-Mango-Orange.jpg\" alt=\"Elf Bar TE5000 Vape za enkratno uporabo na debelo Pipeapple Mango Orange\" width=\"720\" height=\"906\" srcset=\"https:\/\/www.vape4wholesale.com\/wp-content\/uploads\/2023\/06\/Elf-Bar-TE5000-Disposable-Vape-Wholesale-Pipeapple-Mango-Orange.jpg 720w, https:\/\/www.vape4wholesale.com\/wp-content\/uploads\/2023\/06\/Elf-Bar-TE5000-Disposable-Vape-Wholesale-Pipeapple-Mango-Orange-510x642.jpg 510w, https:\/\/www.vape4wholesale.com\/wp-content\/uploads\/2023\/06\/Elf-Bar-TE5000-Disposable-Vape-Wholesale-Pipeapple-Mango-Orange-64x81.jpg 64w, https:\/\/www.vape4wholesale.com\/wp-content\/uploads\/2023\/06\/Elf-Bar-TE5000-Disposable-Vape-Wholesale-Pipeapple-Mango-Orange-238x300.jpg 238w\" sizes=\"auto, (max-width: 720px) 100vw, 720px\" \/> <img loading=\"lazy\" decoding=\"async\" class=\"alignnone size-full wp-image-11554\" title=\"Elf Bar TE5000 za enkratno uporabo Vape na debelo Straberry Banana\" src=\"https:\/\/www.vape4wholesale.com\/wp-content\/uploads\/2023\/06\/Elf-Bar-TE5000-Disposable-Vape-Wholesale-Straberry-Banana.jpg\" alt=\"Elf Bar TE5000 za enkratno uporabo Vape na debelo Straberry Banana\" width=\"720\" height=\"905\" srcset=\"https:\/\/www.vape4wholesale.com\/wp-content\/uploads\/2023\/06\/Elf-Bar-TE5000-Disposable-Vape-Wholesale-Straberry-Banana.jpg 720w, https:\/\/www.vape4wholesale.com\/wp-content\/uploads\/2023\/06\/Elf-Bar-TE5000-Disposable-Vape-Wholesale-Straberry-Banana-510x641.jpg 510w, https:\/\/www.vape4wholesale.com\/wp-content\/uploads\/2023\/06\/Elf-Bar-TE5000-Disposable-Vape-Wholesale-Straberry-Banana-64x80.jpg 64w, https:\/\/www.vape4wholesale.com\/wp-content\/uploads\/2023\/06\/Elf-Bar-TE5000-Disposable-Vape-Wholesale-Straberry-Banana-239x300.jpg 239w\" sizes=\"auto, (max-width: 720px) 100vw, 720px\" \/> <img loading=\"lazy\" decoding=\"async\" class=\"alignnone size-full wp-image-11555\" title=\"Elf Bar TE5000 Vape za enkratno uporabo na debelo Straberry Ice Cream\" src=\"https:\/\/www.vape4wholesale.com\/wp-content\/uploads\/2023\/06\/Elf-Bar-TE5000-Disposable-Vape-Wholesale-Straberry-Ice-Cream.jpg\" alt=\"Elf Bar TE5000 Vape za enkratno uporabo na debelo Straberry Ice Cream\" width=\"720\" height=\"907\" srcset=\"https:\/\/www.vape4wholesale.com\/wp-content\/uploads\/2023\/06\/Elf-Bar-TE5000-Disposable-Vape-Wholesale-Straberry-Ice-Cream.jpg 720w, https:\/\/www.vape4wholesale.com\/wp-content\/uploads\/2023\/06\/Elf-Bar-TE5000-Disposable-Vape-Wholesale-Straberry-Ice-Cream-510x642.jpg 510w, https:\/\/www.vape4wholesale.com\/wp-content\/uploads\/2023\/06\/Elf-Bar-TE5000-Disposable-Vape-Wholesale-Straberry-Ice-Cream-64x81.jpg 64w, https:\/\/www.vape4wholesale.com\/wp-content\/uploads\/2023\/06\/Elf-Bar-TE5000-Disposable-Vape-Wholesale-Straberry-Ice-Cream-238x300.jpg 238w\" sizes=\"auto, (max-width: 720px) 100vw, 720px\" \/> <img loading=\"lazy\" decoding=\"async\" class=\"alignnone size-full wp-image-11556\" title=\"Elf Bar TE5000 Vape za enkratno uporabo na debelo Watermelon Ice\" src=\"https:\/\/www.vape4wholesale.com\/wp-content\/uploads\/2023\/06\/Elf-Bar-TE5000-Disposable-Vape-Wholesale-Watermelon-Ice.jpg\" alt=\"Elf Bar TE5000 Vape za enkratno uporabo na debelo Watermelon Ice\" width=\"720\" height=\"907\" srcset=\"https:\/\/www.vape4wholesale.com\/wp-content\/uploads\/2023\/06\/Elf-Bar-TE5000-Disposable-Vape-Wholesale-Watermelon-Ice.jpg 720w, https:\/\/www.vape4wholesale.com\/wp-content\/uploads\/2023\/06\/Elf-Bar-TE5000-Disposable-Vape-Wholesale-Watermelon-Ice-510x642.jpg 510w, https:\/\/www.vape4wholesale.com\/wp-content\/uploads\/2023\/06\/Elf-Bar-TE5000-Disposable-Vape-Wholesale-Watermelon-Ice-64x81.jpg 64w, https:\/\/www.vape4wholesale.com\/wp-content\/uploads\/2023\/06\/Elf-Bar-TE5000-Disposable-Vape-Wholesale-Watermelon-Ice-238x300.jpg 238w\" sizes=\"auto, (max-width: 720px) 100vw, 720px\" \/><\/p>","protected":false},"excerpt":{"rendered":"[scf-template id=&#8217;11434&#8242;]\n<p>100% Original Elf Bar with QR Code<\/p>\n","protected":false},"featured_media":11552,"comment_status":"open","ping_status":"closed","template":"","meta":[],"pwb-brand":[1278],"product_cat":[72,869],"product_tag":[189,515,22,24,60],"class_list":{"0":"post-10561","1":"product","2":"type-product","3":"status-publish","4":"has-post-thumbnail","6":"pwb-brand-elf-bar","7":"product_cat-disposable-vape","8":"product_cat-5000-8000-puffs","9":"product_tag-5000-puffs","10":"product_tag-13-5ml","11":"product_tag-disposable","12":"product_tag-wholesale","13":"product_tag-elf-bar","15":"first","16":"outofstock","17":"shipping-taxable","18":"purchasable","19":"product-type-variable"},"aioseo_notices":[],"brands":[{"id":1278,"name":"Bar Elf","slug":"elfov-bar"}],"_links":{"self":[{"href":"https:\/\/www.vape4wholesale.com\/sl\/wp-json\/wp\/v2\/product\/10561","targetHints":{"allow":["GET"]}}],"collection":[{"href":"https:\/\/www.vape4wholesale.com\/sl\/wp-json\/wp\/v2\/product"}],"about":[{"href":"https:\/\/www.vape4wholesale.com\/sl\/wp-json\/wp\/v2\/types\/product"}],"replies":[{"embeddable":true,"href":"https:\/\/www.vape4wholesale.com\/sl\/wp-json\/wp\/v2\/comments?post=10561"}],"wp:featuredmedia":[{"embeddable":true,"href":"https:\/\/www.vape4wholesale.com\/sl\/wp-json\/wp\/v2\/media\/11552"}],"wp:attachment":[{"href":"https:\/\/www.vape4wholesale.com\/sl\/wp-json\/wp\/v2\/media?parent=10561"}],"wp:term":[{"taxonomy":"pwb-brand","embeddable":true,"href":"https:\/\/www.vape4wholesale.com\/sl\/wp-json\/wp\/v2\/pwb-brand?post=10561"},{"taxonomy":"product_cat","embeddable":true,"href":"https:\/\/www.vape4wholesale.com\/sl\/wp-json\/wp\/v2\/product_cat?post=10561"},{"taxonomy":"product_tag","embeddable":true,"href":"https:\/\/www.vape4wholesale.com\/sl\/wp-json\/wp\/v2\/product_tag?post=10561"}],"curies":[{"name":"wp","href":"https:\/\/api.w.org\/{rel}","templated":true}]}}