{"id":10252,"date":"2023-06-18T19:58:00","date_gmt":"2023-06-18T11:58:00","guid":{"rendered":"https:\/\/www.vape4wholesale.com\/?post_type=product&#038;p=10252"},"modified":"2026-01-26T13:42:40","modified_gmt":"2026-01-26T13:42:40","slug":"izgubljeni-mary-os5000-za-enkratno-uporabo-vape-na-debelo","status":"publish","type":"product","link":"https:\/\/www.vape4wholesale.com\/sl\/product\/lost-mary-os5000-disposable-vape-wholesale","title":{"rendered":"Lost Mary OS5000 Vape za enkratno uporabo na debelo"},"content":{"rendered":"<p>. <strong><a href=\"https:\/\/www.vape4wholesale.com\/sl\/product_brand\/izgubljena-mary\/\">Izgubljena Mary<\/a> OS5000<\/strong> Vape za enkratno uporabo na debelo, to je vnaprej napolnjena 13ml vape naprava, opremljena z akumulatorsko baterijo 650mah, 5% nikotin (50mg), najve\u010dja podpora 5000 puffs.<\/p>\n<p>To je priro\u010dna mo\u017enost za uporabo na poti.Oblikovanje povr\u0161ine planeta napravi doda edinstven pridih, medtem ko indikatorji mo\u010di na 3 ravneh omogo\u010dajo enostavno spremljanje baterije.Komplet OS5000 Disposble je opremljen z mre\u017easto tuljavo in se aktivira z vle\u010denjem, kar zagotavlja gladko in prijetno izku\u0161njo vapinga.Ta komplet je popoln za tiste, ki imajo raje mo\u010dan nikotinski u\u010dinek.Ne glede na to, ali ste izku\u0161eni vaped ali novinec, je vape Lost Mary OS5000 Disposable odli\u010dna izbira za vse, ki i\u0161\u010dejo zanesljivo in uporabniku prijazno napravo.<\/p>\n<h2>Lost Mary OS5000 Vape za enkratno uporabo Hitre podrobnosti:<\/h2>\n<ol>\n<li>Blagovna znamka: Lost Mary<\/li>\n<li>Puffs: 5000 Puffs so na voljo na napravo<\/li>\n<li>Nikotin: 5%<\/li>\n<li>Kapaciteta e-su\u0161ice: 13ML<\/li>\n<li>Baterija: 650 mAh<\/li>\n<li>Polnilni priklju\u010dek: tip C<\/li>\n<\/ol>\n<p>&nbsp;<\/p>\n<h2>Okusi<\/h2>\n<ul>\n<li>Modra sladkorna bomba\u017e<\/li>\n<li>Borovni\u010dev led<\/li>\n<li>Blue Razz Ice<\/li>\n<li>Brusni\u010dna soda<\/li>\n<li>So\u010dna breskev<\/li>\n<li>kivi Pasijonka Guava<\/li>\n<li>Ananas Mango<\/li>\n<li>Jagodni sladoled<\/li>\n<li>Jagodni led<\/li>\n<li>Jagoda Mango<\/li>\n<li>Jagodna borovni\u010deva colada<\/li>\n<li>Melona<\/li>\n<\/ul>\n<h2>Paket<\/h2>\n<ul>\n<li>0.084KG \/ PC, 1 \/ \u0161katla, 10 \/ primer<\/li>\n<li>200\/karton, 17,0 kg.<\/li>\n<\/ul>\n<p><img loading=\"lazy\" decoding=\"async\" class=\"alignnone size-full wp-image-11641\" title=\"Lost Mary OS5000 Vape za enkratno uporabo na debelo Blue Razz Ice\" src=\"https:\/\/www.vape4wholesale.com\/wp-content\/uploads\/2023\/06\/Lost-Mary-OS5000-Disposable-Vape-Wholesale-Blue-Razz-Ice.jpg\" alt=\"Lost Mary OS5000 Vape za enkratno uporabo na debelo Blue Razz Ice\" width=\"800\" height=\"800\" srcset=\"https:\/\/www.vape4wholesale.com\/wp-content\/uploads\/2023\/06\/Lost-Mary-OS5000-Disposable-Vape-Wholesale-Blue-Razz-Ice.jpg 800w, https:\/\/www.vape4wholesale.com\/wp-content\/uploads\/2023\/06\/Lost-Mary-OS5000-Disposable-Vape-Wholesale-Blue-Razz-Ice-247x247.jpg 247w, https:\/\/www.vape4wholesale.com\/wp-content\/uploads\/2023\/06\/Lost-Mary-OS5000-Disposable-Vape-Wholesale-Blue-Razz-Ice-100x100.jpg 100w, https:\/\/www.vape4wholesale.com\/wp-content\/uploads\/2023\/06\/Lost-Mary-OS5000-Disposable-Vape-Wholesale-Blue-Razz-Ice-510x510.jpg 510w, https:\/\/www.vape4wholesale.com\/wp-content\/uploads\/2023\/06\/Lost-Mary-OS5000-Disposable-Vape-Wholesale-Blue-Razz-Ice-64x64.jpg 64w, https:\/\/www.vape4wholesale.com\/wp-content\/uploads\/2023\/06\/Lost-Mary-OS5000-Disposable-Vape-Wholesale-Blue-Razz-Ice-300x300.jpg 300w, https:\/\/www.vape4wholesale.com\/wp-content\/uploads\/2023\/06\/Lost-Mary-OS5000-Disposable-Vape-Wholesale-Blue-Razz-Ice-150x150.jpg 150w, https:\/\/www.vape4wholesale.com\/wp-content\/uploads\/2023\/06\/Lost-Mary-OS5000-Disposable-Vape-Wholesale-Blue-Razz-Ice-768x768.jpg 768w\" sizes=\"auto, (max-width: 800px) 100vw, 800px\" \/> \u00a0<img loading=\"lazy\" decoding=\"async\" class=\"alignnone size-full wp-image-11643\" title=\"Izgubljena Mary OS5000 Vape za enkratno uporabo na debelo Brusni\u010dna soda\" src=\"https:\/\/www.vape4wholesale.com\/wp-content\/uploads\/2023\/06\/Lost-Mary-OS5000-Disposable-Vape-Wholesale-Cranberry-Soda.jpg\" alt=\"Izgubljena Mary OS5000 Vape za enkratno uporabo na debelo Brusni\u010dna soda\" width=\"800\" height=\"800\" srcset=\"https:\/\/www.vape4wholesale.com\/wp-content\/uploads\/2023\/06\/Lost-Mary-OS5000-Disposable-Vape-Wholesale-Cranberry-Soda.jpg 800w, https:\/\/www.vape4wholesale.com\/wp-content\/uploads\/2023\/06\/Lost-Mary-OS5000-Disposable-Vape-Wholesale-Cranberry-Soda-247x247.jpg 247w, https:\/\/www.vape4wholesale.com\/wp-content\/uploads\/2023\/06\/Lost-Mary-OS5000-Disposable-Vape-Wholesale-Cranberry-Soda-100x100.jpg 100w, https:\/\/www.vape4wholesale.com\/wp-content\/uploads\/2023\/06\/Lost-Mary-OS5000-Disposable-Vape-Wholesale-Cranberry-Soda-510x510.jpg 510w, https:\/\/www.vape4wholesale.com\/wp-content\/uploads\/2023\/06\/Lost-Mary-OS5000-Disposable-Vape-Wholesale-Cranberry-Soda-64x64.jpg 64w, https:\/\/www.vape4wholesale.com\/wp-content\/uploads\/2023\/06\/Lost-Mary-OS5000-Disposable-Vape-Wholesale-Cranberry-Soda-300x300.jpg 300w, https:\/\/www.vape4wholesale.com\/wp-content\/uploads\/2023\/06\/Lost-Mary-OS5000-Disposable-Vape-Wholesale-Cranberry-Soda-150x150.jpg 150w, https:\/\/www.vape4wholesale.com\/wp-content\/uploads\/2023\/06\/Lost-Mary-OS5000-Disposable-Vape-Wholesale-Cranberry-Soda-768x768.jpg 768w\" sizes=\"auto, (max-width: 800px) 100vw, 800px\" \/> <img loading=\"lazy\" decoding=\"async\" class=\"alignnone size-full wp-image-11644\" title=\"Izgubljena Mary OS5000 Vape za enkratno uporabo na debelo Juicy Peach\" src=\"https:\/\/www.vape4wholesale.com\/wp-content\/uploads\/2023\/06\/Lost-Mary-OS5000-Disposable-Vape-Wholesale-Juicy-Peach.jpg\" alt=\"Izgubljena Mary OS5000 Vape za enkratno uporabo na debelo Juicy Peach\" width=\"800\" height=\"800\" srcset=\"https:\/\/www.vape4wholesale.com\/wp-content\/uploads\/2023\/06\/Lost-Mary-OS5000-Disposable-Vape-Wholesale-Juicy-Peach.jpg 800w, https:\/\/www.vape4wholesale.com\/wp-content\/uploads\/2023\/06\/Lost-Mary-OS5000-Disposable-Vape-Wholesale-Juicy-Peach-247x247.jpg 247w, https:\/\/www.vape4wholesale.com\/wp-content\/uploads\/2023\/06\/Lost-Mary-OS5000-Disposable-Vape-Wholesale-Juicy-Peach-100x100.jpg 100w, https:\/\/www.vape4wholesale.com\/wp-content\/uploads\/2023\/06\/Lost-Mary-OS5000-Disposable-Vape-Wholesale-Juicy-Peach-510x510.jpg 510w, https:\/\/www.vape4wholesale.com\/wp-content\/uploads\/2023\/06\/Lost-Mary-OS5000-Disposable-Vape-Wholesale-Juicy-Peach-64x64.jpg 64w, https:\/\/www.vape4wholesale.com\/wp-content\/uploads\/2023\/06\/Lost-Mary-OS5000-Disposable-Vape-Wholesale-Juicy-Peach-300x300.jpg 300w, https:\/\/www.vape4wholesale.com\/wp-content\/uploads\/2023\/06\/Lost-Mary-OS5000-Disposable-Vape-Wholesale-Juicy-Peach-150x150.jpg 150w, https:\/\/www.vape4wholesale.com\/wp-content\/uploads\/2023\/06\/Lost-Mary-OS5000-Disposable-Vape-Wholesale-Juicy-Peach-768x768.jpg 768w\" sizes=\"auto, (max-width: 800px) 100vw, 800px\" \/> <img loading=\"lazy\" decoding=\"async\" class=\"alignnone size-full wp-image-11645\" title=\"Izgubljena Mary OS5000 Vape za enkratno uporabo na debelo kivi Passion Fruit Guava\" src=\"https:\/\/www.vape4wholesale.com\/wp-content\/uploads\/2023\/06\/Lost-Mary-OS5000-Disposable-Vape-Wholesale-kiwi-Passion-Fruit-Guava.jpg\" alt=\"Izgubljena Mary OS5000 Vape za enkratno uporabo na debelo kivi Passion Fruit Guava\" width=\"800\" height=\"800\" srcset=\"https:\/\/www.vape4wholesale.com\/wp-content\/uploads\/2023\/06\/Lost-Mary-OS5000-Disposable-Vape-Wholesale-kiwi-Passion-Fruit-Guava.jpg 800w, https:\/\/www.vape4wholesale.com\/wp-content\/uploads\/2023\/06\/Lost-Mary-OS5000-Disposable-Vape-Wholesale-kiwi-Passion-Fruit-Guava-247x247.jpg 247w, https:\/\/www.vape4wholesale.com\/wp-content\/uploads\/2023\/06\/Lost-Mary-OS5000-Disposable-Vape-Wholesale-kiwi-Passion-Fruit-Guava-100x100.jpg 100w, https:\/\/www.vape4wholesale.com\/wp-content\/uploads\/2023\/06\/Lost-Mary-OS5000-Disposable-Vape-Wholesale-kiwi-Passion-Fruit-Guava-510x510.jpg 510w, https:\/\/www.vape4wholesale.com\/wp-content\/uploads\/2023\/06\/Lost-Mary-OS5000-Disposable-Vape-Wholesale-kiwi-Passion-Fruit-Guava-64x64.jpg 64w, https:\/\/www.vape4wholesale.com\/wp-content\/uploads\/2023\/06\/Lost-Mary-OS5000-Disposable-Vape-Wholesale-kiwi-Passion-Fruit-Guava-300x300.jpg 300w, https:\/\/www.vape4wholesale.com\/wp-content\/uploads\/2023\/06\/Lost-Mary-OS5000-Disposable-Vape-Wholesale-kiwi-Passion-Fruit-Guava-150x150.jpg 150w, https:\/\/www.vape4wholesale.com\/wp-content\/uploads\/2023\/06\/Lost-Mary-OS5000-Disposable-Vape-Wholesale-kiwi-Passion-Fruit-Guava-768x768.jpg 768w\" sizes=\"auto, (max-width: 800px) 100vw, 800px\" \/> <img loading=\"lazy\" decoding=\"async\" class=\"alignnone size-full wp-image-11646\" title=\"Lost Mary OS5000 Vape za enkratno uporabo na debelo Pregled okusov\" src=\"https:\/\/www.vape4wholesale.com\/wp-content\/uploads\/2023\/06\/Lost-Mary-OS5000-Disposable-Vape-Wholesale-Overview-Flavors.jpg\" alt=\"Lost Mary OS5000 Vape za enkratno uporabo na debelo Pregled okusov\" width=\"800\" height=\"800\" srcset=\"https:\/\/www.vape4wholesale.com\/wp-content\/uploads\/2023\/06\/Lost-Mary-OS5000-Disposable-Vape-Wholesale-Overview-Flavors.jpg 800w, https:\/\/www.vape4wholesale.com\/wp-content\/uploads\/2023\/06\/Lost-Mary-OS5000-Disposable-Vape-Wholesale-Overview-Flavors-247x247.jpg 247w, https:\/\/www.vape4wholesale.com\/wp-content\/uploads\/2023\/06\/Lost-Mary-OS5000-Disposable-Vape-Wholesale-Overview-Flavors-100x100.jpg 100w, https:\/\/www.vape4wholesale.com\/wp-content\/uploads\/2023\/06\/Lost-Mary-OS5000-Disposable-Vape-Wholesale-Overview-Flavors-510x510.jpg 510w, https:\/\/www.vape4wholesale.com\/wp-content\/uploads\/2023\/06\/Lost-Mary-OS5000-Disposable-Vape-Wholesale-Overview-Flavors-64x64.jpg 64w, https:\/\/www.vape4wholesale.com\/wp-content\/uploads\/2023\/06\/Lost-Mary-OS5000-Disposable-Vape-Wholesale-Overview-Flavors-300x300.jpg 300w, https:\/\/www.vape4wholesale.com\/wp-content\/uploads\/2023\/06\/Lost-Mary-OS5000-Disposable-Vape-Wholesale-Overview-Flavors-150x150.jpg 150w, https:\/\/www.vape4wholesale.com\/wp-content\/uploads\/2023\/06\/Lost-Mary-OS5000-Disposable-Vape-Wholesale-Overview-Flavors-768x768.jpg 768w\" sizes=\"auto, (max-width: 800px) 100vw, 800px\" \/> <img loading=\"lazy\" decoding=\"async\" class=\"alignnone size-full wp-image-11647\" title=\"Izgubljena Mary OS5000 Vape za enkratno uporabo na debelo Ananas Mango\" src=\"https:\/\/www.vape4wholesale.com\/wp-content\/uploads\/2023\/06\/Lost-Mary-OS5000-Disposable-Vape-Wholesale-Pineapple-Mango.jpg\" alt=\"Izgubljena Mary OS5000 Vape za enkratno uporabo na debelo Ananas Mango\" width=\"800\" height=\"800\" srcset=\"https:\/\/www.vape4wholesale.com\/wp-content\/uploads\/2023\/06\/Lost-Mary-OS5000-Disposable-Vape-Wholesale-Pineapple-Mango.jpg 800w, https:\/\/www.vape4wholesale.com\/wp-content\/uploads\/2023\/06\/Lost-Mary-OS5000-Disposable-Vape-Wholesale-Pineapple-Mango-247x247.jpg 247w, https:\/\/www.vape4wholesale.com\/wp-content\/uploads\/2023\/06\/Lost-Mary-OS5000-Disposable-Vape-Wholesale-Pineapple-Mango-100x100.jpg 100w, https:\/\/www.vape4wholesale.com\/wp-content\/uploads\/2023\/06\/Lost-Mary-OS5000-Disposable-Vape-Wholesale-Pineapple-Mango-510x510.jpg 510w, https:\/\/www.vape4wholesale.com\/wp-content\/uploads\/2023\/06\/Lost-Mary-OS5000-Disposable-Vape-Wholesale-Pineapple-Mango-64x64.jpg 64w, https:\/\/www.vape4wholesale.com\/wp-content\/uploads\/2023\/06\/Lost-Mary-OS5000-Disposable-Vape-Wholesale-Pineapple-Mango-300x300.jpg 300w, https:\/\/www.vape4wholesale.com\/wp-content\/uploads\/2023\/06\/Lost-Mary-OS5000-Disposable-Vape-Wholesale-Pineapple-Mango-150x150.jpg 150w, https:\/\/www.vape4wholesale.com\/wp-content\/uploads\/2023\/06\/Lost-Mary-OS5000-Disposable-Vape-Wholesale-Pineapple-Mango-768x768.jpg 768w\" sizes=\"auto, (max-width: 800px) 100vw, 800px\" \/> <img loading=\"lazy\" decoding=\"async\" class=\"alignnone size-full wp-image-11648\" title=\"Izgubljena Mary OS5000 Vape za enkratno uporabo na debelo Strawberry Ice\" src=\"https:\/\/www.vape4wholesale.com\/wp-content\/uploads\/2023\/06\/Lost-Mary-OS5000-Disposable-Vape-Wholesale-Strawberry-Ice.jpg\" alt=\"Izgubljena Mary OS5000 Vape za enkratno uporabo na debelo Strawberry Ice\" width=\"800\" height=\"800\" srcset=\"https:\/\/www.vape4wholesale.com\/wp-content\/uploads\/2023\/06\/Lost-Mary-OS5000-Disposable-Vape-Wholesale-Strawberry-Ice.jpg 800w, https:\/\/www.vape4wholesale.com\/wp-content\/uploads\/2023\/06\/Lost-Mary-OS5000-Disposable-Vape-Wholesale-Strawberry-Ice-247x247.jpg 247w, https:\/\/www.vape4wholesale.com\/wp-content\/uploads\/2023\/06\/Lost-Mary-OS5000-Disposable-Vape-Wholesale-Strawberry-Ice-100x100.jpg 100w, https:\/\/www.vape4wholesale.com\/wp-content\/uploads\/2023\/06\/Lost-Mary-OS5000-Disposable-Vape-Wholesale-Strawberry-Ice-510x510.jpg 510w, https:\/\/www.vape4wholesale.com\/wp-content\/uploads\/2023\/06\/Lost-Mary-OS5000-Disposable-Vape-Wholesale-Strawberry-Ice-64x64.jpg 64w, https:\/\/www.vape4wholesale.com\/wp-content\/uploads\/2023\/06\/Lost-Mary-OS5000-Disposable-Vape-Wholesale-Strawberry-Ice-300x300.jpg 300w, https:\/\/www.vape4wholesale.com\/wp-content\/uploads\/2023\/06\/Lost-Mary-OS5000-Disposable-Vape-Wholesale-Strawberry-Ice-150x150.jpg 150w, https:\/\/www.vape4wholesale.com\/wp-content\/uploads\/2023\/06\/Lost-Mary-OS5000-Disposable-Vape-Wholesale-Strawberry-Ice-768x768.jpg 768w\" sizes=\"auto, (max-width: 800px) 100vw, 800px\" \/> <img loading=\"lazy\" decoding=\"async\" class=\"alignnone size-full wp-image-11649\" title=\"Izgubljena Mary OS5000 Vape za enkratno uporabo na debelo Strawberry Mango\" src=\"https:\/\/www.vape4wholesale.com\/wp-content\/uploads\/2023\/06\/Lost-Mary-OS5000-Disposable-Vape-Wholesale-Strawberry-Mango.jpg\" alt=\"Izgubljena Mary OS5000 Vape za enkratno uporabo na debelo Strawberry Mango\" width=\"800\" height=\"800\" srcset=\"https:\/\/www.vape4wholesale.com\/wp-content\/uploads\/2023\/06\/Lost-Mary-OS5000-Disposable-Vape-Wholesale-Strawberry-Mango.jpg 800w, https:\/\/www.vape4wholesale.com\/wp-content\/uploads\/2023\/06\/Lost-Mary-OS5000-Disposable-Vape-Wholesale-Strawberry-Mango-247x247.jpg 247w, https:\/\/www.vape4wholesale.com\/wp-content\/uploads\/2023\/06\/Lost-Mary-OS5000-Disposable-Vape-Wholesale-Strawberry-Mango-100x100.jpg 100w, https:\/\/www.vape4wholesale.com\/wp-content\/uploads\/2023\/06\/Lost-Mary-OS5000-Disposable-Vape-Wholesale-Strawberry-Mango-510x510.jpg 510w, https:\/\/www.vape4wholesale.com\/wp-content\/uploads\/2023\/06\/Lost-Mary-OS5000-Disposable-Vape-Wholesale-Strawberry-Mango-64x64.jpg 64w, https:\/\/www.vape4wholesale.com\/wp-content\/uploads\/2023\/06\/Lost-Mary-OS5000-Disposable-Vape-Wholesale-Strawberry-Mango-300x300.jpg 300w, https:\/\/www.vape4wholesale.com\/wp-content\/uploads\/2023\/06\/Lost-Mary-OS5000-Disposable-Vape-Wholesale-Strawberry-Mango-150x150.jpg 150w, https:\/\/www.vape4wholesale.com\/wp-content\/uploads\/2023\/06\/Lost-Mary-OS5000-Disposable-Vape-Wholesale-Strawberry-Mango-768x768.jpg 768w\" sizes=\"auto, (max-width: 800px) 100vw, 800px\" \/> <img loading=\"lazy\" decoding=\"async\" class=\"alignnone size-full wp-image-11650\" title=\"Lost Mary OS5000 Vape za enkratno uporabo na debelo lubenica\" src=\"https:\/\/www.vape4wholesale.com\/wp-content\/uploads\/2023\/06\/Lost-Mary-OS5000-Disposable-Vape-Wholesale-Watermelon.jpg\" alt=\"Lost Mary OS5000 Vape za enkratno uporabo na debelo lubenica\" width=\"800\" height=\"800\" srcset=\"https:\/\/www.vape4wholesale.com\/wp-content\/uploads\/2023\/06\/Lost-Mary-OS5000-Disposable-Vape-Wholesale-Watermelon.jpg 800w, https:\/\/www.vape4wholesale.com\/wp-content\/uploads\/2023\/06\/Lost-Mary-OS5000-Disposable-Vape-Wholesale-Watermelon-247x247.jpg 247w, https:\/\/www.vape4wholesale.com\/wp-content\/uploads\/2023\/06\/Lost-Mary-OS5000-Disposable-Vape-Wholesale-Watermelon-100x100.jpg 100w, https:\/\/www.vape4wholesale.com\/wp-content\/uploads\/2023\/06\/Lost-Mary-OS5000-Disposable-Vape-Wholesale-Watermelon-510x510.jpg 510w, https:\/\/www.vape4wholesale.com\/wp-content\/uploads\/2023\/06\/Lost-Mary-OS5000-Disposable-Vape-Wholesale-Watermelon-64x64.jpg 64w, https:\/\/www.vape4wholesale.com\/wp-content\/uploads\/2023\/06\/Lost-Mary-OS5000-Disposable-Vape-Wholesale-Watermelon-300x300.jpg 300w, https:\/\/www.vape4wholesale.com\/wp-content\/uploads\/2023\/06\/Lost-Mary-OS5000-Disposable-Vape-Wholesale-Watermelon-150x150.jpg 150w, https:\/\/www.vape4wholesale.com\/wp-content\/uploads\/2023\/06\/Lost-Mary-OS5000-Disposable-Vape-Wholesale-Watermelon-768x768.jpg 768w\" sizes=\"auto, (max-width: 800px) 100vw, 800px\" \/> \u00a0<img loading=\"lazy\" decoding=\"async\" class=\"alignnone size-full wp-image-11652\" title=\"Izgubljena Mary OS5000 za enkratno uporabo Vape na debelo Blue Cotton Candy\" src=\"https:\/\/www.vape4wholesale.com\/wp-content\/uploads\/2023\/06\/Lost-Mary-OS5000-Disposable-Vape-Wholesale-Blue-Cotton-Candy.jpg\" alt=\"Izgubljena Mary OS5000 za enkratno uporabo Vape na debelo Blue Cotton Candy\" width=\"800\" height=\"800\" srcset=\"https:\/\/www.vape4wholesale.com\/wp-content\/uploads\/2023\/06\/Lost-Mary-OS5000-Disposable-Vape-Wholesale-Blue-Cotton-Candy.jpg 800w, https:\/\/www.vape4wholesale.com\/wp-content\/uploads\/2023\/06\/Lost-Mary-OS5000-Disposable-Vape-Wholesale-Blue-Cotton-Candy-247x247.jpg 247w, https:\/\/www.vape4wholesale.com\/wp-content\/uploads\/2023\/06\/Lost-Mary-OS5000-Disposable-Vape-Wholesale-Blue-Cotton-Candy-100x100.jpg 100w, https:\/\/www.vape4wholesale.com\/wp-content\/uploads\/2023\/06\/Lost-Mary-OS5000-Disposable-Vape-Wholesale-Blue-Cotton-Candy-510x510.jpg 510w, https:\/\/www.vape4wholesale.com\/wp-content\/uploads\/2023\/06\/Lost-Mary-OS5000-Disposable-Vape-Wholesale-Blue-Cotton-Candy-64x64.jpg 64w, https:\/\/www.vape4wholesale.com\/wp-content\/uploads\/2023\/06\/Lost-Mary-OS5000-Disposable-Vape-Wholesale-Blue-Cotton-Candy-300x300.jpg 300w, https:\/\/www.vape4wholesale.com\/wp-content\/uploads\/2023\/06\/Lost-Mary-OS5000-Disposable-Vape-Wholesale-Blue-Cotton-Candy-150x150.jpg 150w, https:\/\/www.vape4wholesale.com\/wp-content\/uploads\/2023\/06\/Lost-Mary-OS5000-Disposable-Vape-Wholesale-Blue-Cotton-Candy-768x768.jpg 768w\" sizes=\"auto, (max-width: 800px) 100vw, 800px\" \/><\/p>","protected":false},"excerpt":{"rendered":"[scf-template id=&#8217;11434&#8242;]\n","protected":false},"featured_media":11644,"comment_status":"open","ping_status":"closed","template":"","meta":[],"pwb-brand":[1287],"product_cat":[869],"product_tag":[22,24,189,285,510],"class_list":{"0":"post-10252","1":"product","2":"type-product","3":"status-publish","4":"has-post-thumbnail","6":"pwb-brand-lost-mary","7":"product_cat-5000-8000-puffs","8":"product_tag-disposable","9":"product_tag-wholesale","10":"product_tag-5000-puffs","11":"product_tag-13-0ml","12":"product_tag-lost-mary","14":"first","15":"outofstock","16":"shipping-taxable","17":"purchasable","18":"product-type-variable"},"aioseo_notices":[],"brands":[{"id":1287,"name":"Izgubljena Mary","slug":"izgubljena-mary"}],"_links":{"self":[{"href":"https:\/\/www.vape4wholesale.com\/sl\/wp-json\/wp\/v2\/product\/10252","targetHints":{"allow":["GET"]}}],"collection":[{"href":"https:\/\/www.vape4wholesale.com\/sl\/wp-json\/wp\/v2\/product"}],"about":[{"href":"https:\/\/www.vape4wholesale.com\/sl\/wp-json\/wp\/v2\/types\/product"}],"replies":[{"embeddable":true,"href":"https:\/\/www.vape4wholesale.com\/sl\/wp-json\/wp\/v2\/comments?post=10252"}],"wp:featuredmedia":[{"embeddable":true,"href":"https:\/\/www.vape4wholesale.com\/sl\/wp-json\/wp\/v2\/media\/11644"}],"wp:attachment":[{"href":"https:\/\/www.vape4wholesale.com\/sl\/wp-json\/wp\/v2\/media?parent=10252"}],"wp:term":[{"taxonomy":"pwb-brand","embeddable":true,"href":"https:\/\/www.vape4wholesale.com\/sl\/wp-json\/wp\/v2\/pwb-brand?post=10252"},{"taxonomy":"product_cat","embeddable":true,"href":"https:\/\/www.vape4wholesale.com\/sl\/wp-json\/wp\/v2\/product_cat?post=10252"},{"taxonomy":"product_tag","embeddable":true,"href":"https:\/\/www.vape4wholesale.com\/sl\/wp-json\/wp\/v2\/product_tag?post=10252"}],"curies":[{"name":"wp","href":"https:\/\/api.w.org\/{rel}","templated":true}]}}