{"id":9844,"date":"2023-05-30T19:22:51","date_gmt":"2023-05-30T11:22:51","guid":{"rendered":"https:\/\/www.vape4wholesale.com\/?post_type=product&#038;p=9844"},"modified":"2026-01-26T13:42:45","modified_gmt":"2026-01-26T13:42:45","slug":"bang-king-9000-puffs-vape-descartavel-por-atacado","status":"publish","type":"product","link":"https:\/\/www.vape4wholesale.com\/pt\/product\/bang-king-9000-puffs-disposable-vape-wholesale","title":{"rendered":"Bang King 9000 Puffs Vape Descart\u00e1vel Atacado"},"content":{"rendered":"<p>a <strong><a href=\"https:\/\/www.vape4wholesale.com\/pt\/marca_do_produto\/pancada\/\">Pancada<\/a> King 9000<\/strong> \u00e9 o mais recente vape descart\u00e1vel da moda lan\u00e7ado pela marca Bang. O vape \u00e9 embalado com um elemento desportivo - um copo de \u00e1gua desportivo, o que torna o Vaper mais desportivo e elegante quando utiliza este produto. Quando se usa uma roupa desportiva casual, segurando este produto Bang King 9000 na m\u00e3o, ele torna-se imediatamente o centro das aten\u00e7\u00f5es, e a combina\u00e7\u00e3o \u00e9 muito boa.<\/p>\n<h2>Bang King 9000 Vape Especifica\u00e7\u00f5es:<\/h2>\n<p>Puffs:At\u00e9 9000<br \/>\nCapacidade: 20 ml<br \/>\nNicotina:0% \/2% \/3% \/ 5%<br \/>\nBateria:800mah Bateria recarreg\u00e1vel<br \/>\nPeso: 90g\/PCS<br \/>\nQ'ty\/cart\u00e3o: 200 unidades\/caixa<br \/>\nPeso bruto: 18 KG\/caixa<\/p>\n<h2>Aromas:<\/h2>\n<p>1) Hortel\u00e3 fresca<br \/>\n2) Gelo de mirtilo e framboesa<br \/>\n3) Manga P\u00eassego<br \/>\n4) Melancia Stawberry<br \/>\n5) Manga com morango<br \/>\n6) Gelo de melancia<br \/>\n7) Baga mista<br \/>\n8) Gelo de uva<br \/>\n9) Ma\u00e7\u00e3 \u00e1cida<br \/>\n10) Gelo de amora<br \/>\n11) Stawberry Kiwi<br \/>\n12) Kiwi Maracuj\u00e1 Goiaba<br \/>\n13) Gelo de p\u00eassego<br \/>\n14) Sr. Azul<br \/>\n15) Sangue de tigre<br \/>\n16) Banana com morango<\/p>\n<p><img loading=\"lazy\" decoding=\"async\" class=\"alignnone size-full wp-image-11838\" title=\"BANG King 9000 Vape Descart\u00e1vel Atacado (9)\" src=\"https:\/\/www.vape4wholesale.com\/wp-content\/uploads\/2023\/05\/BANG-King-9000-Disposable-Vape-Wholesale-9.jpg\" alt=\"BANG King 9000 Vape Descart\u00e1vel Atacado (9)\" width=\"730\" height=\"730\" srcset=\"https:\/\/www.vape4wholesale.com\/wp-content\/uploads\/2023\/05\/BANG-King-9000-Disposable-Vape-Wholesale-9.jpg 730w, https:\/\/www.vape4wholesale.com\/wp-content\/uploads\/2023\/05\/BANG-King-9000-Disposable-Vape-Wholesale-9-247x247.jpg 247w, https:\/\/www.vape4wholesale.com\/wp-content\/uploads\/2023\/05\/BANG-King-9000-Disposable-Vape-Wholesale-9-100x100.jpg 100w, https:\/\/www.vape4wholesale.com\/wp-content\/uploads\/2023\/05\/BANG-King-9000-Disposable-Vape-Wholesale-9-510x510.jpg 510w, https:\/\/www.vape4wholesale.com\/wp-content\/uploads\/2023\/05\/BANG-King-9000-Disposable-Vape-Wholesale-9-64x64.jpg 64w, https:\/\/www.vape4wholesale.com\/wp-content\/uploads\/2023\/05\/BANG-King-9000-Disposable-Vape-Wholesale-9-300x300.jpg 300w, https:\/\/www.vape4wholesale.com\/wp-content\/uploads\/2023\/05\/BANG-King-9000-Disposable-Vape-Wholesale-9-150x150.jpg 150w\" sizes=\"auto, (max-width: 730px) 100vw, 730px\" \/><\/p>","protected":false},"excerpt":{"rendered":"[scf-template id=&#8217;11434&#8242;]\n","protected":false},"featured_media":11838,"comment_status":"open","ping_status":"closed","template":"","meta":[],"pwb-brand":[1275],"product_cat":[870],"product_tag":[249,336,22,24,172],"class_list":{"0":"post-9844","1":"product","2":"type-product","3":"status-publish","4":"has-post-thumbnail","6":"pwb-brand-bang","7":"product_cat-8000-10000-puffs","8":"product_tag-bang","9":"product_tag-9000-puffs","10":"product_tag-disposable","11":"product_tag-wholesale","12":"product_tag-20-0ml","13":"wcpa_has_options","15":"first","16":"outofstock","17":"shipping-taxable","18":"purchasable","19":"product-type-variable"},"aioseo_notices":[],"brands":[{"id":1275,"name":"Pancada","slug":"pancada"}],"_links":{"self":[{"href":"https:\/\/www.vape4wholesale.com\/pt\/wp-json\/wp\/v2\/product\/9844","targetHints":{"allow":["GET"]}}],"collection":[{"href":"https:\/\/www.vape4wholesale.com\/pt\/wp-json\/wp\/v2\/product"}],"about":[{"href":"https:\/\/www.vape4wholesale.com\/pt\/wp-json\/wp\/v2\/types\/product"}],"replies":[{"embeddable":true,"href":"https:\/\/www.vape4wholesale.com\/pt\/wp-json\/wp\/v2\/comments?post=9844"}],"wp:featuredmedia":[{"embeddable":true,"href":"https:\/\/www.vape4wholesale.com\/pt\/wp-json\/wp\/v2\/media\/11838"}],"wp:attachment":[{"href":"https:\/\/www.vape4wholesale.com\/pt\/wp-json\/wp\/v2\/media?parent=9844"}],"wp:term":[{"taxonomy":"pwb-brand","embeddable":true,"href":"https:\/\/www.vape4wholesale.com\/pt\/wp-json\/wp\/v2\/pwb-brand?post=9844"},{"taxonomy":"product_cat","embeddable":true,"href":"https:\/\/www.vape4wholesale.com\/pt\/wp-json\/wp\/v2\/product_cat?post=9844"},{"taxonomy":"product_tag","embeddable":true,"href":"https:\/\/www.vape4wholesale.com\/pt\/wp-json\/wp\/v2\/product_tag?post=9844"}],"curies":[{"name":"wp","href":"https:\/\/api.w.org\/{rel}","templated":true}]}}