{"id":9550,"date":"2023-05-29T20:20:32","date_gmt":"2023-05-29T12:20:32","guid":{"rendered":"https:\/\/www.vape4wholesale.com\/?post_type=product&#038;p=9550"},"modified":"2026-01-26T13:42:48","modified_gmt":"2026-01-26T13:42:48","slug":"lavie-nio-box-9000-puffs-descartaveis-vape-wholesale","status":"publish","type":"product","link":"https:\/\/www.vape4wholesale.com\/pt\/product\/lavie-nio-box-9000-puffs-disposable-vape-wholesale","title":{"rendered":"Lavie NIO BOX 9000 Puffs Vape descart\u00e1vel Atacado"},"content":{"rendered":"<p>a <strong><a href=\"https:\/\/www.vape4wholesale.com\/pt\/marca_do_produto\/lavie\/\">Lavie<\/a> NIO BOX 9000<\/strong> \u00e9 um vape descart\u00e1vel do tipo caixa bem desenhado, vem com uma concha transparente e adesivos bonitos e peculiares, bateria embutida de 550 mAh, capacidade de 18 ml de e-l\u00edquido que suporta at\u00e9 9000 sopros, vape por atacado aqui no V4W.<\/p>\n<h2>LAVIE NIO BOX 9000 Vape descart\u00e1vel Especifica\u00e7\u00f5es:<\/h2>\n<ul>\n<li>Marca:LAVIE<\/li>\n<li>Puffs:9000 Puffs est\u00e3o dispon\u00edveis por dispositivo<\/li>\n<li>Nicotine:0%\/2%\/5%<\/li>\n<li>Capacidade do E-juice: 18ML<\/li>\n<li>Bateria:550mAh<\/li>\n<li>Porta de carregamento:Tipo C<\/li>\n<\/ul>\n<p>&nbsp;<\/p>\n<h2>Aromas<\/h2>\n<ol>\n<li>Cola Ice<\/li>\n<li>Feij\u00e3o verde Leite de coco<\/li>\n<li>Yakult<\/li>\n<li>Gelo de morango e manga<\/li>\n<li>Gelo de mel\u00e3o<\/li>\n<li>Uva roxa<\/li>\n<li>Gelo de melancia<\/li>\n<li>Gelo de goiaba<\/li>\n<li>Ma\u00e7\u00e3 dupla<\/li>\n<li>Gelado de morango<\/li>\n<li>Bagas mistas<\/li>\n<li>P\u00eassego sumarento<\/li>\n<\/ol>\n<p>&nbsp;<\/p>\n<h2>Embalagem e peso<\/h2>\n<ul>\n<li>0,090 KG\/ PC<\/li>\n<li>10 PCS\/caixa m\u00e9dia<\/li>\n<li>200 PCS\/ caixa principal| 22KG<\/li>\n<\/ul>\n<figure id=\"attachment_11857\" aria-describedby=\"caption-attachment-11857\" style=\"width: 800px\" class=\"wp-caption alignnone\"><img loading=\"lazy\" decoding=\"async\" class=\"wp-image-11857 size-full\" title=\"LAVIE NIO BOX 9000 Puffs Vape descart\u00e1vel por atacado 12 sabores\" src=\"https:\/\/www.vape4wholesale.com\/wp-content\/uploads\/2023\/05\/LAVIE-NIO-BOX-9000-Puffs-Disposable-Vape-Wholesale-12-Flavors.jpg\" alt=\"LAVIE NIO BOX 9000 Puffs Vape descart\u00e1vel por atacado 12 sabores\" width=\"800\" height=\"800\" srcset=\"https:\/\/www.vape4wholesale.com\/wp-content\/uploads\/2023\/05\/LAVIE-NIO-BOX-9000-Puffs-Disposable-Vape-Wholesale-12-Flavors.jpg 800w, https:\/\/www.vape4wholesale.com\/wp-content\/uploads\/2023\/05\/LAVIE-NIO-BOX-9000-Puffs-Disposable-Vape-Wholesale-12-Flavors-247x247.jpg 247w, https:\/\/www.vape4wholesale.com\/wp-content\/uploads\/2023\/05\/LAVIE-NIO-BOX-9000-Puffs-Disposable-Vape-Wholesale-12-Flavors-100x100.jpg 100w, https:\/\/www.vape4wholesale.com\/wp-content\/uploads\/2023\/05\/LAVIE-NIO-BOX-9000-Puffs-Disposable-Vape-Wholesale-12-Flavors-510x510.jpg 510w, https:\/\/www.vape4wholesale.com\/wp-content\/uploads\/2023\/05\/LAVIE-NIO-BOX-9000-Puffs-Disposable-Vape-Wholesale-12-Flavors-64x64.jpg 64w, https:\/\/www.vape4wholesale.com\/wp-content\/uploads\/2023\/05\/LAVIE-NIO-BOX-9000-Puffs-Disposable-Vape-Wholesale-12-Flavors-300x300.jpg 300w, https:\/\/www.vape4wholesale.com\/wp-content\/uploads\/2023\/05\/LAVIE-NIO-BOX-9000-Puffs-Disposable-Vape-Wholesale-12-Flavors-150x150.jpg 150w, https:\/\/www.vape4wholesale.com\/wp-content\/uploads\/2023\/05\/LAVIE-NIO-BOX-9000-Puffs-Disposable-Vape-Wholesale-12-Flavors-768x768.jpg 768w\" sizes=\"auto, (max-width: 800px) 100vw, 800px\" \/><figcaption id=\"caption-attachment-11857\" class=\"wp-caption-text\">LAVIE NIO BOX 9000 Puffs Vape descart\u00e1vel Atacado<\/figcaption><\/figure>\n<p><img loading=\"lazy\" decoding=\"async\" class=\"alignnone size-full wp-image-11858\" title=\"LAVIE NIO BOX 9000 Puffs Vape descart\u00e1vel Atacado Cola Ice\" src=\"https:\/\/www.vape4wholesale.com\/wp-content\/uploads\/2023\/05\/LAVIE-NIO-BOX-9000-Puffs-Disposable-Vape-Wholesale-Cola-Ice.jpg\" alt=\"LAVIE NIO BOX 9000 Puffs Vape descart\u00e1vel Atacado Cola Ice\" width=\"800\" height=\"800\" srcset=\"https:\/\/www.vape4wholesale.com\/wp-content\/uploads\/2023\/05\/LAVIE-NIO-BOX-9000-Puffs-Disposable-Vape-Wholesale-Cola-Ice.jpg 800w, https:\/\/www.vape4wholesale.com\/wp-content\/uploads\/2023\/05\/LAVIE-NIO-BOX-9000-Puffs-Disposable-Vape-Wholesale-Cola-Ice-247x247.jpg 247w, https:\/\/www.vape4wholesale.com\/wp-content\/uploads\/2023\/05\/LAVIE-NIO-BOX-9000-Puffs-Disposable-Vape-Wholesale-Cola-Ice-100x100.jpg 100w, https:\/\/www.vape4wholesale.com\/wp-content\/uploads\/2023\/05\/LAVIE-NIO-BOX-9000-Puffs-Disposable-Vape-Wholesale-Cola-Ice-510x510.jpg 510w, https:\/\/www.vape4wholesale.com\/wp-content\/uploads\/2023\/05\/LAVIE-NIO-BOX-9000-Puffs-Disposable-Vape-Wholesale-Cola-Ice-64x64.jpg 64w, https:\/\/www.vape4wholesale.com\/wp-content\/uploads\/2023\/05\/LAVIE-NIO-BOX-9000-Puffs-Disposable-Vape-Wholesale-Cola-Ice-300x300.jpg 300w, https:\/\/www.vape4wholesale.com\/wp-content\/uploads\/2023\/05\/LAVIE-NIO-BOX-9000-Puffs-Disposable-Vape-Wholesale-Cola-Ice-150x150.jpg 150w, https:\/\/www.vape4wholesale.com\/wp-content\/uploads\/2023\/05\/LAVIE-NIO-BOX-9000-Puffs-Disposable-Vape-Wholesale-Cola-Ice-768x768.jpg 768w\" sizes=\"auto, (max-width: 800px) 100vw, 800px\" \/><\/p>","protected":false},"excerpt":{"rendered":"[scf-template id=&#8217;11434&#8242;]\n","protected":false},"featured_media":11870,"comment_status":"open","ping_status":"closed","template":"","meta":[],"pwb-brand":[1277],"product_cat":[870],"product_tag":[24,37,244,336,22],"class_list":{"0":"post-9550","1":"product","2":"type-product","3":"status-publish","4":"has-post-thumbnail","6":"pwb-brand-lavie","7":"product_cat-8000-10000-puffs","8":"product_tag-wholesale","9":"product_tag-lavie","10":"product_tag-18-0ml","11":"product_tag-9000-puffs","12":"product_tag-disposable","14":"first","15":"outofstock","16":"shipping-taxable","17":"purchasable","18":"product-type-variable"},"aioseo_notices":[],"brands":[{"id":1277,"name":"Lavie","slug":"lavie"}],"_links":{"self":[{"href":"https:\/\/www.vape4wholesale.com\/pt\/wp-json\/wp\/v2\/product\/9550","targetHints":{"allow":["GET"]}}],"collection":[{"href":"https:\/\/www.vape4wholesale.com\/pt\/wp-json\/wp\/v2\/product"}],"about":[{"href":"https:\/\/www.vape4wholesale.com\/pt\/wp-json\/wp\/v2\/types\/product"}],"replies":[{"embeddable":true,"href":"https:\/\/www.vape4wholesale.com\/pt\/wp-json\/wp\/v2\/comments?post=9550"}],"wp:featuredmedia":[{"embeddable":true,"href":"https:\/\/www.vape4wholesale.com\/pt\/wp-json\/wp\/v2\/media\/11870"}],"wp:attachment":[{"href":"https:\/\/www.vape4wholesale.com\/pt\/wp-json\/wp\/v2\/media?parent=9550"}],"wp:term":[{"taxonomy":"pwb-brand","embeddable":true,"href":"https:\/\/www.vape4wholesale.com\/pt\/wp-json\/wp\/v2\/pwb-brand?post=9550"},{"taxonomy":"product_cat","embeddable":true,"href":"https:\/\/www.vape4wholesale.com\/pt\/wp-json\/wp\/v2\/product_cat?post=9550"},{"taxonomy":"product_tag","embeddable":true,"href":"https:\/\/www.vape4wholesale.com\/pt\/wp-json\/wp\/v2\/product_tag?post=9550"}],"curies":[{"name":"wp","href":"https:\/\/api.w.org\/{rel}","templated":true}]}}