{"id":7022,"date":"2023-02-18T08:51:34","date_gmt":"2023-02-18T00:51:34","guid":{"rendered":"https:\/\/www.vape4wholesale.com\/?post_type=product&#038;p=7022"},"modified":"2026-01-26T13:43:04","modified_gmt":"2026-01-26T13:43:04","slug":"bang-promax-switch-2000-puffs-vape-descartavel-por-atacado","status":"publish","type":"product","link":"https:\/\/www.vape4wholesale.com\/pt\/product\/bang-promax-switch-2000-puffs-disposable-vape-wholesale","title":{"rendered":"Bang Promax Switch 2000 Puffs Vape Descart\u00e1vel Atacado"},"content":{"rendered":"<p>a <strong><a href=\"https:\/\/www.vape4wholesale.com\/pt\/marca_do_produto\/pancada\/\">Pancada<\/a> Interruptor Promax 2000<\/strong> \u00e9 um vape descart\u00e1vel de dois sabores com um bot\u00e3o de comuta\u00e7\u00e3o, vem com 1000 mais 1000 puffs, portanto, suporte total de 2000 puffs.<\/p>\n<h2>Detalhes r\u00e1pidos de Bang Promax Switch 2000 Puffs Vape Descart\u00e1vel<\/h2>\n<p>17350 ,850mah<br \/>\n1.8 \u03a9<br \/>\n7,0 ML<br \/>\n1000+1000puffs<br \/>\n10 unidades\/caixa, 30 caixas\/caixa 10+10 sabores<\/p>\n<p>&nbsp;<\/p>\n<h2>Sabores dispon\u00edveis (2 em 1 sabores):<\/h2>\n<p>Gelo de morango + refrigerante de uva<br \/>\nGelo de melancia + Gelo de Coca-Cola<br \/>\nGelo de p\u00eassego + refrigerante de laranja<br \/>\nGelo de banana + Gomas<br \/>\nGelo de manga + refrigerante de lim\u00e3o<br \/>\nMaracuj\u00e1 + Anan\u00e1s<br \/>\nMistura de frutos silvestres + gelo de bolor azul<br \/>\nHortel\u00e3 gelada + Alo\u00e9 Uva<br \/>\nLim\u00e3o rosa + Morango kiwi<br \/>\nMa\u00e7\u00e3 verde + Goiaba<\/p>\n<p><img loading=\"lazy\" decoding=\"async\" class=\"alignnone size-full wp-image-12452\" title=\"Bang Pro Max Switch 2000 Puffs Vape Descart\u00e1vel Atacado (3)\" src=\"https:\/\/www.vape4wholesale.com\/wp-content\/uploads\/2023\/02\/Bang-Pro-Max-Switch-2000-Puffs-Disposable-Vape-Wholesale-3.jpg\" alt=\"Bang Pro Max Switch 2000 Puffs Vape Descart\u00e1vel Atacado (3)\" width=\"550\" height=\"550\" srcset=\"https:\/\/www.vape4wholesale.com\/wp-content\/uploads\/2023\/02\/Bang-Pro-Max-Switch-2000-Puffs-Disposable-Vape-Wholesale-3.jpg 550w, https:\/\/www.vape4wholesale.com\/wp-content\/uploads\/2023\/02\/Bang-Pro-Max-Switch-2000-Puffs-Disposable-Vape-Wholesale-3-247x247.jpg 247w, https:\/\/www.vape4wholesale.com\/wp-content\/uploads\/2023\/02\/Bang-Pro-Max-Switch-2000-Puffs-Disposable-Vape-Wholesale-3-100x100.jpg 100w, https:\/\/www.vape4wholesale.com\/wp-content\/uploads\/2023\/02\/Bang-Pro-Max-Switch-2000-Puffs-Disposable-Vape-Wholesale-3-510x510.jpg 510w, https:\/\/www.vape4wholesale.com\/wp-content\/uploads\/2023\/02\/Bang-Pro-Max-Switch-2000-Puffs-Disposable-Vape-Wholesale-3-64x64.jpg 64w, https:\/\/www.vape4wholesale.com\/wp-content\/uploads\/2023\/02\/Bang-Pro-Max-Switch-2000-Puffs-Disposable-Vape-Wholesale-3-300x300.jpg 300w, https:\/\/www.vape4wholesale.com\/wp-content\/uploads\/2023\/02\/Bang-Pro-Max-Switch-2000-Puffs-Disposable-Vape-Wholesale-3-150x150.jpg 150w\" sizes=\"auto, (max-width: 550px) 100vw, 550px\" \/> <img loading=\"lazy\" decoding=\"async\" class=\"alignnone size-full wp-image-12450\" title=\"Bang Pro Max Switch 2000 Puffs Vape Descart\u00e1vel Atacado (1)\" src=\"https:\/\/www.vape4wholesale.com\/wp-content\/uploads\/2023\/02\/Bang-Pro-Max-Switch-2000-Puffs-Disposable-Vape-Wholesale-1.jpg\" alt=\"Bang Pro Max Switch 2000 Puffs Vape Descart\u00e1vel Atacado (1)\" width=\"600\" height=\"600\" srcset=\"https:\/\/www.vape4wholesale.com\/wp-content\/uploads\/2023\/02\/Bang-Pro-Max-Switch-2000-Puffs-Disposable-Vape-Wholesale-1.jpg 600w, https:\/\/www.vape4wholesale.com\/wp-content\/uploads\/2023\/02\/Bang-Pro-Max-Switch-2000-Puffs-Disposable-Vape-Wholesale-1-247x247.jpg 247w, https:\/\/www.vape4wholesale.com\/wp-content\/uploads\/2023\/02\/Bang-Pro-Max-Switch-2000-Puffs-Disposable-Vape-Wholesale-1-100x100.jpg 100w, https:\/\/www.vape4wholesale.com\/wp-content\/uploads\/2023\/02\/Bang-Pro-Max-Switch-2000-Puffs-Disposable-Vape-Wholesale-1-510x510.jpg 510w, https:\/\/www.vape4wholesale.com\/wp-content\/uploads\/2023\/02\/Bang-Pro-Max-Switch-2000-Puffs-Disposable-Vape-Wholesale-1-64x64.jpg 64w, https:\/\/www.vape4wholesale.com\/wp-content\/uploads\/2023\/02\/Bang-Pro-Max-Switch-2000-Puffs-Disposable-Vape-Wholesale-1-300x300.jpg 300w, https:\/\/www.vape4wholesale.com\/wp-content\/uploads\/2023\/02\/Bang-Pro-Max-Switch-2000-Puffs-Disposable-Vape-Wholesale-1-150x150.jpg 150w\" sizes=\"auto, (max-width: 600px) 100vw, 600px\" \/><\/p>","protected":false},"excerpt":{"rendered":"[scf-template id=&#8217;11434&#8242;]\n","protected":false},"featured_media":12452,"comment_status":"open","ping_status":"closed","template":"","meta":[],"pwb-brand":[1275],"product_cat":[25],"product_tag":[22,24,164,249,364],"class_list":{"0":"post-7022","1":"product","2":"type-product","3":"status-publish","4":"has-post-thumbnail","6":"pwb-brand-bang","7":"product_cat-2000-3000-puffs","8":"product_tag-disposable","9":"product_tag-wholesale","10":"product_tag-2000-puffs","11":"product_tag-bang","12":"product_tag-7-0ml","13":"wcpa_has_options","15":"first","16":"outofstock","17":"shipping-taxable","18":"purchasable","19":"product-type-variable"},"aioseo_notices":[],"brands":[{"id":1275,"name":"Pancada","slug":"pancada"}],"_links":{"self":[{"href":"https:\/\/www.vape4wholesale.com\/pt\/wp-json\/wp\/v2\/product\/7022","targetHints":{"allow":["GET"]}}],"collection":[{"href":"https:\/\/www.vape4wholesale.com\/pt\/wp-json\/wp\/v2\/product"}],"about":[{"href":"https:\/\/www.vape4wholesale.com\/pt\/wp-json\/wp\/v2\/types\/product"}],"replies":[{"embeddable":true,"href":"https:\/\/www.vape4wholesale.com\/pt\/wp-json\/wp\/v2\/comments?post=7022"}],"wp:featuredmedia":[{"embeddable":true,"href":"https:\/\/www.vape4wholesale.com\/pt\/wp-json\/wp\/v2\/media\/12452"}],"wp:attachment":[{"href":"https:\/\/www.vape4wholesale.com\/pt\/wp-json\/wp\/v2\/media?parent=7022"}],"wp:term":[{"taxonomy":"pwb-brand","embeddable":true,"href":"https:\/\/www.vape4wholesale.com\/pt\/wp-json\/wp\/v2\/pwb-brand?post=7022"},{"taxonomy":"product_cat","embeddable":true,"href":"https:\/\/www.vape4wholesale.com\/pt\/wp-json\/wp\/v2\/product_cat?post=7022"},{"taxonomy":"product_tag","embeddable":true,"href":"https:\/\/www.vape4wholesale.com\/pt\/wp-json\/wp\/v2\/product_tag?post=7022"}],"curies":[{"name":"wp","href":"https:\/\/api.w.org\/{rel}","templated":true}]}}