{"id":6741,"date":"2022-02-06T15:24:06","date_gmt":"2022-02-06T07:24:06","guid":{"rendered":"https:\/\/www.vape4wholesale.com\/?post_type=product&#038;p=6741"},"modified":"2026-01-26T13:43:48","modified_gmt":"2026-01-26T13:43:48","slug":"lavie-box-6000-puffs-recarregavel-descartavel-vape-wholesale","status":"publish","type":"product","link":"https:\/\/www.vape4wholesale.com\/pt\/product\/lavie-box-6000-puffs-rechargeable-disposable-vape-wholesale","title":{"rendered":"Lavie Box 6000 Puffs Vape descart\u00e1vel recarreg\u00e1vel Atacado"},"content":{"rendered":"<p>a <strong><a href=\"https:\/\/www.vape4wholesale.com\/pt\/marca_do_produto\/lavie\/\">Lavie<\/a> Caixa 6000<\/strong> \u00e9 um vape descart\u00e1vel colorido de aspeto agrad\u00e1vel do tipo caixa com fun\u00e7\u00e3o recarreg\u00e1vel, utiliza uma bateria incorporada de 650mah e com 19 ml de capacidade de e-l\u00edquido, suporta um m\u00e1ximo de 6000 puffs.<\/p>\n<h2>Lavie Box 6000 Lista de sabores<\/h2>\n<p>Algod\u00e3o doce<br \/>\nUva Laranja Ma\u00e7\u00e3<br \/>\nGelo exuberante<br \/>\nGelo de manga<br \/>\nMistura de bagas<br \/>\nO.M.G<br \/>\nGelo de p\u00eassego<br \/>\nMorango Coco Anan\u00e1s<\/p>\n<h2>Peso e embalagem<\/h2>\n<p>Tamanho do corpo: 69*38,5*19,5mm<\/p>\n<p>Peso corporal: 67g<\/p>\n<p>10 unidades por embalagem<\/p>\n<p>17 KG\/Caixa inclui 240 PCS.<\/p>\n<h2>ODM\/OEM:<\/h2>\n<p>1000 unidades por sabor<\/p>\n<p>For\u00e7a da nicotina \u00e0 escolha para encomendas OEM\/ODM: 0%, 1%, 2%, 3%, 5%.<\/p>\n<figure id=\"attachment_13430\" aria-describedby=\"caption-attachment-13430\" style=\"width: 800px\" class=\"wp-caption alignnone\"><img loading=\"lazy\" decoding=\"async\" class=\"wp-image-13430 size-full\" title=\"LAVIE 6000 VAPE DESCART\u00c1VEL POR ATACADO (6)\" src=\"https:\/\/www.vape4wholesale.com\/wp-content\/uploads\/2022\/02\/LAVIE-6000-VAPE-DISPOSABLE-WHOLESALE-6.jpg\" alt=\"LAVIE 6000 VAPE DESCART\u00c1VEL POR ATACADO (6)\" width=\"800\" height=\"800\" srcset=\"https:\/\/www.vape4wholesale.com\/wp-content\/uploads\/2022\/02\/LAVIE-6000-VAPE-DISPOSABLE-WHOLESALE-6.jpg 800w, https:\/\/www.vape4wholesale.com\/wp-content\/uploads\/2022\/02\/LAVIE-6000-VAPE-DISPOSABLE-WHOLESALE-6-247x247.jpg 247w, https:\/\/www.vape4wholesale.com\/wp-content\/uploads\/2022\/02\/LAVIE-6000-VAPE-DISPOSABLE-WHOLESALE-6-100x100.jpg 100w, https:\/\/www.vape4wholesale.com\/wp-content\/uploads\/2022\/02\/LAVIE-6000-VAPE-DISPOSABLE-WHOLESALE-6-510x510.jpg 510w, https:\/\/www.vape4wholesale.com\/wp-content\/uploads\/2022\/02\/LAVIE-6000-VAPE-DISPOSABLE-WHOLESALE-6-64x64.jpg 64w, https:\/\/www.vape4wholesale.com\/wp-content\/uploads\/2022\/02\/LAVIE-6000-VAPE-DISPOSABLE-WHOLESALE-6-300x300.jpg 300w, https:\/\/www.vape4wholesale.com\/wp-content\/uploads\/2022\/02\/LAVIE-6000-VAPE-DISPOSABLE-WHOLESALE-6-150x150.jpg 150w, https:\/\/www.vape4wholesale.com\/wp-content\/uploads\/2022\/02\/LAVIE-6000-VAPE-DISPOSABLE-WHOLESALE-6-768x768.jpg 768w\" sizes=\"auto, (max-width: 800px) 100vw, 800px\" \/><figcaption id=\"caption-attachment-13430\" class=\"wp-caption-text\">LAVIE 6000 VAPE DESCART\u00c1VEL POR ATACADO<\/figcaption><\/figure>\n<h2>PORQU\u00ca N\u00d3S?<\/h2>\r\n<ul>\r\n<li>Fonte vape real, fi\u00e1vel e profissional.<\/li>\r\n<li>100% Garantia genu\u00edna: S\u00f3 fornecemos produtos originais e genu\u00ednos, recusamos a contrafa\u00e7\u00e3o.<\/li>\r\n<li>100% Garantia de entrega: Utilizamos o melhor m\u00e9todo de envio para garantir que recebe a encomenda 100%.<\/li>\r\n<li>Ap\u00f3s o envio, fornecer-lhe-emos o n\u00famero de acompanhamento e a etiqueta de envio e acompanharemos a mercadoria at\u00e9 que a receba.<\/li>\r\n<li>Sem problemas aduaneiros, sem direitos aduaneiros<\/li>\r\n<\/ul>\n<p>&nbsp;<\/p>\n<p>&nbsp;<\/p>","protected":false},"excerpt":{"rendered":"<div class=\"wsppc_div_block woocommerce_before_add_to_cart_form\">\r\n<p><strong><span style=\"color: #00a859;\">Passar na alf\u00e2ndega<\/span> antes da entrega e% Garantia de Entrega de 100 dias, Entrega em cerca de 19 a 25 dias.\u00a0<\/strong><\/p>\r\n<\/div>","protected":false},"featured_media":13432,"comment_status":"open","ping_status":"closed","template":"","meta":[],"pwb-brand":[1277],"product_cat":[869],"product_tag":[22,24,37,172,173],"class_list":{"0":"post-6741","1":"product","2":"type-product","3":"status-publish","4":"has-post-thumbnail","6":"pwb-brand-lavie","7":"product_cat-5000-8000-puffs","8":"product_tag-disposable","9":"product_tag-wholesale","10":"product_tag-lavie","11":"product_tag-20-0ml","12":"product_tag-6000-puffs","14":"first","15":"instock","16":"shipping-taxable","17":"purchasable","18":"product-type-variable"},"aioseo_notices":[],"brands":[{"id":1277,"name":"Lavie","slug":"lavie"}],"_links":{"self":[{"href":"https:\/\/www.vape4wholesale.com\/pt\/wp-json\/wp\/v2\/product\/6741","targetHints":{"allow":["GET"]}}],"collection":[{"href":"https:\/\/www.vape4wholesale.com\/pt\/wp-json\/wp\/v2\/product"}],"about":[{"href":"https:\/\/www.vape4wholesale.com\/pt\/wp-json\/wp\/v2\/types\/product"}],"replies":[{"embeddable":true,"href":"https:\/\/www.vape4wholesale.com\/pt\/wp-json\/wp\/v2\/comments?post=6741"}],"wp:featuredmedia":[{"embeddable":true,"href":"https:\/\/www.vape4wholesale.com\/pt\/wp-json\/wp\/v2\/media\/13432"}],"wp:attachment":[{"href":"https:\/\/www.vape4wholesale.com\/pt\/wp-json\/wp\/v2\/media?parent=6741"}],"wp:term":[{"taxonomy":"pwb-brand","embeddable":true,"href":"https:\/\/www.vape4wholesale.com\/pt\/wp-json\/wp\/v2\/pwb-brand?post=6741"},{"taxonomy":"product_cat","embeddable":true,"href":"https:\/\/www.vape4wholesale.com\/pt\/wp-json\/wp\/v2\/product_cat?post=6741"},{"taxonomy":"product_tag","embeddable":true,"href":"https:\/\/www.vape4wholesale.com\/pt\/wp-json\/wp\/v2\/product_tag?post=6741"}],"curies":[{"name":"wp","href":"https:\/\/api.w.org\/{rel}","templated":true}]}}