{"id":6136,"date":"2022-05-19T23:02:44","date_gmt":"2022-05-19T15:02:44","guid":{"rendered":"https:\/\/www.vape4wholesale.com\/?post_type=product&#038;p=6136"},"modified":"2026-01-26T13:43:44","modified_gmt":"2026-01-26T13:43:44","slug":"lavie-6000-puffs-vapes-descartaveis-por-atacado","status":"publish","type":"product","link":"https:\/\/www.vape4wholesale.com\/pt\/product\/lavie-6000-puffs-disposable-vapes-wholesale","title":{"rendered":"Lavie 6000 Puffs Vapes Descart\u00e1veis Atacado"},"content":{"rendered":"<p>a <a href=\"https:\/\/www.vape4wholesale.com\/pt\/marca_do_produto\/lavie\/\">Lavie<\/a> O 6000 \u00e9 um vape descart\u00e1vel recarreg\u00e1vel de design exclusivo com bateria de 600 mAh, 15 ml de e-l\u00edquido e bobina de malha no interior, que suporta um m\u00e1ximo de 6000 baforadas.<\/p>\n<h2>Especifica\u00e7\u00f5es do Vape descart\u00e1vel LAVIE 6000:<\/h2>\n<p>Marca: LAVIE<\/p>\n<p>Puffs:Est\u00e3o dispon\u00edveis 6000 Puffs por dispositivo.<\/p>\n<p>Nicotine:0%\/2%\/5%<\/p>\n<p>Capacidade do E-juice: 15ML<\/p>\n<p>Bateria:600mAh<\/p>\n<p>Porta de carregamento:Tipo C<\/p>\n<p>&nbsp;<\/p>\n<h2>Aromas<\/h2>\n<p>Gelo de melancia e morango<\/p>\n<p>Bebida energ\u00e9tica<\/p>\n<p>Gelo de uva<\/p>\n<p>Gelo de manga<\/p>\n<p>P\u00eassego sumarento<\/p>\n<p>Baga mista<\/p>\n<p>Gelado de manga e morango<\/p>\n<p>Leite de banana<\/p>\n<p>Ma\u00e7\u00e3 Lim\u00e3o<\/p>\n<p>Cola Ice<\/p>\n<p>&nbsp;<\/p>\n<h2>Embalagem e peso<\/h2>\n<ul>\n<li>0.085KG\/ PC, 1PC\/ caixa, 10PCS\/ Unidade.<\/li>\n<li>200PCS\/ caixa principal, 17KG.<\/li>\n<\/ul>\n<figure id=\"attachment_13368\" aria-describedby=\"caption-attachment-13368\" style=\"width: 800px\" class=\"wp-caption alignnone\"><img loading=\"lazy\" decoding=\"async\" class=\"wp-image-13368 size-full\" title=\"LAVIE 6000 Puffs Vape descart\u00e1vel Atacado Ma\u00e7\u00e3 Lim\u00e3o\" src=\"https:\/\/www.vape4wholesale.com\/wp-content\/uploads\/2022\/05\/LAVIE-6000-Puffs-Disposable-Vape-Wholesale-Apple-Lemon.jpg\" alt=\"LAVIE 6000 Puffs Vape descart\u00e1vel Atacado Ma\u00e7\u00e3 Lim\u00e3o\" width=\"800\" height=\"800\" srcset=\"https:\/\/www.vape4wholesale.com\/wp-content\/uploads\/2022\/05\/LAVIE-6000-Puffs-Disposable-Vape-Wholesale-Apple-Lemon.jpg 800w, https:\/\/www.vape4wholesale.com\/wp-content\/uploads\/2022\/05\/LAVIE-6000-Puffs-Disposable-Vape-Wholesale-Apple-Lemon-247x247.jpg 247w, https:\/\/www.vape4wholesale.com\/wp-content\/uploads\/2022\/05\/LAVIE-6000-Puffs-Disposable-Vape-Wholesale-Apple-Lemon-100x100.jpg 100w, https:\/\/www.vape4wholesale.com\/wp-content\/uploads\/2022\/05\/LAVIE-6000-Puffs-Disposable-Vape-Wholesale-Apple-Lemon-510x510.jpg 510w, https:\/\/www.vape4wholesale.com\/wp-content\/uploads\/2022\/05\/LAVIE-6000-Puffs-Disposable-Vape-Wholesale-Apple-Lemon-64x64.jpg 64w, https:\/\/www.vape4wholesale.com\/wp-content\/uploads\/2022\/05\/LAVIE-6000-Puffs-Disposable-Vape-Wholesale-Apple-Lemon-300x300.jpg 300w, https:\/\/www.vape4wholesale.com\/wp-content\/uploads\/2022\/05\/LAVIE-6000-Puffs-Disposable-Vape-Wholesale-Apple-Lemon-150x150.jpg 150w, https:\/\/www.vape4wholesale.com\/wp-content\/uploads\/2022\/05\/LAVIE-6000-Puffs-Disposable-Vape-Wholesale-Apple-Lemon-768x768.jpg 768w\" sizes=\"auto, (max-width: 800px) 100vw, 800px\" \/><figcaption id=\"caption-attachment-13368\" class=\"wp-caption-text\">LAVIE 6000 Puffs Vape Descart\u00e1vel Atacado<\/figcaption><\/figure>\n<p>&nbsp;<\/p>","protected":false},"excerpt":{"rendered":"[scf-template id=&#8217;11434&#8242;]\n","protected":false},"featured_media":13371,"comment_status":"open","ping_status":"closed","template":"","meta":[],"pwb-brand":[1277],"product_cat":[869],"product_tag":[37,173,233,22,24],"class_list":{"0":"post-6136","1":"product","2":"type-product","3":"status-publish","4":"has-post-thumbnail","6":"pwb-brand-lavie","7":"product_cat-5000-8000-puffs","8":"product_tag-lavie","9":"product_tag-6000-puffs","10":"product_tag-15-0ml","11":"product_tag-disposable","12":"product_tag-wholesale","14":"first","15":"outofstock","16":"shipping-taxable","17":"purchasable","18":"product-type-variable","19":"has-default-attributes"},"aioseo_notices":[],"brands":[{"id":1277,"name":"Lavie","slug":"lavie"}],"_links":{"self":[{"href":"https:\/\/www.vape4wholesale.com\/pt\/wp-json\/wp\/v2\/product\/6136","targetHints":{"allow":["GET"]}}],"collection":[{"href":"https:\/\/www.vape4wholesale.com\/pt\/wp-json\/wp\/v2\/product"}],"about":[{"href":"https:\/\/www.vape4wholesale.com\/pt\/wp-json\/wp\/v2\/types\/product"}],"replies":[{"embeddable":true,"href":"https:\/\/www.vape4wholesale.com\/pt\/wp-json\/wp\/v2\/comments?post=6136"}],"wp:featuredmedia":[{"embeddable":true,"href":"https:\/\/www.vape4wholesale.com\/pt\/wp-json\/wp\/v2\/media\/13371"}],"wp:attachment":[{"href":"https:\/\/www.vape4wholesale.com\/pt\/wp-json\/wp\/v2\/media?parent=6136"}],"wp:term":[{"taxonomy":"pwb-brand","embeddable":true,"href":"https:\/\/www.vape4wholesale.com\/pt\/wp-json\/wp\/v2\/pwb-brand?post=6136"},{"taxonomy":"product_cat","embeddable":true,"href":"https:\/\/www.vape4wholesale.com\/pt\/wp-json\/wp\/v2\/product_cat?post=6136"},{"taxonomy":"product_tag","embeddable":true,"href":"https:\/\/www.vape4wholesale.com\/pt\/wp-json\/wp\/v2\/product_tag?post=6136"}],"curies":[{"name":"wp","href":"https:\/\/api.w.org\/{rel}","templated":true}]}}