{"id":5694,"date":"2022-07-27T21:08:41","date_gmt":"2022-07-27T13:08:41","guid":{"rendered":"https:\/\/www.vape4wholesale.com\/?post_type=product&#038;p=5694"},"modified":"2026-04-29T17:36:23","modified_gmt":"2026-04-29T09:36:23","slug":"randm-tornado-6000-puffs-vape-descartavel-por-atacado","status":"publish","type":"product","link":"https:\/\/www.vape4wholesale.com\/pt\/product\/randm-tornado-6000-puffs-disposable-vape-wholesale","title":{"rendered":"RandM Tornado 6000 Puffs Vape Descart\u00e1vel Atacado"},"content":{"rendered":"<p><strong><a href=\"https:\/\/www.vape4wholesale.com\/pt\/marca_do_produto\/randm\/\">RandM<\/a> Tornado<\/strong> O 6000 \u00e9 um dispositivo vape descart\u00e1vel com controlo do fluxo de ar e \u00e9 recarreg\u00e1vel. Cont\u00e9m 12 ml de sumo eletr\u00f3nico de sal de nicotina 0\/2\/3\/5% e permite vaporizar at\u00e9 6000 baforadas. Existem 30 sabores para escolher. O controlo do fluxo de ar permite-lhe escolher o melhor local para si e vem com uma porta Type-C recarreg\u00e1vel na parte de tr\u00e1s do dispositivo, o que garante que termina sempre a \u00faltima gota do ejuice no tanque.<\/p>\n<h2><b data-stringify-type=\"bold\">Dispositivo descart\u00e1vel RandM Tornado 6000 Carater\u00edsticas:<\/b><\/h2>\n<p>Sal de nicotina \u26110\/2\/3\/5%<br \/>\n12ML de E-l\u00edquido<br \/>\n6000 baforadas por dispositivo<br \/>\nControlo do fluxo de ar<br \/>\nRecarga de tipo C<br \/>\nBateria recarreg\u00e1vel<br \/>\nBateria integrada de 850mAh<br \/>\n30 sabores dispon\u00edveis<br \/>\n10 unidades numa caixa de exposi\u00e7\u00e3o<br \/>\n240pcs numa caixa de cart\u00e3o \/ 17KG<\/p>\n<h2><b data-stringify-type=\"bold\">Sabores dispon\u00edveis:<\/b><\/h2>\n<p>1 lim\u00e3o Ma\u00e7\u00e3 vermelha<br \/>\n2 Rum Pina Colada<br \/>\n3 Urso de goma<br \/>\n4 Hortel\u00e3 fresca<br \/>\n5 Bebida energ\u00e9tica<br \/>\n6 Uva ICE<br \/>\n7 Donut de morango<br \/>\n8 Fus\u00e3o de frutas<br \/>\n9 Soda de laranja<br \/>\n10 Leite de banana<br \/>\n11 Gelado de manga e morango<br \/>\n12. gelo exuberante<br \/>\n13. bagas mistas<br \/>\n14. melancia com morango<br \/>\n15.Blue Razz Ice<br \/>\n16. gomas<br \/>\n17. gelado de morango<br \/>\n18. algod\u00e3o doce<br \/>\n19. gelado de banana e baunilha<br \/>\n20.Ma\u00e7\u00e3 dupla<br \/>\n21. anan\u00e1s lim\u00e3o menta<br \/>\n22. mirtilo framboesa<br \/>\n23.framboesa azeda azul<br \/>\n24.Sr. azul<br \/>\n25. batido de unic\u00f3rnio<br \/>\n26. mirtilo rom\u00e3<br \/>\n27. morango melancia bubblegum<br \/>\n28. kiwi maracuj\u00e1 goiaba<br \/>\n29. limonada de bagas<br \/>\n30. vimto<\/p>\n<p><img loading=\"lazy\" decoding=\"async\" class=\"alignnone size-full wp-image-12943\" title=\"RANDM Tornado 6000 Puffs Vape Descart\u00e1vel Atacado\" src=\"https:\/\/www.vape4wholesale.com\/wp-content\/uploads\/2022\/07\/RANDM-Tornado-6000-Puffs-Disposable-Vape-Wholesale.jpg\" alt=\"RANDM Tornado 6000 Puffs Vape Descart\u00e1vel Atacado\" width=\"590\" height=\"504\" srcset=\"https:\/\/www.vape4wholesale.com\/wp-content\/uploads\/2022\/07\/RANDM-Tornado-6000-Puffs-Disposable-Vape-Wholesale.jpg 590w, https:\/\/www.vape4wholesale.com\/wp-content\/uploads\/2022\/07\/RANDM-Tornado-6000-Puffs-Disposable-Vape-Wholesale-510x436.jpg 510w, https:\/\/www.vape4wholesale.com\/wp-content\/uploads\/2022\/07\/RANDM-Tornado-6000-Puffs-Disposable-Vape-Wholesale-64x55.jpg 64w, https:\/\/www.vape4wholesale.com\/wp-content\/uploads\/2022\/07\/RANDM-Tornado-6000-Puffs-Disposable-Vape-Wholesale-300x256.jpg 300w\" sizes=\"auto, (max-width: 590px) 100vw, 590px\" \/><img loading=\"lazy\" decoding=\"async\" class=\"alignnone size-full wp-image-12941\" title=\"RANDM Tornado 6000 Puffs Vape descart\u00e1vel Atacado Ma\u00e7\u00e3 vermelha lim\u00e3o\" src=\"https:\/\/www.vape4wholesale.com\/wp-content\/uploads\/2022\/07\/RANDM-Tornado-6000-Puffs-Disposable-Vape-Wholesale-Red-Apple-lemon.jpg\" alt=\"RANDM Tornado 6000 Puffs Vape descart\u00e1vel Atacado Ma\u00e7\u00e3 vermelha lim\u00e3o\" width=\"590\" height=\"545\" srcset=\"https:\/\/www.vape4wholesale.com\/wp-content\/uploads\/2022\/07\/RANDM-Tornado-6000-Puffs-Disposable-Vape-Wholesale-Red-Apple-lemon.jpg 590w, https:\/\/www.vape4wholesale.com\/wp-content\/uploads\/2022\/07\/RANDM-Tornado-6000-Puffs-Disposable-Vape-Wholesale-Red-Apple-lemon-510x471.jpg 510w, https:\/\/www.vape4wholesale.com\/wp-content\/uploads\/2022\/07\/RANDM-Tornado-6000-Puffs-Disposable-Vape-Wholesale-Red-Apple-lemon-64x59.jpg 64w, https:\/\/www.vape4wholesale.com\/wp-content\/uploads\/2022\/07\/RANDM-Tornado-6000-Puffs-Disposable-Vape-Wholesale-Red-Apple-lemon-300x277.jpg 300w\" sizes=\"auto, (max-width: 590px) 100vw, 590px\" \/> <img loading=\"lazy\" decoding=\"async\" class=\"alignnone size-full wp-image-12942\" title=\"RANDM Tornado 6000 Puffs Vape Descart\u00e1vel Atacado Strawberry Donut\" src=\"https:\/\/www.vape4wholesale.com\/wp-content\/uploads\/2022\/07\/RANDM-Tornado-6000-Puffs-Disposable-Vape-Wholesale-Strawberry-Donut.jpg\" alt=\"RANDM Tornado 6000 Puffs Vape Descart\u00e1vel Atacado Strawberry Donut\" width=\"590\" height=\"545\" srcset=\"https:\/\/www.vape4wholesale.com\/wp-content\/uploads\/2022\/07\/RANDM-Tornado-6000-Puffs-Disposable-Vape-Wholesale-Strawberry-Donut.jpg 590w, https:\/\/www.vape4wholesale.com\/wp-content\/uploads\/2022\/07\/RANDM-Tornado-6000-Puffs-Disposable-Vape-Wholesale-Strawberry-Donut-510x471.jpg 510w, https:\/\/www.vape4wholesale.com\/wp-content\/uploads\/2022\/07\/RANDM-Tornado-6000-Puffs-Disposable-Vape-Wholesale-Strawberry-Donut-64x59.jpg 64w, https:\/\/www.vape4wholesale.com\/wp-content\/uploads\/2022\/07\/RANDM-Tornado-6000-Puffs-Disposable-Vape-Wholesale-Strawberry-Donut-300x277.jpg 300w\" sizes=\"auto, (max-width: 590px) 100vw, 590px\" \/> <img loading=\"lazy\" decoding=\"async\" class=\"alignnone size-full wp-image-12946\" title=\"RANDM Tornado 6000 Puffs Vape descart\u00e1vel Bebida energ\u00e9tica por atacado\" src=\"https:\/\/www.vape4wholesale.com\/wp-content\/uploads\/2022\/07\/RANDM-Tornado-6000-Puffs-Disposable-Vape-Wholesale-Energy-Drink.jpg\" alt=\"RANDM Tornado 6000 Puffs Vape descart\u00e1vel Bebida energ\u00e9tica por atacado\" width=\"590\" height=\"545\" srcset=\"https:\/\/www.vape4wholesale.com\/wp-content\/uploads\/2022\/07\/RANDM-Tornado-6000-Puffs-Disposable-Vape-Wholesale-Energy-Drink.jpg 590w, https:\/\/www.vape4wholesale.com\/wp-content\/uploads\/2022\/07\/RANDM-Tornado-6000-Puffs-Disposable-Vape-Wholesale-Energy-Drink-510x471.jpg 510w, https:\/\/www.vape4wholesale.com\/wp-content\/uploads\/2022\/07\/RANDM-Tornado-6000-Puffs-Disposable-Vape-Wholesale-Energy-Drink-64x59.jpg 64w, https:\/\/www.vape4wholesale.com\/wp-content\/uploads\/2022\/07\/RANDM-Tornado-6000-Puffs-Disposable-Vape-Wholesale-Energy-Drink-300x277.jpg 300w\" sizes=\"auto, (max-width: 590px) 100vw, 590px\" \/> <img loading=\"lazy\" decoding=\"async\" class=\"alignnone size-full wp-image-12948\" title=\"RANDM Tornado 6000 Puffs Vape descart\u00e1vel Atacado Grape ICE\" src=\"https:\/\/www.vape4wholesale.com\/wp-content\/uploads\/2022\/07\/RANDM-Tornado-6000-Puffs-Disposable-Vape-Wholesale-Grape-ICE.jpg\" alt=\"RANDM Tornado 6000 Puffs Vape descart\u00e1vel Atacado Grape ICE\" width=\"590\" height=\"545\" srcset=\"https:\/\/www.vape4wholesale.com\/wp-content\/uploads\/2022\/07\/RANDM-Tornado-6000-Puffs-Disposable-Vape-Wholesale-Grape-ICE.jpg 590w, https:\/\/www.vape4wholesale.com\/wp-content\/uploads\/2022\/07\/RANDM-Tornado-6000-Puffs-Disposable-Vape-Wholesale-Grape-ICE-510x471.jpg 510w, https:\/\/www.vape4wholesale.com\/wp-content\/uploads\/2022\/07\/RANDM-Tornado-6000-Puffs-Disposable-Vape-Wholesale-Grape-ICE-64x59.jpg 64w, https:\/\/www.vape4wholesale.com\/wp-content\/uploads\/2022\/07\/RANDM-Tornado-6000-Puffs-Disposable-Vape-Wholesale-Grape-ICE-300x277.jpg 300w\" sizes=\"auto, (max-width: 590px) 100vw, 590px\" \/> <img loading=\"lazy\" decoding=\"async\" class=\"alignnone size-full wp-image-12949\" title=\"RANDM Tornado 6000 Puffs Vape descart\u00e1vel Atacado Gummy Bear\" src=\"https:\/\/www.vape4wholesale.com\/wp-content\/uploads\/2022\/07\/RANDM-Tornado-6000-Puffs-Disposable-Vape-Wholesale-Gummy-Bear.jpg\" alt=\"RANDM Tornado 6000 Puffs Vape descart\u00e1vel Atacado Gummy Bear\" width=\"590\" height=\"545\" srcset=\"https:\/\/www.vape4wholesale.com\/wp-content\/uploads\/2022\/07\/RANDM-Tornado-6000-Puffs-Disposable-Vape-Wholesale-Gummy-Bear.jpg 590w, https:\/\/www.vape4wholesale.com\/wp-content\/uploads\/2022\/07\/RANDM-Tornado-6000-Puffs-Disposable-Vape-Wholesale-Gummy-Bear-510x471.jpg 510w, https:\/\/www.vape4wholesale.com\/wp-content\/uploads\/2022\/07\/RANDM-Tornado-6000-Puffs-Disposable-Vape-Wholesale-Gummy-Bear-64x59.jpg 64w, https:\/\/www.vape4wholesale.com\/wp-content\/uploads\/2022\/07\/RANDM-Tornado-6000-Puffs-Disposable-Vape-Wholesale-Gummy-Bear-300x277.jpg 300w\" sizes=\"auto, (max-width: 590px) 100vw, 590px\" \/><\/p>","protected":false},"excerpt":{"rendered":"[scf-template id=&#8217;11434&#8242;]\n","protected":false},"featured_media":12943,"comment_status":"open","ping_status":"closed","template":"","meta":[],"pwb-brand":[1270],"product_cat":[869],"product_tag":[22,24,54,173,272],"class_list":{"0":"post-5694","1":"product","2":"type-product","3":"status-publish","4":"has-post-thumbnail","6":"pwb-brand-randm","7":"product_cat-5000-8000-puffs","8":"product_tag-disposable","9":"product_tag-wholesale","10":"product_tag-12-0ml","11":"product_tag-6000-puffs","12":"product_tag-randm","13":"wcpa_has_options","15":"first","16":"outofstock","17":"shipping-taxable","18":"purchasable","19":"product-type-variable"},"aioseo_notices":[],"brands":[{"id":1270,"name":"Randm","slug":"randm"}],"_links":{"self":[{"href":"https:\/\/www.vape4wholesale.com\/pt\/wp-json\/wp\/v2\/product\/5694","targetHints":{"allow":["GET"]}}],"collection":[{"href":"https:\/\/www.vape4wholesale.com\/pt\/wp-json\/wp\/v2\/product"}],"about":[{"href":"https:\/\/www.vape4wholesale.com\/pt\/wp-json\/wp\/v2\/types\/product"}],"replies":[{"embeddable":true,"href":"https:\/\/www.vape4wholesale.com\/pt\/wp-json\/wp\/v2\/comments?post=5694"}],"wp:featuredmedia":[{"embeddable":true,"href":"https:\/\/www.vape4wholesale.com\/pt\/wp-json\/wp\/v2\/media\/12943"}],"wp:attachment":[{"href":"https:\/\/www.vape4wholesale.com\/pt\/wp-json\/wp\/v2\/media?parent=5694"}],"wp:term":[{"taxonomy":"pwb-brand","embeddable":true,"href":"https:\/\/www.vape4wholesale.com\/pt\/wp-json\/wp\/v2\/pwb-brand?post=5694"},{"taxonomy":"product_cat","embeddable":true,"href":"https:\/\/www.vape4wholesale.com\/pt\/wp-json\/wp\/v2\/product_cat?post=5694"},{"taxonomy":"product_tag","embeddable":true,"href":"https:\/\/www.vape4wholesale.com\/pt\/wp-json\/wp\/v2\/product_tag?post=5694"}],"curies":[{"name":"wp","href":"https:\/\/api.w.org\/{rel}","templated":true}]}}