{"id":5525,"date":"2022-08-03T21:23:34","date_gmt":"2022-08-03T13:23:34","guid":{"rendered":"https:\/\/www.vape4wholesale.com\/?post_type=product&#038;p=5525"},"modified":"2026-01-26T13:43:19","modified_gmt":"2026-01-26T13:43:19","slug":"randm-tornado-8000-puffs-vape-descartavel-por-atacado","status":"publish","type":"product","link":"https:\/\/www.vape4wholesale.com\/pt\/product\/randm-tornado-8000-puffs-disposable-vape-wholesale","title":{"rendered":"RANDM Tornado 8000 Puffs Vape Descart\u00e1vel Atacado"},"content":{"rendered":"<p><strong><a href=\"https:\/\/www.vape4wholesale.com\/pt\/marca_do_produto\/randm\/\">RandM<\/a> Tornado 8000<\/strong>\u00a0\u00e9 um dispositivo vape descart\u00e1vel com controlo do fluxo de ar e \u00e9 recarreg\u00e1vel. Cont\u00e9m 16 ml de sumo eletr\u00f3nico com sal de nicotina 0\/2\/3\/5% e pode ser fumado at\u00e9 8000 baforadas. Existem 31 sabores para escolher. O controlo do fluxo de ar permite-lhe escolher o melhor local para si e vem com uma porta Type-C recarreg\u00e1vel na parte de tr\u00e1s do dispositivo, o que garante que termina sempre a \u00faltima gota do ejuice no tanque.<\/p>\n<h2><b data-stringify-type=\"bold\">Dispositivo descart\u00e1vel RandM Tornado 8000 Carater\u00edsticas:<\/b><\/h2>\n<p>\u26110\/2\/3\/5% Sal de nicotina.<br \/>\n16ML de E-l\u00edquido.<br \/>\nControlo do fluxo de ar<br \/>\nBobina de malha<br \/>\nBateria recarreg\u00e1vel<br \/>\nBateria integrada de 850mAh.<br \/>\n31 sabores dispon\u00edveis.<br \/>\n10 unidades numa caixa de exposi\u00e7\u00e3o.<br \/>\n240pcs numa caixa de cart\u00e3o.<\/p>\n<h2><b data-stringify-type=\"bold\">Sabores dispon\u00edveis:<\/b><\/h2>\n<p>1. gelo exuberante<br \/>\n2. gelo azul razz<br \/>\n3. melancia com morango<br \/>\n4. limonada de morango<br \/>\n5. ma\u00e7\u00e3 \u00e1cida<br \/>\n6.Pera de algod\u00e3o<br \/>\n7. rebu\u00e7ados Skittles<br \/>\n8. ursinhos de goma<br \/>\n9. laranja uva<br \/>\n10. gelado de melada<br \/>\n11. gelo de mel\u00e3o<br \/>\n12. mel\u00e3o ma\u00e7\u00e3 vermelha<br \/>\n13. gelo de rom\u00e3<br \/>\n14.Banana Ice<br \/>\n15. gelo de mirtilo<br \/>\n16.Cool Mint<br \/>\n17. morango Kiwi<br \/>\n18. p\u00eassego manga<br \/>\n19.Pina Colada<br \/>\n20. l\u00edchia-cereja<br \/>\n21.pastilha el\u00e1stica de mirtilo<br \/>\n22. Melancia<br \/>\n23. Mirtilo azedo Respberry<br \/>\n24. gelo de uva<br \/>\n25.mirtilo Rom\u00e3<br \/>\n26.Mr azul<br \/>\n27. mirtilo Respberry<br \/>\n28. gelado de morango<br \/>\n29.gelo de cola de cereja<br \/>\n30. Touro vermelho<br \/>\n31. Limonada cor-de-rosa<\/p>\n<p><img loading=\"lazy\" decoding=\"async\" class=\"alignnone size-full wp-image-12739\" title=\"RandM Tornado 8000 Puffs Vape Descart\u00e1vel Atacado (21)\" src=\"https:\/\/www.vape4wholesale.com\/wp-content\/uploads\/2022\/08\/RandM-Tornado-8000-Puffs-Disposable-Vape-Wholesale-21.jpg\" alt=\"RandM Tornado 8000 Puffs Vape Descart\u00e1vel Atacado (21)\" width=\"590\" height=\"504\" srcset=\"https:\/\/www.vape4wholesale.com\/wp-content\/uploads\/2022\/08\/RandM-Tornado-8000-Puffs-Disposable-Vape-Wholesale-21.jpg 590w, https:\/\/www.vape4wholesale.com\/wp-content\/uploads\/2022\/08\/RandM-Tornado-8000-Puffs-Disposable-Vape-Wholesale-21-510x436.jpg 510w, https:\/\/www.vape4wholesale.com\/wp-content\/uploads\/2022\/08\/RandM-Tornado-8000-Puffs-Disposable-Vape-Wholesale-21-64x55.jpg 64w, https:\/\/www.vape4wholesale.com\/wp-content\/uploads\/2022\/08\/RandM-Tornado-8000-Puffs-Disposable-Vape-Wholesale-21-300x256.jpg 300w\" sizes=\"auto, (max-width: 590px) 100vw, 590px\" \/> <img loading=\"lazy\" decoding=\"async\" class=\"alignnone size-full wp-image-12738\" title=\"RandM Tornado 8000 Puffs Vape Descart\u00e1vel Atacado (20)\" src=\"https:\/\/www.vape4wholesale.com\/wp-content\/uploads\/2022\/08\/RandM-Tornado-8000-Puffs-Disposable-Vape-Wholesale-20.jpg\" alt=\"RandM Tornado 8000 Puffs Vape Descart\u00e1vel Atacado (20)\" width=\"590\" height=\"590\" srcset=\"https:\/\/www.vape4wholesale.com\/wp-content\/uploads\/2022\/08\/RandM-Tornado-8000-Puffs-Disposable-Vape-Wholesale-20.jpg 590w, https:\/\/www.vape4wholesale.com\/wp-content\/uploads\/2022\/08\/RandM-Tornado-8000-Puffs-Disposable-Vape-Wholesale-20-247x247.jpg 247w, https:\/\/www.vape4wholesale.com\/wp-content\/uploads\/2022\/08\/RandM-Tornado-8000-Puffs-Disposable-Vape-Wholesale-20-100x100.jpg 100w, https:\/\/www.vape4wholesale.com\/wp-content\/uploads\/2022\/08\/RandM-Tornado-8000-Puffs-Disposable-Vape-Wholesale-20-510x510.jpg 510w, https:\/\/www.vape4wholesale.com\/wp-content\/uploads\/2022\/08\/RandM-Tornado-8000-Puffs-Disposable-Vape-Wholesale-20-64x64.jpg 64w, https:\/\/www.vape4wholesale.com\/wp-content\/uploads\/2022\/08\/RandM-Tornado-8000-Puffs-Disposable-Vape-Wholesale-20-300x300.jpg 300w, https:\/\/www.vape4wholesale.com\/wp-content\/uploads\/2022\/08\/RandM-Tornado-8000-Puffs-Disposable-Vape-Wholesale-20-150x150.jpg 150w\" sizes=\"auto, (max-width: 590px) 100vw, 590px\" \/> <img loading=\"lazy\" decoding=\"async\" class=\"alignnone size-full wp-image-12737\" title=\"RandM Tornado 8000 Puffs Vape Descart\u00e1vel Atacado (19)\" src=\"https:\/\/www.vape4wholesale.com\/wp-content\/uploads\/2022\/08\/RandM-Tornado-8000-Puffs-Disposable-Vape-Wholesale-19.jpg\" alt=\"RandM Tornado 8000 Puffs Vape Descart\u00e1vel Atacado (19)\" width=\"590\" height=\"590\" srcset=\"https:\/\/www.vape4wholesale.com\/wp-content\/uploads\/2022\/08\/RandM-Tornado-8000-Puffs-Disposable-Vape-Wholesale-19.jpg 590w, https:\/\/www.vape4wholesale.com\/wp-content\/uploads\/2022\/08\/RandM-Tornado-8000-Puffs-Disposable-Vape-Wholesale-19-247x247.jpg 247w, https:\/\/www.vape4wholesale.com\/wp-content\/uploads\/2022\/08\/RandM-Tornado-8000-Puffs-Disposable-Vape-Wholesale-19-100x100.jpg 100w, https:\/\/www.vape4wholesale.com\/wp-content\/uploads\/2022\/08\/RandM-Tornado-8000-Puffs-Disposable-Vape-Wholesale-19-510x510.jpg 510w, https:\/\/www.vape4wholesale.com\/wp-content\/uploads\/2022\/08\/RandM-Tornado-8000-Puffs-Disposable-Vape-Wholesale-19-64x64.jpg 64w, https:\/\/www.vape4wholesale.com\/wp-content\/uploads\/2022\/08\/RandM-Tornado-8000-Puffs-Disposable-Vape-Wholesale-19-300x300.jpg 300w, https:\/\/www.vape4wholesale.com\/wp-content\/uploads\/2022\/08\/RandM-Tornado-8000-Puffs-Disposable-Vape-Wholesale-19-150x150.jpg 150w\" sizes=\"auto, (max-width: 590px) 100vw, 590px\" \/> <img loading=\"lazy\" decoding=\"async\" class=\"alignnone size-full wp-image-12729\" title=\"RandM Tornado 8000 Puffs Vape Descart\u00e1vel Atacado (11)\" src=\"https:\/\/www.vape4wholesale.com\/wp-content\/uploads\/2022\/08\/RandM-Tornado-8000-Puffs-Disposable-Vape-Wholesale-11.jpg\" alt=\"RandM Tornado 8000 Puffs Vape Descart\u00e1vel Atacado (11)\" width=\"590\" height=\"590\" srcset=\"https:\/\/www.vape4wholesale.com\/wp-content\/uploads\/2022\/08\/RandM-Tornado-8000-Puffs-Disposable-Vape-Wholesale-11.jpg 590w, https:\/\/www.vape4wholesale.com\/wp-content\/uploads\/2022\/08\/RandM-Tornado-8000-Puffs-Disposable-Vape-Wholesale-11-247x247.jpg 247w, https:\/\/www.vape4wholesale.com\/wp-content\/uploads\/2022\/08\/RandM-Tornado-8000-Puffs-Disposable-Vape-Wholesale-11-100x100.jpg 100w, https:\/\/www.vape4wholesale.com\/wp-content\/uploads\/2022\/08\/RandM-Tornado-8000-Puffs-Disposable-Vape-Wholesale-11-510x510.jpg 510w, https:\/\/www.vape4wholesale.com\/wp-content\/uploads\/2022\/08\/RandM-Tornado-8000-Puffs-Disposable-Vape-Wholesale-11-64x64.jpg 64w, https:\/\/www.vape4wholesale.com\/wp-content\/uploads\/2022\/08\/RandM-Tornado-8000-Puffs-Disposable-Vape-Wholesale-11-300x300.jpg 300w, https:\/\/www.vape4wholesale.com\/wp-content\/uploads\/2022\/08\/RandM-Tornado-8000-Puffs-Disposable-Vape-Wholesale-11-150x150.jpg 150w\" sizes=\"auto, (max-width: 590px) 100vw, 590px\" \/> <img loading=\"lazy\" decoding=\"async\" class=\"alignnone size-full wp-image-12730\" title=\"RandM Tornado 8000 Puffs Vape Descart\u00e1vel Atacado (12)\" src=\"https:\/\/www.vape4wholesale.com\/wp-content\/uploads\/2022\/08\/RandM-Tornado-8000-Puffs-Disposable-Vape-Wholesale-12.jpg\" alt=\"RandM Tornado 8000 Puffs Vape Descart\u00e1vel Atacado (12)\" width=\"590\" height=\"590\" srcset=\"https:\/\/www.vape4wholesale.com\/wp-content\/uploads\/2022\/08\/RandM-Tornado-8000-Puffs-Disposable-Vape-Wholesale-12.jpg 590w, https:\/\/www.vape4wholesale.com\/wp-content\/uploads\/2022\/08\/RandM-Tornado-8000-Puffs-Disposable-Vape-Wholesale-12-247x247.jpg 247w, https:\/\/www.vape4wholesale.com\/wp-content\/uploads\/2022\/08\/RandM-Tornado-8000-Puffs-Disposable-Vape-Wholesale-12-100x100.jpg 100w, https:\/\/www.vape4wholesale.com\/wp-content\/uploads\/2022\/08\/RandM-Tornado-8000-Puffs-Disposable-Vape-Wholesale-12-510x510.jpg 510w, https:\/\/www.vape4wholesale.com\/wp-content\/uploads\/2022\/08\/RandM-Tornado-8000-Puffs-Disposable-Vape-Wholesale-12-64x64.jpg 64w, https:\/\/www.vape4wholesale.com\/wp-content\/uploads\/2022\/08\/RandM-Tornado-8000-Puffs-Disposable-Vape-Wholesale-12-300x300.jpg 300w, https:\/\/www.vape4wholesale.com\/wp-content\/uploads\/2022\/08\/RandM-Tornado-8000-Puffs-Disposable-Vape-Wholesale-12-150x150.jpg 150w\" sizes=\"auto, (max-width: 590px) 100vw, 590px\" \/> <img loading=\"lazy\" decoding=\"async\" class=\"alignnone size-full wp-image-12728\" title=\"RandM Tornado 8000 Puffs Vape Descart\u00e1vel Atacado (10)\" src=\"https:\/\/www.vape4wholesale.com\/wp-content\/uploads\/2022\/08\/RandM-Tornado-8000-Puffs-Disposable-Vape-Wholesale-10.jpg\" alt=\"RandM Tornado 8000 Puffs Vape Descart\u00e1vel Atacado (10)\" width=\"590\" height=\"590\" srcset=\"https:\/\/www.vape4wholesale.com\/wp-content\/uploads\/2022\/08\/RandM-Tornado-8000-Puffs-Disposable-Vape-Wholesale-10.jpg 590w, https:\/\/www.vape4wholesale.com\/wp-content\/uploads\/2022\/08\/RandM-Tornado-8000-Puffs-Disposable-Vape-Wholesale-10-247x247.jpg 247w, https:\/\/www.vape4wholesale.com\/wp-content\/uploads\/2022\/08\/RandM-Tornado-8000-Puffs-Disposable-Vape-Wholesale-10-100x100.jpg 100w, https:\/\/www.vape4wholesale.com\/wp-content\/uploads\/2022\/08\/RandM-Tornado-8000-Puffs-Disposable-Vape-Wholesale-10-510x510.jpg 510w, https:\/\/www.vape4wholesale.com\/wp-content\/uploads\/2022\/08\/RandM-Tornado-8000-Puffs-Disposable-Vape-Wholesale-10-64x64.jpg 64w, https:\/\/www.vape4wholesale.com\/wp-content\/uploads\/2022\/08\/RandM-Tornado-8000-Puffs-Disposable-Vape-Wholesale-10-300x300.jpg 300w, https:\/\/www.vape4wholesale.com\/wp-content\/uploads\/2022\/08\/RandM-Tornado-8000-Puffs-Disposable-Vape-Wholesale-10-150x150.jpg 150w\" sizes=\"auto, (max-width: 590px) 100vw, 590px\" \/> <img loading=\"lazy\" decoding=\"async\" class=\"alignnone size-full wp-image-12727\" title=\"RandM Tornado 8000 Puffs Vape Descart\u00e1vel Atacado (9)\" src=\"https:\/\/www.vape4wholesale.com\/wp-content\/uploads\/2022\/08\/RandM-Tornado-8000-Puffs-Disposable-Vape-Wholesale-9.jpg\" alt=\"RandM Tornado 8000 Puffs Vape Descart\u00e1vel Atacado (9)\" width=\"590\" height=\"590\" srcset=\"https:\/\/www.vape4wholesale.com\/wp-content\/uploads\/2022\/08\/RandM-Tornado-8000-Puffs-Disposable-Vape-Wholesale-9.jpg 590w, https:\/\/www.vape4wholesale.com\/wp-content\/uploads\/2022\/08\/RandM-Tornado-8000-Puffs-Disposable-Vape-Wholesale-9-247x247.jpg 247w, https:\/\/www.vape4wholesale.com\/wp-content\/uploads\/2022\/08\/RandM-Tornado-8000-Puffs-Disposable-Vape-Wholesale-9-100x100.jpg 100w, https:\/\/www.vape4wholesale.com\/wp-content\/uploads\/2022\/08\/RandM-Tornado-8000-Puffs-Disposable-Vape-Wholesale-9-510x510.jpg 510w, https:\/\/www.vape4wholesale.com\/wp-content\/uploads\/2022\/08\/RandM-Tornado-8000-Puffs-Disposable-Vape-Wholesale-9-64x64.jpg 64w, https:\/\/www.vape4wholesale.com\/wp-content\/uploads\/2022\/08\/RandM-Tornado-8000-Puffs-Disposable-Vape-Wholesale-9-300x300.jpg 300w, https:\/\/www.vape4wholesale.com\/wp-content\/uploads\/2022\/08\/RandM-Tornado-8000-Puffs-Disposable-Vape-Wholesale-9-150x150.jpg 150w\" sizes=\"auto, (max-width: 590px) 100vw, 590px\" \/> <img loading=\"lazy\" decoding=\"async\" class=\"alignnone size-full wp-image-12736\" title=\"RandM Tornado 8000 Puffs Vape Descart\u00e1vel Atacado (18)\" src=\"https:\/\/www.vape4wholesale.com\/wp-content\/uploads\/2022\/08\/RandM-Tornado-8000-Puffs-Disposable-Vape-Wholesale-18.jpg\" alt=\"RandM Tornado 8000 Puffs Vape Descart\u00e1vel Atacado (18)\" width=\"590\" height=\"590\" srcset=\"https:\/\/www.vape4wholesale.com\/wp-content\/uploads\/2022\/08\/RandM-Tornado-8000-Puffs-Disposable-Vape-Wholesale-18.jpg 590w, https:\/\/www.vape4wholesale.com\/wp-content\/uploads\/2022\/08\/RandM-Tornado-8000-Puffs-Disposable-Vape-Wholesale-18-247x247.jpg 247w, https:\/\/www.vape4wholesale.com\/wp-content\/uploads\/2022\/08\/RandM-Tornado-8000-Puffs-Disposable-Vape-Wholesale-18-100x100.jpg 100w, https:\/\/www.vape4wholesale.com\/wp-content\/uploads\/2022\/08\/RandM-Tornado-8000-Puffs-Disposable-Vape-Wholesale-18-510x510.jpg 510w, https:\/\/www.vape4wholesale.com\/wp-content\/uploads\/2022\/08\/RandM-Tornado-8000-Puffs-Disposable-Vape-Wholesale-18-64x64.jpg 64w, https:\/\/www.vape4wholesale.com\/wp-content\/uploads\/2022\/08\/RandM-Tornado-8000-Puffs-Disposable-Vape-Wholesale-18-300x300.jpg 300w, https:\/\/www.vape4wholesale.com\/wp-content\/uploads\/2022\/08\/RandM-Tornado-8000-Puffs-Disposable-Vape-Wholesale-18-150x150.jpg 150w\" sizes=\"auto, (max-width: 590px) 100vw, 590px\" \/><\/p>\n<p>&nbsp;<\/p>\n<p>&nbsp;<\/p>","protected":false},"excerpt":{"rendered":"[scf-template id=&#8217;11434&#8242;]\n","protected":false},"featured_media":12739,"comment_status":"open","ping_status":"closed","template":"","meta":[],"pwb-brand":[1270],"product_cat":[870],"product_tag":[22,24,180,342,343],"class_list":{"0":"post-5525","1":"product","2":"type-product","3":"status-publish","4":"has-post-thumbnail","6":"pwb-brand-randm","7":"product_cat-8000-10000-puffs","8":"product_tag-disposable","9":"product_tag-wholesale","10":"product_tag-randm-tornado","11":"product_tag-16-0ml","12":"product_tag-8000-puffs","13":"wcpa_has_options","15":"first","16":"outofstock","17":"shipping-taxable","18":"purchasable","19":"product-type-variable"},"aioseo_notices":[],"brands":[{"id":1270,"name":"Randm","slug":"randm"}],"_links":{"self":[{"href":"https:\/\/www.vape4wholesale.com\/pt\/wp-json\/wp\/v2\/product\/5525","targetHints":{"allow":["GET"]}}],"collection":[{"href":"https:\/\/www.vape4wholesale.com\/pt\/wp-json\/wp\/v2\/product"}],"about":[{"href":"https:\/\/www.vape4wholesale.com\/pt\/wp-json\/wp\/v2\/types\/product"}],"replies":[{"embeddable":true,"href":"https:\/\/www.vape4wholesale.com\/pt\/wp-json\/wp\/v2\/comments?post=5525"}],"wp:featuredmedia":[{"embeddable":true,"href":"https:\/\/www.vape4wholesale.com\/pt\/wp-json\/wp\/v2\/media\/12739"}],"wp:attachment":[{"href":"https:\/\/www.vape4wholesale.com\/pt\/wp-json\/wp\/v2\/media?parent=5525"}],"wp:term":[{"taxonomy":"pwb-brand","embeddable":true,"href":"https:\/\/www.vape4wholesale.com\/pt\/wp-json\/wp\/v2\/pwb-brand?post=5525"},{"taxonomy":"product_cat","embeddable":true,"href":"https:\/\/www.vape4wholesale.com\/pt\/wp-json\/wp\/v2\/product_cat?post=5525"},{"taxonomy":"product_tag","embeddable":true,"href":"https:\/\/www.vape4wholesale.com\/pt\/wp-json\/wp\/v2\/product_tag?post=5525"}],"curies":[{"name":"wp","href":"https:\/\/api.w.org\/{rel}","templated":true}]}}