{"id":3519,"date":"2021-05-18T21:03:19","date_gmt":"2021-05-18T13:03:19","guid":{"rendered":"https:\/\/www.vape4wholesale.com\/?post_type=product&#038;p=3519"},"modified":"2026-01-26T13:44:02","modified_gmt":"2026-01-26T13:44:02","slug":"elf-bar-2500-vape-descartavel-por-atacado","status":"publish","type":"product","link":"https:\/\/www.vape4wholesale.com\/pt\/product\/elf-bar-2500-disposable-vape-wholesale","title":{"rendered":"Elf Bar 2500 Vape Descart\u00e1vel Atacado"},"content":{"rendered":"<p><a href=\"https:\/\/www.vape4wholesale.com\/pt\/marca_do_produto\/bar-dos-elfos\/\">Elf Bar<\/a> O Vape descart\u00e1vel 2500 \u00e9 fornecido com uma bateria de 1400mAh e 8 ml de sumo eletr\u00f3nico com v\u00e1rios sabores. Cont\u00e9m 5% ou 2% de nic de sal, suporta at\u00e9 2500 baforadas.<\/p>\n<p><span class=\"src\" data-group=\"0-0\">Pode fornecer uma pot\u00eancia est\u00e1vel e um sabor rico de cada baforada.<\/span><span class=\"src\" data-group=\"0-1\">\u00a0proporciona-lhe a experi\u00eancia mais suave e encorpada de um cigarro eletr\u00f3nico descart\u00e1vel.<\/span><\/p>\n<h2>Elf Bar 2500 Vape descart\u00e1vel Detalhe r\u00e1pido<\/h2>\n<p>Tamanho: 108 x 23 mm<br \/>\nCapacidade do E-l\u00edquido: 8ml<br \/>\nIntensidade da nicotina: 5%\/2%\/2%SE<br \/>\nCapacidade da bateria:1400mAh<br \/>\nPuffs: 2500 Puffs<\/p>\n<h2>Vantagens<\/h2>\n<p>A estrutura vertical da bobina dupla garante a pureza do sabor<br \/>\nMaior capacidade da bateria e maior capacidade do e-l\u00edquido<br \/>\nGradientes elegantes com um toque suave<br \/>\nOs sabores mais frutados respondem a diferentes necessidades<\/p>\n<h2>Aromas<\/h2>\n<p>Leite de banana<br \/>\nLimonada Blue Razz<br \/>\nP\u00eassego sumarento<br \/>\nLimonada cor-de-rosa<br \/>\nGelo de morango<br \/>\nMa\u00e7\u00e3 \u00e1cida<br \/>\nMel\u00e3o de coco<br \/>\nP\u00eassego Manga Goiaba<br \/>\nManga P\u00eassego Melancia<br \/>\nEnergia da uva<\/p>\n<p><img loading=\"lazy\" decoding=\"async\" class=\"alignnone size-full wp-image-26795\" title=\"Elf Bar 2500 Vape descart\u00e1vel Embalagens por atacado (16)\" src=\"https:\/\/www.vape4wholesale.com\/wp-content\/uploads\/2021\/05\/Elf-Bar-2500-Disposable-Vape-Wholesale_Packed-16-1.jpg\" alt=\"Elf Bar 2500 Vape descart\u00e1vel Embalagens por atacado (16)\" width=\"600\" height=\"600\" srcset=\"https:\/\/www.vape4wholesale.com\/wp-content\/uploads\/2021\/05\/Elf-Bar-2500-Disposable-Vape-Wholesale_Packed-16-1.jpg 600w, https:\/\/www.vape4wholesale.com\/wp-content\/uploads\/2021\/05\/Elf-Bar-2500-Disposable-Vape-Wholesale_Packed-16-1-300x300.jpg 300w, https:\/\/www.vape4wholesale.com\/wp-content\/uploads\/2021\/05\/Elf-Bar-2500-Disposable-Vape-Wholesale_Packed-16-1-150x150.jpg 150w, https:\/\/www.vape4wholesale.com\/wp-content\/uploads\/2021\/05\/Elf-Bar-2500-Disposable-Vape-Wholesale_Packed-16-1-12x12.jpg 12w, https:\/\/www.vape4wholesale.com\/wp-content\/uploads\/2021\/05\/Elf-Bar-2500-Disposable-Vape-Wholesale_Packed-16-1-247x247.jpg 247w, https:\/\/www.vape4wholesale.com\/wp-content\/uploads\/2021\/05\/Elf-Bar-2500-Disposable-Vape-Wholesale_Packed-16-1-510x510.jpg 510w, https:\/\/www.vape4wholesale.com\/wp-content\/uploads\/2021\/05\/Elf-Bar-2500-Disposable-Vape-Wholesale_Packed-16-1-100x100.jpg 100w\" sizes=\"auto, (max-width: 600px) 100vw, 600px\" \/><\/p>","protected":false},"excerpt":{"rendered":"<div class=\"wsppc_div_block woocommerce_before_add_to_cart_form\">\r\n<p><strong><span style=\"color: #00a859;\">Passar na alf\u00e2ndega<\/span> antes da entrega e% Garantia de Entrega de 100 dias, Entrega em cerca de 19 a 25 dias.\u00a0<\/strong><\/p>\r\n<\/div>","protected":false},"featured_media":26795,"comment_status":"open","ping_status":"closed","template":"","meta":[],"pwb-brand":[1278],"product_cat":[25],"product_tag":[22,24,27,60,70],"class_list":{"0":"post-3519","1":"product","2":"type-product","3":"status-publish","4":"has-post-thumbnail","6":"pwb-brand-elf-bar","7":"product_cat-2000-3000-puffs","8":"product_tag-disposable","9":"product_tag-wholesale","10":"product_tag-2500-puffs","11":"product_tag-elf-bar","12":"product_tag-8-0ml","14":"first","15":"instock","16":"shipping-taxable","17":"purchasable","18":"product-type-variable"},"aioseo_notices":[],"brands":[{"id":1278,"name":"Bar dos duendes","slug":"bar-dos-elfos"}],"_links":{"self":[{"href":"https:\/\/www.vape4wholesale.com\/pt\/wp-json\/wp\/v2\/product\/3519","targetHints":{"allow":["GET"]}}],"collection":[{"href":"https:\/\/www.vape4wholesale.com\/pt\/wp-json\/wp\/v2\/product"}],"about":[{"href":"https:\/\/www.vape4wholesale.com\/pt\/wp-json\/wp\/v2\/types\/product"}],"replies":[{"embeddable":true,"href":"https:\/\/www.vape4wholesale.com\/pt\/wp-json\/wp\/v2\/comments?post=3519"}],"wp:featuredmedia":[{"embeddable":true,"href":"https:\/\/www.vape4wholesale.com\/pt\/wp-json\/wp\/v2\/media\/26795"}],"wp:attachment":[{"href":"https:\/\/www.vape4wholesale.com\/pt\/wp-json\/wp\/v2\/media?parent=3519"}],"wp:term":[{"taxonomy":"pwb-brand","embeddable":true,"href":"https:\/\/www.vape4wholesale.com\/pt\/wp-json\/wp\/v2\/pwb-brand?post=3519"},{"taxonomy":"product_cat","embeddable":true,"href":"https:\/\/www.vape4wholesale.com\/pt\/wp-json\/wp\/v2\/product_cat?post=3519"},{"taxonomy":"product_tag","embeddable":true,"href":"https:\/\/www.vape4wholesale.com\/pt\/wp-json\/wp\/v2\/product_tag?post=3519"}],"curies":[{"name":"wp","href":"https:\/\/api.w.org\/{rel}","templated":true}]}}