{"id":30064,"date":"2026-03-28T09:40:56","date_gmt":"2026-03-28T01:40:56","guid":{"rendered":"https:\/\/www.vape4wholesale.com\/?post_type=product&#038;p=30064"},"modified":"2026-05-09T13:35:36","modified_gmt":"2026-05-09T05:35:36","slug":"randm-tornado-15000-15k-europe-warehouse","status":"publish","type":"product","link":"https:\/\/www.vape4wholesale.com\/pt\/product\/randm-tornado-15000-15k-europe-warehouse","title":{"rendered":"Randm Tornado 15000 (15K) Armaz\u00e9m Europa"},"content":{"rendered":"<p class=\"ds-markdown-paragraph\">O Vape Randm Tornado 15000 \u00e9 uma obra-prima de design e tecnologia da Fumot. Concebido para os vapers mais exigentes, este dispositivo combina alta capacidade com carater\u00edsticas inteligentes, oferecendo uma mistura perfeita de conveni\u00eancia e desempenho.<\/p>\n<p class=\"ds-markdown-paragraph\">Mantenha o controlo total com o avan\u00e7ado visor LED. Ao contr\u00e1rio dos dispositivos normais, o Tornado 15000 fornece informa\u00e7\u00f5es em tempo real sobre a dura\u00e7\u00e3o da bateria e os n\u00edveis de e-l\u00edquido. Esta carater\u00edstica intuitiva elimina as suposi\u00e7\u00f5es, garantindo que sabe sempre quando \u00e9 altura de recarregar ou que a sua experi\u00eancia de sabor \u00e9 consistente.<\/p>\n<p class=\"ds-markdown-paragraph\">No cora\u00e7\u00e3o do dispositivo est\u00e1 uma bobina de malha de 0,9\u03a9, concebida para maximizar a \u00e1rea da superf\u00edcie de aquecimento. Esta tecnologia garante um aquecimento r\u00e1pido e uniforme, proporcionando uma extra\u00e7\u00e3o excecionalmente suave, uma rica produ\u00e7\u00e3o de vapor e um sabor puro e consistente da primeira \u00e0 \u00faltima baforada.<\/p>\n<h3><strong>Randm Tornado 15000 - Especifica\u00e7\u00f5es t\u00e9cnicas<\/strong><\/h3>\n<div class=\"ds-scroll-area ds-scroll-area--show-on-focus-within _1210dd7 c03cafe9\">\n<table>\n<thead>\n<tr>\n<th>Categoria<\/th>\n<th>Especifica\u00e7\u00e3o<\/th>\n<\/tr>\n<\/thead>\n<tbody>\n<tr>\n<td><strong>Contagem de baforadas<\/strong><\/td>\n<td>At\u00e9 15.000 (ambiente de teste)<\/td>\n<\/tr>\n<tr>\n<td><strong>Capacidade do E-l\u00edquido<\/strong><\/td>\n<td>25 ml<\/td>\n<\/tr>\n<tr>\n<td><strong>Pontos fortes da nicotina<\/strong><\/td>\n<td>0%, 2%, 3%, 5%<\/td>\n<\/tr>\n<tr>\n<td><strong>Bateria<\/strong><\/td>\n<td>850 mAh (recarreg\u00e1vel)<\/td>\n<\/tr>\n<tr>\n<td><strong>Porta de carregamento<\/strong><\/td>\n<td>Tipo C<\/td>\n<\/tr>\n<tr>\n<td><strong>Tipo de bobina<\/strong><\/td>\n<td>Bobina de malha<\/td>\n<\/tr>\n<tr>\n<td><strong>Resist\u00eancia da bobina<\/strong><\/td>\n<td>0.9\u03a9<\/td>\n<\/tr>\n<tr>\n<td><strong>Ecr\u00e3<\/strong><\/td>\n<td>Indicador LED (dura\u00e7\u00e3o da bateria e n\u00edvel de e-l\u00edquido)<\/td>\n<\/tr>\n<tr>\n<td><strong>Fluxo de ar<\/strong><\/td>\n<td>Bot\u00e3o de controlo do fluxo de ar ajust\u00e1vel<\/td>\n<\/tr>\n<tr>\n<td><strong>Op\u00e7\u00f5es de sabor<\/strong><\/td>\n<td>62 sabores<\/td>\n<\/tr>\n<\/tbody>\n<\/table>\n<\/div>\n<h3><strong>Sabores dispon\u00edveis<\/strong><\/h3>\n<ol start=\"1\">\n<li>\n<p class=\"ds-markdown-paragraph\">Limonada Blue Razz<\/p>\n<\/li>\n<li>\n<p class=\"ds-markdown-paragraph\">Gelo de p\u00eassego<\/p>\n<\/li>\n<li>\n<p class=\"ds-markdown-paragraph\">Ma\u00e7\u00e3 \u00e1cida<\/p>\n<\/li>\n<li>\n<p class=\"ds-markdown-paragraph\">Gelo de melancia<\/p>\n<\/li>\n<li>\n<p class=\"ds-markdown-paragraph\">Mirtilo no gelo<\/p>\n<\/li>\n<li>\n<p class=\"ds-markdown-paragraph\">Mirtilo Framboesa<\/p>\n<\/li>\n<li>\n<p class=\"ds-markdown-paragraph\">Gelo de anan\u00e1s<\/p>\n<\/li>\n<li>\n<p class=\"ds-markdown-paragraph\">Gelo de cereja<\/p>\n<\/li>\n<li>\n<p class=\"ds-markdown-paragraph\">Gelo de morango<\/p>\n<\/li>\n<li>\n<p class=\"ds-markdown-paragraph\">Vimto<\/p>\n<\/li>\n<li>\n<p class=\"ds-markdown-paragraph\">Gelo de uva<\/p>\n<\/li>\n<li>\n<p class=\"ds-markdown-paragraph\">Cola Ice<\/p>\n<\/li>\n<li>\n<p class=\"ds-markdown-paragraph\">Melancia com morango<\/p>\n<\/li>\n<li>\n<p class=\"ds-markdown-paragraph\">Limonada cor-de-rosa<\/p>\n<\/li>\n<li>\n<p class=\"ds-markdown-paragraph\">Baga mista<\/p>\n<\/li>\n<li>\n<p class=\"ds-markdown-paragraph\">P\u00eassego Manga<\/p>\n<\/li>\n<li>\n<p class=\"ds-markdown-paragraph\">Frutos do drag\u00e3o<\/p>\n<\/li>\n<li>\n<p class=\"ds-markdown-paragraph\">Morango Uva<\/p>\n<\/li>\n<li>\n<p class=\"ds-markdown-paragraph\">Sr. Blue<\/p>\n<\/li>\n<li>\n<p class=\"ds-markdown-paragraph\">Gelo exuberante<\/p>\n<\/li>\n<li>\n<p class=\"ds-markdown-paragraph\">Gelado<\/p>\n<\/li>\n<li>\n<p class=\"ds-markdown-paragraph\">Morango Kiwi<\/p>\n<\/li>\n<li>\n<p class=\"ds-markdown-paragraph\">Kiwi Maracuj\u00e1 Goiaba<\/p>\n<\/li>\n<li>\n<p class=\"ds-markdown-paragraph\">Baga tripla<\/p>\n<\/li>\n<li>\n<p class=\"ds-markdown-paragraph\">Gelo de banana<\/p>\n<\/li>\n<li>\n<p class=\"ds-markdown-paragraph\">Rebu\u00e7ados de p\u00eassego e mirtilo<\/p>\n<\/li>\n<li>\n<p class=\"ds-markdown-paragraph\">Ma\u00e7\u00e3 P\u00eassego Pera<\/p>\n<\/li>\n<li>\n<p class=\"ds-markdown-paragraph\">Limonada de bagas<\/p>\n<\/li>\n<li>\n<p class=\"ds-markdown-paragraph\">Azul Razz Cereja<\/p>\n<\/li>\n<li>\n<p class=\"ds-markdown-paragraph\">Pastilha el\u00e1stica de mirtilo<\/p>\n<\/li>\n<li>\n<p class=\"ds-markdown-paragraph\">Mirtilo Cereja Arando<\/p>\n<\/li>\n<li>\n<p class=\"ds-markdown-paragraph\">Mirtilo Rom\u00e3<\/p>\n<\/li>\n<li>\n<p class=\"ds-markdown-paragraph\">Framboesa Bluesour<\/p>\n<\/li>\n<li>\n<p class=\"ds-markdown-paragraph\">Cola de cereja<\/p>\n<\/li>\n<li>\n<p class=\"ds-markdown-paragraph\">Urso de goma<\/p>\n<\/li>\n<li>\n<p class=\"ds-markdown-paragraph\">Lim\u00e3o e lima<\/p>\n<\/li>\n<li>\n<p class=\"ds-markdown-paragraph\">Manga no gelo<\/p>\n<\/li>\n<li>\n<p class=\"ds-markdown-paragraph\">Gelo energ\u00e9tico vermelho<\/p>\n<\/li>\n<li>\n<p class=\"ds-markdown-paragraph\">Banana com morango<\/p>\n<\/li>\n<li>\n<p class=\"ds-markdown-paragraph\">Red Bull de morango<\/p>\n<\/li>\n<li>\n<p class=\"ds-markdown-paragraph\">Limonada de melancia e morango<\/p>\n<\/li>\n<li>\n<p class=\"ds-markdown-paragraph\">Ch\u00e1 gelado Gelo de lim\u00e3o<\/p>\n<\/li>\n<li>\n<p class=\"ds-markdown-paragraph\">Ch\u00e1 gelado P\u00eassego gelado<\/p>\n<\/li>\n<li>\n<p class=\"ds-markdown-paragraph\">Cereja com g\u00e1s<\/p>\n<\/li>\n<li>\n<p class=\"ds-markdown-paragraph\">Skittles<\/p>\n<\/li>\n<li>\n<p class=\"ds-markdown-paragraph\">Hortel\u00e3 fresca<\/p>\n<\/li>\n<li>\n<p class=\"ds-markdown-paragraph\">Pina Colada<\/p>\n<\/li>\n<li>\n<p class=\"ds-markdown-paragraph\">Huckleberry<\/p>\n<\/li>\n<li>\n<p class=\"ds-markdown-paragraph\">Gelo de mirtilo e p\u00eassego<\/p>\n<\/li>\n<li>\n<p class=\"ds-markdown-paragraph\">Uva Lim\u00e3o<\/p>\n<\/li>\n<li>\n<p class=\"ds-markdown-paragraph\">Fanta<\/p>\n<\/li>\n<li>\n<p class=\"ds-markdown-paragraph\">Mojito de mentol fresco<\/p>\n<\/li>\n<li>\n<p class=\"ds-markdown-paragraph\">Alo\u00e9 Bagas de lim\u00e3o<\/p>\n<\/li>\n<li>\n<p class=\"ds-markdown-paragraph\">Ma\u00e7\u00e3 Verde Citrino Mentol<\/p>\n<\/li>\n<li>\n<p class=\"ds-markdown-paragraph\">Uva verde Mel\u00e3o<\/p>\n<\/li>\n<li>\n<p class=\"ds-markdown-paragraph\">Cato Kiwi<\/p>\n<\/li>\n<li>\n<p class=\"ds-markdown-paragraph\">Cola Lim\u00e3o<\/p>\n<\/li>\n<li>\n<p class=\"ds-markdown-paragraph\">Gelo de cato<\/p>\n<\/li>\n<li>\n<p class=\"ds-markdown-paragraph\">Goma de ursinho Blue Razz<\/p>\n<\/li>\n<li>\n<p class=\"ds-markdown-paragraph\">Mojito de mentol cubano<\/p>\n<\/li>\n<li>\n<p class=\"ds-markdown-paragraph\">Pastilhas el\u00e1sticas Juicy Fruit<\/p>\n<\/li>\n<li>\n<p class=\"ds-markdown-paragraph\">Ribena Gummy Lim\u00e3o<\/p>\n<\/li>\n<\/ol>\n<p><img loading=\"lazy\" decoding=\"async\" class=\"alignnone size-full wp-image-15972\" title=\"Randm Tornado 15000 Vape Descart\u00e1vel Atacado (3)\" src=\"https:\/\/www.vape4wholesale.com\/wp-content\/uploads\/2024\/06\/Randm-Tornado-15000-Disposable-Vape-Wholesale-3.webp\" alt=\"Randm Tornado 15000 Vape Descart\u00e1vel Atacado (3)\" width=\"640\" height=\"640\" srcset=\"https:\/\/www.vape4wholesale.com\/wp-content\/uploads\/2024\/06\/Randm-Tornado-15000-Disposable-Vape-Wholesale-3.webp 640w, https:\/\/www.vape4wholesale.com\/wp-content\/uploads\/2024\/06\/Randm-Tornado-15000-Disposable-Vape-Wholesale-3-247x247.webp 247w, https:\/\/www.vape4wholesale.com\/wp-content\/uploads\/2024\/06\/Randm-Tornado-15000-Disposable-Vape-Wholesale-3-100x100.webp 100w, https:\/\/www.vape4wholesale.com\/wp-content\/uploads\/2024\/06\/Randm-Tornado-15000-Disposable-Vape-Wholesale-3-510x510.webp 510w, https:\/\/www.vape4wholesale.com\/wp-content\/uploads\/2024\/06\/Randm-Tornado-15000-Disposable-Vape-Wholesale-3-64x64.webp 64w, https:\/\/www.vape4wholesale.com\/wp-content\/uploads\/2024\/06\/Randm-Tornado-15000-Disposable-Vape-Wholesale-3-300x300.webp 300w, https:\/\/www.vape4wholesale.com\/wp-content\/uploads\/2024\/06\/Randm-Tornado-15000-Disposable-Vape-Wholesale-3-150x150.webp 150w\" sizes=\"auto, (max-width: 640px) 100vw, 640px\" \/><\/p>\n<h2>PORQU\u00ca N\u00d3S?<\/h2>\r\n<ul>\r\n<li>Fonte vape real, fi\u00e1vel e profissional.<\/li>\r\n<li>100% Garantia genu\u00edna: S\u00f3 fornecemos produtos originais e genu\u00ednos, recusamos a contrafa\u00e7\u00e3o.<\/li>\r\n<li>100% Garantia de entrega: Utilizamos o melhor m\u00e9todo de envio para garantir que recebe a encomenda 100%.<\/li>\r\n<li>Ap\u00f3s o envio, fornecer-lhe-emos o n\u00famero de acompanhamento e a etiqueta de envio e acompanharemos a mercadoria at\u00e9 que a receba.<\/li>\r\n<li>Sem problemas aduaneiros, sem direitos aduaneiros<\/li>\r\n<\/ul>","protected":false},"excerpt":{"rendered":"<p><b><span style=\"color: #00a859;\">Envio gr\u00e1tis<\/span>\u00a0Do armaz\u00e9m da Europa, tempo de entrega de 7 a 15 dias \u00fateis.<\/b><\/p>\r\n<div class=\"wsppc_div_block woocommerce_before_add_to_cart_form\">\r\n<p><strong>Desalfandegar antes da entrega e garantia de entrega 100%%<\/strong><\/p>\r\n<\/div>","protected":false},"featured_media":15977,"comment_status":"open","ping_status":"closed","template":"","meta":[],"pwb-brand":[1269],"product_cat":[938],"product_tag":[],"class_list":{"0":"post-30064","1":"product","2":"type-product","3":"status-publish","4":"has-post-thumbnail","6":"pwb-brand-fumot","7":"product_cat-europe-warehouse","8":"product_shipping_class-eu-warehouse","9":"wcpa_has_options","11":"first","12":"instock","13":"shipping-taxable","14":"purchasable","15":"product-type-variable"},"aioseo_notices":[],"brands":[{"id":1269,"name":"Fumot","slug":"fumot"}],"_links":{"self":[{"href":"https:\/\/www.vape4wholesale.com\/pt\/wp-json\/wp\/v2\/product\/30064","targetHints":{"allow":["GET"]}}],"collection":[{"href":"https:\/\/www.vape4wholesale.com\/pt\/wp-json\/wp\/v2\/product"}],"about":[{"href":"https:\/\/www.vape4wholesale.com\/pt\/wp-json\/wp\/v2\/types\/product"}],"replies":[{"embeddable":true,"href":"https:\/\/www.vape4wholesale.com\/pt\/wp-json\/wp\/v2\/comments?post=30064"}],"wp:featuredmedia":[{"embeddable":true,"href":"https:\/\/www.vape4wholesale.com\/pt\/wp-json\/wp\/v2\/media\/15977"}],"wp:attachment":[{"href":"https:\/\/www.vape4wholesale.com\/pt\/wp-json\/wp\/v2\/media?parent=30064"}],"wp:term":[{"taxonomy":"pwb-brand","embeddable":true,"href":"https:\/\/www.vape4wholesale.com\/pt\/wp-json\/wp\/v2\/pwb-brand?post=30064"},{"taxonomy":"product_cat","embeddable":true,"href":"https:\/\/www.vape4wholesale.com\/pt\/wp-json\/wp\/v2\/product_cat?post=30064"},{"taxonomy":"product_tag","embeddable":true,"href":"https:\/\/www.vape4wholesale.com\/pt\/wp-json\/wp\/v2\/product_tag?post=30064"}],"curies":[{"name":"wp","href":"https:\/\/api.w.org\/{rel}","templated":true}]}}