{"id":29175,"date":"2026-01-29T07:38:34","date_gmt":"2026-01-29T07:38:34","guid":{"rendered":"https:\/\/www.vape4wholesale.com\/?post_type=product&#038;p=29175"},"modified":"2026-04-07T17:10:19","modified_gmt":"2026-04-07T09:10:19","slug":"happ-bar-gr100k-pro-vape-descartavel-por-atacado","status":"publish","type":"product","link":"https:\/\/www.vape4wholesale.com\/pt\/product\/happ-bar-gr100k-pro-disposable-vape-wholesale","title":{"rendered":"Happ Bar GR100K Pro Venda por Atacado de Vape Descart\u00e1vel"},"content":{"rendered":"<p>O <a title=\"Bar Happ\" href=\"\/pt\/marca_do_produto\/bar-feliz\/\" target=\"_blank\" rel=\"noopener\">Bar Happ<\/a> O Vape descart\u00e1vel GR100K Pro \u00e9 a \u00faltima evolu\u00e7\u00e3o da s\u00e9rie Happ Bar GR. Integrando magistralmente os designs ic\u00f3nicos do GR30K e GR50K, o GR100K Pro leva tudo para o pr\u00f3ximo n\u00edvel com atualiza\u00e7\u00f5es significativas. Representa o auge da nossa s\u00e9rie, oferecendo uma combina\u00e7\u00e3o inigual\u00e1vel de desempenho duradouro e est\u00e9tica refinada.<\/p>\n<p>Concebido para uma longevidade e comodidade extremas, este dispositivo possui uma enorme\u00a0<strong>100.000 puff<\/strong>\u00a0conta com o apoio de um generoso\u00a0<strong>56ml<\/strong>\u00a0capacidade de e-l\u00edquido pr\u00e9-cheio e uma bateria de longa dura\u00e7\u00e3o\u00a0<strong>650mAh<\/strong>\u00a0bateria recarreg\u00e1vel. Possui um design moderno\u00a0<strong>Tipo C<\/strong>\u00a0porta de carregamento para carregamentos r\u00e1pidos e utiliza uma\u00a0<strong>1,0ohm<\/strong>\u00a0para garantir uma produ\u00e7\u00e3o de vapor consistentemente suave e saborosa. Dispon\u00edvel em\u00a0<strong>2%<\/strong>\u00a0e\u00a0<strong>5%<\/strong>\u00a0dosagens de nicotina para satisfazer as suas prefer\u00eancias.<\/p>\n<h2 class=\"ds-markdown-paragraph\"><strong>Especifica\u00e7\u00f5es da chave Vape descart\u00e1vel Happ Bar GR100K Pro<\/strong><\/h2>\n<ul>\n<li class=\"ds-markdown-paragraph\">Grande n\u00famero de baforadas: Desfruta de at\u00e9 100.000 baforadas extraordin\u00e1rias para uma satisfa\u00e7\u00e3o duradoura.<\/li>\n<li class=\"ds-markdown-paragraph\">Concentra\u00e7\u00f5es de nicotina: Dispon\u00edvel nas concentra\u00e7\u00f5es de nicotina 2% e 5% para se adequar \u00e0 sua prefer\u00eancia.<\/li>\n<li class=\"ds-markdown-paragraph\">Bateria de alta capacidade: Alimentado por uma fi\u00e1vel bateria integrada de 650mAh.<\/li>\n<li class=\"ds-markdown-paragraph\">Recarregamento c\u00f3modo: Inclui uma porta de carregamento Tipo C para um carregamento r\u00e1pido e f\u00e1cil.<\/li>\n<li class=\"ds-markdown-paragraph\">Capacidade generosa de e-l\u00edquido: Pr\u00e9-cheio com 56 ml de e-l\u00edquido de primeira qualidade.<\/li>\n<li class=\"ds-markdown-paragraph\">Resist\u00eancia \u00f3ptima da bobina: Equipado com uma bobina de malha de 1,0ohm para uma produ\u00e7\u00e3o de vapor suave, consistente e saborosa.<\/li>\n<\/ul>\n<h2><strong>Sabores dispon\u00edveis<\/strong><\/h2>\n<p>01. Gelo de coco e mel\u00e3o<br \/>\n02. Limonada cor-de-rosa<br \/>\n03. Salve Lim\u00e3o<br \/>\n04. S\u00e3o Francisco (mistura de laranja, lim\u00e3o e p\u00eassego)<br \/>\n05. Gelo de Fruta Tropical<br \/>\n06. Blue Mountain (Mistura de menta e bagas vermelhas)<br \/>\n07. Amor 66<br \/>\n08. Morango Kiwi<br \/>\n09. Gelo de melancia<br \/>\n10. Drag\u00e3o negro com gelo de morango<br \/>\n11. Melancia com morango<br \/>\n12. Sr. Blue<br \/>\n13. Salve P\u00eassego<br \/>\n14. Sonho de ver\u00e3o<br \/>\n15. Gelo de morango azul<\/p>\n<figure id=\"attachment_29169\" aria-describedby=\"caption-attachment-29169\" style=\"width: 800px\" class=\"wp-caption alignnone\"><img loading=\"lazy\" decoding=\"async\" class=\"size-full wp-image-29169\" title=\"Vape Descart\u00e1vel Happ Bar GR100K Pro para Revenda 06\" src=\"https:\/\/www.vape4wholesale.com\/wp-content\/uploads\/2026\/01\/Happ-Bar-GR100K-Pro-Disposable-Vape-Wholesale_06.webp\" alt=\"Vape Descart\u00e1vel Happ Bar GR100K Pro para Revenda 06\" width=\"800\" height=\"800\" srcset=\"https:\/\/www.vape4wholesale.com\/wp-content\/uploads\/2026\/01\/Happ-Bar-GR100K-Pro-Disposable-Vape-Wholesale_06.webp 800w, https:\/\/www.vape4wholesale.com\/wp-content\/uploads\/2026\/01\/Happ-Bar-GR100K-Pro-Disposable-Vape-Wholesale_06-300x300.webp 300w, https:\/\/www.vape4wholesale.com\/wp-content\/uploads\/2026\/01\/Happ-Bar-GR100K-Pro-Disposable-Vape-Wholesale_06-150x150.webp 150w, https:\/\/www.vape4wholesale.com\/wp-content\/uploads\/2026\/01\/Happ-Bar-GR100K-Pro-Disposable-Vape-Wholesale_06-768x768.webp 768w, https:\/\/www.vape4wholesale.com\/wp-content\/uploads\/2026\/01\/Happ-Bar-GR100K-Pro-Disposable-Vape-Wholesale_06-12x12.webp 12w, https:\/\/www.vape4wholesale.com\/wp-content\/uploads\/2026\/01\/Happ-Bar-GR100K-Pro-Disposable-Vape-Wholesale_06-247x247.webp 247w, https:\/\/www.vape4wholesale.com\/wp-content\/uploads\/2026\/01\/Happ-Bar-GR100K-Pro-Disposable-Vape-Wholesale_06-510x510.webp 510w, https:\/\/www.vape4wholesale.com\/wp-content\/uploads\/2026\/01\/Happ-Bar-GR100K-Pro-Disposable-Vape-Wholesale_06-100x100.webp 100w\" sizes=\"auto, (max-width: 800px) 100vw, 800px\" \/><figcaption id=\"caption-attachment-29169\" class=\"wp-caption-text\">Happ Bar GR100K Pro Venda por Atacado de Vape Descart\u00e1vel<\/figcaption><\/figure>\n<h2>PORQU\u00ca N\u00d3S?<\/h2>\r\n<ul>\r\n<li>Fonte vape real, fi\u00e1vel e profissional.<\/li>\r\n<li>100% Garantia genu\u00edna: S\u00f3 fornecemos produtos originais e genu\u00ednos, recusamos a contrafa\u00e7\u00e3o.<\/li>\r\n<li>100% Garantia de entrega: Utilizamos o melhor m\u00e9todo de envio para garantir que recebe a encomenda 100%.<\/li>\r\n<li>Ap\u00f3s o envio, fornecer-lhe-emos o n\u00famero de acompanhamento e a etiqueta de envio e acompanharemos a mercadoria at\u00e9 que a receba.<\/li>\r\n<li>Sem problemas aduaneiros, sem direitos aduaneiros<\/li>\r\n<\/ul>","protected":false},"excerpt":{"rendered":"<p><b><span style=\"color: #00a859;\">Envio gr\u00e1tis<\/span>\u00a0Do armaz\u00e9m da Europa, tempo de entrega de 7 a 15 dias \u00fateis.<\/b><\/p>\r\n<div class=\"wsppc_div_block woocommerce_before_add_to_cart_form\">\r\n<p><strong>Desalfandegar antes da entrega e garantia de entrega 100%%<\/strong><\/p>\r\n<\/div>","protected":false},"featured_media":29170,"comment_status":"open","ping_status":"closed","template":"","meta":[],"pwb-brand":[1267],"product_cat":[938],"product_tag":[24,1035,1203,1217,22],"class_list":{"0":"post-29175","1":"product","2":"type-product","3":"status-publish","4":"has-post-thumbnail","6":"pwb-brand-happ-bar","7":"product_cat-europe-warehouse","8":"product_tag-wholesale","9":"product_tag-happ-bar","10":"product_tag-56-0ml","11":"product_tag-100000-puffs","12":"product_tag-disposable","13":"product_shipping_class-eu-warehouse","14":"wcpa_has_options","16":"first","17":"instock","18":"shipping-taxable","19":"purchasable","20":"product-type-variable"},"aioseo_notices":[],"brands":[{"id":1267,"name":"Bar Happ","slug":"bar-feliz"}],"_links":{"self":[{"href":"https:\/\/www.vape4wholesale.com\/pt\/wp-json\/wp\/v2\/product\/29175","targetHints":{"allow":["GET"]}}],"collection":[{"href":"https:\/\/www.vape4wholesale.com\/pt\/wp-json\/wp\/v2\/product"}],"about":[{"href":"https:\/\/www.vape4wholesale.com\/pt\/wp-json\/wp\/v2\/types\/product"}],"replies":[{"embeddable":true,"href":"https:\/\/www.vape4wholesale.com\/pt\/wp-json\/wp\/v2\/comments?post=29175"}],"wp:featuredmedia":[{"embeddable":true,"href":"https:\/\/www.vape4wholesale.com\/pt\/wp-json\/wp\/v2\/media\/29170"}],"wp:attachment":[{"href":"https:\/\/www.vape4wholesale.com\/pt\/wp-json\/wp\/v2\/media?parent=29175"}],"wp:term":[{"taxonomy":"pwb-brand","embeddable":true,"href":"https:\/\/www.vape4wholesale.com\/pt\/wp-json\/wp\/v2\/pwb-brand?post=29175"},{"taxonomy":"product_cat","embeddable":true,"href":"https:\/\/www.vape4wholesale.com\/pt\/wp-json\/wp\/v2\/product_cat?post=29175"},{"taxonomy":"product_tag","embeddable":true,"href":"https:\/\/www.vape4wholesale.com\/pt\/wp-json\/wp\/v2\/product_tag?post=29175"}],"curies":[{"name":"wp","href":"https:\/\/api.w.org\/{rel}","templated":true}]}}