{"id":26299,"date":"2025-12-14T20:41:16","date_gmt":"2025-12-14T12:41:16","guid":{"rendered":"https:\/\/www.vape4wholesale.com\/?post_type=product&#038;p=26299"},"modified":"2026-04-07T11:04:33","modified_gmt":"2026-04-07T03:04:33","slug":"razz-bar-60k-vape-descartavel-por-atacado","status":"publish","type":"product","link":"https:\/\/www.vape4wholesale.com\/pt\/product\/razz-bar-60k-disposable-vape-wholesale","title":{"rendered":"Razz Bar 60K Vaporizador descart\u00e1vel por grosso"},"content":{"rendered":"<p class=\"ds-markdown-paragraph\">a <a title=\"Razz Bar\" href=\"https:\/\/www.vape4wholesale.com\/pt\/marca_do_produto\/bar-razz\/\" target=\"_blank\" rel=\"noopener\"><strong>Razz Bar<\/strong><\/a> O 60K Puffs Crystal Disposable Vape \u00e9 um dispositivo de qualidade superior concebido para marcar uma posi\u00e7\u00e3o. A sua carater\u00edstica de destaque \u00e9 um inv\u00f3lucro elegante e sem costuras, em forma de cristal, que oferece um aspeto e uma sensa\u00e7\u00e3o sofisticados, distinguindo-o dos vapes comuns. Concebido para uma resist\u00eancia excecional, proporciona umas extraordin\u00e1rias 60.000 baforadas a partir de um generoso reservat\u00f3rio de e-l\u00edquido pr\u00e9-cheio de 64 ml, garantindo um desempenho e um valor duradouros.<\/p>\n<p class=\"ds-markdown-paragraph\">Desfrute de um vapor suave e saboroso, alimentado por uma fi\u00e1vel bateria recarreg\u00e1vel de 650 mAh com um pr\u00e1tico carregamento Tipo C e uma avan\u00e7ada bobina de malha. Esta tecnologia garante uma produ\u00e7\u00e3o de sabor rica e consistente desde a primeira at\u00e9 \u00e0 \u00faltima baforada. Para satisfazer diversas prefer\u00eancias, a Razz Bar oferece uma escolha de 2% (20mg) ou 5% (50mg) de nicotina e uma extensa gama de 16 sabores meticulosamente elaborados - desde misturas frutadas populares como Blueberry Watermelon a misturas \u00fanicas como Strawberry Vanilla Coke.<\/p>\n<p class=\"ds-markdown-paragraph\">Ideal para retalhistas e distribuidores, este vape descart\u00e1vel combina um elevado desempenho com uma comercializa\u00e7\u00e3o de primeira qualidade. O corpo transparente unificado apresenta autocolantes elegantes com sabores espec\u00edficos para uma apresenta\u00e7\u00e3o sofisticada. Armazenado na UE para um envio r\u00e1pido e sem complica\u00e7\u00f5es, o Vape descart\u00e1vel Razz Bar 60K Puffs Crystal \u00e9 um produto fi\u00e1vel e de elevada procura, pronto para elevar o seu invent\u00e1rio e satisfazer uma vasta gama de paladares de clientes.<\/p>\n<h2 class=\"ds-markdown-paragraph\">Razz Bar 60K Vape Descart\u00e1vel Detalhes r\u00e1pidos<\/h2>\n<ul>\n<li class=\"ds-markdown-paragraph\">Contagem de baforadas: At\u00e9 60.000 baforadas<\/li>\n<li class=\"ds-markdown-paragraph\">Capacidade de E-l\u00edquido: 64mL de dep\u00f3sito pr\u00e9-cheio<\/li>\n<li class=\"ds-markdown-paragraph\">Bateria: 650mAh recarreg\u00e1vel (carregamento Tipo C)<\/li>\n<li class=\"ds-markdown-paragraph\">Intensidades de nicotina: op\u00e7\u00f5es 2% (20mg) e 5% (50mg)<\/li>\n<li class=\"ds-markdown-paragraph\">Tecnologia de bobina: Bobina de malha avan\u00e7ada para um sabor suave<\/li>\n<li class=\"ds-markdown-paragraph\">Design: Concha em forma de cristal de alta qualidade e sem costuras<\/li>\n<li class=\"ds-markdown-paragraph\">Gama de sabores: 16 sabores populares e \u00fanicos<\/li>\n<li class=\"ds-markdown-paragraph\">Localiza\u00e7\u00e3o do stock: Armaz\u00e9m na UE para entrega r\u00e1pida<\/li>\n<\/ul>\n<h2>Sabores dispon\u00edveis<\/h2>\n<p>1. banana com morango<\/p>\n<p>2. gelo de p\u00eassego sumarento<\/p>\n<p>3.Coco Loco<\/p>\n<p>4. mirtilo framboesa azeda<\/p>\n<p>5. algod\u00e3o doce<\/p>\n<p>6. urso de goma<\/p>\n<p>7. mirtilo melancia<\/p>\n<p>8.Lim\u00e3o P\u00eassego Maracuj\u00e1<\/p>\n<p>9.Black Ice Dragon Fruit Morango<\/p>\n<p>10. bagas mistas<\/p>\n<p>11.Love 66<\/p>\n<p>12. morango Kiwi<\/p>\n<p>13. frutos tropicais<\/p>\n<p>14.Coca-Cola de morango e baunilha<\/p>\n<p>15. lima-lim\u00e3o<\/p>\n<p>16.Sonho de ver\u00e3o<\/p>\n<figure id=\"attachment_26298\" aria-describedby=\"caption-attachment-26298\" style=\"width: 800px\" class=\"wp-caption alignnone\"><img loading=\"lazy\" decoding=\"async\" class=\"size-full wp-image-26298\" title=\"Vape descart\u00e1vel Razz Bar 60K\" src=\"https:\/\/www.vape4wholesale.com\/wp-content\/uploads\/2025\/12\/Razz-Bar-60K-Disposable-Vape.webp\" alt=\"Vape descart\u00e1vel Razz Bar 60K\" width=\"800\" height=\"1055\" srcset=\"https:\/\/www.vape4wholesale.com\/wp-content\/uploads\/2025\/12\/Razz-Bar-60K-Disposable-Vape.webp 800w, https:\/\/www.vape4wholesale.com\/wp-content\/uploads\/2025\/12\/Razz-Bar-60K-Disposable-Vape-510x673.webp 510w, https:\/\/www.vape4wholesale.com\/wp-content\/uploads\/2025\/12\/Razz-Bar-60K-Disposable-Vape-227x300.webp 227w, https:\/\/www.vape4wholesale.com\/wp-content\/uploads\/2025\/12\/Razz-Bar-60K-Disposable-Vape-776x1024.webp 776w, https:\/\/www.vape4wholesale.com\/wp-content\/uploads\/2025\/12\/Razz-Bar-60K-Disposable-Vape-768x1013.webp 768w, https:\/\/www.vape4wholesale.com\/wp-content\/uploads\/2025\/12\/Razz-Bar-60K-Disposable-Vape-9x12.webp 9w, https:\/\/www.vape4wholesale.com\/wp-content\/uploads\/2025\/12\/Razz-Bar-60K-Disposable-Vape-64x84.webp 64w\" sizes=\"auto, (max-width: 800px) 100vw, 800px\" \/><figcaption id=\"caption-attachment-26298\" class=\"wp-caption-text\">Vape descart\u00e1vel Razz Bar 60K<\/figcaption><\/figure>\n<p><img loading=\"lazy\" decoding=\"async\" class=\"size-full wp-image-26292\" title=\"Razz Bar 60K Vaporizador descart\u00e1vel por grosso 1\" src=\"https:\/\/www.vape4wholesale.com\/wp-content\/uploads\/2025\/12\/Razz-Bar-60K-Disposable-Vape-Wholesale_1.webp\" alt=\"Razz Bar 60K Vaporizador descart\u00e1vel por grosso 1\" width=\"800\" height=\"800\" srcset=\"https:\/\/www.vape4wholesale.com\/wp-content\/uploads\/2025\/12\/Razz-Bar-60K-Disposable-Vape-Wholesale_1.webp 800w, https:\/\/www.vape4wholesale.com\/wp-content\/uploads\/2025\/12\/Razz-Bar-60K-Disposable-Vape-Wholesale_1-247x247.webp 247w, https:\/\/www.vape4wholesale.com\/wp-content\/uploads\/2025\/12\/Razz-Bar-60K-Disposable-Vape-Wholesale_1-100x100.webp 100w, https:\/\/www.vape4wholesale.com\/wp-content\/uploads\/2025\/12\/Razz-Bar-60K-Disposable-Vape-Wholesale_1-510x510.webp 510w\" sizes=\"auto, (max-width: 800px) 100vw, 800px\" \/><\/p>\n<h2>PORQU\u00ca N\u00d3S?<\/h2>\r\n<ul>\r\n<li>Fonte vape real, fi\u00e1vel e profissional.<\/li>\r\n<li>100% Garantia genu\u00edna: S\u00f3 fornecemos produtos originais e genu\u00ednos, recusamos a contrafa\u00e7\u00e3o.<\/li>\r\n<li>100% Garantia de entrega: Utilizamos o melhor m\u00e9todo de envio para garantir que recebe a encomenda 100%.<\/li>\r\n<li>Ap\u00f3s o envio, fornecer-lhe-emos o n\u00famero de acompanhamento e a etiqueta de envio e acompanharemos a mercadoria at\u00e9 que a receba.<\/li>\r\n<li>Sem problemas aduaneiros, sem direitos aduaneiros<\/li>\r\n<\/ul>","protected":false},"excerpt":{"rendered":"<p><b><span style=\"color: #00a859;\">Envio gr\u00e1tis<\/span>\u00a0Do armaz\u00e9m da Europa, tempo de entrega de 7 a 15 dias \u00fateis.<\/b><\/p>\r\n<div class=\"wsppc_div_block woocommerce_before_add_to_cart_form\">\r\n<p><strong>Desalfandegar antes da entrega e garantia de entrega 100%%<\/strong><\/p>\r\n<\/div>","protected":false},"featured_media":26292,"comment_status":"open","ping_status":"closed","template":"","meta":[],"pwb-brand":[1266],"product_cat":[938],"product_tag":[22,24,1114,1209,1246],"class_list":{"0":"post-26299","1":"product","2":"type-product","3":"status-publish","4":"has-post-thumbnail","6":"pwb-brand-razz-bar","7":"product_cat-europe-warehouse","8":"product_tag-disposable","9":"product_tag-wholesale","10":"product_tag-60000-puffs","11":"product_tag-razz-bar","12":"product_tag-64-0ml","13":"product_shipping_class-eu-warehouse","14":"wcpa_has_options","16":"first","17":"instock","18":"shipping-taxable","19":"purchasable","20":"product-type-variable"},"aioseo_notices":[],"brands":[{"id":1266,"name":"Razz Bar","slug":"bar-razz"}],"_links":{"self":[{"href":"https:\/\/www.vape4wholesale.com\/pt\/wp-json\/wp\/v2\/product\/26299","targetHints":{"allow":["GET"]}}],"collection":[{"href":"https:\/\/www.vape4wholesale.com\/pt\/wp-json\/wp\/v2\/product"}],"about":[{"href":"https:\/\/www.vape4wholesale.com\/pt\/wp-json\/wp\/v2\/types\/product"}],"replies":[{"embeddable":true,"href":"https:\/\/www.vape4wholesale.com\/pt\/wp-json\/wp\/v2\/comments?post=26299"}],"wp:featuredmedia":[{"embeddable":true,"href":"https:\/\/www.vape4wholesale.com\/pt\/wp-json\/wp\/v2\/media\/26292"}],"wp:attachment":[{"href":"https:\/\/www.vape4wholesale.com\/pt\/wp-json\/wp\/v2\/media?parent=26299"}],"wp:term":[{"taxonomy":"pwb-brand","embeddable":true,"href":"https:\/\/www.vape4wholesale.com\/pt\/wp-json\/wp\/v2\/pwb-brand?post=26299"},{"taxonomy":"product_cat","embeddable":true,"href":"https:\/\/www.vape4wholesale.com\/pt\/wp-json\/wp\/v2\/product_cat?post=26299"},{"taxonomy":"product_tag","embeddable":true,"href":"https:\/\/www.vape4wholesale.com\/pt\/wp-json\/wp\/v2\/product_tag?post=26299"}],"curies":[{"name":"wp","href":"https:\/\/api.w.org\/{rel}","templated":true}]}}