{"id":25425,"date":"2025-10-24T01:05:24","date_gmt":"2025-10-23T17:05:24","guid":{"rendered":"https:\/\/www.vape4wholesale.com\/?post_type=product&#038;p=25425"},"modified":"2026-03-19T19:06:00","modified_gmt":"2026-03-19T11:06:00","slug":"vozol-star-40000-puffs-vape-descartavel-por-atacado","status":"publish","type":"product","link":"https:\/\/www.vape4wholesale.com\/pt\/product\/vozol-star-40000-puffs-disposable-vape-wholesale","title":{"rendered":"Vozol Star 40000 Puffs Vape Descart\u00e1vel Atacado"},"content":{"rendered":"<p class=\"ds-markdown-paragraph\">O <a title=\"Vozol\" href=\"\/pt\/marca_do_produto\/vozol\/\" target=\"_blank\" rel=\"noopener\"><strong>Vozol<\/strong><\/a> O Star 40000 Puffs Disposable Vape estabelece um novo padr\u00e3o de longevidade e conveni\u00eancia no mundo dos vapes descart\u00e1veis. Concebido para proporcionar uma experi\u00eancia sem precedentes, combina uma enorme capacidade de 20 ml de e-l\u00edquido pr\u00e9-cheio com uma robusta bateria integrada de 1000 mAh, garantindo-lhe at\u00e9 umas incr\u00edveis 40.000 baforadas. Escolha a intensidade perfeita com op\u00e7\u00f5es de 20mg\/ml ou 50mg\/ml de nicotina.<\/p>\n<p class=\"ds-markdown-paragraph\">A personaliza\u00e7\u00e3o est\u00e1 na ponta dos dedos com o seu inovador sistema de modo duplo. Alterne entre o modo \"Regular\" para obter tragos mais longos e suaves, ou active o modo \"Surge\" para obter nuvens maiores e mais potentes. Esta versatilidade permite-lhe personalizar a sua sess\u00e3o de vaporiza\u00e7\u00e3o de acordo com a sua disposi\u00e7\u00e3o e prefer\u00eancia, colocando-o em pleno controlo.<\/p>\n<p class=\"ds-markdown-paragraph\">Para al\u00e9m da sua pot\u00eancia, o Vozol Star tem um design sofisticado e pr\u00e1tico. O seu corpo apresenta uma textura \u00fanica em forma de rocha para um aspeto distinto e uma ader\u00eancia segura. Um visor vertical e n\u00edtido percorre o dispositivo, fornecendo leituras em tempo real dos n\u00edveis de e-l\u00edquido e de bateria. Para maior higiene e prote\u00e7\u00e3o, o dispositivo inclui uma tampa \u00e0 prova de p\u00f3 para manter a boquilha limpa quando n\u00e3o est\u00e1 a ser utilizada.<\/p>\n<h2 class=\"ds-markdown-paragraph\"><strong>Carater\u00edsticas principais do Vape descart\u00e1vel Vozol Star 40000 Puffs<\/strong><\/h2>\n<ol>\n<li class=\"ds-markdown-paragraph\">Grande n\u00famero de baforadas: Desfrute de uma experi\u00eancia de vaporiza\u00e7\u00e3o prolongada com at\u00e9 40.000 baforadas num \u00fanico dispositivo.<\/li>\n<li class=\"ds-markdown-paragraph\">Alta capacidade: Pr\u00e9-cheio com 35 ml de e-l\u00edquido e alimentado por uma fi\u00e1vel bateria de 1000mAh.<\/li>\n<li class=\"ds-markdown-paragraph\">Modos de vaporiza\u00e7\u00e3o duplos: Personalize a sua batida com dois modos distintos.\u00a0<strong>Modo normal<\/strong>: Para baforadas mais longas e suaves &amp; <strong>Modo de sobretens\u00e3o<\/strong>: Para nuvens maiores e mais intensas.<\/li>\n<li class=\"ds-markdown-paragraph\">Design exclusivo com textura de pedra: Apresenta um corpo distinto e elegante com uma textura semelhante a uma rocha para um aspeto e toque de qualidade superior.<\/li>\n<li class=\"ds-markdown-paragraph\">Ecr\u00e3 vertical a todo o comprimento: Um ecr\u00e3 elegante e orientado verticalmente percorre todo o dispositivo, fornecendo informa\u00e7\u00f5es claras e em tempo real sobre o n\u00edvel de e-l\u00edquido e a capacidade da bateria.<\/li>\n<li class=\"ds-markdown-paragraph\">Tampa higi\u00e9nica \u00e0 prova de p\u00f3: Inclui uma tampa protetora \u00fanica. Quando n\u00e3o estiver a ser utilizada, basta tapar a boquilha para a manter limpa e livre de p\u00f3 e detritos.<\/li>\n<\/ol>\n<h2><strong>Detalhes r\u00e1pidos<\/strong><\/h2>\n<ul>\n<li class=\"ds-markdown-paragraph\"><strong>Puffs:<\/strong>\u00a0At\u00e9 40000<\/li>\n<li class=\"ds-markdown-paragraph\"><strong>Capacidade de E-l\u00edquido:<\/strong> 35 ml (pr\u00e9-cheio)<\/li>\n<li class=\"ds-markdown-paragraph\"><strong>Bateria:<\/strong>\u00a01000mAh Recarreg\u00e1vel<\/li>\n<li class=\"ds-markdown-paragraph\"><strong>For\u00e7a da nicotina:<\/strong>\u00a020mg\/ml ou 50mg\/ml<\/li>\n<li class=\"ds-markdown-paragraph\"><strong>Modos:<\/strong>\u00a0Modo duplo (normal e de sobretens\u00e3o)<\/li>\n<li class=\"ds-markdown-paragraph\"><strong>Conce\u00e7\u00e3o:<\/strong>\u00a0Corpo \u00fanico com textura de rocha<\/li>\n<li class=\"ds-markdown-paragraph\"><strong>Ecr\u00e3:<\/strong>\u00a0Ecr\u00e3 vertical de E-l\u00edquido e bateria<\/li>\n<li class=\"ds-markdown-paragraph\"><strong>Carater\u00edstica:<\/strong>\u00a0Tampa higi\u00e9nica do bocal \u00e0 prova de p\u00f3<\/li>\n<\/ul>\n<h2 class=\"ds-markdown-paragraph\"><strong>Vozol Star 40000 <\/strong><strong>Sabores dispon\u00edveis<\/strong><\/h2>\n<p>1. Blue Razz Ice<br \/>\n2. Gelo de mirtilo<br \/>\n3. Menta com mirtilo<br \/>\n4. Melancia com mirtilo<br \/>\n5. Cherimoya Toranja Bagas<br \/>\n6. Cola de cereja<br \/>\n7. Gelo de uva<br \/>\n8. Gelo de manga<br \/>\n9. Manga P\u00eassego<br \/>\n10. Goma de mel\u00e3o<br \/>\n11. Gelo de mel\u00e3o<br \/>\n12. Gelo de p\u00eassego<br \/>\n13. Gelo de ma\u00e7\u00e3 azeda<br \/>\n14. Gelo de morango<br \/>\n15. Morango Kiwi<br \/>\n16. Melancia com morango<br \/>\n17. Melancia P\u00eassego<br \/>\n18. Vzbull<br \/>\n19. Pastilha el\u00e1stica de melancia<br \/>\n20. Melancia Uva Boysenberry<br \/>\n21. Gelo de melancia<br \/>\n22. P\u00eassego azedo de melancia<br \/>\n23. P\u00eassego branco Framboesa<\/p>\n<h2><strong>Detalhes da embalagem<\/strong><\/h2>\n<p>1 PC\/Caixa pequena individual<br \/>\n10 PCS\/Caixa de exposi\u00e7\u00e3o<br \/>\n200 PCS\/caixa<\/p>\n<figure id=\"attachment_25462\" aria-describedby=\"caption-attachment-25462\" style=\"width: 800px\" class=\"wp-caption alignnone\"><img loading=\"lazy\" decoding=\"async\" class=\"size-full wp-image-25462\" title=\"Vozol Star 40000 Vape descart\u00e1vel por atacado Peach Ice\" src=\"https:\/\/www.vape4wholesale.com\/wp-content\/uploads\/2025\/10\/Vozol-Star-40000-Disposable-Vape-Wholesale_Peach-Ice.webp\" alt=\"Vozol Star 40000 Vape descart\u00e1vel por atacado Peach Ice\" width=\"800\" height=\"800\" srcset=\"https:\/\/www.vape4wholesale.com\/wp-content\/uploads\/2025\/10\/Vozol-Star-40000-Disposable-Vape-Wholesale_Peach-Ice.webp 800w, https:\/\/www.vape4wholesale.com\/wp-content\/uploads\/2025\/10\/Vozol-Star-40000-Disposable-Vape-Wholesale_Peach-Ice-247x247.webp 247w, https:\/\/www.vape4wholesale.com\/wp-content\/uploads\/2025\/10\/Vozol-Star-40000-Disposable-Vape-Wholesale_Peach-Ice-100x100.webp 100w, https:\/\/www.vape4wholesale.com\/wp-content\/uploads\/2025\/10\/Vozol-Star-40000-Disposable-Vape-Wholesale_Peach-Ice-510x510.webp 510w, https:\/\/www.vape4wholesale.com\/wp-content\/uploads\/2025\/10\/Vozol-Star-40000-Disposable-Vape-Wholesale_Peach-Ice-300x300.webp 300w, https:\/\/www.vape4wholesale.com\/wp-content\/uploads\/2025\/10\/Vozol-Star-40000-Disposable-Vape-Wholesale_Peach-Ice-150x150.webp 150w, https:\/\/www.vape4wholesale.com\/wp-content\/uploads\/2025\/10\/Vozol-Star-40000-Disposable-Vape-Wholesale_Peach-Ice-768x768.webp 768w, https:\/\/www.vape4wholesale.com\/wp-content\/uploads\/2025\/10\/Vozol-Star-40000-Disposable-Vape-Wholesale_Peach-Ice-12x12.webp 12w, https:\/\/www.vape4wholesale.com\/wp-content\/uploads\/2025\/10\/Vozol-Star-40000-Disposable-Vape-Wholesale_Peach-Ice-64x64.webp 64w\" sizes=\"auto, (max-width: 800px) 100vw, 800px\" \/><figcaption id=\"caption-attachment-25462\" class=\"wp-caption-text\">Vozol Star 40000 Vape Descart\u00e1vel Atacado<\/figcaption><\/figure>\n<h2>PORQU\u00ca N\u00d3S?<\/h2>\r\n<ul>\r\n<li>Fonte vape real, fi\u00e1vel e profissional.<\/li>\r\n<li>100% Garantia genu\u00edna: S\u00f3 fornecemos produtos originais e genu\u00ednos, recusamos a contrafa\u00e7\u00e3o.<\/li>\r\n<li>100% Garantia de entrega: Utilizamos o melhor m\u00e9todo de envio para garantir que recebe a encomenda 100%.<\/li>\r\n<li>Ap\u00f3s o envio, fornecer-lhe-emos o n\u00famero de acompanhamento e a etiqueta de envio e acompanharemos a mercadoria at\u00e9 que a receba.<\/li>\r\n<li>Sem problemas aduaneiros, sem direitos aduaneiros<\/li>\r\n<\/ul>","protected":false},"excerpt":{"rendered":"<p><b><span style=\"color: #00a859;\">Free shipping<\/span>\u00a0from Europe warehouse, 7-15 working days delivery time.<\/b><\/p>\r\n<div class=\"wsppc_div_block woocommerce_before_add_to_cart_form\">\r\n<p><strong>Clear customs before delivery &amp; 100% Delivery Guarantee<\/strong><\/p>\r\n<\/div>","protected":false},"featured_media":25465,"comment_status":"open","ping_status":"closed","template":"","meta":[],"pwb-brand":[1276],"product_cat":[938],"product_tag":[1016,1137,22,24,933],"class_list":{"0":"post-25425","1":"product","2":"type-product","3":"status-publish","4":"has-post-thumbnail","6":"pwb-brand-vozol","7":"product_cat-europe-warehouse","8":"product_tag-40000-puffs","9":"product_tag-vozol","10":"product_tag-disposable","11":"product_tag-wholesale","12":"product_tag-35-0ml","13":"product_shipping_class-eu-warehouse","15":"first","16":"instock","17":"featured","18":"shipping-taxable","19":"purchasable","20":"product-type-variable"},"aioseo_notices":[],"brands":[{"id":1276,"name":"Vozol","slug":"vozol"}],"_links":{"self":[{"href":"https:\/\/www.vape4wholesale.com\/pt\/wp-json\/wp\/v2\/product\/25425","targetHints":{"allow":["GET"]}}],"collection":[{"href":"https:\/\/www.vape4wholesale.com\/pt\/wp-json\/wp\/v2\/product"}],"about":[{"href":"https:\/\/www.vape4wholesale.com\/pt\/wp-json\/wp\/v2\/types\/product"}],"replies":[{"embeddable":true,"href":"https:\/\/www.vape4wholesale.com\/pt\/wp-json\/wp\/v2\/comments?post=25425"}],"wp:featuredmedia":[{"embeddable":true,"href":"https:\/\/www.vape4wholesale.com\/pt\/wp-json\/wp\/v2\/media\/25465"}],"wp:attachment":[{"href":"https:\/\/www.vape4wholesale.com\/pt\/wp-json\/wp\/v2\/media?parent=25425"}],"wp:term":[{"taxonomy":"pwb-brand","embeddable":true,"href":"https:\/\/www.vape4wholesale.com\/pt\/wp-json\/wp\/v2\/pwb-brand?post=25425"},{"taxonomy":"product_cat","embeddable":true,"href":"https:\/\/www.vape4wholesale.com\/pt\/wp-json\/wp\/v2\/product_cat?post=25425"},{"taxonomy":"product_tag","embeddable":true,"href":"https:\/\/www.vape4wholesale.com\/pt\/wp-json\/wp\/v2\/product_tag?post=25425"}],"curies":[{"name":"wp","href":"https:\/\/api.w.org\/{rel}","templated":true}]}}