{"id":25392,"date":"2025-10-23T12:09:24","date_gmt":"2025-10-23T04:09:24","guid":{"rendered":"https:\/\/www.vape4wholesale.com\/?post_type=product&#038;p=25392"},"modified":"2026-03-15T22:37:40","modified_gmt":"2026-03-15T14:37:40","slug":"uwin-randm-tornado-beat-35k-vape-descartavel","status":"publish","type":"product","link":"https:\/\/www.vape4wholesale.com\/pt\/product\/uwin-randm-tornado-beat-35k-disposable-vape","title":{"rendered":"Uwin RandM Tornado Beat 35K Vape descart\u00e1vel"},"content":{"rendered":"<p class=\"ds-markdown-paragraph\">O <a title=\"UWIN\" href=\"https:\/\/www.vape4wholesale.com\/pt\/marca_do_produto\/uwin\/\" target=\"_blank\" rel=\"noopener\"><strong>Uwin<\/strong><\/a> O RandM Tornado Beat 35K Disposable Vape leva a sua experi\u00eancia de vaporiza\u00e7\u00e3o para o pr\u00f3ximo n\u00edvel, sincronizando perfeitamente as suas vibrantes luzes RGB com o ritmo da sua m\u00fasica. Gra\u00e7as a um sensor inteligente na parte inferior, transforma-se num espet\u00e1culo de luzes din\u00e2mico, tornando-o o acess\u00f3rio perfeito para festas, clubes e qualquer reuni\u00e3o nocturna onde se pretenda criar uma atmosfera inesquec\u00edvel.<\/p>\n<p class=\"ds-markdown-paragraph\">Para al\u00e9m da sua carater\u00edstica de luz \u00fanica, o Tornado Beat 35K foi concebido para um desempenho e longevidade excepcionais. Fornece 35.000 baforadas, alimentado por uma fi\u00e1vel bateria recarreg\u00e1vel de 850mAh com uma pr\u00e1tica porta Tipo C. A avan\u00e7ada bobina de malha garante-lhe um sabor rico e nuvens de vapor densas em cada utiliza\u00e7\u00e3o. Escolha entre 16 deliciosos sabores e personalize a sua ingest\u00e3o de nicotina com op\u00e7\u00f5es de 0%, 2%, 3% ou 5% para se adequar perfeitamente \u00e0 sua prefer\u00eancia.<\/p>\n<h2><strong>Uwin RandM Tornado Beat 35K Carater\u00edsticas principais<\/strong><\/h2>\n<ul>\n<li>\n<p class=\"ds-markdown-paragraph\"><strong>Ilumina\u00e7\u00e3o RGB Beat-Sync:<\/strong>\u00a0O sensor de fundo integrado detecta m\u00fasica e faz com que as vibrantes luzes RGB pisquem ao ritmo da m\u00fasica, transformando o seu vape num espet\u00e1culo de luzes din\u00e2mico.<\/p>\n<\/li>\n<li>\n<p class=\"ds-markdown-paragraph\"><strong>Contagem maci\u00e7a de puffs:<\/strong>\u00a0Desfrute de uma experi\u00eancia de vaporiza\u00e7\u00e3o prolongada com umas incr\u00edveis 35.000 baforadas por dispositivo.<\/p>\n<\/li>\n<li>\n<p class=\"ds-markdown-paragraph\"><strong>Perfeito para a vida nocturna:<\/strong>\u00a0Especificamente concebido para melhorar a sua experi\u00eancia de festa. Ideal para noites em bares, discotecas ou reuni\u00f5es com amigos.<\/p>\n<\/li>\n<li>\n<p class=\"ds-markdown-paragraph\"><strong>\ud83d\udd0b Recarreg\u00e1vel e de longa dura\u00e7\u00e3o:<\/strong>\u00a0Equipado com uma bateria de 850mAh e uma pr\u00e1tica porta Tipo C para recarga r\u00e1pida, garante que o seu dispositivo dura as noites mais longas.<\/p>\n<\/li>\n<li>\n<p class=\"ds-markdown-paragraph\"><strong>\ud83c\udf6c 12 sabores deliciosos:<\/strong>\u00a0Um vasto espetro de sabores \u00e0 escolha, para satisfazer todos os paladares.<\/p>\n<\/li>\n<li>\n<p class=\"ds-markdown-paragraph\"><strong>\u2601\ufe0f Bobina de malha superior:<\/strong>\u00a0A tecnologia avan\u00e7ada da bobina de malha proporciona um sabor mais rico e nuvens de vapor mais densas em cada tragada.<\/p>\n<\/li>\n<li>\n<p class=\"ds-markdown-paragraph\"><strong>M\u00faltiplas op\u00e7\u00f5es de nicotina:<\/strong>\u00a0Dispon\u00edvel nas op\u00e7\u00f5es de nicotina 0%, 2%, 3% e 5% para se adequar \u00e0 sua prefer\u00eancia.<\/p>\n<\/li>\n<\/ul>\n<h2><strong>Especifica\u00e7\u00f5es r\u00e1pidas do produto<\/strong><\/h2>\n<ol>\n<li class=\"ds-markdown-paragraph\">Puffs: Aproximadamente 35.000<\/li>\n<li class=\"ds-markdown-paragraph\">Bateria: Bateria de cobalto recarreg\u00e1vel de 850mAh<\/li>\n<li class=\"ds-markdown-paragraph\">Porta de carregamento: Tipo C<\/li>\n<li class=\"ds-markdown-paragraph\">Bobina: Bobina de malha<\/li>\n<li class=\"ds-markdown-paragraph\">Pontos fortes da nicotina: 0%, 2%, 3%, 5%<\/li>\n<li class=\"ds-markdown-paragraph\">Sabores dispon\u00edveis: 12<\/li>\n<li class=\"ds-markdown-paragraph\">Ilumina\u00e7\u00e3o: Luzes RGB com sensor de batida de m\u00fasica<\/li>\n<\/ol>\n<h2><strong>Uwin RandM Tornado Beat 35K Sabores dispon\u00edveis<\/strong><\/h2>\n<p>1. mirtilo Framboesa<br \/>\n2. melancia com morango<br \/>\n3. mirtilo no gelo<br \/>\n4. gelo de melancia<br \/>\n5. gelo de p\u00eassego de ver\u00e3o<br \/>\n6. gelo de cereja<br \/>\n7. gelo de morango, framboesa e cereja<br \/>\n8.Kiwi Maracuj\u00e1 Goiaba<br \/>\n9. gelo de morango<br \/>\n10. cola de cereja<br \/>\n11. bagas mistas<br \/>\n12.Mr Blue<\/p>\n<h2 class=\"ds-markdown-paragraph\"><strong>Detalhes da embalagem<\/strong><\/h2>\n<p class=\"ds-markdown-paragraph\">1 pe\u00e7a\/caixa individual<br \/>\n10 unidades\/caixa de exposi\u00e7\u00e3o<br \/>\nPe\u00e7as por caixa: 160 pe\u00e7as<br \/>\nPeso da caixa: 20 kg<br \/>\nTamanho da caixa: 41,2 x 33,2 x 32,5 cm<\/p>\n<figure id=\"attachment_25405\" aria-describedby=\"caption-attachment-25405\" style=\"width: 1000px\" class=\"wp-caption alignnone\"><img loading=\"lazy\" decoding=\"async\" class=\"size-full wp-image-25405\" title=\"O Tornado Uwin RandM venceu o Blueberry 35K no gelo\" src=\"https:\/\/www.vape4wholesale.com\/wp-content\/uploads\/2025\/10\/Uwin-RandM-Tornado-Beat-35K_Blueberry-On-Ice.webp\" alt=\"O Tornado Uwin RandM venceu o Blueberry 35K no gelo\" width=\"1000\" height=\"1000\" srcset=\"https:\/\/www.vape4wholesale.com\/wp-content\/uploads\/2025\/10\/Uwin-RandM-Tornado-Beat-35K_Blueberry-On-Ice.webp 1000w, https:\/\/www.vape4wholesale.com\/wp-content\/uploads\/2025\/10\/Uwin-RandM-Tornado-Beat-35K_Blueberry-On-Ice-247x247.webp 247w, https:\/\/www.vape4wholesale.com\/wp-content\/uploads\/2025\/10\/Uwin-RandM-Tornado-Beat-35K_Blueberry-On-Ice-100x100.webp 100w, https:\/\/www.vape4wholesale.com\/wp-content\/uploads\/2025\/10\/Uwin-RandM-Tornado-Beat-35K_Blueberry-On-Ice-510x510.webp 510w, https:\/\/www.vape4wholesale.com\/wp-content\/uploads\/2025\/10\/Uwin-RandM-Tornado-Beat-35K_Blueberry-On-Ice-300x300.webp 300w, https:\/\/www.vape4wholesale.com\/wp-content\/uploads\/2025\/10\/Uwin-RandM-Tornado-Beat-35K_Blueberry-On-Ice-150x150.webp 150w, https:\/\/www.vape4wholesale.com\/wp-content\/uploads\/2025\/10\/Uwin-RandM-Tornado-Beat-35K_Blueberry-On-Ice-768x768.webp 768w, https:\/\/www.vape4wholesale.com\/wp-content\/uploads\/2025\/10\/Uwin-RandM-Tornado-Beat-35K_Blueberry-On-Ice-12x12.webp 12w, https:\/\/www.vape4wholesale.com\/wp-content\/uploads\/2025\/10\/Uwin-RandM-Tornado-Beat-35K_Blueberry-On-Ice-64x64.webp 64w\" sizes=\"auto, (max-width: 1000px) 100vw, 1000px\" \/><figcaption id=\"caption-attachment-25405\" class=\"wp-caption-text\">Uwin RandM Tornado Beat 35K Vape descart\u00e1vel<\/figcaption><\/figure>\n<h2>PORQU\u00ca N\u00d3S?<\/h2>\r\n<ul>\r\n<li>Fonte vape real, fi\u00e1vel e profissional.<\/li>\r\n<li>100% Garantia genu\u00edna: S\u00f3 fornecemos produtos originais e genu\u00ednos, recusamos a contrafa\u00e7\u00e3o.<\/li>\r\n<li>100% Garantia de entrega: Utilizamos o melhor m\u00e9todo de envio para garantir que recebe a encomenda 100%.<\/li>\r\n<li>Ap\u00f3s o envio, fornecer-lhe-emos o n\u00famero de acompanhamento e a etiqueta de envio e acompanharemos a mercadoria at\u00e9 que a receba.<\/li>\r\n<li>Sem problemas aduaneiros, sem direitos aduaneiros<\/li>\r\n<\/ul>","protected":false},"excerpt":{"rendered":"<div class=\"wsppc_div_block woocommerce_before_add_to_cart_form\">\r\n<p><strong><span style=\"color: #00a859;\">Passar na alf\u00e2ndega<\/span> antes da entrega e% Garantia de Entrega de 100 dias, Entrega em cerca de 19 a 25 dias.\u00a0<\/strong><\/p>\r\n<\/div>","protected":false},"featured_media":25417,"comment_status":"open","ping_status":"closed","template":"","meta":[],"pwb-brand":[1274],"product_cat":[873],"product_tag":[22,24,692,936,1023],"class_list":{"0":"post-25392","1":"product","2":"type-product","3":"status-publish","4":"has-post-thumbnail","6":"pwb-brand-uwin","7":"product_cat-above-20k-puffs","8":"product_tag-disposable","9":"product_tag-wholesale","10":"product_tag-25-0ml","11":"product_tag-uwin","12":"product_tag-35000-puffs","13":"wcpa_has_options","15":"first","16":"instock","17":"featured","18":"shipping-taxable","19":"purchasable","20":"product-type-variable"},"aioseo_notices":[],"brands":[{"id":1274,"name":"Uwin","slug":"uwin"}],"_links":{"self":[{"href":"https:\/\/www.vape4wholesale.com\/pt\/wp-json\/wp\/v2\/product\/25392","targetHints":{"allow":["GET"]}}],"collection":[{"href":"https:\/\/www.vape4wholesale.com\/pt\/wp-json\/wp\/v2\/product"}],"about":[{"href":"https:\/\/www.vape4wholesale.com\/pt\/wp-json\/wp\/v2\/types\/product"}],"replies":[{"embeddable":true,"href":"https:\/\/www.vape4wholesale.com\/pt\/wp-json\/wp\/v2\/comments?post=25392"}],"wp:featuredmedia":[{"embeddable":true,"href":"https:\/\/www.vape4wholesale.com\/pt\/wp-json\/wp\/v2\/media\/25417"}],"wp:attachment":[{"href":"https:\/\/www.vape4wholesale.com\/pt\/wp-json\/wp\/v2\/media?parent=25392"}],"wp:term":[{"taxonomy":"pwb-brand","embeddable":true,"href":"https:\/\/www.vape4wholesale.com\/pt\/wp-json\/wp\/v2\/pwb-brand?post=25392"},{"taxonomy":"product_cat","embeddable":true,"href":"https:\/\/www.vape4wholesale.com\/pt\/wp-json\/wp\/v2\/product_cat?post=25392"},{"taxonomy":"product_tag","embeddable":true,"href":"https:\/\/www.vape4wholesale.com\/pt\/wp-json\/wp\/v2\/product_tag?post=25392"}],"curies":[{"name":"wp","href":"https:\/\/api.w.org\/{rel}","templated":true}]}}