{"id":25378,"date":"2025-10-23T11:13:34","date_gmt":"2025-10-23T03:13:34","guid":{"rendered":"https:\/\/www.vape4wholesale.com\/?post_type=product&#038;p=25378"},"modified":"2026-03-15T22:36:59","modified_gmt":"2026-03-15T14:36:59","slug":"uwin-3in1-tornado-60k-vape-descartavel-por-atacado","status":"publish","type":"product","link":"https:\/\/www.vape4wholesale.com\/pt\/product\/uwin-3in1-tornado-60k-disposable-vape-wholesale","title":{"rendered":"Uwin 3in1 Tornado 60K Vape Descart\u00e1vel Atacado"},"content":{"rendered":"<p class=\"ds-markdown-paragraph\">O <a title=\"UWIN\" href=\"https:\/\/www.vape4wholesale.com\/pt\/marca_do_produto\/uwin\/\" target=\"_blank\" rel=\"noopener\"><strong>Uwin<\/strong> <\/a>Vape descart\u00e1vel 3in1 Tornado 60K concebido para um desempenho e estilo sem precedentes. Este potente vaporizador foi concebido para proporcionar umas espantosas 60.000 baforadas, garantindo uma satisfa\u00e7\u00e3o duradoura. Al\u00e9m disso, a sua carater\u00edstica de destaque \u00e9 o inovador sistema de triplo sabor, que lhe permite desfrutar de tr\u00eas perfis de sabor distintos num \u00fanico e elegante dispositivo. A est\u00e9tica arrojada, caracterizada pelo seu corpo transparente que revela um majestoso emblema de le\u00e3o por baixo da concha, complementa na perfei\u00e7\u00e3o as suas poderosas capacidades, tornando-o uma escolha visualmente marcante para qualquer vaper.<\/p>\n<p class=\"ds-markdown-paragraph\">Passando do seu impressionante exterior para a sua engenharia interna, o Uwin Tornado 60K foi constru\u00eddo tendo em mente a conveni\u00eancia do utilizador e um desempenho superior. Est\u00e1 equipado com uma avan\u00e7ada bobina de malha que produz consistentemente um sabor mais rico e nuvens de vapor mais densas desde a primeira at\u00e9 \u00e0 \u00faltima baforada. Al\u00e9m disso, a bateria recarreg\u00e1vel integrada de 650mAh, com uma moderna porta Tipo C, garante que nunca fica sem energia inesperadamente. Para aumentar o controlo e a conveni\u00eancia, um ecr\u00e3 LCD inteligente apresenta claramente os n\u00edveis de e-l\u00edquido e de bateria restantes, eliminando assim qualquer adivinha\u00e7\u00e3o e assegurando uma viagem de vaporiza\u00e7\u00e3o sem problemas.<\/p>\n<p class=\"ds-markdown-paragraph\">Em \u00faltima an\u00e1lise, o Uwin 3in1 Tornado 60K combina com sucesso uma enorme capacidade, op\u00e7\u00f5es de sabor vers\u00e1teis e tecnologia robusta num \u00fanico pacote formid\u00e1vel. Com uma escolha de pot\u00eancias de nicotina que v\u00e3o de 0% a 5%, \u00e9 ideal tanto para os utilizadores casuais como para os que procuram uma dose mais potente. Assim, ao oferecer um valor excecional, um design deslumbrante e uma longevidade inigual\u00e1vel, este dispositivo estabelece-se como a principal escolha para os vapers que procuram dominar a sua rotina sem compromissos.<\/p>\n<h2><strong>Carater\u00edsticas principais do Uwin 3in1 Tornado 60K<\/strong><\/h2>\n<ol>\n<li>3 sabores num s\u00f3 aparelho: Triplica o teu prazer! Cada dispositivo vem pr\u00e9-carregado com tr\u00eas sabores diferentes de e-l\u00edquido, oferecendo variedade e uma experi\u00eancia de vaporiza\u00e7\u00e3o \u00fanica sem necessidade de trocar de dispositivo.<\/li>\n<li>Design transparente espetacular: Mostre o funcionamento interno com um corpo transparente. O impressionante gr\u00e1fico de le\u00e3o por baixo do inv\u00f3lucro transparente faz uma afirma\u00e7\u00e3o de estilo poderosa.<\/li>\n<li>Enorme 60.000 baforadas: Concebido para uma longevidade extrema, garantindo que as suas sess\u00f5es de vaporiza\u00e7\u00e3o duram mais do que nunca.<\/li>\n<li>Bateria recarreg\u00e1vel de 650mAh: Equipado com uma fi\u00e1vel bateria de Cobalto e uma pr\u00e1tica porta Tipo C para um recarregamento r\u00e1pido e f\u00e1cil. Nunca fique sem energia a meio da sess\u00e3o.<\/li>\n<li>Tecnologia avan\u00e7ada de bobina de malha: A nossa bobina de malha proporciona um aquecimento mais r\u00e1pido, um sabor mais rico e nuvens de vapor mais densas para uma experi\u00eancia de sabor superior.<\/li>\n<li>Ecr\u00e3 LCD inteligente: O ecr\u00e3 digital integrado permite-lhe controlar rapidamente o n\u00edvel de e-l\u00edquido e a carga da bateria.<\/li>\n<li>M\u00faltiplas op\u00e7\u00f5es de nicotina: Escolha entre uma gama de n\u00edveis de nicotina de acordo com a sua prefer\u00eancia: 0%, 2%, 3% ou 5%.<\/li>\n<\/ol>\n<p>&nbsp;<\/p>\n<h2><strong>Especifica\u00e7\u00f5es r\u00e1pidas do produto<\/strong><\/h2>\n<ul>\n<li>Puffs: Aproximadamente 60.000<\/li>\n<li>Bateria: Bateria de cobalto recarreg\u00e1vel de 650mAh (carregamento tipo C)<\/li>\n<li>Bobina: Bobina de malha<\/li>\n<li>Ecr\u00e3: LCD para E-l\u00edquido e indicador de pot\u00eancia<\/li>\n<li>Intensidade da nicotina: 0%, 2%, 3%, 5% (selecionar no menu pendente)<\/li>\n<li>Tamanho do produto: 47 x 47 x 116 mm<\/li>\n<li>Op\u00e7\u00f5es de sabores: 12 combina\u00e7\u00f5es \u00fanicas de sabores triplos dispon\u00edveis.<\/li>\n<\/ul>\n<p>&nbsp;<\/p>\n<h2><strong>Uwin 3in1 Tornado 60K Sabores dispon\u00edveis<\/strong><\/h2>\n<p>1# Cereja Ice \/ Morango Red Bull \/ Mirtilo Framboesa<br \/>\n2# Sorvete de mirtilo \/ Melancia com morango \/ Sorvete de cereja com morango e framboesa\/<br \/>\n3# Limonada cor-de-rosa \/ Gelo de baunilha \/ Rebu\u00e7ado de morango e framboesa<br \/>\n4# Morango Kiwi \/ Love 66 \/ Blue Razz Ice<br \/>\n5# Lima-lim\u00e3o \/ Morango-banana \/ Frutos mistos<br \/>\n6# Melancia Ice \/ Cola Ice \/ Mr Blue<br \/>\n7# P\u00eassego Ice ver\u00e3o \/ Mirtilo Framboesa \/ Morango Red Bull<br \/>\n8# Kiwi Maracuj\u00e1 Goiaba \/ P\u00eassego Manga \/ Framboesa Melancia<br \/>\n9# Red Bull \/ Cereja gelada \/ Lima-lim\u00e3o<br \/>\n10# Gelo de morango \/ Gelo de p\u00eassego de ver\u00e3o \/ Gelo de uva<br \/>\n11# Bagas mistas \/ Frutos do drag\u00e3o Gelo Morango \/ Melancia Pastilha el\u00e1stica<br \/>\n12# Cherry Cola \/ Strawberry Vanilla Cola \/ Grape Berry<\/p>\n<h2><strong>Detalhes da embalagem<\/strong><\/h2>\n<ul>\n<li>Unidade: 1 x Dispositivo Uwin 3in1 Tornado 60K<\/li>\n<li>Caixa: 10 dispositivos por caixa<\/li>\n<li>Caixa de cart\u00e3o: 160 dispositivos por caixa de cart\u00e3o (16 caixas)<\/li>\n<li>Peso da caixa: 21,5 kg<\/li>\n<\/ul>\n<figure id=\"attachment_25371\" aria-describedby=\"caption-attachment-25371\" style=\"width: 1000px\" class=\"wp-caption alignnone\"><img loading=\"lazy\" decoding=\"async\" class=\"wp-image-25371 size-full\" title=\"Uwin Uwin 3in1 Tornado 60K Triple Disposable Vape\" src=\"https:\/\/www.vape4wholesale.com\/wp-content\/uploads\/2025\/10\/Uwin-Tornado-Triple-60K-Disposable-Vape_6.webp\" alt=\"Uwin Uwin 3in1 Tornado 60K Triple Disposable Vape\" width=\"1000\" height=\"1000\" srcset=\"https:\/\/www.vape4wholesale.com\/wp-content\/uploads\/2025\/10\/Uwin-Tornado-Triple-60K-Disposable-Vape_6.webp 1000w, https:\/\/www.vape4wholesale.com\/wp-content\/uploads\/2025\/10\/Uwin-Tornado-Triple-60K-Disposable-Vape_6-247x247.webp 247w, https:\/\/www.vape4wholesale.com\/wp-content\/uploads\/2025\/10\/Uwin-Tornado-Triple-60K-Disposable-Vape_6-100x100.webp 100w, https:\/\/www.vape4wholesale.com\/wp-content\/uploads\/2025\/10\/Uwin-Tornado-Triple-60K-Disposable-Vape_6-510x510.webp 510w, https:\/\/www.vape4wholesale.com\/wp-content\/uploads\/2025\/10\/Uwin-Tornado-Triple-60K-Disposable-Vape_6-300x300.webp 300w, https:\/\/www.vape4wholesale.com\/wp-content\/uploads\/2025\/10\/Uwin-Tornado-Triple-60K-Disposable-Vape_6-150x150.webp 150w, https:\/\/www.vape4wholesale.com\/wp-content\/uploads\/2025\/10\/Uwin-Tornado-Triple-60K-Disposable-Vape_6-768x768.webp 768w, https:\/\/www.vape4wholesale.com\/wp-content\/uploads\/2025\/10\/Uwin-Tornado-Triple-60K-Disposable-Vape_6-12x12.webp 12w, https:\/\/www.vape4wholesale.com\/wp-content\/uploads\/2025\/10\/Uwin-Tornado-Triple-60K-Disposable-Vape_6-64x64.webp 64w\" sizes=\"auto, (max-width: 1000px) 100vw, 1000px\" \/><figcaption id=\"caption-attachment-25371\" class=\"wp-caption-text\">Uwin Tornado Triple 60K Vape Descart\u00e1vel Atacado<\/figcaption><\/figure>\n<h2>PORQU\u00ca N\u00d3S?<\/h2>\r\n<ul>\r\n<li>Fonte vape real, fi\u00e1vel e profissional.<\/li>\r\n<li>100% Garantia genu\u00edna: S\u00f3 fornecemos produtos originais e genu\u00ednos, recusamos a contrafa\u00e7\u00e3o.<\/li>\r\n<li>100% Garantia de entrega: Utilizamos o melhor m\u00e9todo de envio para garantir que recebe a encomenda 100%.<\/li>\r\n<li>Ap\u00f3s o envio, fornecer-lhe-emos o n\u00famero de acompanhamento e a etiqueta de envio e acompanharemos a mercadoria at\u00e9 que a receba.<\/li>\r\n<li>Sem problemas aduaneiros, sem direitos aduaneiros<\/li>\r\n<\/ul>","protected":false},"excerpt":{"rendered":"<div class=\"wsppc_div_block woocommerce_before_add_to_cart_form\">\r\n<p><strong><span style=\"color: #00a859;\">Clear customs<\/span> before delivery &amp; 100% Delivery Guarantee, Delivery in 19~25 days around.\u00a0<\/strong><\/p>\r\n<\/div>","protected":false},"featured_media":25371,"comment_status":"open","ping_status":"closed","template":"","meta":[],"pwb-brand":[1274],"product_cat":[873],"product_tag":[1081,1114,22,24,936],"class_list":{"0":"post-25378","1":"product","2":"type-product","3":"status-publish","4":"has-post-thumbnail","6":"pwb-brand-uwin","7":"product_cat-above-20k-puffs","8":"product_tag-50-0ml","9":"product_tag-60000-puffs","10":"product_tag-disposable","11":"product_tag-wholesale","12":"product_tag-uwin","13":"wcpa_has_options","15":"first","16":"instock","17":"featured","18":"shipping-taxable","19":"purchasable","20":"product-type-variable"},"aioseo_notices":[],"brands":[{"id":1274,"name":"Uwin","slug":"uwin"}],"_links":{"self":[{"href":"https:\/\/www.vape4wholesale.com\/pt\/wp-json\/wp\/v2\/product\/25378","targetHints":{"allow":["GET"]}}],"collection":[{"href":"https:\/\/www.vape4wholesale.com\/pt\/wp-json\/wp\/v2\/product"}],"about":[{"href":"https:\/\/www.vape4wholesale.com\/pt\/wp-json\/wp\/v2\/types\/product"}],"replies":[{"embeddable":true,"href":"https:\/\/www.vape4wholesale.com\/pt\/wp-json\/wp\/v2\/comments?post=25378"}],"wp:featuredmedia":[{"embeddable":true,"href":"https:\/\/www.vape4wholesale.com\/pt\/wp-json\/wp\/v2\/media\/25371"}],"wp:attachment":[{"href":"https:\/\/www.vape4wholesale.com\/pt\/wp-json\/wp\/v2\/media?parent=25378"}],"wp:term":[{"taxonomy":"pwb-brand","embeddable":true,"href":"https:\/\/www.vape4wholesale.com\/pt\/wp-json\/wp\/v2\/pwb-brand?post=25378"},{"taxonomy":"product_cat","embeddable":true,"href":"https:\/\/www.vape4wholesale.com\/pt\/wp-json\/wp\/v2\/product_cat?post=25378"},{"taxonomy":"product_tag","embeddable":true,"href":"https:\/\/www.vape4wholesale.com\/pt\/wp-json\/wp\/v2\/product_tag?post=25378"}],"curies":[{"name":"wp","href":"https:\/\/api.w.org\/{rel}","templated":true}]}}