{"id":25326,"date":"2025-10-22T21:57:30","date_gmt":"2025-10-22T13:57:30","guid":{"rendered":"https:\/\/www.vape4wholesale.com\/?post_type=product&#038;p=25326"},"modified":"2026-01-26T13:38:15","modified_gmt":"2026-01-26T13:38:15","slug":"fihp-multi-120k-6in1-vape-descartavel-por-atacado","status":"publish","type":"product","link":"https:\/\/www.vape4wholesale.com\/pt\/product\/fihp-multi-120k-6in1-disposable-vape-wholesale","title":{"rendered":"FIHP MULTI 120K 6em1 Vape descart\u00e1vel Atacado"},"content":{"rendered":"<p class=\"ds-markdown-paragraph\">O <a title=\"FIHP\" href=\"https:\/\/www.vape4wholesale.com\/pt\/marca_do_produto\/fihp\/\" target=\"_blank\" rel=\"noopener\"><strong>FIHP<\/strong> <\/a>O MULTI 120K 6in1 Disposable Vape redefine a conveni\u00eancia e a variedade, oferecendo uma experi\u00eancia revolucion\u00e1ria de vaporiza\u00e7\u00e3o seis-em-um num \u00fanico dispositivo. No centro da sua inova\u00e7\u00e3o est\u00e1 um design simples mas engenhoso: um bocal superior rotativo que permite alternar facilmente entre seis sabores distintos. Cada sabor est\u00e1 alojado na sua pr\u00f3pria c\u00e1psula de e-l\u00edquido independente, o que faz deste um verdadeiro dispositivo multi-sabores e a escolha perfeita para o vaporizador exigente que nunca se quer contentar com apenas um sabor.<\/p>\n<p class=\"ds-markdown-paragraph\">Concebido para um desempenho e longevidade superiores, este potente dispositivo proporciona umas impressionantes 120.000 baforadas, alimentado por uma bobina de malha dupla de 0,9ohm que garante um sabor rico e uma produ\u00e7\u00e3o de vapor consistentemente densa. \u00c9 enchido com 64 ml de e-l\u00edquido de alta qualidade, dispon\u00edvel em concentra\u00e7\u00f5es de nicotina 2% ou 5% para se adequar \u00e0 sua prefer\u00eancia. A bateria recarreg\u00e1vel integrada de 650mAh, suportada por uma moderna porta de carregamento Tipo C, garante que o seu dispositivo est\u00e1 sempre pronto a ser utilizado, enquanto o visor LED inteligente o mant\u00e9m convenientemente informado dos n\u00edveis da bateria e do e-l\u00edquido.<\/p>\n<h2 class=\"ds-markdown-paragraph\"><strong>Carater\u00edsticas principais do FIHP MULTI 120K 6in1<\/strong><\/h2>\n<ul>\n<li>Sistema revolucion\u00e1rio 6 em 1: A principal inova\u00e7\u00e3o do FIHP MULTI 120K. Possui seis c\u00e1psulas de e-l\u00edquido independentes dentro do dispositivo. Para alternar sem esfor\u00e7o entre os seus sabores favoritos, basta rodar o bocal superior. Este \u00e9 um verdadeiro dispositivo multi-sabor, n\u00e3o apenas um e-l\u00edquido misturado.<\/li>\n<li>Grande n\u00famero de baforadas: Desfrute de uma experi\u00eancia de vaporiza\u00e7\u00e3o prolongada com umas impressionantes 120.000 baforadas num \u00fanico dispositivo.<\/li>\n<li>Bobina de malha dupla e e-l\u00edquido de alta qualidade: Alimentado por uma avan\u00e7ada bobina de malha dupla de 0,9ohm que garante um sabor rico e uma produ\u00e7\u00e3o de vapor densa a partir dos 64ml de e-l\u00edquido de alta qualidade.<\/li>\n<li>Bateria recarreg\u00e1vel de 650mAh: Suportada por uma porta de carregamento Tipo C fi\u00e1vel para um recarregamento r\u00e1pido e pr\u00e1tico.<\/li>\n<li>Ecr\u00e3 LED inteligente: Monitoriza a dura\u00e7\u00e3o da bateria e o n\u00edvel de e-l\u00edquido num relance para um vape sem preocupa\u00e7\u00f5es.<\/li>\n<li>M\u00faltiplas pot\u00eancias de nicotina: Dispon\u00edvel nas op\u00e7\u00f5es de nicotina 2% (20mg) e 5% (50mg) para se adequar \u00e0 sua prefer\u00eancia.<\/li>\n<\/ul>\n<h2 class=\"ds-markdown-paragraph\"><strong>Especifica\u00e7\u00f5es r\u00e1pidas<\/strong><\/h2>\n<ul>\n<li>Apoiar Puffs: 120.000<\/li>\n<li>Sabores: 6 em 1 Sabores M\u00faltiplos (atrav\u00e9s do bocal rotativo)<\/li>\n<li>Bobina: Malha dupla, 0,9ohm<\/li>\n<li>Capacidade do e-l\u00edquido: 64 ml (em 6 c\u00e1psulas separadas)<\/li>\n<li>Intensidade da nicotina: 2% ou 5%<\/li>\n<li>Bateria: 650mAh (recarreg\u00e1vel)<\/li>\n<li>Porta de carregamento: Tipo C<\/li>\n<li>Ecr\u00e3: Indicador LED de bateria e e-l\u00edquido<\/li>\n<li>Tamanho do produto: 44 x 44 x 112 mm<\/li>\n<\/ul>\n<h2 class=\"ds-markdown-paragraph\"><strong>FIHP MULTI 120K 6in1 Sabores dispon\u00edveis<\/strong><\/h2>\n<p>01# Melancia Ice \/ Red Bull \/ Morango Kiwi \/ Mirtilo Ice \/ Lima Lim\u00e3o \/ Morango Melancia<\/p>\n<p>02# Morango Banana \/ Ma\u00e7\u00e3 dupla \/ Framboesa Melancia \/ Manga azeda Anan\u00e1s \/ Frutos tropicais \/ Lim\u00e3o P\u00eassego<\/p>\n<p>03# Anan\u00e1s Coco \/ Blue Razz \/ Bagas Mistas \/ Manga P\u00eassego \/ Mirtilo Framboesa \/ Morango Baunilha Coca-Cola<\/p>\n<p>04# Baga de p\u00eassego \/ Mel\u00e3o triplo \/ Gelo de uva \/ Gelo de drag\u00e3o negro \/ Gelo de cereja efervescente \/ Goma de urso<\/p>\n<p>05# Rebu\u00e7ados de arco-\u00edris \/ Gelo de cola de cereja \/ Amor 666 \/ Gelo de manga \/ Algod\u00e3o doce de mirtilo \/ Gelo de p\u00eassego<\/p>\n<p>06# Gelo de l\u00edchia de alo\u00e9 \/ Lim\u00e3o rosa \/ Gelo glaciar \/ Menta de agulha de pinheiro \/ Gelo de groselha preta \/ Lim\u00e3o de melancia<\/p>\n<h2 class=\"ds-markdown-paragraph\"><strong>Detalhes da embalagem<\/strong><\/h2>\n<p>1 pe\u00e7a\/caixa individual<br \/>\n10 unidades\/caixa de exposi\u00e7\u00e3o<br \/>\n160 unidades\/caixa de cart\u00e3o 540 x 440 x 260 mm<br \/>\n27 kgs\/ caixa<\/p>\n<figure id=\"attachment_25327\" aria-describedby=\"caption-attachment-25327\" style=\"width: 1000px\" class=\"wp-caption alignnone\"><img loading=\"lazy\" decoding=\"async\" class=\"wp-image-25327 size-full\" title=\"FIHP MULTI 120K 6em1 Vape descart\u00e1vel Atacado\" src=\"https:\/\/www.vape4wholesale.com\/wp-content\/uploads\/2025\/10\/FIHP-MULTI-12K-6in1-Disposable-Vape-Wholesale.webp\" alt=\"FIHP MULTI 120K 6em1 Vape descart\u00e1vel Atacado\" width=\"1000\" height=\"767\" srcset=\"https:\/\/www.vape4wholesale.com\/wp-content\/uploads\/2025\/10\/FIHP-MULTI-12K-6in1-Disposable-Vape-Wholesale.webp 1000w, https:\/\/www.vape4wholesale.com\/wp-content\/uploads\/2025\/10\/FIHP-MULTI-12K-6in1-Disposable-Vape-Wholesale-510x391.webp 510w, https:\/\/www.vape4wholesale.com\/wp-content\/uploads\/2025\/10\/FIHP-MULTI-12K-6in1-Disposable-Vape-Wholesale-300x230.webp 300w, https:\/\/www.vape4wholesale.com\/wp-content\/uploads\/2025\/10\/FIHP-MULTI-12K-6in1-Disposable-Vape-Wholesale-768x589.webp 768w, https:\/\/www.vape4wholesale.com\/wp-content\/uploads\/2025\/10\/FIHP-MULTI-12K-6in1-Disposable-Vape-Wholesale-16x12.webp 16w, https:\/\/www.vape4wholesale.com\/wp-content\/uploads\/2025\/10\/FIHP-MULTI-12K-6in1-Disposable-Vape-Wholesale-64x49.webp 64w\" sizes=\"auto, (max-width: 1000px) 100vw, 1000px\" \/><figcaption id=\"caption-attachment-25327\" class=\"wp-caption-text\">FIHP MULTI 120K 6em1 Vape descart\u00e1vel Atacado<\/figcaption><\/figure>\n<h2>PORQU\u00ca N\u00d3S?<\/h2>\r\n<ul>\r\n<li>Fonte vape real, fi\u00e1vel e profissional.<\/li>\r\n<li>100% Garantia genu\u00edna: S\u00f3 fornecemos produtos originais e genu\u00ednos, recusamos a contrafa\u00e7\u00e3o.<\/li>\r\n<li>100% Garantia de entrega: Utilizamos o melhor m\u00e9todo de envio para garantir que recebe a encomenda 100%.<\/li>\r\n<li>Ap\u00f3s o envio, fornecer-lhe-emos o n\u00famero de acompanhamento e a etiqueta de envio e acompanharemos a mercadoria at\u00e9 que a receba.<\/li>\r\n<li>Sem problemas aduaneiros, sem direitos aduaneiros<\/li>\r\n<\/ul>","protected":false},"excerpt":{"rendered":"<div class=\"wsppc_div_block woocommerce_before_add_to_cart_form\">\r\n<p><strong><span style=\"color: #00a859;\">Clear customs<\/span> before delivery &amp; 100% Delivery Guarantee, Delivery in 19~25 days around.\u00a0<\/strong><\/p>\r\n<\/div>","protected":false},"featured_media":25325,"comment_status":"open","ping_status":"closed","template":"","meta":[],"pwb-brand":[1279],"product_cat":[873],"product_tag":[22,24,878,1219,1246],"class_list":{"0":"post-25326","1":"product","2":"type-product","3":"status-publish","4":"has-post-thumbnail","6":"pwb-brand-fihp","7":"product_cat-above-20k-puffs","8":"product_tag-disposable","9":"product_tag-wholesale","10":"product_tag-fihp","11":"product_tag-120000-puffs","12":"product_tag-64-0ml","13":"wcpa_has_options","15":"first","16":"instock","17":"shipping-taxable","18":"purchasable","19":"product-type-variable"},"aioseo_notices":[],"brands":[{"id":1279,"name":"FIHP","slug":"fihp"}],"_links":{"self":[{"href":"https:\/\/www.vape4wholesale.com\/pt\/wp-json\/wp\/v2\/product\/25326","targetHints":{"allow":["GET"]}}],"collection":[{"href":"https:\/\/www.vape4wholesale.com\/pt\/wp-json\/wp\/v2\/product"}],"about":[{"href":"https:\/\/www.vape4wholesale.com\/pt\/wp-json\/wp\/v2\/types\/product"}],"replies":[{"embeddable":true,"href":"https:\/\/www.vape4wholesale.com\/pt\/wp-json\/wp\/v2\/comments?post=25326"}],"wp:featuredmedia":[{"embeddable":true,"href":"https:\/\/www.vape4wholesale.com\/pt\/wp-json\/wp\/v2\/media\/25325"}],"wp:attachment":[{"href":"https:\/\/www.vape4wholesale.com\/pt\/wp-json\/wp\/v2\/media?parent=25326"}],"wp:term":[{"taxonomy":"pwb-brand","embeddable":true,"href":"https:\/\/www.vape4wholesale.com\/pt\/wp-json\/wp\/v2\/pwb-brand?post=25326"},{"taxonomy":"product_cat","embeddable":true,"href":"https:\/\/www.vape4wholesale.com\/pt\/wp-json\/wp\/v2\/product_cat?post=25326"},{"taxonomy":"product_tag","embeddable":true,"href":"https:\/\/www.vape4wholesale.com\/pt\/wp-json\/wp\/v2\/product_tag?post=25326"}],"curies":[{"name":"wp","href":"https:\/\/api.w.org\/{rel}","templated":true}]}}