{"id":25297,"date":"2025-10-22T20:54:47","date_gmt":"2025-10-22T12:54:47","guid":{"rendered":"https:\/\/www.vape4wholesale.com\/?post_type=product&#038;p=25297"},"modified":"2026-01-26T13:38:20","modified_gmt":"2026-01-26T13:38:20","slug":"fihp-60000-3in1-triple-flavors-vape-descartavel-por-atacado","status":"publish","type":"product","link":"https:\/\/www.vape4wholesale.com\/pt\/product\/fihp-60000-3in1-triple-flavors-disposable-vape-wholesale","title":{"rendered":"FIHP 60000 3in1 Sabores Triplos Vape Descart\u00e1vel Atacado"},"content":{"rendered":"<p class=\"ds-markdown-paragraph\">O <a title=\"FIHP\" href=\"https:\/\/www.vape4wholesale.com\/pt\/marca_do_produto\/fihp\/\" target=\"_blank\" rel=\"noopener\"><strong>FIHP<\/strong><\/a> O vape descart\u00e1vel 60000 3in1 Triple Flavors estabelece um novo padr\u00e3o de longevidade e sabor, proporcionando 60.000 baforadas sem paralelo a partir de um \u00fanico dispositivo. Est\u00e1 pr\u00e9-carregado com uma enorme quantidade de 54 ml de e-l\u00edquido, dispon\u00edvel na sua escolha de 2% ou 5% de nicotina. No centro desta experi\u00eancia est\u00e1 a avan\u00e7ada bobina de malha dupla (0,9ohm), que vaporiza habilmente o exclusivo e-l\u00edquido Triple Flavor para produzir um vapor rico, complexo e consistentemente satisfat\u00f3rio do in\u00edcio ao fim.<\/p>\n<p class=\"ds-markdown-paragraph\">Concebido para a m\u00e1xima comodidade e desempenho, o dispositivo est\u00e1 equipado com uma robusta bateria recarreg\u00e1vel de 650mAh e uma moderna porta de carregamento Tipo C, garantindo que tem energia sempre que precisar. O visor LED integrado fornece uma verifica\u00e7\u00e3o clara e em tempo real do n\u00edvel da bateria, para que nunca seja apanhado de surpresa. O seu design elegante e ergon\u00f3mico, com 42*42*110 mm, torna-o extremamente port\u00e1til, mas suficientemente potente para ser o seu companheiro de vaping durante todo o dia.<\/p>\n<h2 class=\"ds-markdown-paragraph\"><strong>Carater\u00edsticas principais do FIHP 60000 3in1 Triple Flavors Vape<\/strong><\/h2>\n<ul>\n<li class=\"ds-markdown-paragraph\">Enorme 60.000 baforadas: Concebida para uma longevidade extrema, eliminando a necessidade de substitui\u00e7\u00f5es frequentes.<\/li>\n<li class=\"ds-markdown-paragraph\">Experi\u00eancia de Triplo Sabor: Desfrute de um perfil de sabor din\u00e2mico e complexo que evolui a cada tragada.<\/li>\n<li class=\"ds-markdown-paragraph\">Tecnologia de bobina de malha dupla (0,9ohm): A nossa avan\u00e7ada bobina de malha dupla garante um aquecimento mais r\u00e1pido, um sabor mais rico e uma produ\u00e7\u00e3o de vapor mais densa.<\/li>\n<li class=\"ds-markdown-paragraph\">E-l\u00edquido grande pr\u00e9-cheio de 54 ml: Pr\u00e9-cheio com 54 ml de e-l\u00edquido de nicotina salgada de alta qualidade. Escolha entre a concentra\u00e7\u00e3o de nicotina 2% ou 5% de acordo com a sua prefer\u00eancia.<\/li>\n<li class=\"ds-markdown-paragraph\">Bateria integrada de 650mAh: Fornece energia suficiente para toda a vida \u00fatil do dispositivo.<\/li>\n<li class=\"ds-markdown-paragraph\">Recarregamento r\u00e1pido tipo C: Volte a vaporizar rapidamente com uma moderna porta de carregamento USB Tipo C.<\/li>\n<li class=\"ds-markdown-paragraph\">Ecr\u00e3 LED n\u00edtido: Monitorize facilmente o n\u00edvel da bateria sem surpresas.<\/li>\n<\/ul>\n<h2><strong>Especifica\u00e7\u00f5es r\u00e1pidas do produto<\/strong><\/h2>\n<p>Capacidade de sopro: Aprox. 60.000 baforadas<br \/>\nCapacidade do E-l\u00edquido: 54ml (pr\u00e9-cheio)<br \/>\nIntensidade da nicotina: 2% ou 5%<br \/>\nBateria: 650mah recarreg\u00e1vel<br \/>\nPorta de carregamento: Tipo C<br \/>\nBobina: Bobina de malha dupla, 0,9ohm<br \/>\nEcr\u00e3: Indicador LED de bateria<br \/>\nDimens\u00f5es do produto: 42 x 42 x 110 mm<br \/>\nSabor: Triplo Sabor<br \/>\nInforma\u00e7\u00f5es sobre o envio (para grossistas):<br \/>\nTamanho da caixa: 470 x 390 x 260 mm<br \/>\nQuantidade por caixa: 160 unidades<br \/>\nPeso bruto por caixa: 21,5 kg<\/p>\n<h2 class=\"ds-markdown-paragraph\"><strong>FIHP 60000 3em1 Sabores triplos dispon\u00edveis<\/strong><\/h2>\n<p>01# Gelo de melancia e Red Bull e Kiwi de morango<br \/>\n02# Lim\u00e3o, lima e morango Melancia e mirtilo Ice<br \/>\n03# Morango, banana, ma\u00e7\u00e3 dupla e melancia com framboesa<br \/>\n04# Morango Kiwi e Manga Azeda Anan\u00e1s e Red Bull<br \/>\n05# Frutos tropicais e morango Melancia e lim\u00e3o P\u00eassego<br \/>\n06# Anan\u00e1s Coco &amp; Blue Razz &amp; Morango Banana<br \/>\n07# Morango Framboesa &amp; Mel\u00e3o Triplo &amp; Manga \u00c1cida Anan\u00e1s<br \/>\n08# Mistura de frutos silvestres e framboesa Melancia e manga P\u00eassego<br \/>\n09# Mirtilo Framboesa e Morango Baunilha Coca-Cola e Lima Lim\u00e3o<br \/>\n10# Melancia Gelada &amp; Baga de P\u00eassego &amp; Mel\u00e3o Triplo<\/p>\n<h2><strong>Detalhes da embalagem<\/strong><\/h2>\n<p>1 pe\u00e7a\/caixa individual<br \/>\n10 unidades\/caixa de exposi\u00e7\u00e3o<br \/>\n160 unidades\/caixa de cart\u00e3o (tamanho da caixa: 470 x 390 x 260 mm)<br \/>\nPeso bruto por caixa: 21,5 kg<\/p>\n<figure id=\"attachment_25311\" aria-describedby=\"caption-attachment-25311\" style=\"width: 800px\" class=\"wp-caption alignnone\"><img loading=\"lazy\" decoding=\"async\" class=\"wp-image-25311 size-full\" title=\"FIHP 60000 3em1 Sabores Triplos Vape Descart\u00e1vel 1\" src=\"https:\/\/www.vape4wholesale.com\/wp-content\/uploads\/2025\/10\/FIHP-60000-3in1-Triple-Flavors-Disposable-Vape_1.webp\" alt=\"FIHP 60000 3em1 Sabores Triplos Vape Descart\u00e1vel 1\" width=\"800\" height=\"800\" srcset=\"https:\/\/www.vape4wholesale.com\/wp-content\/uploads\/2025\/10\/FIHP-60000-3in1-Triple-Flavors-Disposable-Vape_1.webp 800w, https:\/\/www.vape4wholesale.com\/wp-content\/uploads\/2025\/10\/FIHP-60000-3in1-Triple-Flavors-Disposable-Vape_1-247x247.webp 247w, https:\/\/www.vape4wholesale.com\/wp-content\/uploads\/2025\/10\/FIHP-60000-3in1-Triple-Flavors-Disposable-Vape_1-100x100.webp 100w, https:\/\/www.vape4wholesale.com\/wp-content\/uploads\/2025\/10\/FIHP-60000-3in1-Triple-Flavors-Disposable-Vape_1-510x510.webp 510w, https:\/\/www.vape4wholesale.com\/wp-content\/uploads\/2025\/10\/FIHP-60000-3in1-Triple-Flavors-Disposable-Vape_1-300x300.webp 300w, https:\/\/www.vape4wholesale.com\/wp-content\/uploads\/2025\/10\/FIHP-60000-3in1-Triple-Flavors-Disposable-Vape_1-150x150.webp 150w, https:\/\/www.vape4wholesale.com\/wp-content\/uploads\/2025\/10\/FIHP-60000-3in1-Triple-Flavors-Disposable-Vape_1-768x768.webp 768w, https:\/\/www.vape4wholesale.com\/wp-content\/uploads\/2025\/10\/FIHP-60000-3in1-Triple-Flavors-Disposable-Vape_1-12x12.webp 12w, https:\/\/www.vape4wholesale.com\/wp-content\/uploads\/2025\/10\/FIHP-60000-3in1-Triple-Flavors-Disposable-Vape_1-64x64.webp 64w\" sizes=\"auto, (max-width: 800px) 100vw, 800px\" \/><figcaption id=\"caption-attachment-25311\" class=\"wp-caption-text\">FIHP 60000 3em1 Sabores Triplos Vape descart\u00e1vel<\/figcaption><\/figure>\n<h2>PORQU\u00ca N\u00d3S?<\/h2>\r\n<ul>\r\n<li>Fonte vape real, fi\u00e1vel e profissional.<\/li>\r\n<li>100% Garantia genu\u00edna: S\u00f3 fornecemos produtos originais e genu\u00ednos, recusamos a contrafa\u00e7\u00e3o.<\/li>\r\n<li>100% Garantia de entrega: Utilizamos o melhor m\u00e9todo de envio para garantir que recebe a encomenda 100%.<\/li>\r\n<li>Ap\u00f3s o envio, fornecer-lhe-emos o n\u00famero de acompanhamento e a etiqueta de envio e acompanharemos a mercadoria at\u00e9 que a receba.<\/li>\r\n<li>Sem problemas aduaneiros, sem direitos aduaneiros<\/li>\r\n<\/ul>","protected":false},"excerpt":{"rendered":"<div class=\"wsppc_div_block woocommerce_before_add_to_cart_form\">\r\n<p><strong><span style=\"color: #00a859;\">Clear customs<\/span> before delivery &amp; 100% Delivery Guarantee, Delivery in 19~25 days around.\u00a0<\/strong><\/p>\r\n<\/div>","protected":false},"featured_media":25316,"comment_status":"open","ping_status":"closed","template":"","meta":[],"pwb-brand":[1279],"product_cat":[873],"product_tag":[24,878,1114,1115,22],"class_list":{"0":"post-25297","1":"product","2":"type-product","3":"status-publish","4":"has-post-thumbnail","6":"pwb-brand-fihp","7":"product_cat-above-20k-puffs","8":"product_tag-wholesale","9":"product_tag-fihp","10":"product_tag-60000-puffs","11":"product_tag-54-0ml","12":"product_tag-disposable","13":"wcpa_has_options","15":"first","16":"instock","17":"shipping-taxable","18":"purchasable","19":"product-type-variable"},"aioseo_notices":[],"brands":[{"id":1279,"name":"FIHP","slug":"fihp"}],"_links":{"self":[{"href":"https:\/\/www.vape4wholesale.com\/pt\/wp-json\/wp\/v2\/product\/25297","targetHints":{"allow":["GET"]}}],"collection":[{"href":"https:\/\/www.vape4wholesale.com\/pt\/wp-json\/wp\/v2\/product"}],"about":[{"href":"https:\/\/www.vape4wholesale.com\/pt\/wp-json\/wp\/v2\/types\/product"}],"replies":[{"embeddable":true,"href":"https:\/\/www.vape4wholesale.com\/pt\/wp-json\/wp\/v2\/comments?post=25297"}],"wp:featuredmedia":[{"embeddable":true,"href":"https:\/\/www.vape4wholesale.com\/pt\/wp-json\/wp\/v2\/media\/25316"}],"wp:attachment":[{"href":"https:\/\/www.vape4wholesale.com\/pt\/wp-json\/wp\/v2\/media?parent=25297"}],"wp:term":[{"taxonomy":"pwb-brand","embeddable":true,"href":"https:\/\/www.vape4wholesale.com\/pt\/wp-json\/wp\/v2\/pwb-brand?post=25297"},{"taxonomy":"product_cat","embeddable":true,"href":"https:\/\/www.vape4wholesale.com\/pt\/wp-json\/wp\/v2\/product_cat?post=25297"},{"taxonomy":"product_tag","embeddable":true,"href":"https:\/\/www.vape4wholesale.com\/pt\/wp-json\/wp\/v2\/product_tag?post=25297"}],"curies":[{"name":"wp","href":"https:\/\/api.w.org\/{rel}","templated":true}]}}