{"id":25164,"date":"2025-10-21T11:22:55","date_gmt":"2025-10-21T03:22:55","guid":{"rendered":"https:\/\/www.vape4wholesale.com\/?post_type=product&#038;p=25164"},"modified":"2026-04-27T05:09:58","modified_gmt":"2026-04-26T21:09:58","slug":"happ-bar-mt50000-vape-descartavel-por-atacado","status":"publish","type":"product","link":"https:\/\/www.vape4wholesale.com\/pt\/product\/happ-bar-mt50000-disposable-vape-wholesale","title":{"rendered":"Happ Bar MT50000 Vape Descart\u00e1vel Atacado"},"content":{"rendered":"<p class=\"ds-markdown-paragraph\">O\u00a0<a title=\"Bar Happ\" href=\"https:\/\/www.vape4wholesale.com\/pt\/marca_do_produto\/bar-feliz\/\" target=\"_blank\" rel=\"noopener\"><strong>Bar Happ<\/strong><\/a> O MT50000 \u00e9 um revolucion\u00e1rio dispositivo vape descart\u00e1vel concebido para uma resist\u00eancia e desempenho sem paralelo. Com umas espantosas 50.000 baforadas, este dispositivo foi concebido para durar, oferecendo uma experi\u00eancia de vaporiza\u00e7\u00e3o excecional sem necessidade de substitui\u00e7\u00f5es frequentes.<\/p>\n<p class=\"ds-markdown-paragraph\">Com uma generosa capacidade de 45 ml de e-l\u00edquido pr\u00e9-cheio e uma potente bateria recarreg\u00e1vel de 650 mAh (atrav\u00e9s da pr\u00e1tica porta Tipo C), o Happ Bar MT50000 garante-lhe um sabor e uma produ\u00e7\u00e3o de vapor consistentes desde a primeira at\u00e9 \u00e0 \u00faltima baforada. A bobina integrada de 1,0ohm proporciona um tra\u00e7\u00e3o suave e satisfat\u00f3ria, perfeitamente equilibrada tanto para a intensidade do sabor como para o volume de vapor.<\/p>\n<p class=\"ds-markdown-paragraph\">Escolha a sua concentra\u00e7\u00e3o de nicotina preferida 2% ou 5% para corresponder ao seu estilo pessoal de vaporiza\u00e7\u00e3o. O dispositivo tamb\u00e9m inclui um pr\u00e1tico ecr\u00e3 LCD que apresenta a dura\u00e7\u00e3o da bateria e o n\u00edvel de e-l\u00edquido em tempo real, para que esteja sempre em controlo.<\/p>\n<p class=\"ds-markdown-paragraph\">Com 15 sabores excitantes \u00e0 escolha, h\u00e1 algo para todos os paladares. Quer deseje perfis frutados, gelados ou cl\u00e1ssicos, o Happ Bar MT50000 proporciona um sabor rico e duradouro em cada tragada.<\/p>\n<h2 class=\"ds-markdown-paragraph\"><strong>Carater\u00edsticas do Happ Bar MT50000<\/strong><\/h2>\n<ul>\n<li class=\"ds-markdown-paragraph\">\u2705\u00a0<strong>50.000 Puffs<\/strong>\u00a0- Vida \u00fatil ultra-longa<\/li>\n<li class=\"ds-markdown-paragraph\">\u2705\u00a0<strong>Op\u00e7\u00f5es de nicotina:<\/strong>\u00a02% ou 5%<\/li>\n<li class=\"ds-markdown-paragraph\">\u2705\u00a0<strong>Bateria recarreg\u00e1vel de 650mAh<\/strong> - Suporte para carregamento tipo C<\/li>\n<li class=\"ds-markdown-paragraph\">\u2705\u00a0<strong>Capacidade de 45 ml de E-l\u00edquido<\/strong><\/li>\n<li class=\"ds-markdown-paragraph\">\u2705\u00a0<strong>Bobina de 1,0ohm<\/strong>\u00a0- Optimizado para produ\u00e7\u00e3o de sabor e nuvem<\/li>\n<li class=\"ds-markdown-paragraph\">\u2705\u00a0<strong>Ecr\u00e3 LCD<\/strong>\u00a0- Mostra os n\u00edveis da bateria e do e-l\u00edquido<\/li>\n<li class=\"ds-markdown-paragraph\">\u2705\u00a0<strong>15 sabores dispon\u00edveis<\/strong>\u00a0- Variedade para todos os gostos<\/li>\n<\/ul>\n<h2><strong>Sabores dispon\u00edveis<\/strong><\/h2>\n<ol>\n<li>Gelo de morango<\/li>\n<li>Morango Kiwi<\/li>\n<li>Gelo de morango azul<\/li>\n<li>Gelo de melancia<\/li>\n<li>Rum de anan\u00e1s, coco e lima<\/li>\n<li>Morango Drag\u00e3o Negro<\/li>\n<li>Bomba de cereja<\/li>\n<li>Sonho de ver\u00e3o<\/li>\n<li>Melancia e coco<\/li>\n<li>Banana com morango<\/li>\n<li>Amor 66<\/li>\n<li>Salve P\u00eassego<\/li>\n<li>Granizo de lim\u00e3o<\/li>\n<li>Cola Ice<\/li>\n<li>Para\u00edso dos Cocos<\/li>\n<\/ol>\n<h2><strong>Detalhes da embalagem<\/strong><\/h2>\n<ul>\n<li>1\/ Caixa \u00fanica<\/li>\n<li>10\/ Vitrine<\/li>\n<li>100\/ Caixa<\/li>\n<\/ul>\n<figure id=\"attachment_25165\" aria-describedby=\"caption-attachment-25165\" style=\"width: 800px\" class=\"wp-caption alignnone\"><img loading=\"lazy\" decoding=\"async\" class=\"size-full wp-image-25165\" title=\"Happ Bar MT50000 Caixa de embalagem descart\u00e1vel para Vape\" src=\"https:\/\/www.vape4wholesale.com\/wp-content\/uploads\/2025\/10\/Happ-Bar-MT50000-Disposable-Vape_Packing-Box.webp\" alt=\"Happ Bar MT50000 Caixa de embalagem descart\u00e1vel para Vape\" width=\"800\" height=\"800\" srcset=\"https:\/\/www.vape4wholesale.com\/wp-content\/uploads\/2025\/10\/Happ-Bar-MT50000-Disposable-Vape_Packing-Box.webp 800w, https:\/\/www.vape4wholesale.com\/wp-content\/uploads\/2025\/10\/Happ-Bar-MT50000-Disposable-Vape_Packing-Box-247x247.webp 247w, https:\/\/www.vape4wholesale.com\/wp-content\/uploads\/2025\/10\/Happ-Bar-MT50000-Disposable-Vape_Packing-Box-100x100.webp 100w, https:\/\/www.vape4wholesale.com\/wp-content\/uploads\/2025\/10\/Happ-Bar-MT50000-Disposable-Vape_Packing-Box-510x510.webp 510w, https:\/\/www.vape4wholesale.com\/wp-content\/uploads\/2025\/10\/Happ-Bar-MT50000-Disposable-Vape_Packing-Box-300x300.webp 300w, https:\/\/www.vape4wholesale.com\/wp-content\/uploads\/2025\/10\/Happ-Bar-MT50000-Disposable-Vape_Packing-Box-150x150.webp 150w, https:\/\/www.vape4wholesale.com\/wp-content\/uploads\/2025\/10\/Happ-Bar-MT50000-Disposable-Vape_Packing-Box-768x768.webp 768w, https:\/\/www.vape4wholesale.com\/wp-content\/uploads\/2025\/10\/Happ-Bar-MT50000-Disposable-Vape_Packing-Box-12x12.webp 12w, https:\/\/www.vape4wholesale.com\/wp-content\/uploads\/2025\/10\/Happ-Bar-MT50000-Disposable-Vape_Packing-Box-64x64.webp 64w\" sizes=\"auto, (max-width: 800px) 100vw, 800px\" \/><figcaption id=\"caption-attachment-25165\" class=\"wp-caption-text\">Happ Bar MT50000 Caixa de embalagem descart\u00e1vel para Vape<\/figcaption><\/figure>\n<figure id=\"attachment_25166\" aria-describedby=\"caption-attachment-25166\" style=\"width: 1000px\" class=\"wp-caption alignnone\"><img loading=\"lazy\" decoding=\"async\" class=\"size-full wp-image-25166\" title=\"Happ Bar MT50000 Vape Descart\u00e1vel Atacado\" src=\"https:\/\/www.vape4wholesale.com\/wp-content\/uploads\/2025\/10\/Happ-Bar-MT50000-Disposable-Vape-Wholesale.webp\" alt=\"Happ Bar MT50000 Vape Descart\u00e1vel Atacado\" width=\"1000\" height=\"560\" srcset=\"https:\/\/www.vape4wholesale.com\/wp-content\/uploads\/2025\/10\/Happ-Bar-MT50000-Disposable-Vape-Wholesale.webp 1000w, https:\/\/www.vape4wholesale.com\/wp-content\/uploads\/2025\/10\/Happ-Bar-MT50000-Disposable-Vape-Wholesale-510x286.webp 510w, https:\/\/www.vape4wholesale.com\/wp-content\/uploads\/2025\/10\/Happ-Bar-MT50000-Disposable-Vape-Wholesale-300x168.webp 300w, https:\/\/www.vape4wholesale.com\/wp-content\/uploads\/2025\/10\/Happ-Bar-MT50000-Disposable-Vape-Wholesale-768x430.webp 768w, https:\/\/www.vape4wholesale.com\/wp-content\/uploads\/2025\/10\/Happ-Bar-MT50000-Disposable-Vape-Wholesale-18x10.webp 18w, https:\/\/www.vape4wholesale.com\/wp-content\/uploads\/2025\/10\/Happ-Bar-MT50000-Disposable-Vape-Wholesale-64x36.webp 64w\" sizes=\"auto, (max-width: 1000px) 100vw, 1000px\" \/><figcaption id=\"caption-attachment-25166\" class=\"wp-caption-text\">Happ Bar MT50000 Vape Descart\u00e1vel Atacado<\/figcaption><\/figure>\n<h2>PORQU\u00ca N\u00d3S?<\/h2>\r\n<ul>\r\n<li>Fonte vape real, fi\u00e1vel e profissional.<\/li>\r\n<li>100% Garantia genu\u00edna: S\u00f3 fornecemos produtos originais e genu\u00ednos, recusamos a contrafa\u00e7\u00e3o.<\/li>\r\n<li>100% Garantia de entrega: Utilizamos o melhor m\u00e9todo de envio para garantir que recebe a encomenda 100%.<\/li>\r\n<li>Ap\u00f3s o envio, fornecer-lhe-emos o n\u00famero de acompanhamento e a etiqueta de envio e acompanharemos a mercadoria at\u00e9 que a receba.<\/li>\r\n<li>Sem problemas aduaneiros, sem direitos aduaneiros<\/li>\r\n<\/ul>","protected":false},"excerpt":{"rendered":"<p><b><span style=\"color: #00a859;\">Free shipping<\/span>\u00a0from Europe warehouse, 7-15 working days delivery time.<\/b><\/p>\r\n<div class=\"wsppc_div_block woocommerce_before_add_to_cart_form\">\r\n<p><strong>Clear customs before delivery &amp; 100% Delivery Guarantee<\/strong><\/p>\r\n<\/div>","protected":false},"featured_media":25183,"comment_status":"open","ping_status":"closed","template":"","meta":[],"pwb-brand":[1267],"product_cat":[938],"product_tag":[964,1035,1082,22,24],"class_list":{"0":"post-25164","1":"product","2":"type-product","3":"status-publish","4":"has-post-thumbnail","6":"pwb-brand-happ-bar","7":"product_cat-europe-warehouse","8":"product_tag-45-0ml","9":"product_tag-happ-bar","10":"product_tag-50000-puffs","11":"product_tag-disposable","12":"product_tag-wholesale","13":"product_shipping_class-eu-warehouse","14":"wcpa_has_options","16":"first","17":"instock","18":"featured","19":"shipping-taxable","20":"purchasable","21":"product-type-variable"},"aioseo_notices":[],"brands":[{"id":1267,"name":"Bar Happ","slug":"bar-feliz"}],"_links":{"self":[{"href":"https:\/\/www.vape4wholesale.com\/pt\/wp-json\/wp\/v2\/product\/25164","targetHints":{"allow":["GET"]}}],"collection":[{"href":"https:\/\/www.vape4wholesale.com\/pt\/wp-json\/wp\/v2\/product"}],"about":[{"href":"https:\/\/www.vape4wholesale.com\/pt\/wp-json\/wp\/v2\/types\/product"}],"replies":[{"embeddable":true,"href":"https:\/\/www.vape4wholesale.com\/pt\/wp-json\/wp\/v2\/comments?post=25164"}],"wp:featuredmedia":[{"embeddable":true,"href":"https:\/\/www.vape4wholesale.com\/pt\/wp-json\/wp\/v2\/media\/25183"}],"wp:attachment":[{"href":"https:\/\/www.vape4wholesale.com\/pt\/wp-json\/wp\/v2\/media?parent=25164"}],"wp:term":[{"taxonomy":"pwb-brand","embeddable":true,"href":"https:\/\/www.vape4wholesale.com\/pt\/wp-json\/wp\/v2\/pwb-brand?post=25164"},{"taxonomy":"product_cat","embeddable":true,"href":"https:\/\/www.vape4wholesale.com\/pt\/wp-json\/wp\/v2\/product_cat?post=25164"},{"taxonomy":"product_tag","embeddable":true,"href":"https:\/\/www.vape4wholesale.com\/pt\/wp-json\/wp\/v2\/product_tag?post=25164"}],"curies":[{"name":"wp","href":"https:\/\/api.w.org\/{rel}","templated":true}]}}