{"id":23936,"date":"2024-03-04T15:04:46","date_gmt":"2024-03-04T07:04:46","guid":{"rendered":"https:\/\/www.vape4wholesale.com\/?post_type=product&#038;p=23936"},"modified":"2026-01-27T15:04:13","modified_gmt":"2026-01-27T15:04:13","slug":"bang-king-ecra-inteligente-15000-puffs-vape-descartavel-por-atacado","status":"publish","type":"product","link":"https:\/\/www.vape4wholesale.com\/pt\/product\/bang-king-smart-screen-15000-puffs-disposable-vape-wholesale","title":{"rendered":"Bang King Smart Screen 15000 Puffs Vape Descart\u00e1vel Atacado"},"content":{"rendered":"<p>O Bang King Smart screen 15000 puffs Disposable Vape \u00e9 um dispositivo de vaping de \u00faltima gera\u00e7\u00e3o com um volume de 25 ml para uma utiliza\u00e7\u00e3o prolongada. Dispon\u00edvel em concentra\u00e7\u00f5es de nicotina de 0%, 2%, 3% e 5%, satisfaz v\u00e1rias prefer\u00eancias. O dispositivo possui uma poderosa bateria de 650mAh, oferecendo uma capacidade de vaporiza\u00e7\u00e3o substancial de 15.000 baforadas. Com a conveniente recarga de tipo C e um visor que indica os n\u00edveis de carga e de e-l\u00edquido, os utilizadores podem desfrutar de uma experi\u00eancia perfeita. O dispositivo est\u00e1 equipado com um n\u00facleo de malha de 1,0\u03a9 para uma resist\u00eancia eficiente do fio de aquecimento. O ecr\u00e3 Bang King Smart 15000 puffs oferece uma solu\u00e7\u00e3o de vaporiza\u00e7\u00e3o sofisticada e f\u00e1cil de utilizar.<\/p>\n<h2 class=\"second-title\">Bang King Smart Screen 15000 Puffs Vape Detalhes r\u00e1pidos<\/h2>\n<ul>\n<li>\n<div>Capacidade do l\u00edquido: 25 ml<\/div>\n<\/li>\n<li>\n<div>Concentra\u00e7\u00e3o de nicotina: 0% 2% 3% 5%<\/div>\n<\/li>\n<li>\n<div>Bateria: 650 mAh<\/div>\n<\/li>\n<li>\n<div>Capacidade de vaporiza\u00e7\u00e3o: 15.000 baforadas<\/div>\n<\/li>\n<li>\n<div>Tipo C recarreg\u00e1vel<\/div>\n<\/li>\n<li>\n<div>Visor de carga e de l\u00edquido eletr\u00f3nico<\/div>\n<\/li>\n<li>\n<div>Resist\u00eancia do fio de aquecimento:1.0\u03a9 n\u00facleo de malha<\/div>\n<\/li>\n<\/ul>\n<h2>Lista de sabores<\/h2>\n<p>1. congelamento de mirtilos<br \/>\n2.Berry Blast<br \/>\n3. mirtilo cereja lim\u00e3o<br \/>\n4.P\u00eassego Congelar<br \/>\n5. congelamento de uvas<br \/>\n6.P\u00eassego Blueraz<br \/>\n7. ma\u00e7\u00e3 azeda mirtilo<br \/>\n8. frutos tropicais<br \/>\n9.Lush Ice (Gelo de melancia)<br \/>\n10. melancia com morango<\/p>\n<div>\n<figure id=\"attachment_23937\" aria-describedby=\"caption-attachment-23937\" style=\"width: 800px\" class=\"wp-caption alignnone\"><img loading=\"lazy\" decoding=\"async\" class=\"size-full wp-image-23937\" title=\"Bang King Smart Screen 15000 Puffs Vape descart\u00e1vel\" src=\"https:\/\/www.vape4wholesale.com\/wp-content\/uploads\/2025\/08\/Bang-King-Smart-Screen-15000-Puffs-Disposable-Vape.webp\" alt=\"Bang King Smart Screen 15000 Puffs Vape descart\u00e1vel\" width=\"800\" height=\"727\" srcset=\"https:\/\/www.vape4wholesale.com\/wp-content\/uploads\/2025\/08\/Bang-King-Smart-Screen-15000-Puffs-Disposable-Vape.webp 800w, https:\/\/www.vape4wholesale.com\/wp-content\/uploads\/2025\/08\/Bang-King-Smart-Screen-15000-Puffs-Disposable-Vape-510x463.webp 510w, https:\/\/www.vape4wholesale.com\/wp-content\/uploads\/2025\/08\/Bang-King-Smart-Screen-15000-Puffs-Disposable-Vape-300x273.webp 300w, https:\/\/www.vape4wholesale.com\/wp-content\/uploads\/2025\/08\/Bang-King-Smart-Screen-15000-Puffs-Disposable-Vape-768x698.webp 768w, https:\/\/www.vape4wholesale.com\/wp-content\/uploads\/2025\/08\/Bang-King-Smart-Screen-15000-Puffs-Disposable-Vape-13x12.webp 13w, https:\/\/www.vape4wholesale.com\/wp-content\/uploads\/2025\/08\/Bang-King-Smart-Screen-15000-Puffs-Disposable-Vape-64x58.webp 64w\" sizes=\"auto, (max-width: 800px) 100vw, 800px\" \/><figcaption id=\"caption-attachment-23937\" class=\"wp-caption-text\">Bang King Smart Screen 15000 Puffs Vape descart\u00e1vel<\/figcaption><\/figure>\n<p><img loading=\"lazy\" decoding=\"async\" class=\"size-full wp-image-23948\" title=\"Bang King Smart Screen 15000 Puffs Vape descart\u00e1vel 11\" src=\"https:\/\/www.vape4wholesale.com\/wp-content\/uploads\/2025\/08\/Bang-King-Smart-Screen-15000-Puffs-Disposable-Vape_11.webp\" alt=\"Bang King Smart Screen 15000 Puffs Vape descart\u00e1vel 11\" width=\"800\" height=\"1000\" srcset=\"https:\/\/www.vape4wholesale.com\/wp-content\/uploads\/2025\/08\/Bang-King-Smart-Screen-15000-Puffs-Disposable-Vape_11.webp 800w, https:\/\/www.vape4wholesale.com\/wp-content\/uploads\/2025\/08\/Bang-King-Smart-Screen-15000-Puffs-Disposable-Vape_11-510x638.webp 510w, https:\/\/www.vape4wholesale.com\/wp-content\/uploads\/2025\/08\/Bang-King-Smart-Screen-15000-Puffs-Disposable-Vape_11-240x300.webp 240w, https:\/\/www.vape4wholesale.com\/wp-content\/uploads\/2025\/08\/Bang-King-Smart-Screen-15000-Puffs-Disposable-Vape_11-768x960.webp 768w, https:\/\/www.vape4wholesale.com\/wp-content\/uploads\/2025\/08\/Bang-King-Smart-Screen-15000-Puffs-Disposable-Vape_11-10x12.webp 10w, https:\/\/www.vape4wholesale.com\/wp-content\/uploads\/2025\/08\/Bang-King-Smart-Screen-15000-Puffs-Disposable-Vape_11-64x80.webp 64w\" sizes=\"auto, (max-width: 800px) 100vw, 800px\" \/><\/p>\n<h2>PORQU\u00ca N\u00d3S?<\/h2>\r\n<ul>\r\n<li>Fonte vape real, fi\u00e1vel e profissional.<\/li>\r\n<li>100% Garantia genu\u00edna: S\u00f3 fornecemos produtos originais e genu\u00ednos, recusamos a contrafa\u00e7\u00e3o.<\/li>\r\n<li>100% Garantia de entrega: Utilizamos o melhor m\u00e9todo de envio para garantir que recebe a encomenda 100%.<\/li>\r\n<li>Ap\u00f3s o envio, fornecer-lhe-emos o n\u00famero de acompanhamento e a etiqueta de envio e acompanharemos a mercadoria at\u00e9 que a receba.<\/li>\r\n<li>Sem problemas aduaneiros, sem direitos aduaneiros<\/li>\r\n<\/ul>\n<\/div>","protected":false},"excerpt":{"rendered":"<div class=\"wsppc_div_block woocommerce_before_add_to_cart_form\">\r\n<p><strong><span style=\"color: #00a859;\">Clear customs<\/span> before delivery &amp; 100% Delivery Guarantee, Delivery in 19~25 days around.\u00a0<\/strong><\/p>\r\n<\/div>","protected":false},"featured_media":23946,"comment_status":"open","ping_status":"closed","template":"","meta":[],"pwb-brand":[1275],"product_cat":[872],"product_tag":[24,249,684,692,22],"class_list":{"0":"post-23936","1":"product","2":"type-product","3":"status-publish","4":"has-post-thumbnail","6":"pwb-brand-bang","7":"product_cat-15k-20k-puffs","8":"product_tag-wholesale","9":"product_tag-bang","10":"product_tag-15000-puffs","11":"product_tag-25-0ml","12":"product_tag-disposable","13":"wcpa_has_options","15":"first","16":"instock","17":"shipping-taxable","18":"purchasable","19":"product-type-variable"},"aioseo_notices":[],"brands":[{"id":1275,"name":"Pancada","slug":"pancada"}],"_links":{"self":[{"href":"https:\/\/www.vape4wholesale.com\/pt\/wp-json\/wp\/v2\/product\/23936","targetHints":{"allow":["GET"]}}],"collection":[{"href":"https:\/\/www.vape4wholesale.com\/pt\/wp-json\/wp\/v2\/product"}],"about":[{"href":"https:\/\/www.vape4wholesale.com\/pt\/wp-json\/wp\/v2\/types\/product"}],"replies":[{"embeddable":true,"href":"https:\/\/www.vape4wholesale.com\/pt\/wp-json\/wp\/v2\/comments?post=23936"}],"wp:featuredmedia":[{"embeddable":true,"href":"https:\/\/www.vape4wholesale.com\/pt\/wp-json\/wp\/v2\/media\/23946"}],"wp:attachment":[{"href":"https:\/\/www.vape4wholesale.com\/pt\/wp-json\/wp\/v2\/media?parent=23936"}],"wp:term":[{"taxonomy":"pwb-brand","embeddable":true,"href":"https:\/\/www.vape4wholesale.com\/pt\/wp-json\/wp\/v2\/pwb-brand?post=23936"},{"taxonomy":"product_cat","embeddable":true,"href":"https:\/\/www.vape4wholesale.com\/pt\/wp-json\/wp\/v2\/product_cat?post=23936"},{"taxonomy":"product_tag","embeddable":true,"href":"https:\/\/www.vape4wholesale.com\/pt\/wp-json\/wp\/v2\/product_tag?post=23936"}],"curies":[{"name":"wp","href":"https:\/\/api.w.org\/{rel}","templated":true}]}}