{"id":23613,"date":"2025-07-23T00:46:15","date_gmt":"2025-07-22T16:46:15","guid":{"rendered":"https:\/\/www.vape4wholesale.com\/?post_type=product&#038;p=23613"},"modified":"2026-04-28T14:02:29","modified_gmt":"2026-04-28T06:02:29","slug":"happ-bar-gr50000-vape-descartavel-por-atacado","status":"publish","type":"product","link":"https:\/\/www.vape4wholesale.com\/pt\/product\/happ-bar-gr50000-disposable-vape-wholesale","title":{"rendered":"Happ Bar GR50000 Vape Descart\u00e1vel Atacado"},"content":{"rendered":"<p class=\"ds-markdown-paragraph\"><strong><a title=\"Bar Happ\" href=\"\/pt\/marca_do_produto\/bar-feliz\/\" target=\"_blank\" rel=\"noopener\">Bar Happ<\/a> GR50000<\/strong>\u00a0\u00e9 um inovador dispositivo vape descart\u00e1vel com um inovador sistema 2 em 1 de duplo sabor. Com o seu exclusivo bot\u00e3o de mudan\u00e7a de sabor posicionado entre as duas op\u00e7\u00f5es, os utilizadores podem desfrutar de dois sabores distintos em simult\u00e2neo - uma inova\u00e7\u00e3o in\u00e9dita na ind\u00fastria.<\/p>\n<p class=\"ds-markdown-paragraph\">Mantendo o design carater\u00edstico da s\u00e9rie GR, possui uma sec\u00e7\u00e3o central ergon\u00f3mica rebaixada para maior conforto de manuseamento. Por baixo da sec\u00e7\u00e3o central, um visor integrado fornece leituras precisas em tempo real dos n\u00edveis de e-l\u00edquido e de bateria. Na parte de tr\u00e1s, um controlador de ajuste de sabor permite alternar facilmente entre os sabores.<\/p>\n<p>Concebido para proporcionar longevidade e versatilidade, o Happ Bar GR50000 proporciona umas impressionantes 50.000 baforadas alimentadas por uma bateria recarreg\u00e1vel de 650mAh (suporte de carregamento Tipo C). Seus tanques duplos de e-l\u00edquido de 23mL (46mL no total) oferecem uso prolongado, enquanto a bobina de malha de 1.0\u03a9 garante uma produ\u00e7\u00e3o de sabor rica e consistente.<\/p>\n<h2 class=\"ds-markdown-paragraph\"><strong>Happ Bar GR50000 Vape descart\u00e1vel Detalhes r\u00e1pidos<\/strong><\/h2>\n<ul>\n<li class=\"ds-markdown-paragraph\"><strong>Puffs:<\/strong>\u00a050,000<\/li>\n<li class=\"ds-markdown-paragraph\"><strong>Nicotina:<\/strong> 2% \/ 5%<\/li>\n<li class=\"ds-markdown-paragraph\"><strong>Bateria:<\/strong>\u00a0650mAh (recarreg\u00e1vel tipo C)<\/li>\n<li class=\"ds-markdown-paragraph\"><strong>E-l\u00edquido:<\/strong> 23mL + 23mL (Dep\u00f3sitos duplos)<\/li>\n<li class=\"ds-markdown-paragraph\"><strong>Bobina:<\/strong> Bobina de malha dupla de 1,0\u03a9<\/li>\n<li class=\"ds-markdown-paragraph\"><strong>Aromas:<\/strong> 12 pares<\/li>\n<li class=\"ds-markdown-paragraph\"><strong>Inova\u00e7\u00e3o:<\/strong>\u00a0Vaporizador 2 em 1 de duplo sabor simult\u00e2neo<\/li>\n<li class=\"ds-markdown-paragraph\"><strong>Ecr\u00e3:<\/strong>\u00a0Indicador de l\u00edquido eletr\u00f3nico e bateria<\/li>\n<li class=\"ds-markdown-paragraph\"><strong>Conce\u00e7\u00e3o:<\/strong>\u00a0Punho ergon\u00f3mico com controlo de sabor<\/li>\n<\/ul>\n<h2><strong>Sabores dispon\u00edveis<\/strong><\/h2>\n<p>Gelo de melancia \/ Banana com morango<br \/>\nUva Ice \/ Morango Kiwi<br \/>\nCola Ice \/ Cereja com g\u00e1s<br \/>\nGelado de morango \/ Manga P\u00eassego Melancia<br \/>\nFrutos tropicais \/ Morango Melancia<br \/>\nRed Bull \/ Cool Mint<br \/>\nMorango Baunilha Cola \/ Anan\u00e1s Coco<br \/>\nMelancia Framboesa \/ Amor 66<br \/>\nSr. Blue \/ Gelo de lim\u00e3o<br \/>\nMorango, Framboesa, Cereja \/ P\u00eassego Monstro<br \/>\nGelo Drag\u00e3o Negro \/ Gelo P\u00eassego<br \/>\nP\u00eassego Manga Anan\u00e1s \/ Gelo de baunilha<\/p>\n<figure id=\"attachment_23641\" aria-describedby=\"caption-attachment-23641\" style=\"width: 1616px\" class=\"wp-caption alignnone\"><img loading=\"lazy\" decoding=\"async\" class=\"size-full wp-image-23641\" title=\"Happ Bar GR50000 Vape descart\u00e1vel Atacado 14\" src=\"https:\/\/www.vape4wholesale.com\/wp-content\/uploads\/2025\/07\/Happ-Bar-GR50000-Disposable-Vape-Wholesale_14.webp\" alt=\"Happ Bar GR50000 Vape descart\u00e1vel Atacado 14\" width=\"1616\" height=\"800\" srcset=\"https:\/\/www.vape4wholesale.com\/wp-content\/uploads\/2025\/07\/Happ-Bar-GR50000-Disposable-Vape-Wholesale_14.webp 1616w, https:\/\/www.vape4wholesale.com\/wp-content\/uploads\/2025\/07\/Happ-Bar-GR50000-Disposable-Vape-Wholesale_14-510x252.webp 510w, https:\/\/www.vape4wholesale.com\/wp-content\/uploads\/2025\/07\/Happ-Bar-GR50000-Disposable-Vape-Wholesale_14-300x149.webp 300w, https:\/\/www.vape4wholesale.com\/wp-content\/uploads\/2025\/07\/Happ-Bar-GR50000-Disposable-Vape-Wholesale_14-1024x507.webp 1024w, https:\/\/www.vape4wholesale.com\/wp-content\/uploads\/2025\/07\/Happ-Bar-GR50000-Disposable-Vape-Wholesale_14-768x380.webp 768w, https:\/\/www.vape4wholesale.com\/wp-content\/uploads\/2025\/07\/Happ-Bar-GR50000-Disposable-Vape-Wholesale_14-1536x760.webp 1536w, https:\/\/www.vape4wholesale.com\/wp-content\/uploads\/2025\/07\/Happ-Bar-GR50000-Disposable-Vape-Wholesale_14-18x9.webp 18w, https:\/\/www.vape4wholesale.com\/wp-content\/uploads\/2025\/07\/Happ-Bar-GR50000-Disposable-Vape-Wholesale_14-64x32.webp 64w\" sizes=\"auto, (max-width: 1616px) 100vw, 1616px\" \/><figcaption id=\"caption-attachment-23641\" class=\"wp-caption-text\">Happ Bar GR50000 Vape Descart\u00e1vel Atacado<\/figcaption><\/figure>\n<h2>PORQU\u00ca N\u00d3S?<\/h2>\r\n<ul>\r\n<li>Fonte vape real, fi\u00e1vel e profissional.<\/li>\r\n<li>100% Garantia genu\u00edna: S\u00f3 fornecemos produtos originais e genu\u00ednos, recusamos a contrafa\u00e7\u00e3o.<\/li>\r\n<li>100% Garantia de entrega: Utilizamos o melhor m\u00e9todo de envio para garantir que recebe a encomenda 100%.<\/li>\r\n<li>Ap\u00f3s o envio, fornecer-lhe-emos o n\u00famero de acompanhamento e a etiqueta de envio e acompanharemos a mercadoria at\u00e9 que a receba.<\/li>\r\n<li>Sem problemas aduaneiros, sem direitos aduaneiros<\/li>\r\n<\/ul>","protected":false},"excerpt":{"rendered":"<p><b><span style=\"color: #00a859;\">Envio gr\u00e1tis<\/span>\u00a0Do armaz\u00e9m da Europa, tempo de entrega de 7 a 15 dias \u00fateis.<\/b><\/p>\r\n<div class=\"wsppc_div_block woocommerce_before_add_to_cart_form\">\r\n<p><strong>Desalfandegar antes da entrega e garantia de entrega 100%%<\/strong><\/p>\r\n<\/div>","protected":false},"featured_media":23640,"comment_status":"open","ping_status":"closed","template":"","meta":[],"pwb-brand":[1267],"product_cat":[938],"product_tag":[22,24,1035,1082,1210],"class_list":{"0":"post-23613","1":"product","2":"type-product","3":"status-publish","4":"has-post-thumbnail","6":"pwb-brand-happ-bar","7":"product_cat-europe-warehouse","8":"product_tag-disposable","9":"product_tag-wholesale","10":"product_tag-happ-bar","11":"product_tag-50000-puffs","12":"product_tag-46-0ml","13":"product_shipping_class-eu-warehouse","14":"wcpa_has_options","16":"first","17":"instock","18":"featured","19":"shipping-taxable","20":"purchasable","21":"product-type-variable"},"aioseo_notices":[],"brands":[{"id":1267,"name":"Bar Happ","slug":"bar-feliz"}],"_links":{"self":[{"href":"https:\/\/www.vape4wholesale.com\/pt\/wp-json\/wp\/v2\/product\/23613","targetHints":{"allow":["GET"]}}],"collection":[{"href":"https:\/\/www.vape4wholesale.com\/pt\/wp-json\/wp\/v2\/product"}],"about":[{"href":"https:\/\/www.vape4wholesale.com\/pt\/wp-json\/wp\/v2\/types\/product"}],"replies":[{"embeddable":true,"href":"https:\/\/www.vape4wholesale.com\/pt\/wp-json\/wp\/v2\/comments?post=23613"}],"wp:featuredmedia":[{"embeddable":true,"href":"https:\/\/www.vape4wholesale.com\/pt\/wp-json\/wp\/v2\/media\/23640"}],"wp:attachment":[{"href":"https:\/\/www.vape4wholesale.com\/pt\/wp-json\/wp\/v2\/media?parent=23613"}],"wp:term":[{"taxonomy":"pwb-brand","embeddable":true,"href":"https:\/\/www.vape4wholesale.com\/pt\/wp-json\/wp\/v2\/pwb-brand?post=23613"},{"taxonomy":"product_cat","embeddable":true,"href":"https:\/\/www.vape4wholesale.com\/pt\/wp-json\/wp\/v2\/product_cat?post=23613"},{"taxonomy":"product_tag","embeddable":true,"href":"https:\/\/www.vape4wholesale.com\/pt\/wp-json\/wp\/v2\/product_tag?post=23613"}],"curies":[{"name":"wp","href":"https:\/\/api.w.org\/{rel}","templated":true}]}}